{"id":18087,"date":"2025-03-21T08:08:17","date_gmt":"2025-03-21T08:08:17","guid":{"rendered":"https:\/\/www.nxtprocess.com\/dev\/product\/pentair-sudmo-f262\/"},"modified":"2026-01-23T05:47:32","modified_gmt":"2026-01-23T05:47:32","slug":"pentair-sudmo-f262","status":"publish","type":"product","link":"https:\/\/www.nxtprocess.com\/fr\/shop\/distribution-fr\/hygienic-and-industrial-valves-fr\/vannes-a-boule-hygieniques\/pentair-sudmo-f262\/","title":{"rendered":"Pentair S\u00fcdmo F262"},"content":{"rendered":"<p>Les vannes \u00e0 boule en acier inoxydable S\u00fcdmo sont disponibles avec un fonctionnement manuel ou une commande \u00e0 distance via un actionneur pneumatique automatis\u00e9. La version manuelle comprend une plaque de poign\u00e9e crant\u00e9e \u00e0 double position standard pour un positionnement s\u00e9curis\u00e9. Pour les configurations automatis\u00e9es, la vanne peut \u00eatre configur\u00e9e en mode Ressort-Ferm\u00e9 (STC), Ressort-Ouvert (STO) ou Double Action (DA), offrant ainsi une flexibilit\u00e9 pour r\u00e9pondre aux exigences de votre processus.  <\/p>\n","protected":false},"excerpt":{"rendered":"<h4>Cette gamme de vannes polyvalente est disponible avec des actionneurs manuels et pneumatiques et offre une vari\u00e9t\u00e9 d&#8217;options pour une int\u00e9gration harmonieuse avec les syst\u00e8mes de contr\u00f4le API pour la surveillance et l&#8217;automatisation.<\/h4>\n<p><strong>Avantages<\/strong><\/p>\n<ul>\n<li>Les si\u00e8ges et les joints sont facilement rempla\u00e7ables sur site pour un entretien rapide<\/li>\n<li>Presse-\u00e9toupe ajustable disponible lorsque \u00e9quip\u00e9 d&#8217;un actionneur<\/li>\n<li>Compatible avec une gamme compl\u00e8te d&#8217;accessoires pour une flexibilit\u00e9 accrue<\/li>\n<li>Con\u00e7ue avec pr\u00e9cision pour une durabilit\u00e9 et un entretien minimal<\/li>\n<li>\u00c9labor\u00e9e pour des performances de cyclage exceptionnelles et une longue dur\u00e9e de vie<\/li>\n<\/ul>\n","protected":false},"featured_media":16785,"template":"","meta":{"_acf_changed":false},"product_cat":[163,173,5788],"product_tag":[],"class_list":{"0":"post-18087","1":"product","2":"type-product","3":"status-publish","4":"has-post-thumbnail","6":"product_brand-pentair-sudmo-fr","7":"product_cat-distribution-fr","8":"product_cat-hygienic-and-industrial-valves-fr","9":"product_cat-vannes-a-boule-hygieniques","11":"first","12":"instock","13":"taxable","14":"shipping-taxable","15":"product-type-simple"},"acf":[],"yoast_head":"<!-- This site is optimized with the Yoast SEO plugin v27.5 - https:\/\/yoast.com\/product\/yoast-seo-wordpress\/ -->\n<title>Pentair S\u00fcdmo F262 | NXT Process<\/title>\n<meta name=\"robots\" content=\"index, follow, max-snippet:-1, max-image-preview:large, max-video-preview:-1\" \/>\n<link rel=\"canonical\" href=\"https:\/\/www.nxtprocess.com\/fr\/shop\/distribution-fr\/hygienic-and-industrial-valves-fr\/vannes-a-boule-hygieniques\/pentair-sudmo-f262\/\" \/>\n<meta property=\"og:locale\" content=\"fr_FR\" \/>\n<meta property=\"og:type\" content=\"article\" \/>\n<meta property=\"og:title\" content=\"Pentair S\u00fcdmo F262 | NXT Process\" \/>\n<meta property=\"og:description\" content=\"Cette gamme de vannes polyvalente est disponible avec des actionneurs manuels et pneumatiques et offre une vari\u00e9t\u00e9 d&#039;options pour une int\u00e9gration harmonieuse avec les syst\u00e8mes de contr\u00f4le API pour la surveillance et l&#039;automatisation. Avantages  Les si\u00e8ges et les joints sont facilement rempla\u00e7ables sur site pour un entretien rapide  Presse-\u00e9toupe ajustable disponible lorsque \u00e9quip\u00e9 d&#039;un actionneur  Compatible avec une gamme compl\u00e8te d&#039;accessoires pour une flexibilit\u00e9 accrue  Con\u00e7ue avec pr\u00e9cision pour une durabilit\u00e9 et un entretien minimal  \u00c9labor\u00e9e pour des performances de cyclage exceptionnelles et une longue dur\u00e9e de vie\" \/>\n<meta property=\"og:url\" content=\"https:\/\/www.nxtprocess.com\/fr\/shop\/distribution-fr\/hygienic-and-industrial-valves-fr\/vannes-a-boule-hygieniques\/pentair-sudmo-f262\/\" \/>\n<meta property=\"og:site_name\" content=\"NXT Process\" \/>\n<meta property=\"article:publisher\" content=\"https:\/\/www.facebook.com\/people\/NXT-Process\/61560023431243\/\" \/>\n<meta property=\"article:modified_time\" content=\"2026-01-23T05:47:32+00:00\" \/>\n<meta property=\"og:image\" content=\"http:\/\/www.nxtprocess.com\/wp-content\/uploads\/2025\/03\/stainless-steel-valves-pentair-img-1.png\" \/>\n\t<meta property=\"og:image:width\" content=\"900\" \/>\n\t<meta property=\"og:image:height\" content=\"600\" \/>\n\t<meta property=\"og:image:type\" content=\"image\/png\" \/>\n<meta name=\"twitter:card\" content=\"summary_large_image\" \/>\n<script type=\"application\/ld+json\" class=\"yoast-schema-graph\">{\"@context\":\"https:\\\/\\\/schema.org\",\"@graph\":[{\"@type\":\"WebPage\",\"@id\":\"https:\\\/\\\/www.nxtprocess.com\\\/fr\\\/shop\\\/distribution-fr\\\/hygienic-and-industrial-valves-fr\\\/vannes-a-boule-hygieniques\\\/pentair-sudmo-f262\\\/\",\"url\":\"https:\\\/\\\/www.nxtprocess.com\\\/fr\\\/shop\\\/distribution-fr\\\/hygienic-and-industrial-valves-fr\\\/vannes-a-boule-hygieniques\\\/pentair-sudmo-f262\\\/\",\"name\":\"Pentair S\u00fcdmo F262 | NXT Process\",\"isPartOf\":{\"@id\":\"https:\\\/\\\/www.nxtprocess.com\\\/#website\"},\"primaryImageOfPage\":{\"@id\":\"https:\\\/\\\/www.nxtprocess.com\\\/fr\\\/shop\\\/distribution-fr\\\/hygienic-and-industrial-valves-fr\\\/vannes-a-boule-hygieniques\\\/pentair-sudmo-f262\\\/#primaryimage\"},\"image\":{\"@id\":\"https:\\\/\\\/www.nxtprocess.com\\\/fr\\\/shop\\\/distribution-fr\\\/hygienic-and-industrial-valves-fr\\\/vannes-a-boule-hygieniques\\\/pentair-sudmo-f262\\\/#primaryimage\"},\"thumbnailUrl\":\"https:\\\/\\\/www.nxtprocess.com\\\/wp-content\\\/uploads\\\/2025\\\/03\\\/stainless-steel-valves-pentair-img-1.png\",\"datePublished\":\"2025-03-21T08:08:17+00:00\",\"dateModified\":\"2026-01-23T05:47:32+00:00\",\"breadcrumb\":{\"@id\":\"https:\\\/\\\/www.nxtprocess.com\\\/fr\\\/shop\\\/distribution-fr\\\/hygienic-and-industrial-valves-fr\\\/vannes-a-boule-hygieniques\\\/pentair-sudmo-f262\\\/#breadcrumb\"},\"inLanguage\":\"fr-FR\",\"potentialAction\":[{\"@type\":\"ReadAction\",\"target\":[\"https:\\\/\\\/www.nxtprocess.com\\\/fr\\\/shop\\\/distribution-fr\\\/hygienic-and-industrial-valves-fr\\\/vannes-a-boule-hygieniques\\\/pentair-sudmo-f262\\\/\"]}]},{\"@type\":\"ImageObject\",\"inLanguage\":\"fr-FR\",\"@id\":\"https:\\\/\\\/www.nxtprocess.com\\\/fr\\\/shop\\\/distribution-fr\\\/hygienic-and-industrial-valves-fr\\\/vannes-a-boule-hygieniques\\\/pentair-sudmo-f262\\\/#primaryimage\",\"url\":\"https:\\\/\\\/www.nxtprocess.com\\\/wp-content\\\/uploads\\\/2025\\\/03\\\/stainless-steel-valves-pentair-img-1.png\",\"contentUrl\":\"https:\\\/\\\/www.nxtprocess.com\\\/wp-content\\\/uploads\\\/2025\\\/03\\\/stainless-steel-valves-pentair-img-1.png\",\"width\":900,\"height\":600},{\"@type\":\"BreadcrumbList\",\"@id\":\"https:\\\/\\\/www.nxtprocess.com\\\/fr\\\/shop\\\/distribution-fr\\\/hygienic-and-industrial-valves-fr\\\/vannes-a-boule-hygieniques\\\/pentair-sudmo-f262\\\/#breadcrumb\",\"itemListElement\":[{\"@type\":\"ListItem\",\"position\":1,\"name\":\"Home\",\"item\":\"https:\\\/\\\/www.nxtprocess.com\\\/fr\\\/\"},{\"@type\":\"ListItem\",\"position\":2,\"name\":\"Boutique\",\"item\":\"https:\\\/\\\/www.nxtprocess.com\\\/fr\\\/boutique\\\/\"},{\"@type\":\"ListItem\",\"position\":3,\"name\":\"Pentair S\u00fcdmo F262\"}]},{\"@type\":\"WebSite\",\"@id\":\"https:\\\/\\\/www.nxtprocess.com\\\/#website\",\"url\":\"https:\\\/\\\/www.nxtprocess.com\\\/\",\"name\":\"NXT Process\",\"description\":\"Optimizing your future, one liquid process at a time\",\"publisher\":{\"@id\":\"https:\\\/\\\/www.nxtprocess.com\\\/#organization\"},\"potentialAction\":[{\"@type\":\"SearchAction\",\"target\":{\"@type\":\"EntryPoint\",\"urlTemplate\":\"https:\\\/\\\/www.nxtprocess.com\\\/?s={search_term_string}\"},\"query-input\":{\"@type\":\"PropertyValueSpecification\",\"valueRequired\":true,\"valueName\":\"search_term_string\"}}],\"inLanguage\":\"fr-FR\"},{\"@type\":\"Organization\",\"@id\":\"https:\\\/\\\/www.nxtprocess.com\\\/#organization\",\"name\":\"Processus NXT\",\"url\":\"https:\\\/\\\/www.nxtprocess.com\\\/\",\"logo\":{\"@type\":\"ImageObject\",\"inLanguage\":\"fr-FR\",\"@id\":\"https:\\\/\\\/www.nxtprocess.com\\\/#\\\/schema\\\/logo\\\/image\\\/\",\"url\":\"http:\\\/\\\/www.nxtprocess.com\\\/wp-content\\\/uploads\\\/2025\\\/06\\\/Screenshot_1.png\",\"contentUrl\":\"http:\\\/\\\/www.nxtprocess.com\\\/wp-content\\\/uploads\\\/2025\\\/06\\\/Screenshot_1.png\",\"width\":255,\"height\":186,\"caption\":\"Processus NXT\"},\"image\":{\"@id\":\"https:\\\/\\\/www.nxtprocess.com\\\/#\\\/schema\\\/logo\\\/image\\\/\"},\"sameAs\":[\"https:\\\/\\\/www.facebook.com\\\/people\\\/NXT-Process\\\/61560023431243\\\/\",\"https:\\\/\\\/www.linkedin.com\\\/company\\\/11569305\\\/\"]}]}<\/script>\n<!-- \/ Yoast SEO plugin. -->","yoast_head_json":{"title":"Pentair S\u00fcdmo F262 | NXT Process","robots":{"index":"index","follow":"follow","max-snippet":"max-snippet:-1","max-image-preview":"max-image-preview:large","max-video-preview":"max-video-preview:-1"},"canonical":"https:\/\/www.nxtprocess.com\/fr\/shop\/distribution-fr\/hygienic-and-industrial-valves-fr\/vannes-a-boule-hygieniques\/pentair-sudmo-f262\/","og_locale":"fr_FR","og_type":"article","og_title":"Pentair S\u00fcdmo F262 | NXT Process","og_description":"Cette gamme de vannes polyvalente est disponible avec des actionneurs manuels et pneumatiques et offre une vari\u00e9t\u00e9 d'options pour une int\u00e9gration harmonieuse avec les syst\u00e8mes de contr\u00f4le API pour la surveillance et l'automatisation. Avantages  Les si\u00e8ges et les joints sont facilement rempla\u00e7ables sur site pour un entretien rapide  Presse-\u00e9toupe ajustable disponible lorsque \u00e9quip\u00e9 d'un actionneur  Compatible avec une gamme compl\u00e8te d'accessoires pour une flexibilit\u00e9 accrue  Con\u00e7ue avec pr\u00e9cision pour une durabilit\u00e9 et un entretien minimal  \u00c9labor\u00e9e pour des performances de cyclage exceptionnelles et une longue dur\u00e9e de vie","og_url":"https:\/\/www.nxtprocess.com\/fr\/shop\/distribution-fr\/hygienic-and-industrial-valves-fr\/vannes-a-boule-hygieniques\/pentair-sudmo-f262\/","og_site_name":"NXT Process","article_publisher":"https:\/\/www.facebook.com\/people\/NXT-Process\/61560023431243\/","article_modified_time":"2026-01-23T05:47:32+00:00","og_image":[{"width":900,"height":600,"url":"http:\/\/www.nxtprocess.com\/wp-content\/uploads\/2025\/03\/stainless-steel-valves-pentair-img-1.png","type":"image\/png"}],"twitter_card":"summary_large_image","schema":{"@context":"https:\/\/schema.org","@graph":[{"@type":"WebPage","@id":"https:\/\/www.nxtprocess.com\/fr\/shop\/distribution-fr\/hygienic-and-industrial-valves-fr\/vannes-a-boule-hygieniques\/pentair-sudmo-f262\/","url":"https:\/\/www.nxtprocess.com\/fr\/shop\/distribution-fr\/hygienic-and-industrial-valves-fr\/vannes-a-boule-hygieniques\/pentair-sudmo-f262\/","name":"Pentair S\u00fcdmo F262 | NXT Process","isPartOf":{"@id":"https:\/\/www.nxtprocess.com\/#website"},"primaryImageOfPage":{"@id":"https:\/\/www.nxtprocess.com\/fr\/shop\/distribution-fr\/hygienic-and-industrial-valves-fr\/vannes-a-boule-hygieniques\/pentair-sudmo-f262\/#primaryimage"},"image":{"@id":"https:\/\/www.nxtprocess.com\/fr\/shop\/distribution-fr\/hygienic-and-industrial-valves-fr\/vannes-a-boule-hygieniques\/pentair-sudmo-f262\/#primaryimage"},"thumbnailUrl":"https:\/\/www.nxtprocess.com\/wp-content\/uploads\/2025\/03\/stainless-steel-valves-pentair-img-1.png","datePublished":"2025-03-21T08:08:17+00:00","dateModified":"2026-01-23T05:47:32+00:00","breadcrumb":{"@id":"https:\/\/www.nxtprocess.com\/fr\/shop\/distribution-fr\/hygienic-and-industrial-valves-fr\/vannes-a-boule-hygieniques\/pentair-sudmo-f262\/#breadcrumb"},"inLanguage":"fr-FR","potentialAction":[{"@type":"ReadAction","target":["https:\/\/www.nxtprocess.com\/fr\/shop\/distribution-fr\/hygienic-and-industrial-valves-fr\/vannes-a-boule-hygieniques\/pentair-sudmo-f262\/"]}]},{"@type":"ImageObject","inLanguage":"fr-FR","@id":"https:\/\/www.nxtprocess.com\/fr\/shop\/distribution-fr\/hygienic-and-industrial-valves-fr\/vannes-a-boule-hygieniques\/pentair-sudmo-f262\/#primaryimage","url":"https:\/\/www.nxtprocess.com\/wp-content\/uploads\/2025\/03\/stainless-steel-valves-pentair-img-1.png","contentUrl":"https:\/\/www.nxtprocess.com\/wp-content\/uploads\/2025\/03\/stainless-steel-valves-pentair-img-1.png","width":900,"height":600},{"@type":"BreadcrumbList","@id":"https:\/\/www.nxtprocess.com\/fr\/shop\/distribution-fr\/hygienic-and-industrial-valves-fr\/vannes-a-boule-hygieniques\/pentair-sudmo-f262\/#breadcrumb","itemListElement":[{"@type":"ListItem","position":1,"name":"Home","item":"https:\/\/www.nxtprocess.com\/fr\/"},{"@type":"ListItem","position":2,"name":"Boutique","item":"https:\/\/www.nxtprocess.com\/fr\/boutique\/"},{"@type":"ListItem","position":3,"name":"Pentair S\u00fcdmo F262"}]},{"@type":"WebSite","@id":"https:\/\/www.nxtprocess.com\/#website","url":"https:\/\/www.nxtprocess.com\/","name":"NXT Process","description":"Optimizing your future, one liquid process at a time","publisher":{"@id":"https:\/\/www.nxtprocess.com\/#organization"},"potentialAction":[{"@type":"SearchAction","target":{"@type":"EntryPoint","urlTemplate":"https:\/\/www.nxtprocess.com\/?s={search_term_string}"},"query-input":{"@type":"PropertyValueSpecification","valueRequired":true,"valueName":"search_term_string"}}],"inLanguage":"fr-FR"},{"@type":"Organization","@id":"https:\/\/www.nxtprocess.com\/#organization","name":"Processus NXT","url":"https:\/\/www.nxtprocess.com\/","logo":{"@type":"ImageObject","inLanguage":"fr-FR","@id":"https:\/\/www.nxtprocess.com\/#\/schema\/logo\/image\/","url":"http:\/\/www.nxtprocess.com\/wp-content\/uploads\/2025\/06\/Screenshot_1.png","contentUrl":"http:\/\/www.nxtprocess.com\/wp-content\/uploads\/2025\/06\/Screenshot_1.png","width":255,"height":186,"caption":"Processus NXT"},"image":{"@id":"https:\/\/www.nxtprocess.com\/#\/schema\/logo\/image\/"},"sameAs":["https:\/\/www.facebook.com\/people\/NXT-Process\/61560023431243\/","https:\/\/www.linkedin.com\/company\/11569305\/"]}]}},"_links":{"self":[{"href":"https:\/\/www.nxtprocess.com\/fr\/wp-json\/wp\/v2\/product\/18087","targetHints":{"allow":["GET"]}}],"collection":[{"href":"https:\/\/www.nxtprocess.com\/fr\/wp-json\/wp\/v2\/product"}],"about":[{"href":"https:\/\/www.nxtprocess.com\/fr\/wp-json\/wp\/v2\/types\/product"}],"wp:featuredmedia":[{"embeddable":true,"href":"https:\/\/www.nxtprocess.com\/fr\/wp-json\/wp\/v2\/media\/16785"}],"wp:attachment":[{"href":"https:\/\/www.nxtprocess.com\/fr\/wp-json\/wp\/v2\/media?parent=18087"}],"wp:term":[{"taxonomy":"product_cat","embeddable":true,"href":"https:\/\/www.nxtprocess.com\/fr\/wp-json\/wp\/v2\/product_cat?post=18087"},{"taxonomy":"product_tag","embeddable":true,"href":"https:\/\/www.nxtprocess.com\/fr\/wp-json\/wp\/v2\/product_tag?post=18087"}],"curies":[{"name":"wp","href":"https:\/\/api.w.org\/{rel}","templated":true}]}}