{"id":18089,"date":"2025-03-21T08:06:40","date_gmt":"2025-03-21T08:06:40","guid":{"rendered":"https:\/\/www.nxtprocess.com\/dev\/product\/serie-pentair-sudmo-svp-select\/"},"modified":"2025-10-22T11:27:36","modified_gmt":"2025-10-22T11:27:36","slug":"serie-pentair-sudmo-svp-select","status":"publish","type":"product","link":"https:\/\/www.nxtprocess.com\/fr\/shop\/distribution-fr\/hygienic-and-industrial-valves-fr\/vannes-a-siege-unique\/serie-pentair-sudmo-svp-select\/","title":{"rendered":"S\u00e9rie Pentair S\u00fcdmo SVP Select"},"content":{"rendered":"<p class=\"\" data-start=\"180\" data-end=\"522\">La s\u00e9rie Pentair S\u00fcdmo SVP Select est une gamme \u00e9prouv\u00e9e de vannes \u00e0 si\u00e8ge unique con\u00e7ues pour les fonctions d&#8217;arr\u00eat et de d\u00e9viation dans les environnements de traitement hygi\u00e9niques et aseptiques. Con\u00e7ues pour leur durabilit\u00e9, leur flexibilit\u00e9 et leur facilit\u00e9 d&#8217;int\u00e9gration, ces vannes sont id\u00e9ales pour les applications dans les industries alimentaire et des boissons, laiti\u00e8re, brassicole et pharmaceutique. <\/p>\n<p class=\"\" data-start=\"524\" data-end=\"845\">Gr\u00e2ce \u00e0 sa conception modulaire, la s\u00e9rie SVP Select prend en charge une grande vari\u00e9t\u00e9 de configurations et est compatible avec un fonctionnement manuel et automatis\u00e9. La construction en acier inoxydable de haute qualit\u00e9 et la conception hygi\u00e9nique de la vanne la rendent adapt\u00e9e aux processus NEP et SEP, garantissant ainsi une performance fiable et la s\u00e9curit\u00e9 des produits. <\/p>\n","protected":false},"excerpt":{"rendered":"<h4>Vannes polyvalentes \u00e0 si\u00e8ge unique pour le contr\u00f4le hygi\u00e9nique des flux<\/h4>\n<p data-start=\"847\" data-end=\"861\"><strong>Avantages<\/strong><\/p>\n<ul>\n<li>La conception hygi\u00e9nique, compatible NEP\/SEP, assure un fonctionnement propre et s\u00fbr<\/li>\n<li>La construction modulaire permet des configurations de vannes flexibles et une maintenance ais\u00e9e<\/li>\n<li>Convient \u00e0 une large gamme d&#8217;applications, y compris l&#8217;arr\u00eat, la d\u00e9viation et le dosage<\/li>\n<li>Peut \u00eatre \u00e9quip\u00e9e d&#8217;actionneurs pneumatiques et de t\u00eates de contr\u00f4le pour une automatisation compl\u00e8te<\/li>\n<\/ul>\n","protected":false},"featured_media":16783,"template":"","meta":{"_acf_changed":false},"product_cat":[163,173,6052],"product_tag":[],"class_list":{"0":"post-18089","1":"product","2":"type-product","3":"status-publish","4":"has-post-thumbnail","6":"product_brand-distributeur-pentair-haffmans-pour-le-canada-fr","7":"product_cat-distribution-fr","8":"product_cat-hygienic-and-industrial-valves-fr","9":"product_cat-vannes-a-siege-unique","11":"first","12":"instock","13":"taxable","14":"shipping-taxable","15":"product-type-simple"},"acf":[],"yoast_head":"<!-- This site is optimized with the Yoast SEO plugin v27.5 - https:\/\/yoast.com\/product\/yoast-seo-wordpress\/ -->\n<title>S\u00e9rie Pentair S\u00fcdmo SVP Select | NXT Process<\/title>\n<meta name=\"robots\" content=\"index, follow, max-snippet:-1, max-image-preview:large, max-video-preview:-1\" \/>\n<link rel=\"canonical\" href=\"https:\/\/www.nxtprocess.com\/fr\/shop\/distribution-fr\/hygienic-and-industrial-valves-fr\/vannes-a-siege-unique\/serie-pentair-sudmo-svp-select\/\" \/>\n<meta property=\"og:locale\" content=\"fr_FR\" \/>\n<meta property=\"og:type\" content=\"article\" \/>\n<meta property=\"og:title\" content=\"S\u00e9rie Pentair S\u00fcdmo SVP Select | NXT Process\" \/>\n<meta property=\"og:description\" content=\"Vannes polyvalentes \u00e0 si\u00e8ge unique pour le contr\u00f4le hygi\u00e9nique des flux Avantages   La conception hygi\u00e9nique, compatible NEP\/SEP, assure un fonctionnement propre et s\u00fbr  La construction modulaire permet des configurations de vannes flexibles et une maintenance ais\u00e9e  Convient \u00e0 une large gamme d&#039;applications, y compris l&#039;arr\u00eat, la d\u00e9viation et le dosage  Peut \u00eatre \u00e9quip\u00e9e d&#039;actionneurs pneumatiques et de t\u00eates de contr\u00f4le pour une automatisation compl\u00e8te\" \/>\n<meta property=\"og:url\" content=\"https:\/\/www.nxtprocess.com\/fr\/shop\/distribution-fr\/hygienic-and-industrial-valves-fr\/vannes-a-siege-unique\/serie-pentair-sudmo-svp-select\/\" \/>\n<meta property=\"og:site_name\" content=\"NXT Process\" \/>\n<meta property=\"article:publisher\" content=\"https:\/\/www.facebook.com\/people\/NXT-Process\/61560023431243\/\" \/>\n<meta property=\"article:modified_time\" content=\"2025-10-22T11:27:36+00:00\" \/>\n<meta property=\"og:image\" content=\"http:\/\/www.nxtprocess.com\/wp-content\/uploads\/2025\/03\/single-seat-valves-sudmo-img-1.png\" \/>\n\t<meta property=\"og:image:width\" content=\"900\" \/>\n\t<meta property=\"og:image:height\" content=\"600\" \/>\n\t<meta property=\"og:image:type\" content=\"image\/png\" \/>\n<meta name=\"twitter:card\" content=\"summary_large_image\" \/>\n<meta name=\"twitter:label1\" content=\"Dur\u00e9e de lecture estim\u00e9e\" \/>\n\t<meta name=\"twitter:data1\" content=\"1 minute\" \/>\n<script type=\"application\/ld+json\" class=\"yoast-schema-graph\">{\"@context\":\"https:\\\/\\\/schema.org\",\"@graph\":[{\"@type\":\"WebPage\",\"@id\":\"https:\\\/\\\/www.nxtprocess.com\\\/fr\\\/shop\\\/distribution-fr\\\/hygienic-and-industrial-valves-fr\\\/vannes-a-siege-unique\\\/serie-pentair-sudmo-svp-select\\\/\",\"url\":\"https:\\\/\\\/www.nxtprocess.com\\\/fr\\\/shop\\\/distribution-fr\\\/hygienic-and-industrial-valves-fr\\\/vannes-a-siege-unique\\\/serie-pentair-sudmo-svp-select\\\/\",\"name\":\"S\u00e9rie Pentair S\u00fcdmo SVP Select | NXT Process\",\"isPartOf\":{\"@id\":\"https:\\\/\\\/www.nxtprocess.com\\\/#website\"},\"primaryImageOfPage\":{\"@id\":\"https:\\\/\\\/www.nxtprocess.com\\\/fr\\\/shop\\\/distribution-fr\\\/hygienic-and-industrial-valves-fr\\\/vannes-a-siege-unique\\\/serie-pentair-sudmo-svp-select\\\/#primaryimage\"},\"image\":{\"@id\":\"https:\\\/\\\/www.nxtprocess.com\\\/fr\\\/shop\\\/distribution-fr\\\/hygienic-and-industrial-valves-fr\\\/vannes-a-siege-unique\\\/serie-pentair-sudmo-svp-select\\\/#primaryimage\"},\"thumbnailUrl\":\"https:\\\/\\\/www.nxtprocess.com\\\/wp-content\\\/uploads\\\/2025\\\/03\\\/single-seat-valves-sudmo-img-1.png\",\"datePublished\":\"2025-03-21T08:06:40+00:00\",\"dateModified\":\"2025-10-22T11:27:36+00:00\",\"breadcrumb\":{\"@id\":\"https:\\\/\\\/www.nxtprocess.com\\\/fr\\\/shop\\\/distribution-fr\\\/hygienic-and-industrial-valves-fr\\\/vannes-a-siege-unique\\\/serie-pentair-sudmo-svp-select\\\/#breadcrumb\"},\"inLanguage\":\"fr-FR\",\"potentialAction\":[{\"@type\":\"ReadAction\",\"target\":[\"https:\\\/\\\/www.nxtprocess.com\\\/fr\\\/shop\\\/distribution-fr\\\/hygienic-and-industrial-valves-fr\\\/vannes-a-siege-unique\\\/serie-pentair-sudmo-svp-select\\\/\"]}]},{\"@type\":\"ImageObject\",\"inLanguage\":\"fr-FR\",\"@id\":\"https:\\\/\\\/www.nxtprocess.com\\\/fr\\\/shop\\\/distribution-fr\\\/hygienic-and-industrial-valves-fr\\\/vannes-a-siege-unique\\\/serie-pentair-sudmo-svp-select\\\/#primaryimage\",\"url\":\"https:\\\/\\\/www.nxtprocess.com\\\/wp-content\\\/uploads\\\/2025\\\/03\\\/single-seat-valves-sudmo-img-1.png\",\"contentUrl\":\"https:\\\/\\\/www.nxtprocess.com\\\/wp-content\\\/uploads\\\/2025\\\/03\\\/single-seat-valves-sudmo-img-1.png\",\"width\":900,\"height\":600},{\"@type\":\"BreadcrumbList\",\"@id\":\"https:\\\/\\\/www.nxtprocess.com\\\/fr\\\/shop\\\/distribution-fr\\\/hygienic-and-industrial-valves-fr\\\/vannes-a-siege-unique\\\/serie-pentair-sudmo-svp-select\\\/#breadcrumb\",\"itemListElement\":[{\"@type\":\"ListItem\",\"position\":1,\"name\":\"Home\",\"item\":\"https:\\\/\\\/www.nxtprocess.com\\\/fr\\\/\"},{\"@type\":\"ListItem\",\"position\":2,\"name\":\"Boutique\",\"item\":\"https:\\\/\\\/www.nxtprocess.com\\\/fr\\\/boutique\\\/\"},{\"@type\":\"ListItem\",\"position\":3,\"name\":\"S\u00e9rie Pentair S\u00fcdmo SVP Select\"}]},{\"@type\":\"WebSite\",\"@id\":\"https:\\\/\\\/www.nxtprocess.com\\\/#website\",\"url\":\"https:\\\/\\\/www.nxtprocess.com\\\/\",\"name\":\"NXT Process\",\"description\":\"Optimizing your future, one liquid process at a time\",\"publisher\":{\"@id\":\"https:\\\/\\\/www.nxtprocess.com\\\/#organization\"},\"potentialAction\":[{\"@type\":\"SearchAction\",\"target\":{\"@type\":\"EntryPoint\",\"urlTemplate\":\"https:\\\/\\\/www.nxtprocess.com\\\/?s={search_term_string}\"},\"query-input\":{\"@type\":\"PropertyValueSpecification\",\"valueRequired\":true,\"valueName\":\"search_term_string\"}}],\"inLanguage\":\"fr-FR\"},{\"@type\":\"Organization\",\"@id\":\"https:\\\/\\\/www.nxtprocess.com\\\/#organization\",\"name\":\"Processus NXT\",\"url\":\"https:\\\/\\\/www.nxtprocess.com\\\/\",\"logo\":{\"@type\":\"ImageObject\",\"inLanguage\":\"fr-FR\",\"@id\":\"https:\\\/\\\/www.nxtprocess.com\\\/#\\\/schema\\\/logo\\\/image\\\/\",\"url\":\"http:\\\/\\\/www.nxtprocess.com\\\/wp-content\\\/uploads\\\/2025\\\/06\\\/Screenshot_1.png\",\"contentUrl\":\"http:\\\/\\\/www.nxtprocess.com\\\/wp-content\\\/uploads\\\/2025\\\/06\\\/Screenshot_1.png\",\"width\":255,\"height\":186,\"caption\":\"Processus NXT\"},\"image\":{\"@id\":\"https:\\\/\\\/www.nxtprocess.com\\\/#\\\/schema\\\/logo\\\/image\\\/\"},\"sameAs\":[\"https:\\\/\\\/www.facebook.com\\\/people\\\/NXT-Process\\\/61560023431243\\\/\",\"https:\\\/\\\/www.linkedin.com\\\/company\\\/11569305\\\/\"]}]}<\/script>\n<!-- \/ Yoast SEO plugin. -->","yoast_head_json":{"title":"S\u00e9rie Pentair S\u00fcdmo SVP Select | NXT Process","robots":{"index":"index","follow":"follow","max-snippet":"max-snippet:-1","max-image-preview":"max-image-preview:large","max-video-preview":"max-video-preview:-1"},"canonical":"https:\/\/www.nxtprocess.com\/fr\/shop\/distribution-fr\/hygienic-and-industrial-valves-fr\/vannes-a-siege-unique\/serie-pentair-sudmo-svp-select\/","og_locale":"fr_FR","og_type":"article","og_title":"S\u00e9rie Pentair S\u00fcdmo SVP Select | NXT Process","og_description":"Vannes polyvalentes \u00e0 si\u00e8ge unique pour le contr\u00f4le hygi\u00e9nique des flux Avantages   La conception hygi\u00e9nique, compatible NEP\/SEP, assure un fonctionnement propre et s\u00fbr  La construction modulaire permet des configurations de vannes flexibles et une maintenance ais\u00e9e  Convient \u00e0 une large gamme d'applications, y compris l'arr\u00eat, la d\u00e9viation et le dosage  Peut \u00eatre \u00e9quip\u00e9e d'actionneurs pneumatiques et de t\u00eates de contr\u00f4le pour une automatisation compl\u00e8te","og_url":"https:\/\/www.nxtprocess.com\/fr\/shop\/distribution-fr\/hygienic-and-industrial-valves-fr\/vannes-a-siege-unique\/serie-pentair-sudmo-svp-select\/","og_site_name":"NXT Process","article_publisher":"https:\/\/www.facebook.com\/people\/NXT-Process\/61560023431243\/","article_modified_time":"2025-10-22T11:27:36+00:00","og_image":[{"width":900,"height":600,"url":"http:\/\/www.nxtprocess.com\/wp-content\/uploads\/2025\/03\/single-seat-valves-sudmo-img-1.png","type":"image\/png"}],"twitter_card":"summary_large_image","twitter_misc":{"Dur\u00e9e de lecture estim\u00e9e":"1 minute"},"schema":{"@context":"https:\/\/schema.org","@graph":[{"@type":"WebPage","@id":"https:\/\/www.nxtprocess.com\/fr\/shop\/distribution-fr\/hygienic-and-industrial-valves-fr\/vannes-a-siege-unique\/serie-pentair-sudmo-svp-select\/","url":"https:\/\/www.nxtprocess.com\/fr\/shop\/distribution-fr\/hygienic-and-industrial-valves-fr\/vannes-a-siege-unique\/serie-pentair-sudmo-svp-select\/","name":"S\u00e9rie Pentair S\u00fcdmo SVP Select | NXT Process","isPartOf":{"@id":"https:\/\/www.nxtprocess.com\/#website"},"primaryImageOfPage":{"@id":"https:\/\/www.nxtprocess.com\/fr\/shop\/distribution-fr\/hygienic-and-industrial-valves-fr\/vannes-a-siege-unique\/serie-pentair-sudmo-svp-select\/#primaryimage"},"image":{"@id":"https:\/\/www.nxtprocess.com\/fr\/shop\/distribution-fr\/hygienic-and-industrial-valves-fr\/vannes-a-siege-unique\/serie-pentair-sudmo-svp-select\/#primaryimage"},"thumbnailUrl":"https:\/\/www.nxtprocess.com\/wp-content\/uploads\/2025\/03\/single-seat-valves-sudmo-img-1.png","datePublished":"2025-03-21T08:06:40+00:00","dateModified":"2025-10-22T11:27:36+00:00","breadcrumb":{"@id":"https:\/\/www.nxtprocess.com\/fr\/shop\/distribution-fr\/hygienic-and-industrial-valves-fr\/vannes-a-siege-unique\/serie-pentair-sudmo-svp-select\/#breadcrumb"},"inLanguage":"fr-FR","potentialAction":[{"@type":"ReadAction","target":["https:\/\/www.nxtprocess.com\/fr\/shop\/distribution-fr\/hygienic-and-industrial-valves-fr\/vannes-a-siege-unique\/serie-pentair-sudmo-svp-select\/"]}]},{"@type":"ImageObject","inLanguage":"fr-FR","@id":"https:\/\/www.nxtprocess.com\/fr\/shop\/distribution-fr\/hygienic-and-industrial-valves-fr\/vannes-a-siege-unique\/serie-pentair-sudmo-svp-select\/#primaryimage","url":"https:\/\/www.nxtprocess.com\/wp-content\/uploads\/2025\/03\/single-seat-valves-sudmo-img-1.png","contentUrl":"https:\/\/www.nxtprocess.com\/wp-content\/uploads\/2025\/03\/single-seat-valves-sudmo-img-1.png","width":900,"height":600},{"@type":"BreadcrumbList","@id":"https:\/\/www.nxtprocess.com\/fr\/shop\/distribution-fr\/hygienic-and-industrial-valves-fr\/vannes-a-siege-unique\/serie-pentair-sudmo-svp-select\/#breadcrumb","itemListElement":[{"@type":"ListItem","position":1,"name":"Home","item":"https:\/\/www.nxtprocess.com\/fr\/"},{"@type":"ListItem","position":2,"name":"Boutique","item":"https:\/\/www.nxtprocess.com\/fr\/boutique\/"},{"@type":"ListItem","position":3,"name":"S\u00e9rie Pentair S\u00fcdmo SVP Select"}]},{"@type":"WebSite","@id":"https:\/\/www.nxtprocess.com\/#website","url":"https:\/\/www.nxtprocess.com\/","name":"NXT Process","description":"Optimizing your future, one liquid process at a time","publisher":{"@id":"https:\/\/www.nxtprocess.com\/#organization"},"potentialAction":[{"@type":"SearchAction","target":{"@type":"EntryPoint","urlTemplate":"https:\/\/www.nxtprocess.com\/?s={search_term_string}"},"query-input":{"@type":"PropertyValueSpecification","valueRequired":true,"valueName":"search_term_string"}}],"inLanguage":"fr-FR"},{"@type":"Organization","@id":"https:\/\/www.nxtprocess.com\/#organization","name":"Processus NXT","url":"https:\/\/www.nxtprocess.com\/","logo":{"@type":"ImageObject","inLanguage":"fr-FR","@id":"https:\/\/www.nxtprocess.com\/#\/schema\/logo\/image\/","url":"http:\/\/www.nxtprocess.com\/wp-content\/uploads\/2025\/06\/Screenshot_1.png","contentUrl":"http:\/\/www.nxtprocess.com\/wp-content\/uploads\/2025\/06\/Screenshot_1.png","width":255,"height":186,"caption":"Processus NXT"},"image":{"@id":"https:\/\/www.nxtprocess.com\/#\/schema\/logo\/image\/"},"sameAs":["https:\/\/www.facebook.com\/people\/NXT-Process\/61560023431243\/","https:\/\/www.linkedin.com\/company\/11569305\/"]}]}},"_links":{"self":[{"href":"https:\/\/www.nxtprocess.com\/fr\/wp-json\/wp\/v2\/product\/18089","targetHints":{"allow":["GET"]}}],"collection":[{"href":"https:\/\/www.nxtprocess.com\/fr\/wp-json\/wp\/v2\/product"}],"about":[{"href":"https:\/\/www.nxtprocess.com\/fr\/wp-json\/wp\/v2\/types\/product"}],"wp:featuredmedia":[{"embeddable":true,"href":"https:\/\/www.nxtprocess.com\/fr\/wp-json\/wp\/v2\/media\/16783"}],"wp:attachment":[{"href":"https:\/\/www.nxtprocess.com\/fr\/wp-json\/wp\/v2\/media?parent=18089"}],"wp:term":[{"taxonomy":"product_cat","embeddable":true,"href":"https:\/\/www.nxtprocess.com\/fr\/wp-json\/wp\/v2\/product_cat?post=18089"},{"taxonomy":"product_tag","embeddable":true,"href":"https:\/\/www.nxtprocess.com\/fr\/wp-json\/wp\/v2\/product_tag?post=18089"}],"curies":[{"name":"wp","href":"https:\/\/api.w.org\/{rel}","templated":true}]}}