{"id":18090,"date":"2025-03-21T05:38:44","date_gmt":"2025-03-21T05:38:44","guid":{"rendered":"https:\/\/www.nxtprocess.com\/dev\/product\/gazijector-pentair-haffmans\/"},"modified":"2025-10-22T11:27:35","modified_gmt":"2025-10-22T11:27:35","slug":"gazijector-pentair-haffmans","status":"publish","type":"product","link":"https:\/\/www.nxtprocess.com\/fr\/shop\/distribution-fr\/probes-fr\/aeration-du-mout-en-ligne\/gazijector-pentair-haffmans\/","title":{"rendered":"Gazijector Pentair-Haffmans"},"content":{"rendered":"<p>Le Gazijector Pentair-Haffmans est un syst\u00e8me d&#8217;injection de gaz en ligne \u00e0 haute efficacit\u00e9 con\u00e7u pour optimiser les processus de carbonatation et d&#8217;oxyg\u00e9nation dans la production de boissons. Alliant une ing\u00e9nierie de pr\u00e9cision \u00e0 une conception hygi\u00e9nique, le Gazijector permet un dosage de gaz contr\u00f4l\u00e9 et coh\u00e9rent directement dans les flux liquides \u2014 id\u00e9al pour les brasseries, les fabricants de boissons gazeuses et autres transformateurs de boissons. <\/p>\n<p>Contrairement aux m\u00e9thodes traditionnelles, le Gazijector assure une absorption sup\u00e9rieure du gaz gr\u00e2ce \u00e0 la formation de micro-bulles, maximisant ainsi la surface de contact entre le gaz et le liquide. Il en r\u00e9sulte des taux de dissolution plus rapides, une perte minimale de produit et une constance in\u00e9gal\u00e9e dans les niveaux de carbonatation ou d&#8217;oxyg\u00e9nation. <\/p>\n","protected":false},"excerpt":{"rendered":"<h4>Injection efficace de gaz pour une carbonatation et une oxyg\u00e9nation pr\u00e9cises des boissons<\/h4>\n<p><strong>Avantages<\/strong><\/p>\n<ul>\n<li>Conception compacte et hygi\u00e9nique : Facile \u00e0 installer et \u00e0 nettoyer, avec une empreinte minimale<\/li>\n<li>Contr\u00f4le pr\u00e9cis du gaz : Dosage constant de CO\u2082 ou d&#8217;O\u2082 avec mesure en ligne optionnelle et boucles de r\u00e9troaction<\/li>\n<li>Technologie de micro-bulles : Transfert de gaz \u00e0 haute efficacit\u00e9 avec une consommation r\u00e9duite<\/li>\n<li>Application polyvalente : Convient \u00e0 la bi\u00e8re, aux boissons gazeuses, \u00e0 l&#8217;eau et autres boissons carbonat\u00e9es ou oxyg\u00e9n\u00e9es<\/li>\n<li>Int\u00e9gration harmonieuse : Con\u00e7u pour fonctionner avec les syst\u00e8mes CIP existants et les lignes de production<\/li>\n<\/ul>\n","protected":false},"featured_media":16781,"template":"","meta":{"_acf_changed":false},"product_cat":[6107,163,165,171],"product_tag":[],"class_list":{"0":"post-18090","1":"product","2":"type-product","3":"status-publish","4":"has-post-thumbnail","6":"product_brand-distributeur-pentair-haffmans-pour-le-canada-fr","7":"product_cat-aeration-du-mout-en-ligne","8":"product_cat-distribution-fr","9":"product_cat-drinks-and-brewing-fr","10":"product_cat-probes-fr","12":"first","13":"instock","14":"taxable","15":"shipping-taxable","16":"product-type-simple"},"acf":[],"yoast_head":"<!-- This site is optimized with the Yoast SEO plugin v27.5 - https:\/\/yoast.com\/product\/yoast-seo-wordpress\/ -->\n<title>Gazijector Pentair-Haffmans | NXT Process<\/title>\n<meta name=\"robots\" content=\"index, follow, max-snippet:-1, max-image-preview:large, max-video-preview:-1\" \/>\n<link rel=\"canonical\" href=\"https:\/\/www.nxtprocess.com\/fr\/shop\/distribution-fr\/probes-fr\/aeration-du-mout-en-ligne\/gazijector-pentair-haffmans\/\" \/>\n<meta property=\"og:locale\" content=\"fr_FR\" \/>\n<meta property=\"og:type\" content=\"article\" \/>\n<meta property=\"og:title\" content=\"Gazijector Pentair-Haffmans | NXT Process\" \/>\n<meta property=\"og:description\" content=\"Injection efficace de gaz pour une carbonatation et une oxyg\u00e9nation pr\u00e9cises des boissons Avantages  Conception compacte et hygi\u00e9nique : Facile \u00e0 installer et \u00e0 nettoyer, avec une empreinte minimale  Contr\u00f4le pr\u00e9cis du gaz : Dosage constant de CO\u2082 ou d&#039;O\u2082 avec mesure en ligne optionnelle et boucles de r\u00e9troaction  Technologie de micro-bulles : Transfert de gaz \u00e0 haute efficacit\u00e9 avec une consommation r\u00e9duite  Application polyvalente : Convient \u00e0 la bi\u00e8re, aux boissons gazeuses, \u00e0 l&#039;eau et autres boissons carbonat\u00e9es ou oxyg\u00e9n\u00e9es  Int\u00e9gration harmonieuse : Con\u00e7u pour fonctionner avec les syst\u00e8mes CIP existants et les lignes de production\" \/>\n<meta property=\"og:url\" content=\"https:\/\/www.nxtprocess.com\/fr\/shop\/distribution-fr\/probes-fr\/aeration-du-mout-en-ligne\/gazijector-pentair-haffmans\/\" \/>\n<meta property=\"og:site_name\" content=\"NXT Process\" \/>\n<meta property=\"article:publisher\" content=\"https:\/\/www.facebook.com\/people\/NXT-Process\/61560023431243\/\" \/>\n<meta property=\"article:modified_time\" content=\"2025-10-22T11:27:35+00:00\" \/>\n<meta property=\"og:image\" content=\"http:\/\/www.nxtprocess.com\/wp-content\/uploads\/2025\/03\/aeration-gas-dozing-cpm-gazijector-haffmans-img-1-1.png\" \/>\n\t<meta property=\"og:image:width\" content=\"900\" \/>\n\t<meta property=\"og:image:height\" content=\"600\" \/>\n\t<meta property=\"og:image:type\" content=\"image\/png\" \/>\n<meta name=\"twitter:card\" content=\"summary_large_image\" \/>\n<meta name=\"twitter:label1\" content=\"Dur\u00e9e de lecture estim\u00e9e\" \/>\n\t<meta name=\"twitter:data1\" content=\"1 minute\" \/>\n<script type=\"application\/ld+json\" class=\"yoast-schema-graph\">{\"@context\":\"https:\\\/\\\/schema.org\",\"@graph\":[{\"@type\":\"WebPage\",\"@id\":\"https:\\\/\\\/www.nxtprocess.com\\\/fr\\\/shop\\\/distribution-fr\\\/probes-fr\\\/aeration-du-mout-en-ligne\\\/gazijector-pentair-haffmans\\\/\",\"url\":\"https:\\\/\\\/www.nxtprocess.com\\\/fr\\\/shop\\\/distribution-fr\\\/probes-fr\\\/aeration-du-mout-en-ligne\\\/gazijector-pentair-haffmans\\\/\",\"name\":\"Gazijector Pentair-Haffmans | NXT Process\",\"isPartOf\":{\"@id\":\"https:\\\/\\\/www.nxtprocess.com\\\/#website\"},\"primaryImageOfPage\":{\"@id\":\"https:\\\/\\\/www.nxtprocess.com\\\/fr\\\/shop\\\/distribution-fr\\\/probes-fr\\\/aeration-du-mout-en-ligne\\\/gazijector-pentair-haffmans\\\/#primaryimage\"},\"image\":{\"@id\":\"https:\\\/\\\/www.nxtprocess.com\\\/fr\\\/shop\\\/distribution-fr\\\/probes-fr\\\/aeration-du-mout-en-ligne\\\/gazijector-pentair-haffmans\\\/#primaryimage\"},\"thumbnailUrl\":\"https:\\\/\\\/www.nxtprocess.com\\\/wp-content\\\/uploads\\\/2025\\\/03\\\/aeration-gas-dozing-cpm-gazijector-haffmans-img-1-1.png\",\"datePublished\":\"2025-03-21T05:38:44+00:00\",\"dateModified\":\"2025-10-22T11:27:35+00:00\",\"breadcrumb\":{\"@id\":\"https:\\\/\\\/www.nxtprocess.com\\\/fr\\\/shop\\\/distribution-fr\\\/probes-fr\\\/aeration-du-mout-en-ligne\\\/gazijector-pentair-haffmans\\\/#breadcrumb\"},\"inLanguage\":\"fr-FR\",\"potentialAction\":[{\"@type\":\"ReadAction\",\"target\":[\"https:\\\/\\\/www.nxtprocess.com\\\/fr\\\/shop\\\/distribution-fr\\\/probes-fr\\\/aeration-du-mout-en-ligne\\\/gazijector-pentair-haffmans\\\/\"]}]},{\"@type\":\"ImageObject\",\"inLanguage\":\"fr-FR\",\"@id\":\"https:\\\/\\\/www.nxtprocess.com\\\/fr\\\/shop\\\/distribution-fr\\\/probes-fr\\\/aeration-du-mout-en-ligne\\\/gazijector-pentair-haffmans\\\/#primaryimage\",\"url\":\"https:\\\/\\\/www.nxtprocess.com\\\/wp-content\\\/uploads\\\/2025\\\/03\\\/aeration-gas-dozing-cpm-gazijector-haffmans-img-1-1.png\",\"contentUrl\":\"https:\\\/\\\/www.nxtprocess.com\\\/wp-content\\\/uploads\\\/2025\\\/03\\\/aeration-gas-dozing-cpm-gazijector-haffmans-img-1-1.png\",\"width\":900,\"height\":600},{\"@type\":\"BreadcrumbList\",\"@id\":\"https:\\\/\\\/www.nxtprocess.com\\\/fr\\\/shop\\\/distribution-fr\\\/probes-fr\\\/aeration-du-mout-en-ligne\\\/gazijector-pentair-haffmans\\\/#breadcrumb\",\"itemListElement\":[{\"@type\":\"ListItem\",\"position\":1,\"name\":\"Home\",\"item\":\"https:\\\/\\\/www.nxtprocess.com\\\/fr\\\/\"},{\"@type\":\"ListItem\",\"position\":2,\"name\":\"Boutique\",\"item\":\"https:\\\/\\\/www.nxtprocess.com\\\/fr\\\/boutique\\\/\"},{\"@type\":\"ListItem\",\"position\":3,\"name\":\"Gazijector Pentair-Haffmans\"}]},{\"@type\":\"WebSite\",\"@id\":\"https:\\\/\\\/www.nxtprocess.com\\\/#website\",\"url\":\"https:\\\/\\\/www.nxtprocess.com\\\/\",\"name\":\"NXT Process\",\"description\":\"Optimizing your future, one liquid process at a time\",\"publisher\":{\"@id\":\"https:\\\/\\\/www.nxtprocess.com\\\/#organization\"},\"potentialAction\":[{\"@type\":\"SearchAction\",\"target\":{\"@type\":\"EntryPoint\",\"urlTemplate\":\"https:\\\/\\\/www.nxtprocess.com\\\/?s={search_term_string}\"},\"query-input\":{\"@type\":\"PropertyValueSpecification\",\"valueRequired\":true,\"valueName\":\"search_term_string\"}}],\"inLanguage\":\"fr-FR\"},{\"@type\":\"Organization\",\"@id\":\"https:\\\/\\\/www.nxtprocess.com\\\/#organization\",\"name\":\"Processus NXT\",\"url\":\"https:\\\/\\\/www.nxtprocess.com\\\/\",\"logo\":{\"@type\":\"ImageObject\",\"inLanguage\":\"fr-FR\",\"@id\":\"https:\\\/\\\/www.nxtprocess.com\\\/#\\\/schema\\\/logo\\\/image\\\/\",\"url\":\"http:\\\/\\\/www.nxtprocess.com\\\/wp-content\\\/uploads\\\/2025\\\/06\\\/Screenshot_1.png\",\"contentUrl\":\"http:\\\/\\\/www.nxtprocess.com\\\/wp-content\\\/uploads\\\/2025\\\/06\\\/Screenshot_1.png\",\"width\":255,\"height\":186,\"caption\":\"Processus NXT\"},\"image\":{\"@id\":\"https:\\\/\\\/www.nxtprocess.com\\\/#\\\/schema\\\/logo\\\/image\\\/\"},\"sameAs\":[\"https:\\\/\\\/www.facebook.com\\\/people\\\/NXT-Process\\\/61560023431243\\\/\",\"https:\\\/\\\/www.linkedin.com\\\/company\\\/11569305\\\/\"]}]}<\/script>\n<!-- \/ Yoast SEO plugin. -->","yoast_head_json":{"title":"Gazijector Pentair-Haffmans | NXT Process","robots":{"index":"index","follow":"follow","max-snippet":"max-snippet:-1","max-image-preview":"max-image-preview:large","max-video-preview":"max-video-preview:-1"},"canonical":"https:\/\/www.nxtprocess.com\/fr\/shop\/distribution-fr\/probes-fr\/aeration-du-mout-en-ligne\/gazijector-pentair-haffmans\/","og_locale":"fr_FR","og_type":"article","og_title":"Gazijector Pentair-Haffmans | NXT Process","og_description":"Injection efficace de gaz pour une carbonatation et une oxyg\u00e9nation pr\u00e9cises des boissons Avantages  Conception compacte et hygi\u00e9nique : Facile \u00e0 installer et \u00e0 nettoyer, avec une empreinte minimale  Contr\u00f4le pr\u00e9cis du gaz : Dosage constant de CO\u2082 ou d'O\u2082 avec mesure en ligne optionnelle et boucles de r\u00e9troaction  Technologie de micro-bulles : Transfert de gaz \u00e0 haute efficacit\u00e9 avec une consommation r\u00e9duite  Application polyvalente : Convient \u00e0 la bi\u00e8re, aux boissons gazeuses, \u00e0 l'eau et autres boissons carbonat\u00e9es ou oxyg\u00e9n\u00e9es  Int\u00e9gration harmonieuse : Con\u00e7u pour fonctionner avec les syst\u00e8mes CIP existants et les lignes de production","og_url":"https:\/\/www.nxtprocess.com\/fr\/shop\/distribution-fr\/probes-fr\/aeration-du-mout-en-ligne\/gazijector-pentair-haffmans\/","og_site_name":"NXT Process","article_publisher":"https:\/\/www.facebook.com\/people\/NXT-Process\/61560023431243\/","article_modified_time":"2025-10-22T11:27:35+00:00","og_image":[{"width":900,"height":600,"url":"http:\/\/www.nxtprocess.com\/wp-content\/uploads\/2025\/03\/aeration-gas-dozing-cpm-gazijector-haffmans-img-1-1.png","type":"image\/png"}],"twitter_card":"summary_large_image","twitter_misc":{"Dur\u00e9e de lecture estim\u00e9e":"1 minute"},"schema":{"@context":"https:\/\/schema.org","@graph":[{"@type":"WebPage","@id":"https:\/\/www.nxtprocess.com\/fr\/shop\/distribution-fr\/probes-fr\/aeration-du-mout-en-ligne\/gazijector-pentair-haffmans\/","url":"https:\/\/www.nxtprocess.com\/fr\/shop\/distribution-fr\/probes-fr\/aeration-du-mout-en-ligne\/gazijector-pentair-haffmans\/","name":"Gazijector Pentair-Haffmans | NXT Process","isPartOf":{"@id":"https:\/\/www.nxtprocess.com\/#website"},"primaryImageOfPage":{"@id":"https:\/\/www.nxtprocess.com\/fr\/shop\/distribution-fr\/probes-fr\/aeration-du-mout-en-ligne\/gazijector-pentair-haffmans\/#primaryimage"},"image":{"@id":"https:\/\/www.nxtprocess.com\/fr\/shop\/distribution-fr\/probes-fr\/aeration-du-mout-en-ligne\/gazijector-pentair-haffmans\/#primaryimage"},"thumbnailUrl":"https:\/\/www.nxtprocess.com\/wp-content\/uploads\/2025\/03\/aeration-gas-dozing-cpm-gazijector-haffmans-img-1-1.png","datePublished":"2025-03-21T05:38:44+00:00","dateModified":"2025-10-22T11:27:35+00:00","breadcrumb":{"@id":"https:\/\/www.nxtprocess.com\/fr\/shop\/distribution-fr\/probes-fr\/aeration-du-mout-en-ligne\/gazijector-pentair-haffmans\/#breadcrumb"},"inLanguage":"fr-FR","potentialAction":[{"@type":"ReadAction","target":["https:\/\/www.nxtprocess.com\/fr\/shop\/distribution-fr\/probes-fr\/aeration-du-mout-en-ligne\/gazijector-pentair-haffmans\/"]}]},{"@type":"ImageObject","inLanguage":"fr-FR","@id":"https:\/\/www.nxtprocess.com\/fr\/shop\/distribution-fr\/probes-fr\/aeration-du-mout-en-ligne\/gazijector-pentair-haffmans\/#primaryimage","url":"https:\/\/www.nxtprocess.com\/wp-content\/uploads\/2025\/03\/aeration-gas-dozing-cpm-gazijector-haffmans-img-1-1.png","contentUrl":"https:\/\/www.nxtprocess.com\/wp-content\/uploads\/2025\/03\/aeration-gas-dozing-cpm-gazijector-haffmans-img-1-1.png","width":900,"height":600},{"@type":"BreadcrumbList","@id":"https:\/\/www.nxtprocess.com\/fr\/shop\/distribution-fr\/probes-fr\/aeration-du-mout-en-ligne\/gazijector-pentair-haffmans\/#breadcrumb","itemListElement":[{"@type":"ListItem","position":1,"name":"Home","item":"https:\/\/www.nxtprocess.com\/fr\/"},{"@type":"ListItem","position":2,"name":"Boutique","item":"https:\/\/www.nxtprocess.com\/fr\/boutique\/"},{"@type":"ListItem","position":3,"name":"Gazijector Pentair-Haffmans"}]},{"@type":"WebSite","@id":"https:\/\/www.nxtprocess.com\/#website","url":"https:\/\/www.nxtprocess.com\/","name":"NXT Process","description":"Optimizing your future, one liquid process at a time","publisher":{"@id":"https:\/\/www.nxtprocess.com\/#organization"},"potentialAction":[{"@type":"SearchAction","target":{"@type":"EntryPoint","urlTemplate":"https:\/\/www.nxtprocess.com\/?s={search_term_string}"},"query-input":{"@type":"PropertyValueSpecification","valueRequired":true,"valueName":"search_term_string"}}],"inLanguage":"fr-FR"},{"@type":"Organization","@id":"https:\/\/www.nxtprocess.com\/#organization","name":"Processus NXT","url":"https:\/\/www.nxtprocess.com\/","logo":{"@type":"ImageObject","inLanguage":"fr-FR","@id":"https:\/\/www.nxtprocess.com\/#\/schema\/logo\/image\/","url":"http:\/\/www.nxtprocess.com\/wp-content\/uploads\/2025\/06\/Screenshot_1.png","contentUrl":"http:\/\/www.nxtprocess.com\/wp-content\/uploads\/2025\/06\/Screenshot_1.png","width":255,"height":186,"caption":"Processus NXT"},"image":{"@id":"https:\/\/www.nxtprocess.com\/#\/schema\/logo\/image\/"},"sameAs":["https:\/\/www.facebook.com\/people\/NXT-Process\/61560023431243\/","https:\/\/www.linkedin.com\/company\/11569305\/"]}]}},"_links":{"self":[{"href":"https:\/\/www.nxtprocess.com\/fr\/wp-json\/wp\/v2\/product\/18090","targetHints":{"allow":["GET"]}}],"collection":[{"href":"https:\/\/www.nxtprocess.com\/fr\/wp-json\/wp\/v2\/product"}],"about":[{"href":"https:\/\/www.nxtprocess.com\/fr\/wp-json\/wp\/v2\/types\/product"}],"wp:featuredmedia":[{"embeddable":true,"href":"https:\/\/www.nxtprocess.com\/fr\/wp-json\/wp\/v2\/media\/16781"}],"wp:attachment":[{"href":"https:\/\/www.nxtprocess.com\/fr\/wp-json\/wp\/v2\/media?parent=18090"}],"wp:term":[{"taxonomy":"product_cat","embeddable":true,"href":"https:\/\/www.nxtprocess.com\/fr\/wp-json\/wp\/v2\/product_cat?post=18090"},{"taxonomy":"product_tag","embeddable":true,"href":"https:\/\/www.nxtprocess.com\/fr\/wp-json\/wp\/v2\/product_tag?post=18090"}],"curies":[{"name":"wp","href":"https:\/\/api.w.org\/{rel}","templated":true}]}}