{"id":18095,"date":"2025-03-20T12:44:18","date_gmt":"2025-03-20T12:44:18","guid":{"rendered":"https:\/\/www.nxtprocess.com\/dev\/product\/selecteur-de-co2-pentair-haffmans\/"},"modified":"2025-10-22T11:20:06","modified_gmt":"2025-10-22T11:20:06","slug":"selecteur-de-co2-pentair-haffmans","status":"publish","type":"product","link":"https:\/\/www.nxtprocess.com\/fr\/shop\/distribution-fr\/probes-fr\/analyse-laser-non-invasive-du-co2\/selecteur-de-co2-pentair-haffmans\/","title":{"rendered":"S\u00e9lecteur de CO2 Pentair-Haffmans"},"content":{"rendered":"<p><span class=\"relative -mx-px my-[-0.2rem] rounded px-px py-[0.2rem]\">Le s\u00e9lecteur de CO\u2082 Pentair-Haffmans offre une solution innovante et non invasive pour mesurer avec pr\u00e9cision le dioxyde de carbone (CO\u2082) dissous dans les emballages de boissons remplis.<\/span> <span class=\"relative -mx-px my-[-0.2rem] rounded px-px py-[0.2rem]\">En utilisant une technologie laser avanc\u00e9e, il d\u00e9termine la teneur en CO\u2082 sans percer le contenant, pr\u00e9servant ainsi l&#8217;int\u00e9grit\u00e9 du produit et de l&#8217;emballage.<\/span><\/p>\n<p>&nbsp;<\/p>\n","protected":false},"excerpt":{"rendered":"<h4>Mesure non invasive du CO\u2082 pour un contr\u00f4le qualit\u00e9 am\u00e9lior\u00e9<\/h4>\n<p><strong>Avantages<\/strong><\/p>\n<ul>\n<li>Mesure non invasive : \u00c9value avec pr\u00e9cision les niveaux de CO\u2082 sans endommager l&#8217;emballage ni gaspiller le produit<\/li>\n<li>Technologie laser avanc\u00e9e : Mesure la pression partielle de CO\u2082 et la pression totale de l&#8217;espace de t\u00eate pour d\u00e9terminer pr\u00e9cis\u00e9ment la teneur en CO\u2082 dissous<\/li>\n<li>Compatibilit\u00e9 polyvalente : Convient \u00e0 divers types de bouteilles et de fermetures, y compris les bouchons basculants, les bouchons en li\u00e8ge naturel et les bouchons sport<\/li>\n<li>R\u00e9sultats rapides et reproductibles : Fournit des mesures en environ cinq secondes, facilitant ainsi des processus de contr\u00f4le qualit\u00e9 efficaces<\/li>\n<\/ul>\n","protected":false},"featured_media":16777,"template":"","meta":{"_acf_changed":false},"product_cat":[6113,163,171],"product_tag":[],"class_list":{"0":"post-18095","1":"product","2":"type-product","3":"status-publish","4":"has-post-thumbnail","6":"product_brand-distributeur-pentair-haffmans-pour-le-canada-fr","7":"product_cat-analyse-laser-non-invasive-du-co2","8":"product_cat-distribution-fr","9":"product_cat-probes-fr","11":"first","12":"instock","13":"taxable","14":"shipping-taxable","15":"product-type-simple"},"acf":[],"yoast_head":"<!-- This site is optimized with the Yoast SEO plugin v27.5 - https:\/\/yoast.com\/product\/yoast-seo-wordpress\/ -->\n<title>S\u00e9lecteur de CO2 Pentair-Haffmans | NXT Process<\/title>\n<meta name=\"robots\" content=\"index, follow, max-snippet:-1, max-image-preview:large, max-video-preview:-1\" \/>\n<link rel=\"canonical\" href=\"https:\/\/www.nxtprocess.com\/fr\/shop\/distribution-fr\/probes-fr\/analyse-laser-non-invasive-du-co2\/selecteur-de-co2-pentair-haffmans\/\" \/>\n<meta property=\"og:locale\" content=\"fr_FR\" \/>\n<meta property=\"og:type\" content=\"article\" \/>\n<meta property=\"og:title\" content=\"S\u00e9lecteur de CO2 Pentair-Haffmans | NXT Process\" \/>\n<meta property=\"og:description\" content=\"Mesure non invasive du CO\u2082 pour un contr\u00f4le qualit\u00e9 am\u00e9lior\u00e9 Avantages  Mesure non invasive : \u00c9value avec pr\u00e9cision les niveaux de CO\u2082 sans endommager l&#039;emballage ni gaspiller le produit  Technologie laser avanc\u00e9e : Mesure la pression partielle de CO\u2082 et la pression totale de l&#039;espace de t\u00eate pour d\u00e9terminer pr\u00e9cis\u00e9ment la teneur en CO\u2082 dissous  Compatibilit\u00e9 polyvalente : Convient \u00e0 divers types de bouteilles et de fermetures, y compris les bouchons basculants, les bouchons en li\u00e8ge naturel et les bouchons sport  R\u00e9sultats rapides et reproductibles : Fournit des mesures en environ cinq secondes, facilitant ainsi des processus de contr\u00f4le qualit\u00e9 efficaces\" \/>\n<meta property=\"og:url\" content=\"https:\/\/www.nxtprocess.com\/fr\/shop\/distribution-fr\/probes-fr\/analyse-laser-non-invasive-du-co2\/selecteur-de-co2-pentair-haffmans\/\" \/>\n<meta property=\"og:site_name\" content=\"NXT Process\" \/>\n<meta property=\"article:publisher\" content=\"https:\/\/www.facebook.com\/people\/NXT-Process\/61560023431243\/\" \/>\n<meta property=\"article:modified_time\" content=\"2025-10-22T11:20:06+00:00\" \/>\n<meta property=\"og:image\" content=\"http:\/\/www.nxtprocess.com\/wp-content\/uploads\/2025\/03\/co2.png\" \/>\n\t<meta property=\"og:image:width\" content=\"916\" \/>\n\t<meta property=\"og:image:height\" content=\"800\" \/>\n\t<meta property=\"og:image:type\" content=\"image\/png\" \/>\n<meta name=\"twitter:card\" content=\"summary_large_image\" \/>\n<script type=\"application\/ld+json\" class=\"yoast-schema-graph\">{\"@context\":\"https:\\\/\\\/schema.org\",\"@graph\":[{\"@type\":\"WebPage\",\"@id\":\"https:\\\/\\\/www.nxtprocess.com\\\/fr\\\/shop\\\/distribution-fr\\\/probes-fr\\\/analyse-laser-non-invasive-du-co2\\\/selecteur-de-co2-pentair-haffmans\\\/\",\"url\":\"https:\\\/\\\/www.nxtprocess.com\\\/fr\\\/shop\\\/distribution-fr\\\/probes-fr\\\/analyse-laser-non-invasive-du-co2\\\/selecteur-de-co2-pentair-haffmans\\\/\",\"name\":\"S\u00e9lecteur de CO2 Pentair-Haffmans | NXT Process\",\"isPartOf\":{\"@id\":\"https:\\\/\\\/www.nxtprocess.com\\\/#website\"},\"primaryImageOfPage\":{\"@id\":\"https:\\\/\\\/www.nxtprocess.com\\\/fr\\\/shop\\\/distribution-fr\\\/probes-fr\\\/analyse-laser-non-invasive-du-co2\\\/selecteur-de-co2-pentair-haffmans\\\/#primaryimage\"},\"image\":{\"@id\":\"https:\\\/\\\/www.nxtprocess.com\\\/fr\\\/shop\\\/distribution-fr\\\/probes-fr\\\/analyse-laser-non-invasive-du-co2\\\/selecteur-de-co2-pentair-haffmans\\\/#primaryimage\"},\"thumbnailUrl\":\"https:\\\/\\\/www.nxtprocess.com\\\/wp-content\\\/uploads\\\/2025\\\/03\\\/co2.png\",\"datePublished\":\"2025-03-20T12:44:18+00:00\",\"dateModified\":\"2025-10-22T11:20:06+00:00\",\"breadcrumb\":{\"@id\":\"https:\\\/\\\/www.nxtprocess.com\\\/fr\\\/shop\\\/distribution-fr\\\/probes-fr\\\/analyse-laser-non-invasive-du-co2\\\/selecteur-de-co2-pentair-haffmans\\\/#breadcrumb\"},\"inLanguage\":\"fr-FR\",\"potentialAction\":[{\"@type\":\"ReadAction\",\"target\":[\"https:\\\/\\\/www.nxtprocess.com\\\/fr\\\/shop\\\/distribution-fr\\\/probes-fr\\\/analyse-laser-non-invasive-du-co2\\\/selecteur-de-co2-pentair-haffmans\\\/\"]}]},{\"@type\":\"ImageObject\",\"inLanguage\":\"fr-FR\",\"@id\":\"https:\\\/\\\/www.nxtprocess.com\\\/fr\\\/shop\\\/distribution-fr\\\/probes-fr\\\/analyse-laser-non-invasive-du-co2\\\/selecteur-de-co2-pentair-haffmans\\\/#primaryimage\",\"url\":\"https:\\\/\\\/www.nxtprocess.com\\\/wp-content\\\/uploads\\\/2025\\\/03\\\/co2.png\",\"contentUrl\":\"https:\\\/\\\/www.nxtprocess.com\\\/wp-content\\\/uploads\\\/2025\\\/03\\\/co2.png\",\"width\":916,\"height\":800},{\"@type\":\"BreadcrumbList\",\"@id\":\"https:\\\/\\\/www.nxtprocess.com\\\/fr\\\/shop\\\/distribution-fr\\\/probes-fr\\\/analyse-laser-non-invasive-du-co2\\\/selecteur-de-co2-pentair-haffmans\\\/#breadcrumb\",\"itemListElement\":[{\"@type\":\"ListItem\",\"position\":1,\"name\":\"Home\",\"item\":\"https:\\\/\\\/www.nxtprocess.com\\\/fr\\\/\"},{\"@type\":\"ListItem\",\"position\":2,\"name\":\"Boutique\",\"item\":\"https:\\\/\\\/www.nxtprocess.com\\\/fr\\\/boutique\\\/\"},{\"@type\":\"ListItem\",\"position\":3,\"name\":\"S\u00e9lecteur de CO2 Pentair-Haffmans\"}]},{\"@type\":\"WebSite\",\"@id\":\"https:\\\/\\\/www.nxtprocess.com\\\/#website\",\"url\":\"https:\\\/\\\/www.nxtprocess.com\\\/\",\"name\":\"NXT Process\",\"description\":\"Optimizing your future, one liquid process at a time\",\"publisher\":{\"@id\":\"https:\\\/\\\/www.nxtprocess.com\\\/#organization\"},\"potentialAction\":[{\"@type\":\"SearchAction\",\"target\":{\"@type\":\"EntryPoint\",\"urlTemplate\":\"https:\\\/\\\/www.nxtprocess.com\\\/?s={search_term_string}\"},\"query-input\":{\"@type\":\"PropertyValueSpecification\",\"valueRequired\":true,\"valueName\":\"search_term_string\"}}],\"inLanguage\":\"fr-FR\"},{\"@type\":\"Organization\",\"@id\":\"https:\\\/\\\/www.nxtprocess.com\\\/#organization\",\"name\":\"Processus NXT\",\"url\":\"https:\\\/\\\/www.nxtprocess.com\\\/\",\"logo\":{\"@type\":\"ImageObject\",\"inLanguage\":\"fr-FR\",\"@id\":\"https:\\\/\\\/www.nxtprocess.com\\\/#\\\/schema\\\/logo\\\/image\\\/\",\"url\":\"http:\\\/\\\/www.nxtprocess.com\\\/wp-content\\\/uploads\\\/2025\\\/06\\\/Screenshot_1.png\",\"contentUrl\":\"http:\\\/\\\/www.nxtprocess.com\\\/wp-content\\\/uploads\\\/2025\\\/06\\\/Screenshot_1.png\",\"width\":255,\"height\":186,\"caption\":\"Processus NXT\"},\"image\":{\"@id\":\"https:\\\/\\\/www.nxtprocess.com\\\/#\\\/schema\\\/logo\\\/image\\\/\"},\"sameAs\":[\"https:\\\/\\\/www.facebook.com\\\/people\\\/NXT-Process\\\/61560023431243\\\/\",\"https:\\\/\\\/www.linkedin.com\\\/company\\\/11569305\\\/\"]}]}<\/script>\n<!-- \/ Yoast SEO plugin. -->","yoast_head_json":{"title":"S\u00e9lecteur de CO2 Pentair-Haffmans | NXT Process","robots":{"index":"index","follow":"follow","max-snippet":"max-snippet:-1","max-image-preview":"max-image-preview:large","max-video-preview":"max-video-preview:-1"},"canonical":"https:\/\/www.nxtprocess.com\/fr\/shop\/distribution-fr\/probes-fr\/analyse-laser-non-invasive-du-co2\/selecteur-de-co2-pentair-haffmans\/","og_locale":"fr_FR","og_type":"article","og_title":"S\u00e9lecteur de CO2 Pentair-Haffmans | NXT Process","og_description":"Mesure non invasive du CO\u2082 pour un contr\u00f4le qualit\u00e9 am\u00e9lior\u00e9 Avantages  Mesure non invasive : \u00c9value avec pr\u00e9cision les niveaux de CO\u2082 sans endommager l'emballage ni gaspiller le produit  Technologie laser avanc\u00e9e : Mesure la pression partielle de CO\u2082 et la pression totale de l'espace de t\u00eate pour d\u00e9terminer pr\u00e9cis\u00e9ment la teneur en CO\u2082 dissous  Compatibilit\u00e9 polyvalente : Convient \u00e0 divers types de bouteilles et de fermetures, y compris les bouchons basculants, les bouchons en li\u00e8ge naturel et les bouchons sport  R\u00e9sultats rapides et reproductibles : Fournit des mesures en environ cinq secondes, facilitant ainsi des processus de contr\u00f4le qualit\u00e9 efficaces","og_url":"https:\/\/www.nxtprocess.com\/fr\/shop\/distribution-fr\/probes-fr\/analyse-laser-non-invasive-du-co2\/selecteur-de-co2-pentair-haffmans\/","og_site_name":"NXT Process","article_publisher":"https:\/\/www.facebook.com\/people\/NXT-Process\/61560023431243\/","article_modified_time":"2025-10-22T11:20:06+00:00","og_image":[{"width":916,"height":800,"url":"http:\/\/www.nxtprocess.com\/wp-content\/uploads\/2025\/03\/co2.png","type":"image\/png"}],"twitter_card":"summary_large_image","schema":{"@context":"https:\/\/schema.org","@graph":[{"@type":"WebPage","@id":"https:\/\/www.nxtprocess.com\/fr\/shop\/distribution-fr\/probes-fr\/analyse-laser-non-invasive-du-co2\/selecteur-de-co2-pentair-haffmans\/","url":"https:\/\/www.nxtprocess.com\/fr\/shop\/distribution-fr\/probes-fr\/analyse-laser-non-invasive-du-co2\/selecteur-de-co2-pentair-haffmans\/","name":"S\u00e9lecteur de CO2 Pentair-Haffmans | NXT Process","isPartOf":{"@id":"https:\/\/www.nxtprocess.com\/#website"},"primaryImageOfPage":{"@id":"https:\/\/www.nxtprocess.com\/fr\/shop\/distribution-fr\/probes-fr\/analyse-laser-non-invasive-du-co2\/selecteur-de-co2-pentair-haffmans\/#primaryimage"},"image":{"@id":"https:\/\/www.nxtprocess.com\/fr\/shop\/distribution-fr\/probes-fr\/analyse-laser-non-invasive-du-co2\/selecteur-de-co2-pentair-haffmans\/#primaryimage"},"thumbnailUrl":"https:\/\/www.nxtprocess.com\/wp-content\/uploads\/2025\/03\/co2.png","datePublished":"2025-03-20T12:44:18+00:00","dateModified":"2025-10-22T11:20:06+00:00","breadcrumb":{"@id":"https:\/\/www.nxtprocess.com\/fr\/shop\/distribution-fr\/probes-fr\/analyse-laser-non-invasive-du-co2\/selecteur-de-co2-pentair-haffmans\/#breadcrumb"},"inLanguage":"fr-FR","potentialAction":[{"@type":"ReadAction","target":["https:\/\/www.nxtprocess.com\/fr\/shop\/distribution-fr\/probes-fr\/analyse-laser-non-invasive-du-co2\/selecteur-de-co2-pentair-haffmans\/"]}]},{"@type":"ImageObject","inLanguage":"fr-FR","@id":"https:\/\/www.nxtprocess.com\/fr\/shop\/distribution-fr\/probes-fr\/analyse-laser-non-invasive-du-co2\/selecteur-de-co2-pentair-haffmans\/#primaryimage","url":"https:\/\/www.nxtprocess.com\/wp-content\/uploads\/2025\/03\/co2.png","contentUrl":"https:\/\/www.nxtprocess.com\/wp-content\/uploads\/2025\/03\/co2.png","width":916,"height":800},{"@type":"BreadcrumbList","@id":"https:\/\/www.nxtprocess.com\/fr\/shop\/distribution-fr\/probes-fr\/analyse-laser-non-invasive-du-co2\/selecteur-de-co2-pentair-haffmans\/#breadcrumb","itemListElement":[{"@type":"ListItem","position":1,"name":"Home","item":"https:\/\/www.nxtprocess.com\/fr\/"},{"@type":"ListItem","position":2,"name":"Boutique","item":"https:\/\/www.nxtprocess.com\/fr\/boutique\/"},{"@type":"ListItem","position":3,"name":"S\u00e9lecteur de CO2 Pentair-Haffmans"}]},{"@type":"WebSite","@id":"https:\/\/www.nxtprocess.com\/#website","url":"https:\/\/www.nxtprocess.com\/","name":"NXT Process","description":"Optimizing your future, one liquid process at a time","publisher":{"@id":"https:\/\/www.nxtprocess.com\/#organization"},"potentialAction":[{"@type":"SearchAction","target":{"@type":"EntryPoint","urlTemplate":"https:\/\/www.nxtprocess.com\/?s={search_term_string}"},"query-input":{"@type":"PropertyValueSpecification","valueRequired":true,"valueName":"search_term_string"}}],"inLanguage":"fr-FR"},{"@type":"Organization","@id":"https:\/\/www.nxtprocess.com\/#organization","name":"Processus NXT","url":"https:\/\/www.nxtprocess.com\/","logo":{"@type":"ImageObject","inLanguage":"fr-FR","@id":"https:\/\/www.nxtprocess.com\/#\/schema\/logo\/image\/","url":"http:\/\/www.nxtprocess.com\/wp-content\/uploads\/2025\/06\/Screenshot_1.png","contentUrl":"http:\/\/www.nxtprocess.com\/wp-content\/uploads\/2025\/06\/Screenshot_1.png","width":255,"height":186,"caption":"Processus NXT"},"image":{"@id":"https:\/\/www.nxtprocess.com\/#\/schema\/logo\/image\/"},"sameAs":["https:\/\/www.facebook.com\/people\/NXT-Process\/61560023431243\/","https:\/\/www.linkedin.com\/company\/11569305\/"]}]}},"_links":{"self":[{"href":"https:\/\/www.nxtprocess.com\/fr\/wp-json\/wp\/v2\/product\/18095","targetHints":{"allow":["GET"]}}],"collection":[{"href":"https:\/\/www.nxtprocess.com\/fr\/wp-json\/wp\/v2\/product"}],"about":[{"href":"https:\/\/www.nxtprocess.com\/fr\/wp-json\/wp\/v2\/types\/product"}],"wp:featuredmedia":[{"embeddable":true,"href":"https:\/\/www.nxtprocess.com\/fr\/wp-json\/wp\/v2\/media\/16777"}],"wp:attachment":[{"href":"https:\/\/www.nxtprocess.com\/fr\/wp-json\/wp\/v2\/media?parent=18095"}],"wp:term":[{"taxonomy":"product_cat","embeddable":true,"href":"https:\/\/www.nxtprocess.com\/fr\/wp-json\/wp\/v2\/product_cat?post=18095"},{"taxonomy":"product_tag","embeddable":true,"href":"https:\/\/www.nxtprocess.com\/fr\/wp-json\/wp\/v2\/product_tag?post=18095"}],"curies":[{"name":"wp","href":"https:\/\/api.w.org\/{rel}","templated":true}]}}