{"id":18098,"date":"2025-03-20T12:43:55","date_gmt":"2025-03-20T12:43:55","guid":{"rendered":"https:\/\/www.nxtprocess.com\/dev\/product\/pentair-haffmans-ogm-2\/"},"modified":"2025-10-22T11:20:10","modified_gmt":"2025-10-22T11:20:10","slug":"pentair-haffmans-ogm-2","status":"publish","type":"product","link":"https:\/\/www.nxtprocess.com\/fr\/shop\/distribution-fr\/probes-fr\/analyse-automatisee-co2-o2-tpo\/pentair-haffmans-ogm-2\/","title":{"rendered":"Pentair-haffmans OGM"},"content":{"rendered":"<p class=\"\" data-start=\"182\" data-end=\"565\">Le Pentair-Haffmans OGM (Mesure Optique des Gaz) est un capteur en ligne de haute pr\u00e9cision con\u00e7u pour la surveillance continue et en temps r\u00e9el de l&#8217;oxyg\u00e8ne dissous (OD), du CO2 et du TPO dans les boissons. Utilisant une technologie optique avanc\u00e9e, l&#8217;OGM assure une mesure rapide, pr\u00e9cise et sans d\u00e9rive, sans n\u00e9cessiter de calibration ou d&#8217;entretien fr\u00e9quents \u2014 aidant ainsi les producteurs \u00e0 pr\u00e9server la stabilit\u00e9 gustative et la dur\u00e9e de conservation. <\/p>\n<p class=\"\" data-start=\"567\" data-end=\"836\">Con\u00e7u pour \u00eatre int\u00e9gr\u00e9 directement dans la ligne de production ou le r\u00e9servoir, l&#8217;OGM est id\u00e9al pour les points de contr\u00f4le critiques tels que le d\u00e9gazage, le m\u00e9lange et le conditionnement. Sa conception hygi\u00e9nique, compatible avec le nettoyage en place (NEP) et la st\u00e9rilisation en place (SEP), garantit des performances fiables m\u00eame dans des conditions de production exigeantes. <\/p>\n","protected":false},"excerpt":{"rendered":"<h4>Mesure optique des gaz en ligne pour une qualit\u00e9 de produit optimale<\/h4>\n<p><strong>Avantages<\/strong><\/p>\n<ul>\n<li>Mesure en ligne et en temps r\u00e9el de l&#8217;O2 dissous, du CO2 et du TPO<\/li>\n<li>Technologie de capteur optique pour une haute pr\u00e9cision et une stabilit\u00e9 \u00e0 long terme<\/li>\n<li>Pas de membranes, pas d&#8217;\u00e9lectrolytes \u2013 faible entretien et temps d&#8217;arr\u00eat minimal<\/li>\n<li>Conception hygi\u00e9nique, enti\u00e8rement compatible NEP\/SEP<\/li>\n<li>Convient \u00e0 la bi\u00e8re, aux boissons gazeuses, \u00e0 l&#8217;eau et autres boissons sensibles \u00e0 l&#8217;oxyg\u00e8ne<\/li>\n<\/ul>\n","protected":false},"featured_media":16776,"template":"","meta":{"_acf_changed":false},"product_cat":[6119,163,171],"product_tag":[],"class_list":{"0":"post-18098","1":"product","2":"type-product","3":"status-publish","4":"has-post-thumbnail","6":"product_brand-distributeur-pentair-haffmans-pour-le-canada-fr","7":"product_cat-analyse-automatisee-co2-o2-tpo","8":"product_cat-distribution-fr","9":"product_cat-probes-fr","11":"first","12":"instock","13":"taxable","14":"shipping-taxable","15":"product-type-simple"},"acf":[],"yoast_head":"<!-- This site is optimized with the Yoast SEO plugin v27.5 - https:\/\/yoast.com\/product\/yoast-seo-wordpress\/ -->\n<title>Pentair-haffmans OGM | NXT Process<\/title>\n<meta name=\"robots\" content=\"index, follow, max-snippet:-1, max-image-preview:large, max-video-preview:-1\" \/>\n<link rel=\"canonical\" href=\"https:\/\/www.nxtprocess.com\/fr\/shop\/distribution-fr\/probes-fr\/analyse-automatisee-co2-o2-tpo\/pentair-haffmans-ogm-2\/\" \/>\n<meta property=\"og:locale\" content=\"fr_FR\" \/>\n<meta property=\"og:type\" content=\"article\" \/>\n<meta property=\"og:title\" content=\"Pentair-haffmans OGM | NXT Process\" \/>\n<meta property=\"og:description\" content=\"Mesure optique des gaz en ligne pour une qualit\u00e9 de produit optimale Avantages  Mesure en ligne et en temps r\u00e9el de l&#039;O2 dissous, du CO2 et du TPO  Technologie de capteur optique pour une haute pr\u00e9cision et une stabilit\u00e9 \u00e0 long terme  Pas de membranes, pas d&#039;\u00e9lectrolytes \u2013 faible entretien et temps d&#039;arr\u00eat minimal  Conception hygi\u00e9nique, enti\u00e8rement compatible NEP\/SEP  Convient \u00e0 la bi\u00e8re, aux boissons gazeuses, \u00e0 l&#039;eau et autres boissons sensibles \u00e0 l&#039;oxyg\u00e8ne\" \/>\n<meta property=\"og:url\" content=\"https:\/\/www.nxtprocess.com\/fr\/shop\/distribution-fr\/probes-fr\/analyse-automatisee-co2-o2-tpo\/pentair-haffmans-ogm-2\/\" \/>\n<meta property=\"og:site_name\" content=\"NXT Process\" \/>\n<meta property=\"article:publisher\" content=\"https:\/\/www.facebook.com\/people\/NXT-Process\/61560023431243\/\" \/>\n<meta property=\"article:modified_time\" content=\"2025-10-22T11:20:10+00:00\" \/>\n<meta property=\"og:image\" content=\"http:\/\/www.nxtprocess.com\/wp-content\/uploads\/2025\/03\/c-tpo.png\" \/>\n\t<meta property=\"og:image:width\" content=\"805\" \/>\n\t<meta property=\"og:image:height\" content=\"864\" \/>\n\t<meta property=\"og:image:type\" content=\"image\/png\" \/>\n<meta name=\"twitter:card\" content=\"summary_large_image\" \/>\n<meta name=\"twitter:label1\" content=\"Dur\u00e9e de lecture estim\u00e9e\" \/>\n\t<meta name=\"twitter:data1\" content=\"1 minute\" \/>\n<script type=\"application\/ld+json\" class=\"yoast-schema-graph\">{\"@context\":\"https:\\\/\\\/schema.org\",\"@graph\":[{\"@type\":\"WebPage\",\"@id\":\"https:\\\/\\\/www.nxtprocess.com\\\/fr\\\/shop\\\/distribution-fr\\\/probes-fr\\\/analyse-automatisee-co2-o2-tpo\\\/pentair-haffmans-ogm-2\\\/\",\"url\":\"https:\\\/\\\/www.nxtprocess.com\\\/fr\\\/shop\\\/distribution-fr\\\/probes-fr\\\/analyse-automatisee-co2-o2-tpo\\\/pentair-haffmans-ogm-2\\\/\",\"name\":\"Pentair-haffmans OGM | NXT Process\",\"isPartOf\":{\"@id\":\"https:\\\/\\\/www.nxtprocess.com\\\/#website\"},\"primaryImageOfPage\":{\"@id\":\"https:\\\/\\\/www.nxtprocess.com\\\/fr\\\/shop\\\/distribution-fr\\\/probes-fr\\\/analyse-automatisee-co2-o2-tpo\\\/pentair-haffmans-ogm-2\\\/#primaryimage\"},\"image\":{\"@id\":\"https:\\\/\\\/www.nxtprocess.com\\\/fr\\\/shop\\\/distribution-fr\\\/probes-fr\\\/analyse-automatisee-co2-o2-tpo\\\/pentair-haffmans-ogm-2\\\/#primaryimage\"},\"thumbnailUrl\":\"https:\\\/\\\/www.nxtprocess.com\\\/wp-content\\\/uploads\\\/2025\\\/03\\\/c-tpo.png\",\"datePublished\":\"2025-03-20T12:43:55+00:00\",\"dateModified\":\"2025-10-22T11:20:10+00:00\",\"breadcrumb\":{\"@id\":\"https:\\\/\\\/www.nxtprocess.com\\\/fr\\\/shop\\\/distribution-fr\\\/probes-fr\\\/analyse-automatisee-co2-o2-tpo\\\/pentair-haffmans-ogm-2\\\/#breadcrumb\"},\"inLanguage\":\"fr-FR\",\"potentialAction\":[{\"@type\":\"ReadAction\",\"target\":[\"https:\\\/\\\/www.nxtprocess.com\\\/fr\\\/shop\\\/distribution-fr\\\/probes-fr\\\/analyse-automatisee-co2-o2-tpo\\\/pentair-haffmans-ogm-2\\\/\"]}]},{\"@type\":\"ImageObject\",\"inLanguage\":\"fr-FR\",\"@id\":\"https:\\\/\\\/www.nxtprocess.com\\\/fr\\\/shop\\\/distribution-fr\\\/probes-fr\\\/analyse-automatisee-co2-o2-tpo\\\/pentair-haffmans-ogm-2\\\/#primaryimage\",\"url\":\"https:\\\/\\\/www.nxtprocess.com\\\/wp-content\\\/uploads\\\/2025\\\/03\\\/c-tpo.png\",\"contentUrl\":\"https:\\\/\\\/www.nxtprocess.com\\\/wp-content\\\/uploads\\\/2025\\\/03\\\/c-tpo.png\",\"width\":805,\"height\":864},{\"@type\":\"BreadcrumbList\",\"@id\":\"https:\\\/\\\/www.nxtprocess.com\\\/fr\\\/shop\\\/distribution-fr\\\/probes-fr\\\/analyse-automatisee-co2-o2-tpo\\\/pentair-haffmans-ogm-2\\\/#breadcrumb\",\"itemListElement\":[{\"@type\":\"ListItem\",\"position\":1,\"name\":\"Home\",\"item\":\"https:\\\/\\\/www.nxtprocess.com\\\/fr\\\/\"},{\"@type\":\"ListItem\",\"position\":2,\"name\":\"Boutique\",\"item\":\"https:\\\/\\\/www.nxtprocess.com\\\/fr\\\/boutique\\\/\"},{\"@type\":\"ListItem\",\"position\":3,\"name\":\"Pentair-haffmans OGM\"}]},{\"@type\":\"WebSite\",\"@id\":\"https:\\\/\\\/www.nxtprocess.com\\\/#website\",\"url\":\"https:\\\/\\\/www.nxtprocess.com\\\/\",\"name\":\"NXT Process\",\"description\":\"Optimizing your future, one liquid process at a time\",\"publisher\":{\"@id\":\"https:\\\/\\\/www.nxtprocess.com\\\/#organization\"},\"potentialAction\":[{\"@type\":\"SearchAction\",\"target\":{\"@type\":\"EntryPoint\",\"urlTemplate\":\"https:\\\/\\\/www.nxtprocess.com\\\/?s={search_term_string}\"},\"query-input\":{\"@type\":\"PropertyValueSpecification\",\"valueRequired\":true,\"valueName\":\"search_term_string\"}}],\"inLanguage\":\"fr-FR\"},{\"@type\":\"Organization\",\"@id\":\"https:\\\/\\\/www.nxtprocess.com\\\/#organization\",\"name\":\"Processus NXT\",\"url\":\"https:\\\/\\\/www.nxtprocess.com\\\/\",\"logo\":{\"@type\":\"ImageObject\",\"inLanguage\":\"fr-FR\",\"@id\":\"https:\\\/\\\/www.nxtprocess.com\\\/#\\\/schema\\\/logo\\\/image\\\/\",\"url\":\"http:\\\/\\\/www.nxtprocess.com\\\/wp-content\\\/uploads\\\/2025\\\/06\\\/Screenshot_1.png\",\"contentUrl\":\"http:\\\/\\\/www.nxtprocess.com\\\/wp-content\\\/uploads\\\/2025\\\/06\\\/Screenshot_1.png\",\"width\":255,\"height\":186,\"caption\":\"Processus NXT\"},\"image\":{\"@id\":\"https:\\\/\\\/www.nxtprocess.com\\\/#\\\/schema\\\/logo\\\/image\\\/\"},\"sameAs\":[\"https:\\\/\\\/www.facebook.com\\\/people\\\/NXT-Process\\\/61560023431243\\\/\",\"https:\\\/\\\/www.linkedin.com\\\/company\\\/11569305\\\/\"]}]}<\/script>\n<!-- \/ Yoast SEO plugin. -->","yoast_head_json":{"title":"Pentair-haffmans OGM | NXT Process","robots":{"index":"index","follow":"follow","max-snippet":"max-snippet:-1","max-image-preview":"max-image-preview:large","max-video-preview":"max-video-preview:-1"},"canonical":"https:\/\/www.nxtprocess.com\/fr\/shop\/distribution-fr\/probes-fr\/analyse-automatisee-co2-o2-tpo\/pentair-haffmans-ogm-2\/","og_locale":"fr_FR","og_type":"article","og_title":"Pentair-haffmans OGM | NXT Process","og_description":"Mesure optique des gaz en ligne pour une qualit\u00e9 de produit optimale Avantages  Mesure en ligne et en temps r\u00e9el de l'O2 dissous, du CO2 et du TPO  Technologie de capteur optique pour une haute pr\u00e9cision et une stabilit\u00e9 \u00e0 long terme  Pas de membranes, pas d'\u00e9lectrolytes \u2013 faible entretien et temps d'arr\u00eat minimal  Conception hygi\u00e9nique, enti\u00e8rement compatible NEP\/SEP  Convient \u00e0 la bi\u00e8re, aux boissons gazeuses, \u00e0 l'eau et autres boissons sensibles \u00e0 l'oxyg\u00e8ne","og_url":"https:\/\/www.nxtprocess.com\/fr\/shop\/distribution-fr\/probes-fr\/analyse-automatisee-co2-o2-tpo\/pentair-haffmans-ogm-2\/","og_site_name":"NXT Process","article_publisher":"https:\/\/www.facebook.com\/people\/NXT-Process\/61560023431243\/","article_modified_time":"2025-10-22T11:20:10+00:00","og_image":[{"width":805,"height":864,"url":"http:\/\/www.nxtprocess.com\/wp-content\/uploads\/2025\/03\/c-tpo.png","type":"image\/png"}],"twitter_card":"summary_large_image","twitter_misc":{"Dur\u00e9e de lecture estim\u00e9e":"1 minute"},"schema":{"@context":"https:\/\/schema.org","@graph":[{"@type":"WebPage","@id":"https:\/\/www.nxtprocess.com\/fr\/shop\/distribution-fr\/probes-fr\/analyse-automatisee-co2-o2-tpo\/pentair-haffmans-ogm-2\/","url":"https:\/\/www.nxtprocess.com\/fr\/shop\/distribution-fr\/probes-fr\/analyse-automatisee-co2-o2-tpo\/pentair-haffmans-ogm-2\/","name":"Pentair-haffmans OGM | NXT Process","isPartOf":{"@id":"https:\/\/www.nxtprocess.com\/#website"},"primaryImageOfPage":{"@id":"https:\/\/www.nxtprocess.com\/fr\/shop\/distribution-fr\/probes-fr\/analyse-automatisee-co2-o2-tpo\/pentair-haffmans-ogm-2\/#primaryimage"},"image":{"@id":"https:\/\/www.nxtprocess.com\/fr\/shop\/distribution-fr\/probes-fr\/analyse-automatisee-co2-o2-tpo\/pentair-haffmans-ogm-2\/#primaryimage"},"thumbnailUrl":"https:\/\/www.nxtprocess.com\/wp-content\/uploads\/2025\/03\/c-tpo.png","datePublished":"2025-03-20T12:43:55+00:00","dateModified":"2025-10-22T11:20:10+00:00","breadcrumb":{"@id":"https:\/\/www.nxtprocess.com\/fr\/shop\/distribution-fr\/probes-fr\/analyse-automatisee-co2-o2-tpo\/pentair-haffmans-ogm-2\/#breadcrumb"},"inLanguage":"fr-FR","potentialAction":[{"@type":"ReadAction","target":["https:\/\/www.nxtprocess.com\/fr\/shop\/distribution-fr\/probes-fr\/analyse-automatisee-co2-o2-tpo\/pentair-haffmans-ogm-2\/"]}]},{"@type":"ImageObject","inLanguage":"fr-FR","@id":"https:\/\/www.nxtprocess.com\/fr\/shop\/distribution-fr\/probes-fr\/analyse-automatisee-co2-o2-tpo\/pentair-haffmans-ogm-2\/#primaryimage","url":"https:\/\/www.nxtprocess.com\/wp-content\/uploads\/2025\/03\/c-tpo.png","contentUrl":"https:\/\/www.nxtprocess.com\/wp-content\/uploads\/2025\/03\/c-tpo.png","width":805,"height":864},{"@type":"BreadcrumbList","@id":"https:\/\/www.nxtprocess.com\/fr\/shop\/distribution-fr\/probes-fr\/analyse-automatisee-co2-o2-tpo\/pentair-haffmans-ogm-2\/#breadcrumb","itemListElement":[{"@type":"ListItem","position":1,"name":"Home","item":"https:\/\/www.nxtprocess.com\/fr\/"},{"@type":"ListItem","position":2,"name":"Boutique","item":"https:\/\/www.nxtprocess.com\/fr\/boutique\/"},{"@type":"ListItem","position":3,"name":"Pentair-haffmans OGM"}]},{"@type":"WebSite","@id":"https:\/\/www.nxtprocess.com\/#website","url":"https:\/\/www.nxtprocess.com\/","name":"NXT Process","description":"Optimizing your future, one liquid process at a time","publisher":{"@id":"https:\/\/www.nxtprocess.com\/#organization"},"potentialAction":[{"@type":"SearchAction","target":{"@type":"EntryPoint","urlTemplate":"https:\/\/www.nxtprocess.com\/?s={search_term_string}"},"query-input":{"@type":"PropertyValueSpecification","valueRequired":true,"valueName":"search_term_string"}}],"inLanguage":"fr-FR"},{"@type":"Organization","@id":"https:\/\/www.nxtprocess.com\/#organization","name":"Processus NXT","url":"https:\/\/www.nxtprocess.com\/","logo":{"@type":"ImageObject","inLanguage":"fr-FR","@id":"https:\/\/www.nxtprocess.com\/#\/schema\/logo\/image\/","url":"http:\/\/www.nxtprocess.com\/wp-content\/uploads\/2025\/06\/Screenshot_1.png","contentUrl":"http:\/\/www.nxtprocess.com\/wp-content\/uploads\/2025\/06\/Screenshot_1.png","width":255,"height":186,"caption":"Processus NXT"},"image":{"@id":"https:\/\/www.nxtprocess.com\/#\/schema\/logo\/image\/"},"sameAs":["https:\/\/www.facebook.com\/people\/NXT-Process\/61560023431243\/","https:\/\/www.linkedin.com\/company\/11569305\/"]}]}},"_links":{"self":[{"href":"https:\/\/www.nxtprocess.com\/fr\/wp-json\/wp\/v2\/product\/18098","targetHints":{"allow":["GET"]}}],"collection":[{"href":"https:\/\/www.nxtprocess.com\/fr\/wp-json\/wp\/v2\/product"}],"about":[{"href":"https:\/\/www.nxtprocess.com\/fr\/wp-json\/wp\/v2\/types\/product"}],"wp:featuredmedia":[{"embeddable":true,"href":"https:\/\/www.nxtprocess.com\/fr\/wp-json\/wp\/v2\/media\/16776"}],"wp:attachment":[{"href":"https:\/\/www.nxtprocess.com\/fr\/wp-json\/wp\/v2\/media?parent=18098"}],"wp:term":[{"taxonomy":"product_cat","embeddable":true,"href":"https:\/\/www.nxtprocess.com\/fr\/wp-json\/wp\/v2\/product_cat?post=18098"},{"taxonomy":"product_tag","embeddable":true,"href":"https:\/\/www.nxtprocess.com\/fr\/wp-json\/wp\/v2\/product_tag?post=18098"}],"curies":[{"name":"wp","href":"https:\/\/api.w.org\/{rel}","templated":true}]}}