{"id":18101,"date":"2025-03-20T12:43:00","date_gmt":"2025-03-20T12:43:00","guid":{"rendered":"https:\/\/www.nxtprocess.com\/dev\/product\/pentair-haffmans-gmt\/"},"modified":"2025-10-22T11:20:03","modified_gmt":"2025-10-22T11:20:03","slug":"pentair-haffmans-gmt","status":"publish","type":"product","link":"https:\/\/www.nxtprocess.com\/fr\/shop\/distribution-fr\/probes-fr\/analyse-analogique-du-co2\/pentair-haffmans-gmt\/","title":{"rendered":"Pentair-Haffmans GMT"},"content":{"rendered":"<p class=\"\" data-start=\"157\" data-end=\"568\">Le Pentair-Haffmans GMT (Outil de Mesure des Gaz) est un instrument compact et de haute pr\u00e9cision con\u00e7u pour la mesure portable et en laboratoire du dioxyde de carbone (CO\u2082) et de l&#8217;oxyg\u00e8ne (O\u2082) dissous dans les boissons. Con\u00e7u pour la rapidit\u00e9, la pr\u00e9cision et la facilit\u00e9 d&#8217;utilisation, le GMT aide les brasseurs et les producteurs de boissons \u00e0 surveiller les niveaux critiques de gaz \u00e0 plusieurs points du processus de production \u2014 de la fermentation et la filtration jusqu&#8217;\u00e0 l&#8217;emballage. <\/p>\n<p class=\"\" data-start=\"570\" data-end=\"849\">Utilisant des principes de mesure \u00e9prouv\u00e9s et une interface intuitive, le GMT fournit des r\u00e9sultats rapides et r\u00e9p\u00e9tables qui favorisent une qualit\u00e9 de produit constante et la conformit\u00e9 aux normes des boissons. Sa conception robuste et hygi\u00e9nique le rend adapt\u00e9 \u00e0 la fois pour l&#8217;\u00e9chantillonnage en ligne et les environnements de laboratoire. <\/p>\n","protected":false},"excerpt":{"rendered":"<h4>Outil de mesure des gaz pour une analyse fiable du CO\u2082 et de l&#8217;O\u2082<\/h4>\n<p><strong>Avantages<\/strong><\/p>\n<ul>\n<li>Mesure simultan\u00e9e du CO\u2082 et de l&#8217;O\u2082 dans un seul appareil portable<\/li>\n<li>R\u00e9sultats pr\u00e9cis et r\u00e9p\u00e9tables avec des cycles de mesure rapides<\/li>\n<li>Convient \u00e0 tous types de boissons, y compris la bi\u00e8re, les boissons gazeuses et l&#8217;eau<\/li>\n<li>Interface tactile conviviale avec capacit\u00e9s d&#8217;enregistrement des donn\u00e9es<\/li>\n<li>Conception hygi\u00e9nique avec nettoyage et entretien faciles<\/li>\n<\/ul>\n","protected":false},"featured_media":16775,"template":"","meta":{"_acf_changed":false},"product_cat":[6116,163,165,171],"product_tag":[],"class_list":{"0":"post-18101","1":"product","2":"type-product","3":"status-publish","4":"has-post-thumbnail","6":"product_brand-distributeur-pentair-haffmans-pour-le-canada-fr","7":"product_cat-analyse-analogique-du-co2","8":"product_cat-distribution-fr","9":"product_cat-drinks-and-brewing-fr","10":"product_cat-probes-fr","12":"first","13":"instock","14":"taxable","15":"shipping-taxable","16":"product-type-simple"},"acf":[],"yoast_head":"<!-- This site is optimized with the Yoast SEO plugin v27.5 - https:\/\/yoast.com\/product\/yoast-seo-wordpress\/ -->\n<title>Pentair-Haffmans GMT | NXT Process<\/title>\n<meta name=\"robots\" content=\"index, follow, max-snippet:-1, max-image-preview:large, max-video-preview:-1\" \/>\n<link rel=\"canonical\" href=\"https:\/\/www.nxtprocess.com\/fr\/shop\/distribution-fr\/probes-fr\/analyse-analogique-du-co2\/pentair-haffmans-gmt\/\" \/>\n<meta property=\"og:locale\" content=\"fr_FR\" \/>\n<meta property=\"og:type\" content=\"article\" \/>\n<meta property=\"og:title\" content=\"Pentair-Haffmans GMT | NXT Process\" \/>\n<meta property=\"og:description\" content=\"Outil de mesure des gaz pour une analyse fiable du CO\u2082 et de l&#039;O\u2082 Avantages  Mesure simultan\u00e9e du CO\u2082 et de l&#039;O\u2082 dans un seul appareil portable  R\u00e9sultats pr\u00e9cis et r\u00e9p\u00e9tables avec des cycles de mesure rapides  Convient \u00e0 tous types de boissons, y compris la bi\u00e8re, les boissons gazeuses et l&#039;eau  Interface tactile conviviale avec capacit\u00e9s d&#039;enregistrement des donn\u00e9es  Conception hygi\u00e9nique avec nettoyage et entretien faciles\" \/>\n<meta property=\"og:url\" content=\"https:\/\/www.nxtprocess.com\/fr\/shop\/distribution-fr\/probes-fr\/analyse-analogique-du-co2\/pentair-haffmans-gmt\/\" \/>\n<meta property=\"og:site_name\" content=\"NXT Process\" \/>\n<meta property=\"article:publisher\" content=\"https:\/\/www.facebook.com\/people\/NXT-Process\/61560023431243\/\" \/>\n<meta property=\"article:modified_time\" content=\"2025-10-22T11:20:03+00:00\" \/>\n<meta property=\"og:image\" content=\"http:\/\/www.nxtprocess.com\/wp-content\/uploads\/2025\/03\/portable-analog-co2-meter-gmt-haffmans-img-1.png\" \/>\n\t<meta property=\"og:image:width\" content=\"900\" \/>\n\t<meta property=\"og:image:height\" content=\"600\" \/>\n\t<meta property=\"og:image:type\" content=\"image\/png\" \/>\n<meta name=\"twitter:card\" content=\"summary_large_image\" \/>\n<meta name=\"twitter:label1\" content=\"Dur\u00e9e de lecture estim\u00e9e\" \/>\n\t<meta name=\"twitter:data1\" content=\"1 minute\" \/>\n<script type=\"application\/ld+json\" class=\"yoast-schema-graph\">{\"@context\":\"https:\\\/\\\/schema.org\",\"@graph\":[{\"@type\":\"WebPage\",\"@id\":\"https:\\\/\\\/www.nxtprocess.com\\\/fr\\\/shop\\\/distribution-fr\\\/probes-fr\\\/analyse-analogique-du-co2\\\/pentair-haffmans-gmt\\\/\",\"url\":\"https:\\\/\\\/www.nxtprocess.com\\\/fr\\\/shop\\\/distribution-fr\\\/probes-fr\\\/analyse-analogique-du-co2\\\/pentair-haffmans-gmt\\\/\",\"name\":\"Pentair-Haffmans GMT | NXT Process\",\"isPartOf\":{\"@id\":\"https:\\\/\\\/www.nxtprocess.com\\\/#website\"},\"primaryImageOfPage\":{\"@id\":\"https:\\\/\\\/www.nxtprocess.com\\\/fr\\\/shop\\\/distribution-fr\\\/probes-fr\\\/analyse-analogique-du-co2\\\/pentair-haffmans-gmt\\\/#primaryimage\"},\"image\":{\"@id\":\"https:\\\/\\\/www.nxtprocess.com\\\/fr\\\/shop\\\/distribution-fr\\\/probes-fr\\\/analyse-analogique-du-co2\\\/pentair-haffmans-gmt\\\/#primaryimage\"},\"thumbnailUrl\":\"https:\\\/\\\/www.nxtprocess.com\\\/wp-content\\\/uploads\\\/2025\\\/03\\\/portable-analog-co2-meter-gmt-haffmans-img-1.png\",\"datePublished\":\"2025-03-20T12:43:00+00:00\",\"dateModified\":\"2025-10-22T11:20:03+00:00\",\"breadcrumb\":{\"@id\":\"https:\\\/\\\/www.nxtprocess.com\\\/fr\\\/shop\\\/distribution-fr\\\/probes-fr\\\/analyse-analogique-du-co2\\\/pentair-haffmans-gmt\\\/#breadcrumb\"},\"inLanguage\":\"fr-FR\",\"potentialAction\":[{\"@type\":\"ReadAction\",\"target\":[\"https:\\\/\\\/www.nxtprocess.com\\\/fr\\\/shop\\\/distribution-fr\\\/probes-fr\\\/analyse-analogique-du-co2\\\/pentair-haffmans-gmt\\\/\"]}]},{\"@type\":\"ImageObject\",\"inLanguage\":\"fr-FR\",\"@id\":\"https:\\\/\\\/www.nxtprocess.com\\\/fr\\\/shop\\\/distribution-fr\\\/probes-fr\\\/analyse-analogique-du-co2\\\/pentair-haffmans-gmt\\\/#primaryimage\",\"url\":\"https:\\\/\\\/www.nxtprocess.com\\\/wp-content\\\/uploads\\\/2025\\\/03\\\/portable-analog-co2-meter-gmt-haffmans-img-1.png\",\"contentUrl\":\"https:\\\/\\\/www.nxtprocess.com\\\/wp-content\\\/uploads\\\/2025\\\/03\\\/portable-analog-co2-meter-gmt-haffmans-img-1.png\",\"width\":900,\"height\":600},{\"@type\":\"BreadcrumbList\",\"@id\":\"https:\\\/\\\/www.nxtprocess.com\\\/fr\\\/shop\\\/distribution-fr\\\/probes-fr\\\/analyse-analogique-du-co2\\\/pentair-haffmans-gmt\\\/#breadcrumb\",\"itemListElement\":[{\"@type\":\"ListItem\",\"position\":1,\"name\":\"Home\",\"item\":\"https:\\\/\\\/www.nxtprocess.com\\\/fr\\\/\"},{\"@type\":\"ListItem\",\"position\":2,\"name\":\"Boutique\",\"item\":\"https:\\\/\\\/www.nxtprocess.com\\\/fr\\\/boutique\\\/\"},{\"@type\":\"ListItem\",\"position\":3,\"name\":\"Pentair-Haffmans GMT\"}]},{\"@type\":\"WebSite\",\"@id\":\"https:\\\/\\\/www.nxtprocess.com\\\/#website\",\"url\":\"https:\\\/\\\/www.nxtprocess.com\\\/\",\"name\":\"NXT Process\",\"description\":\"Optimizing your future, one liquid process at a time\",\"publisher\":{\"@id\":\"https:\\\/\\\/www.nxtprocess.com\\\/#organization\"},\"potentialAction\":[{\"@type\":\"SearchAction\",\"target\":{\"@type\":\"EntryPoint\",\"urlTemplate\":\"https:\\\/\\\/www.nxtprocess.com\\\/?s={search_term_string}\"},\"query-input\":{\"@type\":\"PropertyValueSpecification\",\"valueRequired\":true,\"valueName\":\"search_term_string\"}}],\"inLanguage\":\"fr-FR\"},{\"@type\":\"Organization\",\"@id\":\"https:\\\/\\\/www.nxtprocess.com\\\/#organization\",\"name\":\"Processus NXT\",\"url\":\"https:\\\/\\\/www.nxtprocess.com\\\/\",\"logo\":{\"@type\":\"ImageObject\",\"inLanguage\":\"fr-FR\",\"@id\":\"https:\\\/\\\/www.nxtprocess.com\\\/#\\\/schema\\\/logo\\\/image\\\/\",\"url\":\"http:\\\/\\\/www.nxtprocess.com\\\/wp-content\\\/uploads\\\/2025\\\/06\\\/Screenshot_1.png\",\"contentUrl\":\"http:\\\/\\\/www.nxtprocess.com\\\/wp-content\\\/uploads\\\/2025\\\/06\\\/Screenshot_1.png\",\"width\":255,\"height\":186,\"caption\":\"Processus NXT\"},\"image\":{\"@id\":\"https:\\\/\\\/www.nxtprocess.com\\\/#\\\/schema\\\/logo\\\/image\\\/\"},\"sameAs\":[\"https:\\\/\\\/www.facebook.com\\\/people\\\/NXT-Process\\\/61560023431243\\\/\",\"https:\\\/\\\/www.linkedin.com\\\/company\\\/11569305\\\/\"]}]}<\/script>\n<!-- \/ Yoast SEO plugin. -->","yoast_head_json":{"title":"Pentair-Haffmans GMT | NXT Process","robots":{"index":"index","follow":"follow","max-snippet":"max-snippet:-1","max-image-preview":"max-image-preview:large","max-video-preview":"max-video-preview:-1"},"canonical":"https:\/\/www.nxtprocess.com\/fr\/shop\/distribution-fr\/probes-fr\/analyse-analogique-du-co2\/pentair-haffmans-gmt\/","og_locale":"fr_FR","og_type":"article","og_title":"Pentair-Haffmans GMT | NXT Process","og_description":"Outil de mesure des gaz pour une analyse fiable du CO\u2082 et de l'O\u2082 Avantages  Mesure simultan\u00e9e du CO\u2082 et de l'O\u2082 dans un seul appareil portable  R\u00e9sultats pr\u00e9cis et r\u00e9p\u00e9tables avec des cycles de mesure rapides  Convient \u00e0 tous types de boissons, y compris la bi\u00e8re, les boissons gazeuses et l'eau  Interface tactile conviviale avec capacit\u00e9s d'enregistrement des donn\u00e9es  Conception hygi\u00e9nique avec nettoyage et entretien faciles","og_url":"https:\/\/www.nxtprocess.com\/fr\/shop\/distribution-fr\/probes-fr\/analyse-analogique-du-co2\/pentair-haffmans-gmt\/","og_site_name":"NXT Process","article_publisher":"https:\/\/www.facebook.com\/people\/NXT-Process\/61560023431243\/","article_modified_time":"2025-10-22T11:20:03+00:00","og_image":[{"width":900,"height":600,"url":"http:\/\/www.nxtprocess.com\/wp-content\/uploads\/2025\/03\/portable-analog-co2-meter-gmt-haffmans-img-1.png","type":"image\/png"}],"twitter_card":"summary_large_image","twitter_misc":{"Dur\u00e9e de lecture estim\u00e9e":"1 minute"},"schema":{"@context":"https:\/\/schema.org","@graph":[{"@type":"WebPage","@id":"https:\/\/www.nxtprocess.com\/fr\/shop\/distribution-fr\/probes-fr\/analyse-analogique-du-co2\/pentair-haffmans-gmt\/","url":"https:\/\/www.nxtprocess.com\/fr\/shop\/distribution-fr\/probes-fr\/analyse-analogique-du-co2\/pentair-haffmans-gmt\/","name":"Pentair-Haffmans GMT | NXT Process","isPartOf":{"@id":"https:\/\/www.nxtprocess.com\/#website"},"primaryImageOfPage":{"@id":"https:\/\/www.nxtprocess.com\/fr\/shop\/distribution-fr\/probes-fr\/analyse-analogique-du-co2\/pentair-haffmans-gmt\/#primaryimage"},"image":{"@id":"https:\/\/www.nxtprocess.com\/fr\/shop\/distribution-fr\/probes-fr\/analyse-analogique-du-co2\/pentair-haffmans-gmt\/#primaryimage"},"thumbnailUrl":"https:\/\/www.nxtprocess.com\/wp-content\/uploads\/2025\/03\/portable-analog-co2-meter-gmt-haffmans-img-1.png","datePublished":"2025-03-20T12:43:00+00:00","dateModified":"2025-10-22T11:20:03+00:00","breadcrumb":{"@id":"https:\/\/www.nxtprocess.com\/fr\/shop\/distribution-fr\/probes-fr\/analyse-analogique-du-co2\/pentair-haffmans-gmt\/#breadcrumb"},"inLanguage":"fr-FR","potentialAction":[{"@type":"ReadAction","target":["https:\/\/www.nxtprocess.com\/fr\/shop\/distribution-fr\/probes-fr\/analyse-analogique-du-co2\/pentair-haffmans-gmt\/"]}]},{"@type":"ImageObject","inLanguage":"fr-FR","@id":"https:\/\/www.nxtprocess.com\/fr\/shop\/distribution-fr\/probes-fr\/analyse-analogique-du-co2\/pentair-haffmans-gmt\/#primaryimage","url":"https:\/\/www.nxtprocess.com\/wp-content\/uploads\/2025\/03\/portable-analog-co2-meter-gmt-haffmans-img-1.png","contentUrl":"https:\/\/www.nxtprocess.com\/wp-content\/uploads\/2025\/03\/portable-analog-co2-meter-gmt-haffmans-img-1.png","width":900,"height":600},{"@type":"BreadcrumbList","@id":"https:\/\/www.nxtprocess.com\/fr\/shop\/distribution-fr\/probes-fr\/analyse-analogique-du-co2\/pentair-haffmans-gmt\/#breadcrumb","itemListElement":[{"@type":"ListItem","position":1,"name":"Home","item":"https:\/\/www.nxtprocess.com\/fr\/"},{"@type":"ListItem","position":2,"name":"Boutique","item":"https:\/\/www.nxtprocess.com\/fr\/boutique\/"},{"@type":"ListItem","position":3,"name":"Pentair-Haffmans GMT"}]},{"@type":"WebSite","@id":"https:\/\/www.nxtprocess.com\/#website","url":"https:\/\/www.nxtprocess.com\/","name":"NXT Process","description":"Optimizing your future, one liquid process at a time","publisher":{"@id":"https:\/\/www.nxtprocess.com\/#organization"},"potentialAction":[{"@type":"SearchAction","target":{"@type":"EntryPoint","urlTemplate":"https:\/\/www.nxtprocess.com\/?s={search_term_string}"},"query-input":{"@type":"PropertyValueSpecification","valueRequired":true,"valueName":"search_term_string"}}],"inLanguage":"fr-FR"},{"@type":"Organization","@id":"https:\/\/www.nxtprocess.com\/#organization","name":"Processus NXT","url":"https:\/\/www.nxtprocess.com\/","logo":{"@type":"ImageObject","inLanguage":"fr-FR","@id":"https:\/\/www.nxtprocess.com\/#\/schema\/logo\/image\/","url":"http:\/\/www.nxtprocess.com\/wp-content\/uploads\/2025\/06\/Screenshot_1.png","contentUrl":"http:\/\/www.nxtprocess.com\/wp-content\/uploads\/2025\/06\/Screenshot_1.png","width":255,"height":186,"caption":"Processus NXT"},"image":{"@id":"https:\/\/www.nxtprocess.com\/#\/schema\/logo\/image\/"},"sameAs":["https:\/\/www.facebook.com\/people\/NXT-Process\/61560023431243\/","https:\/\/www.linkedin.com\/company\/11569305\/"]}]}},"_links":{"self":[{"href":"https:\/\/www.nxtprocess.com\/fr\/wp-json\/wp\/v2\/product\/18101","targetHints":{"allow":["GET"]}}],"collection":[{"href":"https:\/\/www.nxtprocess.com\/fr\/wp-json\/wp\/v2\/product"}],"about":[{"href":"https:\/\/www.nxtprocess.com\/fr\/wp-json\/wp\/v2\/types\/product"}],"wp:featuredmedia":[{"embeddable":true,"href":"https:\/\/www.nxtprocess.com\/fr\/wp-json\/wp\/v2\/media\/16775"}],"wp:attachment":[{"href":"https:\/\/www.nxtprocess.com\/fr\/wp-json\/wp\/v2\/media?parent=18101"}],"wp:term":[{"taxonomy":"product_cat","embeddable":true,"href":"https:\/\/www.nxtprocess.com\/fr\/wp-json\/wp\/v2\/product_cat?post=18101"},{"taxonomy":"product_tag","embeddable":true,"href":"https:\/\/www.nxtprocess.com\/fr\/wp-json\/wp\/v2\/product_tag?post=18101"}],"curies":[{"name":"wp","href":"https:\/\/api.w.org\/{rel}","templated":true}]}}