{"id":18106,"date":"2025-03-12T13:36:19","date_gmt":"2025-03-12T13:36:19","guid":{"rendered":"https:\/\/www.nxtprocess.com\/dev\/product\/dechargeur-de-sacs-en-vrac\/"},"modified":"2025-10-22T11:19:37","modified_gmt":"2025-10-22T11:19:37","slug":"dechargeur-de-sacs-en-vrac","status":"publish","type":"product","link":"https:\/\/www.nxtprocess.com\/fr\/shop\/skid-equipment-fr\/dechargeur-de-sacs-en-vrac\/","title":{"rendered":"D\u00e9chargeur de sacs en vrac"},"content":{"rendered":"<p>Les conteneurs souples pour vrac (FIBC), commun\u00e9ment appel\u00e9s \u00ab sacs en vrac \u00bb ou \u00ab grands sacs \u00bb, sont utilis\u00e9s pour le transport de mat\u00e9riaux solides qui sont g\u00e9n\u00e9ralement (mais pas exclusivement) sous forme de poudre, de flocons ou de granul\u00e9s.<\/p>\n<p>Le d\u00e9chargeur de sacs en vrac est capable de supporter une grande vari\u00e9t\u00e9 de tailles de sacs en vrac et de contenus, tout en assurant la s\u00e9curit\u00e9 des op\u00e9rateurs. Il s&#8217;agit d&#8217;une solution hautement personnalisable et efficace pour diverses industries n\u00e9cessitant la manipulation et le d\u00e9chargement de sacs en vrac. <\/p>\n","protected":false},"excerpt":{"rendered":"<h4>D\u00e9chargeur de sacs en vrac &#8211; manipulation efficace et sans poussi\u00e8re des ingr\u00e9dients en vrac<\/h4>\n<p data-start=\"376\" data-end=\"399\">Avantages<\/p>\n<ul>\n<li data-start=\"400\" data-end=\"927\">Fonctionnement sans poussi\u00e8re &#8211; Le confinement int\u00e9gr\u00e9 de la poussi\u00e8re maintient votre espace de travail propre et conforme.<\/li>\n<li data-start=\"400\" data-end=\"927\">Flux de mat\u00e9riaux efficace &#8211; Con\u00e7u pour pr\u00e9venir le colmatage et assurer un d\u00e9chargement constant.<\/li>\n<li data-start=\"400\" data-end=\"927\">Compatibilit\u00e9 polyvalente &#8211; G\u00e8re une large gamme de mat\u00e9riaux en vrac, du malt aux poudres et granul\u00e9s.<\/li>\n<li data-start=\"400\" data-end=\"927\">Conception robuste et hygi\u00e9nique &#8211; Fabriqu\u00e9 avec des mat\u00e9riaux durables de qualit\u00e9 alimentaire pour des performances durables.<\/li>\n<li data-start=\"400\" data-end=\"927\">Options personnalisables &#8211; Disponible avec des palans, des syst\u00e8mes de perte de poids et des aides \u00e0 l&#8217;\u00e9coulement pour une efficacit\u00e9 sur mesure.<\/li>\n<\/ul>\n<p data-start=\"929\" data-end=\"1107\">R\u00e9duisez le travail manuel, augmentez l&#8217;efficacit\u00e9 et maintenez un environnement de production propre avec le d\u00e9chargeur de sacs en vrac &#8211; la solution intelligente pour manipuler facilement les ingr\u00e9dients en vrac.<\/p>\n","protected":false},"featured_media":16773,"template":"","meta":{"_acf_changed":false},"product_cat":[168,165,166,162],"product_tag":[],"class_list":{"0":"post-18106","1":"product","2":"type-product","3":"status-publish","4":"has-post-thumbnail","6":"product_brand-nxt-fr","7":"product_cat-cosmetics-fr","8":"product_cat-drinks-and-brewing-fr","9":"product_cat-food-fr","10":"product_cat-skid-equipment-fr","12":"first","13":"instock","14":"taxable","15":"shipping-taxable","16":"product-type-simple"},"acf":[],"yoast_head":"<!-- This site is optimized with the Yoast SEO plugin v27.5 - https:\/\/yoast.com\/product\/yoast-seo-wordpress\/ -->\n<title>D\u00e9chargeur de sacs en vrac - automatis\u00e9 | Proc\u00e9d\u00e9 NXT<\/title>\n<meta name=\"description\" content=\"Les conteneurs souples pour vrac (FIBC), commun\u00e9ment appel\u00e9s \u00ab sacs en vrac \u00bb ou \u00ab grands sacs \u00bb, sont utilis\u00e9s pour le transport de mat\u00e9riaux solides qui sont g\u00e9n\u00e9ralement (mais pas exclusivement) sous forme de poudre, de flocons ou de granul\u00e9s.\" \/>\n<meta name=\"robots\" content=\"index, follow, max-snippet:-1, max-image-preview:large, max-video-preview:-1\" \/>\n<link rel=\"canonical\" href=\"https:\/\/www.nxtprocess.com\/fr\/shop\/skid-equipment-fr\/dechargeur-de-sacs-en-vrac\/\" \/>\n<meta property=\"og:locale\" content=\"fr_FR\" \/>\n<meta property=\"og:type\" content=\"article\" \/>\n<meta property=\"og:title\" content=\"D\u00e9chargeur de sacs en vrac - automatis\u00e9 | Proc\u00e9d\u00e9 NXT\" \/>\n<meta property=\"og:description\" content=\"Les conteneurs souples pour vrac (FIBC), commun\u00e9ment appel\u00e9s \u00ab sacs en vrac \u00bb ou \u00ab grands sacs \u00bb, sont utilis\u00e9s pour le transport de mat\u00e9riaux solides qui sont g\u00e9n\u00e9ralement (mais pas exclusivement) sous forme de poudre, de flocons ou de granul\u00e9s.\" \/>\n<meta property=\"og:url\" content=\"https:\/\/www.nxtprocess.com\/fr\/shop\/skid-equipment-fr\/dechargeur-de-sacs-en-vrac\/\" \/>\n<meta property=\"og:site_name\" content=\"NXT Process\" \/>\n<meta property=\"article:publisher\" content=\"https:\/\/www.facebook.com\/people\/NXT-Process\/61560023431243\/\" \/>\n<meta property=\"article:modified_time\" content=\"2025-10-22T11:19:37+00:00\" \/>\n<meta property=\"og:image\" content=\"http:\/\/www.nxtprocess.com\/wp-content\/uploads\/2025\/03\/Imag1.png\" \/>\n\t<meta property=\"og:image:width\" content=\"800\" \/>\n\t<meta property=\"og:image:height\" content=\"800\" \/>\n\t<meta property=\"og:image:type\" content=\"image\/png\" \/>\n<meta name=\"twitter:card\" content=\"summary_large_image\" \/>\n<meta name=\"twitter:label1\" content=\"Dur\u00e9e de lecture estim\u00e9e\" \/>\n\t<meta name=\"twitter:data1\" content=\"1 minute\" \/>\n<script type=\"application\/ld+json\" class=\"yoast-schema-graph\">{\"@context\":\"https:\\\/\\\/schema.org\",\"@graph\":[{\"@type\":\"WebPage\",\"@id\":\"https:\\\/\\\/www.nxtprocess.com\\\/fr\\\/shop\\\/skid-equipment-fr\\\/dechargeur-de-sacs-en-vrac\\\/\",\"url\":\"https:\\\/\\\/www.nxtprocess.com\\\/fr\\\/shop\\\/skid-equipment-fr\\\/dechargeur-de-sacs-en-vrac\\\/\",\"name\":\"D\u00e9chargeur de sacs en vrac - automatis\u00e9 | Proc\u00e9d\u00e9 NXT\",\"isPartOf\":{\"@id\":\"https:\\\/\\\/www.nxtprocess.com\\\/#website\"},\"primaryImageOfPage\":{\"@id\":\"https:\\\/\\\/www.nxtprocess.com\\\/fr\\\/shop\\\/skid-equipment-fr\\\/dechargeur-de-sacs-en-vrac\\\/#primaryimage\"},\"image\":{\"@id\":\"https:\\\/\\\/www.nxtprocess.com\\\/fr\\\/shop\\\/skid-equipment-fr\\\/dechargeur-de-sacs-en-vrac\\\/#primaryimage\"},\"thumbnailUrl\":\"https:\\\/\\\/www.nxtprocess.com\\\/wp-content\\\/uploads\\\/2025\\\/03\\\/Imag1.png\",\"datePublished\":\"2025-03-12T13:36:19+00:00\",\"dateModified\":\"2025-10-22T11:19:37+00:00\",\"description\":\"Les conteneurs souples pour vrac (FIBC), commun\u00e9ment appel\u00e9s \u00ab sacs en vrac \u00bb ou \u00ab grands sacs \u00bb, sont utilis\u00e9s pour le transport de mat\u00e9riaux solides qui sont g\u00e9n\u00e9ralement (mais pas exclusivement) sous forme de poudre, de flocons ou de granul\u00e9s.\",\"breadcrumb\":{\"@id\":\"https:\\\/\\\/www.nxtprocess.com\\\/fr\\\/shop\\\/skid-equipment-fr\\\/dechargeur-de-sacs-en-vrac\\\/#breadcrumb\"},\"inLanguage\":\"fr-FR\",\"potentialAction\":[{\"@type\":\"ReadAction\",\"target\":[\"https:\\\/\\\/www.nxtprocess.com\\\/fr\\\/shop\\\/skid-equipment-fr\\\/dechargeur-de-sacs-en-vrac\\\/\"]}]},{\"@type\":\"ImageObject\",\"inLanguage\":\"fr-FR\",\"@id\":\"https:\\\/\\\/www.nxtprocess.com\\\/fr\\\/shop\\\/skid-equipment-fr\\\/dechargeur-de-sacs-en-vrac\\\/#primaryimage\",\"url\":\"https:\\\/\\\/www.nxtprocess.com\\\/wp-content\\\/uploads\\\/2025\\\/03\\\/Imag1.png\",\"contentUrl\":\"https:\\\/\\\/www.nxtprocess.com\\\/wp-content\\\/uploads\\\/2025\\\/03\\\/Imag1.png\",\"width\":800,\"height\":800},{\"@type\":\"BreadcrumbList\",\"@id\":\"https:\\\/\\\/www.nxtprocess.com\\\/fr\\\/shop\\\/skid-equipment-fr\\\/dechargeur-de-sacs-en-vrac\\\/#breadcrumb\",\"itemListElement\":[{\"@type\":\"ListItem\",\"position\":1,\"name\":\"Home\",\"item\":\"https:\\\/\\\/www.nxtprocess.com\\\/fr\\\/\"},{\"@type\":\"ListItem\",\"position\":2,\"name\":\"Boutique\",\"item\":\"https:\\\/\\\/www.nxtprocess.com\\\/fr\\\/boutique\\\/\"},{\"@type\":\"ListItem\",\"position\":3,\"name\":\"D\u00e9chargeur de sacs en vrac\"}]},{\"@type\":\"WebSite\",\"@id\":\"https:\\\/\\\/www.nxtprocess.com\\\/#website\",\"url\":\"https:\\\/\\\/www.nxtprocess.com\\\/\",\"name\":\"NXT Process\",\"description\":\"Optimizing your future, one liquid process at a time\",\"publisher\":{\"@id\":\"https:\\\/\\\/www.nxtprocess.com\\\/#organization\"},\"potentialAction\":[{\"@type\":\"SearchAction\",\"target\":{\"@type\":\"EntryPoint\",\"urlTemplate\":\"https:\\\/\\\/www.nxtprocess.com\\\/?s={search_term_string}\"},\"query-input\":{\"@type\":\"PropertyValueSpecification\",\"valueRequired\":true,\"valueName\":\"search_term_string\"}}],\"inLanguage\":\"fr-FR\"},{\"@type\":\"Organization\",\"@id\":\"https:\\\/\\\/www.nxtprocess.com\\\/#organization\",\"name\":\"Processus NXT\",\"url\":\"https:\\\/\\\/www.nxtprocess.com\\\/\",\"logo\":{\"@type\":\"ImageObject\",\"inLanguage\":\"fr-FR\",\"@id\":\"https:\\\/\\\/www.nxtprocess.com\\\/#\\\/schema\\\/logo\\\/image\\\/\",\"url\":\"http:\\\/\\\/www.nxtprocess.com\\\/wp-content\\\/uploads\\\/2025\\\/06\\\/Screenshot_1.png\",\"contentUrl\":\"http:\\\/\\\/www.nxtprocess.com\\\/wp-content\\\/uploads\\\/2025\\\/06\\\/Screenshot_1.png\",\"width\":255,\"height\":186,\"caption\":\"Processus NXT\"},\"image\":{\"@id\":\"https:\\\/\\\/www.nxtprocess.com\\\/#\\\/schema\\\/logo\\\/image\\\/\"},\"sameAs\":[\"https:\\\/\\\/www.facebook.com\\\/people\\\/NXT-Process\\\/61560023431243\\\/\",\"https:\\\/\\\/www.linkedin.com\\\/company\\\/11569305\\\/\"]}]}<\/script>\n<!-- \/ Yoast SEO plugin. -->","yoast_head_json":{"title":"D\u00e9chargeur de sacs en vrac - automatis\u00e9 | Proc\u00e9d\u00e9 NXT","description":"Les conteneurs souples pour vrac (FIBC), commun\u00e9ment appel\u00e9s \u00ab sacs en vrac \u00bb ou \u00ab grands sacs \u00bb, sont utilis\u00e9s pour le transport de mat\u00e9riaux solides qui sont g\u00e9n\u00e9ralement (mais pas exclusivement) sous forme de poudre, de flocons ou de granul\u00e9s.","robots":{"index":"index","follow":"follow","max-snippet":"max-snippet:-1","max-image-preview":"max-image-preview:large","max-video-preview":"max-video-preview:-1"},"canonical":"https:\/\/www.nxtprocess.com\/fr\/shop\/skid-equipment-fr\/dechargeur-de-sacs-en-vrac\/","og_locale":"fr_FR","og_type":"article","og_title":"D\u00e9chargeur de sacs en vrac - automatis\u00e9 | Proc\u00e9d\u00e9 NXT","og_description":"Les conteneurs souples pour vrac (FIBC), commun\u00e9ment appel\u00e9s \u00ab sacs en vrac \u00bb ou \u00ab grands sacs \u00bb, sont utilis\u00e9s pour le transport de mat\u00e9riaux solides qui sont g\u00e9n\u00e9ralement (mais pas exclusivement) sous forme de poudre, de flocons ou de granul\u00e9s.","og_url":"https:\/\/www.nxtprocess.com\/fr\/shop\/skid-equipment-fr\/dechargeur-de-sacs-en-vrac\/","og_site_name":"NXT Process","article_publisher":"https:\/\/www.facebook.com\/people\/NXT-Process\/61560023431243\/","article_modified_time":"2025-10-22T11:19:37+00:00","og_image":[{"width":800,"height":800,"url":"http:\/\/www.nxtprocess.com\/wp-content\/uploads\/2025\/03\/Imag1.png","type":"image\/png"}],"twitter_card":"summary_large_image","twitter_misc":{"Dur\u00e9e de lecture estim\u00e9e":"1 minute"},"schema":{"@context":"https:\/\/schema.org","@graph":[{"@type":"WebPage","@id":"https:\/\/www.nxtprocess.com\/fr\/shop\/skid-equipment-fr\/dechargeur-de-sacs-en-vrac\/","url":"https:\/\/www.nxtprocess.com\/fr\/shop\/skid-equipment-fr\/dechargeur-de-sacs-en-vrac\/","name":"D\u00e9chargeur de sacs en vrac - automatis\u00e9 | Proc\u00e9d\u00e9 NXT","isPartOf":{"@id":"https:\/\/www.nxtprocess.com\/#website"},"primaryImageOfPage":{"@id":"https:\/\/www.nxtprocess.com\/fr\/shop\/skid-equipment-fr\/dechargeur-de-sacs-en-vrac\/#primaryimage"},"image":{"@id":"https:\/\/www.nxtprocess.com\/fr\/shop\/skid-equipment-fr\/dechargeur-de-sacs-en-vrac\/#primaryimage"},"thumbnailUrl":"https:\/\/www.nxtprocess.com\/wp-content\/uploads\/2025\/03\/Imag1.png","datePublished":"2025-03-12T13:36:19+00:00","dateModified":"2025-10-22T11:19:37+00:00","description":"Les conteneurs souples pour vrac (FIBC), commun\u00e9ment appel\u00e9s \u00ab sacs en vrac \u00bb ou \u00ab grands sacs \u00bb, sont utilis\u00e9s pour le transport de mat\u00e9riaux solides qui sont g\u00e9n\u00e9ralement (mais pas exclusivement) sous forme de poudre, de flocons ou de granul\u00e9s.","breadcrumb":{"@id":"https:\/\/www.nxtprocess.com\/fr\/shop\/skid-equipment-fr\/dechargeur-de-sacs-en-vrac\/#breadcrumb"},"inLanguage":"fr-FR","potentialAction":[{"@type":"ReadAction","target":["https:\/\/www.nxtprocess.com\/fr\/shop\/skid-equipment-fr\/dechargeur-de-sacs-en-vrac\/"]}]},{"@type":"ImageObject","inLanguage":"fr-FR","@id":"https:\/\/www.nxtprocess.com\/fr\/shop\/skid-equipment-fr\/dechargeur-de-sacs-en-vrac\/#primaryimage","url":"https:\/\/www.nxtprocess.com\/wp-content\/uploads\/2025\/03\/Imag1.png","contentUrl":"https:\/\/www.nxtprocess.com\/wp-content\/uploads\/2025\/03\/Imag1.png","width":800,"height":800},{"@type":"BreadcrumbList","@id":"https:\/\/www.nxtprocess.com\/fr\/shop\/skid-equipment-fr\/dechargeur-de-sacs-en-vrac\/#breadcrumb","itemListElement":[{"@type":"ListItem","position":1,"name":"Home","item":"https:\/\/www.nxtprocess.com\/fr\/"},{"@type":"ListItem","position":2,"name":"Boutique","item":"https:\/\/www.nxtprocess.com\/fr\/boutique\/"},{"@type":"ListItem","position":3,"name":"D\u00e9chargeur de sacs en vrac"}]},{"@type":"WebSite","@id":"https:\/\/www.nxtprocess.com\/#website","url":"https:\/\/www.nxtprocess.com\/","name":"NXT Process","description":"Optimizing your future, one liquid process at a time","publisher":{"@id":"https:\/\/www.nxtprocess.com\/#organization"},"potentialAction":[{"@type":"SearchAction","target":{"@type":"EntryPoint","urlTemplate":"https:\/\/www.nxtprocess.com\/?s={search_term_string}"},"query-input":{"@type":"PropertyValueSpecification","valueRequired":true,"valueName":"search_term_string"}}],"inLanguage":"fr-FR"},{"@type":"Organization","@id":"https:\/\/www.nxtprocess.com\/#organization","name":"Processus NXT","url":"https:\/\/www.nxtprocess.com\/","logo":{"@type":"ImageObject","inLanguage":"fr-FR","@id":"https:\/\/www.nxtprocess.com\/#\/schema\/logo\/image\/","url":"http:\/\/www.nxtprocess.com\/wp-content\/uploads\/2025\/06\/Screenshot_1.png","contentUrl":"http:\/\/www.nxtprocess.com\/wp-content\/uploads\/2025\/06\/Screenshot_1.png","width":255,"height":186,"caption":"Processus NXT"},"image":{"@id":"https:\/\/www.nxtprocess.com\/#\/schema\/logo\/image\/"},"sameAs":["https:\/\/www.facebook.com\/people\/NXT-Process\/61560023431243\/","https:\/\/www.linkedin.com\/company\/11569305\/"]}]}},"_links":{"self":[{"href":"https:\/\/www.nxtprocess.com\/fr\/wp-json\/wp\/v2\/product\/18106","targetHints":{"allow":["GET"]}}],"collection":[{"href":"https:\/\/www.nxtprocess.com\/fr\/wp-json\/wp\/v2\/product"}],"about":[{"href":"https:\/\/www.nxtprocess.com\/fr\/wp-json\/wp\/v2\/types\/product"}],"wp:featuredmedia":[{"embeddable":true,"href":"https:\/\/www.nxtprocess.com\/fr\/wp-json\/wp\/v2\/media\/16773"}],"wp:attachment":[{"href":"https:\/\/www.nxtprocess.com\/fr\/wp-json\/wp\/v2\/media?parent=18106"}],"wp:term":[{"taxonomy":"product_cat","embeddable":true,"href":"https:\/\/www.nxtprocess.com\/fr\/wp-json\/wp\/v2\/product_cat?post=18106"},{"taxonomy":"product_tag","embeddable":true,"href":"https:\/\/www.nxtprocess.com\/fr\/wp-json\/wp\/v2\/product_tag?post=18106"}],"curies":[{"name":"wp","href":"https:\/\/api.w.org\/{rel}","templated":true}]}}