{"id":18115,"date":"2025-03-12T12:36:42","date_gmt":"2025-03-12T12:36:42","guid":{"rendered":"https:\/\/www.nxtprocess.com\/dev\/product\/incorporateur-de-houblon\/"},"modified":"2025-10-22T11:19:48","modified_gmt":"2025-10-22T11:19:48","slug":"incorporateur-de-houblon","status":"publish","type":"product","link":"https:\/\/www.nxtprocess.com\/fr\/shop\/skid-equipment-fr\/incorporateur-de-houblon\/","title":{"rendered":"Incorporateur de houblon"},"content":{"rendered":"<p>Alors que l&#8217;industrie brassicole artisanale \u00e9volue, les brasseurs s&#8217;efforcent de repousser les limites du spectre gustatif de leurs produits. Ainsi, l&#8217;incorporation de houblon et d&#8217;autres ingr\u00e9dients aromatiques pendant la fermentation est devenue une \u00e9tape cruciale dans l&#8217;\u00e9laboration de ces profils de bi\u00e8re extravagants. Cela est d&#8217;autant plus vrai avec la popularit\u00e9 croissante du style NEIPA qui requiert de nombreux houblons \u00e0 froid. L&#8217;incorporation de ces ingr\u00e9dients peut s&#8217;av\u00e9rer difficile pour les brasseurs, \u00e9tant donn\u00e9 la n\u00e9cessit\u00e9 d&#8217;un environnement sans oxyg\u00e8ne (O2) dans le fermenteur. Il est \u00e9galement important d&#8217;assurer la s\u00e9curit\u00e9 et l&#8217;efficacit\u00e9 du brasseur pendant le processus.    <\/p>\n<p>L&#8217;incorporateur de houblon NXT Process est un syst\u00e8me con\u00e7u selon les besoins des brasseurs. Il permet l&#8217;incorporation d&#8217;une vari\u00e9t\u00e9 d&#8217;ingr\u00e9dients tels que le houblon, le caf\u00e9, les fruits et les \u00e9pices pendant la fermentation sans risque de contamination par l&#8217;O2.  Le syst\u00e8me est directement connect\u00e9 aux vannes inf\u00e9rieures du fermenteur pour \u00e9viter tout risque d&#8217;atteindre le haut du fermenteur. De plus, l&#8217;incorporateur de houblon peut faire recirculer le mo\u00fbt pendant l&#8217;incorporation pour assurer un profil de bi\u00e8re efficace et constant entre les lots.<\/p>\n<p>&nbsp;<\/p>\n","protected":false},"excerpt":{"rendered":"<h4><strong>Am\u00e9liorez votre processus de brassage avec l&#8217;incorporateur de houblon, con\u00e7u pour des ajouts de houblon pr\u00e9cis et efficaces. Ce syst\u00e8me assure une extraction optimale des ar\u00f4mes et des saveurs du houblon tout en r\u00e9duisant les d\u00e9chets et en am\u00e9liorant la constance. Parfait pour le houblonnage \u00e0 sec, les ajouts en fin de processus et d&#8217;autres applications d&#8217;infusion de saveurs, il s&#8217;int\u00e8gre parfaitement \u00e0 votre op\u00e9ration de brassage.  <\/strong><\/h4>\n<p><strong>Avantages<\/strong><\/p>\n<ul>\n<li class=\"bloc-mod-liste__element\">Le houblonnage \u00e0 froid sans apport d&#8217;oxyg\u00e8ne<\/li>\n<li class=\"bloc-mod-liste__element\">Convient \u00e0 tout ajout pendant la fermentation : houblon, caf\u00e9, fruits, \u00e9pices, etc.<\/li>\n<li class=\"bloc-mod-liste__element\">NEP fiable<\/li>\n<li class=\"bloc-mod-liste__element\">Contr\u00f4le s\u00e9curis\u00e9 du d\u00e9bit de recirculation<\/li>\n<li class=\"bloc-mod-liste__element\">Assure un profil de bi\u00e8re efficace et constant<\/li>\n<li class=\"bloc-mod-liste__element\">Disponible \u00e0 l&#8217;achat et \u00e0 la location<\/li>\n<li class=\"bloc-mod-liste__element\">Conteneur \u00e0 clamp<\/li>\n<\/ul>\n","protected":false},"featured_media":16772,"template":"","meta":{"_acf_changed":false},"product_cat":[165,162],"product_tag":[],"class_list":{"0":"post-18115","1":"product","2":"type-product","3":"status-publish","4":"has-post-thumbnail","6":"product_brand-nxt-fr","7":"product_cat-drinks-and-brewing-fr","8":"product_cat-skid-equipment-fr","10":"first","11":"instock","12":"taxable","13":"shipping-taxable","14":"product-type-simple"},"acf":[],"yoast_head":"<!-- This site is optimized with the Yoast SEO plugin v27.5 - https:\/\/yoast.com\/product\/yoast-seo-wordpress\/ -->\n<title>Incorporateur de houblon | pour brasseries professionnelles | proc\u00e9d\u00e9 NXT<\/title>\n<meta name=\"description\" content=\"L&#039;incorporateur de houblon NXT Process est un syst\u00e8me con\u00e7u selon les besoins des brasseurs. Il permet l&#039;incorporation d&#039;une vari\u00e9t\u00e9 d&#039;ingr\u00e9dients tels que le houblon, le caf\u00e9, les fruits et les \u00e9pices pendant la fermentation sans risque de contamination par l&#039;O2.\" \/>\n<meta name=\"robots\" content=\"index, follow, max-snippet:-1, max-image-preview:large, max-video-preview:-1\" \/>\n<link rel=\"canonical\" href=\"https:\/\/www.nxtprocess.com\/fr\/shop\/skid-equipment-fr\/incorporateur-de-houblon\/\" \/>\n<meta property=\"og:locale\" content=\"fr_FR\" \/>\n<meta property=\"og:type\" content=\"article\" \/>\n<meta property=\"og:title\" content=\"Incorporateur de houblon | pour brasseries professionnelles | proc\u00e9d\u00e9 NXT\" \/>\n<meta property=\"og:description\" content=\"L&#039;incorporateur de houblon NXT Process est un syst\u00e8me con\u00e7u selon les besoins des brasseurs. Il permet l&#039;incorporation d&#039;une vari\u00e9t\u00e9 d&#039;ingr\u00e9dients tels que le houblon, le caf\u00e9, les fruits et les \u00e9pices pendant la fermentation sans risque de contamination par l&#039;O2.\" \/>\n<meta property=\"og:url\" content=\"https:\/\/www.nxtprocess.com\/fr\/shop\/skid-equipment-fr\/incorporateur-de-houblon\/\" \/>\n<meta property=\"og:site_name\" content=\"NXT Process\" \/>\n<meta property=\"article:publisher\" content=\"https:\/\/www.facebook.com\/people\/NXT-Process\/61560023431243\/\" \/>\n<meta property=\"article:modified_time\" content=\"2025-10-22T11:19:48+00:00\" \/>\n<meta property=\"og:image\" content=\"http:\/\/www.nxtprocess.com\/wp-content\/uploads\/2025\/03\/imag2.png\" \/>\n\t<meta property=\"og:image:width\" content=\"800\" \/>\n\t<meta property=\"og:image:height\" content=\"800\" \/>\n\t<meta property=\"og:image:type\" content=\"image\/png\" \/>\n<meta name=\"twitter:card\" content=\"summary_large_image\" \/>\n<meta name=\"twitter:label1\" content=\"Dur\u00e9e de lecture estim\u00e9e\" \/>\n\t<meta name=\"twitter:data1\" content=\"1 minute\" \/>\n<script type=\"application\/ld+json\" class=\"yoast-schema-graph\">{\"@context\":\"https:\\\/\\\/schema.org\",\"@graph\":[{\"@type\":\"WebPage\",\"@id\":\"https:\\\/\\\/www.nxtprocess.com\\\/fr\\\/shop\\\/skid-equipment-fr\\\/incorporateur-de-houblon\\\/\",\"url\":\"https:\\\/\\\/www.nxtprocess.com\\\/fr\\\/shop\\\/skid-equipment-fr\\\/incorporateur-de-houblon\\\/\",\"name\":\"Incorporateur de houblon | pour brasseries professionnelles | proc\u00e9d\u00e9 NXT\",\"isPartOf\":{\"@id\":\"https:\\\/\\\/www.nxtprocess.com\\\/#website\"},\"primaryImageOfPage\":{\"@id\":\"https:\\\/\\\/www.nxtprocess.com\\\/fr\\\/shop\\\/skid-equipment-fr\\\/incorporateur-de-houblon\\\/#primaryimage\"},\"image\":{\"@id\":\"https:\\\/\\\/www.nxtprocess.com\\\/fr\\\/shop\\\/skid-equipment-fr\\\/incorporateur-de-houblon\\\/#primaryimage\"},\"thumbnailUrl\":\"https:\\\/\\\/www.nxtprocess.com\\\/wp-content\\\/uploads\\\/2025\\\/03\\\/imag2.png\",\"datePublished\":\"2025-03-12T12:36:42+00:00\",\"dateModified\":\"2025-10-22T11:19:48+00:00\",\"description\":\"L'incorporateur de houblon NXT Process est un syst\u00e8me con\u00e7u selon les besoins des brasseurs. Il permet l'incorporation d'une vari\u00e9t\u00e9 d'ingr\u00e9dients tels que le houblon, le caf\u00e9, les fruits et les \u00e9pices pendant la fermentation sans risque de contamination par l'O2.\",\"breadcrumb\":{\"@id\":\"https:\\\/\\\/www.nxtprocess.com\\\/fr\\\/shop\\\/skid-equipment-fr\\\/incorporateur-de-houblon\\\/#breadcrumb\"},\"inLanguage\":\"fr-FR\",\"potentialAction\":[{\"@type\":\"ReadAction\",\"target\":[\"https:\\\/\\\/www.nxtprocess.com\\\/fr\\\/shop\\\/skid-equipment-fr\\\/incorporateur-de-houblon\\\/\"]}]},{\"@type\":\"ImageObject\",\"inLanguage\":\"fr-FR\",\"@id\":\"https:\\\/\\\/www.nxtprocess.com\\\/fr\\\/shop\\\/skid-equipment-fr\\\/incorporateur-de-houblon\\\/#primaryimage\",\"url\":\"https:\\\/\\\/www.nxtprocess.com\\\/wp-content\\\/uploads\\\/2025\\\/03\\\/imag2.png\",\"contentUrl\":\"https:\\\/\\\/www.nxtprocess.com\\\/wp-content\\\/uploads\\\/2025\\\/03\\\/imag2.png\",\"width\":800,\"height\":800},{\"@type\":\"BreadcrumbList\",\"@id\":\"https:\\\/\\\/www.nxtprocess.com\\\/fr\\\/shop\\\/skid-equipment-fr\\\/incorporateur-de-houblon\\\/#breadcrumb\",\"itemListElement\":[{\"@type\":\"ListItem\",\"position\":1,\"name\":\"Home\",\"item\":\"https:\\\/\\\/www.nxtprocess.com\\\/fr\\\/\"},{\"@type\":\"ListItem\",\"position\":2,\"name\":\"Boutique\",\"item\":\"https:\\\/\\\/www.nxtprocess.com\\\/fr\\\/boutique\\\/\"},{\"@type\":\"ListItem\",\"position\":3,\"name\":\"Incorporateur de houblon\"}]},{\"@type\":\"WebSite\",\"@id\":\"https:\\\/\\\/www.nxtprocess.com\\\/#website\",\"url\":\"https:\\\/\\\/www.nxtprocess.com\\\/\",\"name\":\"NXT Process\",\"description\":\"Optimizing your future, one liquid process at a time\",\"publisher\":{\"@id\":\"https:\\\/\\\/www.nxtprocess.com\\\/#organization\"},\"potentialAction\":[{\"@type\":\"SearchAction\",\"target\":{\"@type\":\"EntryPoint\",\"urlTemplate\":\"https:\\\/\\\/www.nxtprocess.com\\\/?s={search_term_string}\"},\"query-input\":{\"@type\":\"PropertyValueSpecification\",\"valueRequired\":true,\"valueName\":\"search_term_string\"}}],\"inLanguage\":\"fr-FR\"},{\"@type\":\"Organization\",\"@id\":\"https:\\\/\\\/www.nxtprocess.com\\\/#organization\",\"name\":\"Processus NXT\",\"url\":\"https:\\\/\\\/www.nxtprocess.com\\\/\",\"logo\":{\"@type\":\"ImageObject\",\"inLanguage\":\"fr-FR\",\"@id\":\"https:\\\/\\\/www.nxtprocess.com\\\/#\\\/schema\\\/logo\\\/image\\\/\",\"url\":\"http:\\\/\\\/www.nxtprocess.com\\\/wp-content\\\/uploads\\\/2025\\\/06\\\/Screenshot_1.png\",\"contentUrl\":\"http:\\\/\\\/www.nxtprocess.com\\\/wp-content\\\/uploads\\\/2025\\\/06\\\/Screenshot_1.png\",\"width\":255,\"height\":186,\"caption\":\"Processus NXT\"},\"image\":{\"@id\":\"https:\\\/\\\/www.nxtprocess.com\\\/#\\\/schema\\\/logo\\\/image\\\/\"},\"sameAs\":[\"https:\\\/\\\/www.facebook.com\\\/people\\\/NXT-Process\\\/61560023431243\\\/\",\"https:\\\/\\\/www.linkedin.com\\\/company\\\/11569305\\\/\"]}]}<\/script>\n<!-- \/ Yoast SEO plugin. -->","yoast_head_json":{"title":"Incorporateur de houblon | pour brasseries professionnelles | proc\u00e9d\u00e9 NXT","description":"L'incorporateur de houblon NXT Process est un syst\u00e8me con\u00e7u selon les besoins des brasseurs. Il permet l'incorporation d'une vari\u00e9t\u00e9 d'ingr\u00e9dients tels que le houblon, le caf\u00e9, les fruits et les \u00e9pices pendant la fermentation sans risque de contamination par l'O2.","robots":{"index":"index","follow":"follow","max-snippet":"max-snippet:-1","max-image-preview":"max-image-preview:large","max-video-preview":"max-video-preview:-1"},"canonical":"https:\/\/www.nxtprocess.com\/fr\/shop\/skid-equipment-fr\/incorporateur-de-houblon\/","og_locale":"fr_FR","og_type":"article","og_title":"Incorporateur de houblon | pour brasseries professionnelles | proc\u00e9d\u00e9 NXT","og_description":"L'incorporateur de houblon NXT Process est un syst\u00e8me con\u00e7u selon les besoins des brasseurs. Il permet l'incorporation d'une vari\u00e9t\u00e9 d'ingr\u00e9dients tels que le houblon, le caf\u00e9, les fruits et les \u00e9pices pendant la fermentation sans risque de contamination par l'O2.","og_url":"https:\/\/www.nxtprocess.com\/fr\/shop\/skid-equipment-fr\/incorporateur-de-houblon\/","og_site_name":"NXT Process","article_publisher":"https:\/\/www.facebook.com\/people\/NXT-Process\/61560023431243\/","article_modified_time":"2025-10-22T11:19:48+00:00","og_image":[{"width":800,"height":800,"url":"http:\/\/www.nxtprocess.com\/wp-content\/uploads\/2025\/03\/imag2.png","type":"image\/png"}],"twitter_card":"summary_large_image","twitter_misc":{"Dur\u00e9e de lecture estim\u00e9e":"1 minute"},"schema":{"@context":"https:\/\/schema.org","@graph":[{"@type":"WebPage","@id":"https:\/\/www.nxtprocess.com\/fr\/shop\/skid-equipment-fr\/incorporateur-de-houblon\/","url":"https:\/\/www.nxtprocess.com\/fr\/shop\/skid-equipment-fr\/incorporateur-de-houblon\/","name":"Incorporateur de houblon | pour brasseries professionnelles | proc\u00e9d\u00e9 NXT","isPartOf":{"@id":"https:\/\/www.nxtprocess.com\/#website"},"primaryImageOfPage":{"@id":"https:\/\/www.nxtprocess.com\/fr\/shop\/skid-equipment-fr\/incorporateur-de-houblon\/#primaryimage"},"image":{"@id":"https:\/\/www.nxtprocess.com\/fr\/shop\/skid-equipment-fr\/incorporateur-de-houblon\/#primaryimage"},"thumbnailUrl":"https:\/\/www.nxtprocess.com\/wp-content\/uploads\/2025\/03\/imag2.png","datePublished":"2025-03-12T12:36:42+00:00","dateModified":"2025-10-22T11:19:48+00:00","description":"L'incorporateur de houblon NXT Process est un syst\u00e8me con\u00e7u selon les besoins des brasseurs. Il permet l'incorporation d'une vari\u00e9t\u00e9 d'ingr\u00e9dients tels que le houblon, le caf\u00e9, les fruits et les \u00e9pices pendant la fermentation sans risque de contamination par l'O2.","breadcrumb":{"@id":"https:\/\/www.nxtprocess.com\/fr\/shop\/skid-equipment-fr\/incorporateur-de-houblon\/#breadcrumb"},"inLanguage":"fr-FR","potentialAction":[{"@type":"ReadAction","target":["https:\/\/www.nxtprocess.com\/fr\/shop\/skid-equipment-fr\/incorporateur-de-houblon\/"]}]},{"@type":"ImageObject","inLanguage":"fr-FR","@id":"https:\/\/www.nxtprocess.com\/fr\/shop\/skid-equipment-fr\/incorporateur-de-houblon\/#primaryimage","url":"https:\/\/www.nxtprocess.com\/wp-content\/uploads\/2025\/03\/imag2.png","contentUrl":"https:\/\/www.nxtprocess.com\/wp-content\/uploads\/2025\/03\/imag2.png","width":800,"height":800},{"@type":"BreadcrumbList","@id":"https:\/\/www.nxtprocess.com\/fr\/shop\/skid-equipment-fr\/incorporateur-de-houblon\/#breadcrumb","itemListElement":[{"@type":"ListItem","position":1,"name":"Home","item":"https:\/\/www.nxtprocess.com\/fr\/"},{"@type":"ListItem","position":2,"name":"Boutique","item":"https:\/\/www.nxtprocess.com\/fr\/boutique\/"},{"@type":"ListItem","position":3,"name":"Incorporateur de houblon"}]},{"@type":"WebSite","@id":"https:\/\/www.nxtprocess.com\/#website","url":"https:\/\/www.nxtprocess.com\/","name":"NXT Process","description":"Optimizing your future, one liquid process at a time","publisher":{"@id":"https:\/\/www.nxtprocess.com\/#organization"},"potentialAction":[{"@type":"SearchAction","target":{"@type":"EntryPoint","urlTemplate":"https:\/\/www.nxtprocess.com\/?s={search_term_string}"},"query-input":{"@type":"PropertyValueSpecification","valueRequired":true,"valueName":"search_term_string"}}],"inLanguage":"fr-FR"},{"@type":"Organization","@id":"https:\/\/www.nxtprocess.com\/#organization","name":"Processus NXT","url":"https:\/\/www.nxtprocess.com\/","logo":{"@type":"ImageObject","inLanguage":"fr-FR","@id":"https:\/\/www.nxtprocess.com\/#\/schema\/logo\/image\/","url":"http:\/\/www.nxtprocess.com\/wp-content\/uploads\/2025\/06\/Screenshot_1.png","contentUrl":"http:\/\/www.nxtprocess.com\/wp-content\/uploads\/2025\/06\/Screenshot_1.png","width":255,"height":186,"caption":"Processus NXT"},"image":{"@id":"https:\/\/www.nxtprocess.com\/#\/schema\/logo\/image\/"},"sameAs":["https:\/\/www.facebook.com\/people\/NXT-Process\/61560023431243\/","https:\/\/www.linkedin.com\/company\/11569305\/"]}]}},"_links":{"self":[{"href":"https:\/\/www.nxtprocess.com\/fr\/wp-json\/wp\/v2\/product\/18115","targetHints":{"allow":["GET"]}}],"collection":[{"href":"https:\/\/www.nxtprocess.com\/fr\/wp-json\/wp\/v2\/product"}],"about":[{"href":"https:\/\/www.nxtprocess.com\/fr\/wp-json\/wp\/v2\/types\/product"}],"wp:featuredmedia":[{"embeddable":true,"href":"https:\/\/www.nxtprocess.com\/fr\/wp-json\/wp\/v2\/media\/16772"}],"wp:attachment":[{"href":"https:\/\/www.nxtprocess.com\/fr\/wp-json\/wp\/v2\/media?parent=18115"}],"wp:term":[{"taxonomy":"product_cat","embeddable":true,"href":"https:\/\/www.nxtprocess.com\/fr\/wp-json\/wp\/v2\/product_cat?post=18115"},{"taxonomy":"product_tag","embeddable":true,"href":"https:\/\/www.nxtprocess.com\/fr\/wp-json\/wp\/v2\/product_tag?post=18115"}],"curies":[{"name":"wp","href":"https:\/\/api.w.org\/{rel}","templated":true}]}}