{"id":18119,"date":"2025-03-12T08:31:31","date_gmt":"2025-03-12T08:31:31","guid":{"rendered":"https:\/\/www.nxtprocess.com\/dev\/product\/pompe-mobile\/"},"modified":"2025-10-22T11:19:37","modified_gmt":"2025-10-22T11:19:37","slug":"pompe-mobile","status":"publish","type":"product","link":"https:\/\/www.nxtprocess.com\/fr\/shop\/skid-equipment-fr\/pompe-mobile\/","title":{"rendered":"Pompe mobile"},"content":{"rendered":"<p>Une pompe sur un charriot mobile est une obligation dans plusieurs industries. Elle permet, par exemple, de transf\u00e9rer la bi\u00e8re du fermenteur au r\u00e9servoir conditionnement (BBT) ou d&#8217;\u00eatre utilis\u00e9e comme pompe CIP mobile. Nous disposons de plusieurs options sur nos charriots en fonction des exigences du client : d\u00e9bit, pression, viscosit\u00e9 du produit, etc. Nous proposons \u00e9galement plusieurs options pour le moteur afin de l&#8217;adapter \u00e0 votre pompe.   <\/p>\n","protected":false},"excerpt":{"rendered":"<h4>Simplement la meilleure pompe que vous puissiez transporter partout<\/h4>\n<p><strong>Avantages<\/strong><\/p>\n<ul>\n<li class=\"bloc-mod-liste__element\">Moteur en acier, lavable ou en acier inoxydable<\/li>\n<li class=\"bloc-mod-liste__element\">Diam\u00e8tre pour l&#8217;orifice d&#8217;entr\u00e9e et de sortie : 1\/2&#8221; , 1&#8221;, 1.5&#8221; , 2&#8221;<\/li>\n<li class=\"bloc-mod-liste__element\">Diff\u00e9rents joints d&#8217;\u00e9tanch\u00e9it\u00e9 selon le produit \u00e0 pomper<\/li>\n<li class=\"bloc-mod-liste__element\">Alimentation \u00e9lectrique du moteur : 230, 460 V ou 575 V<\/li>\n<li class=\"bloc-mod-liste__element\">Puissance du moteur (CV) : de 1\/3 \u00e0 10 CV<\/li>\n<\/ul>\n","protected":false},"featured_media":16573,"template":"","meta":{"_acf_changed":false},"product_cat":[162],"product_tag":[],"class_list":{"0":"post-18119","1":"product","2":"type-product","3":"status-publish","4":"has-post-thumbnail","6":"product_brand-nxt-fr","7":"product_cat-skid-equipment-fr","9":"first","10":"instock","11":"taxable","12":"shipping-taxable","13":"product-type-simple"},"acf":[],"yoast_head":"<!-- This site is optimized with the Yoast SEO plugin v27.5 - https:\/\/yoast.com\/product\/yoast-seo-wordpress\/ -->\n<title>Pompe industrielle mobile - pompe sur chariot | Proc\u00e9d\u00e9 NXT<\/title>\n<meta name=\"description\" content=\"Simplement la meilleure pompe que vous puissiez transporter partout.\" \/>\n<meta name=\"robots\" content=\"index, follow, max-snippet:-1, max-image-preview:large, max-video-preview:-1\" \/>\n<link rel=\"canonical\" href=\"https:\/\/www.nxtprocess.com\/fr\/shop\/skid-equipment-fr\/pompe-mobile\/\" \/>\n<meta property=\"og:locale\" content=\"fr_FR\" \/>\n<meta property=\"og:type\" content=\"article\" \/>\n<meta property=\"og:title\" content=\"Pompe industrielle mobile - pompe sur chariot | Proc\u00e9d\u00e9 NXT\" \/>\n<meta property=\"og:description\" content=\"Simplement la meilleure pompe que vous puissiez transporter partout.\" \/>\n<meta property=\"og:url\" content=\"https:\/\/www.nxtprocess.com\/fr\/shop\/skid-equipment-fr\/pompe-mobile\/\" \/>\n<meta property=\"og:site_name\" content=\"NXT Process\" \/>\n<meta property=\"article:publisher\" content=\"https:\/\/www.facebook.com\/people\/NXT-Process\/61560023431243\/\" \/>\n<meta property=\"article:modified_time\" content=\"2025-10-22T11:19:37+00:00\" \/>\n<meta property=\"og:image\" content=\"http:\/\/www.nxtprocess.com\/wp-content\/uploads\/2025\/03\/mobile.png\" \/>\n\t<meta property=\"og:image:width\" content=\"720\" \/>\n\t<meta property=\"og:image:height\" content=\"960\" \/>\n\t<meta property=\"og:image:type\" content=\"image\/png\" \/>\n<meta name=\"twitter:card\" content=\"summary_large_image\" \/>\n<script type=\"application\/ld+json\" class=\"yoast-schema-graph\">{\"@context\":\"https:\\\/\\\/schema.org\",\"@graph\":[{\"@type\":\"WebPage\",\"@id\":\"https:\\\/\\\/www.nxtprocess.com\\\/fr\\\/shop\\\/skid-equipment-fr\\\/pompe-mobile\\\/\",\"url\":\"https:\\\/\\\/www.nxtprocess.com\\\/fr\\\/shop\\\/skid-equipment-fr\\\/pompe-mobile\\\/\",\"name\":\"Pompe industrielle mobile - pompe sur chariot | Proc\u00e9d\u00e9 NXT\",\"isPartOf\":{\"@id\":\"https:\\\/\\\/www.nxtprocess.com\\\/#website\"},\"primaryImageOfPage\":{\"@id\":\"https:\\\/\\\/www.nxtprocess.com\\\/fr\\\/shop\\\/skid-equipment-fr\\\/pompe-mobile\\\/#primaryimage\"},\"image\":{\"@id\":\"https:\\\/\\\/www.nxtprocess.com\\\/fr\\\/shop\\\/skid-equipment-fr\\\/pompe-mobile\\\/#primaryimage\"},\"thumbnailUrl\":\"https:\\\/\\\/www.nxtprocess.com\\\/wp-content\\\/uploads\\\/2025\\\/03\\\/mobile.png\",\"datePublished\":\"2025-03-12T08:31:31+00:00\",\"dateModified\":\"2025-10-22T11:19:37+00:00\",\"description\":\"Simplement la meilleure pompe que vous puissiez transporter partout.\",\"breadcrumb\":{\"@id\":\"https:\\\/\\\/www.nxtprocess.com\\\/fr\\\/shop\\\/skid-equipment-fr\\\/pompe-mobile\\\/#breadcrumb\"},\"inLanguage\":\"fr-FR\",\"potentialAction\":[{\"@type\":\"ReadAction\",\"target\":[\"https:\\\/\\\/www.nxtprocess.com\\\/fr\\\/shop\\\/skid-equipment-fr\\\/pompe-mobile\\\/\"]}]},{\"@type\":\"ImageObject\",\"inLanguage\":\"fr-FR\",\"@id\":\"https:\\\/\\\/www.nxtprocess.com\\\/fr\\\/shop\\\/skid-equipment-fr\\\/pompe-mobile\\\/#primaryimage\",\"url\":\"https:\\\/\\\/www.nxtprocess.com\\\/wp-content\\\/uploads\\\/2025\\\/03\\\/mobile.png\",\"contentUrl\":\"https:\\\/\\\/www.nxtprocess.com\\\/wp-content\\\/uploads\\\/2025\\\/03\\\/mobile.png\",\"width\":720,\"height\":960},{\"@type\":\"BreadcrumbList\",\"@id\":\"https:\\\/\\\/www.nxtprocess.com\\\/fr\\\/shop\\\/skid-equipment-fr\\\/pompe-mobile\\\/#breadcrumb\",\"itemListElement\":[{\"@type\":\"ListItem\",\"position\":1,\"name\":\"Home\",\"item\":\"https:\\\/\\\/www.nxtprocess.com\\\/fr\\\/\"},{\"@type\":\"ListItem\",\"position\":2,\"name\":\"Boutique\",\"item\":\"https:\\\/\\\/www.nxtprocess.com\\\/fr\\\/boutique\\\/\"},{\"@type\":\"ListItem\",\"position\":3,\"name\":\"Pompe mobile\"}]},{\"@type\":\"WebSite\",\"@id\":\"https:\\\/\\\/www.nxtprocess.com\\\/#website\",\"url\":\"https:\\\/\\\/www.nxtprocess.com\\\/\",\"name\":\"NXT Process\",\"description\":\"Optimizing your future, one liquid process at a time\",\"publisher\":{\"@id\":\"https:\\\/\\\/www.nxtprocess.com\\\/#organization\"},\"potentialAction\":[{\"@type\":\"SearchAction\",\"target\":{\"@type\":\"EntryPoint\",\"urlTemplate\":\"https:\\\/\\\/www.nxtprocess.com\\\/?s={search_term_string}\"},\"query-input\":{\"@type\":\"PropertyValueSpecification\",\"valueRequired\":true,\"valueName\":\"search_term_string\"}}],\"inLanguage\":\"fr-FR\"},{\"@type\":\"Organization\",\"@id\":\"https:\\\/\\\/www.nxtprocess.com\\\/#organization\",\"name\":\"Processus NXT\",\"url\":\"https:\\\/\\\/www.nxtprocess.com\\\/\",\"logo\":{\"@type\":\"ImageObject\",\"inLanguage\":\"fr-FR\",\"@id\":\"https:\\\/\\\/www.nxtprocess.com\\\/#\\\/schema\\\/logo\\\/image\\\/\",\"url\":\"http:\\\/\\\/www.nxtprocess.com\\\/wp-content\\\/uploads\\\/2025\\\/06\\\/Screenshot_1.png\",\"contentUrl\":\"http:\\\/\\\/www.nxtprocess.com\\\/wp-content\\\/uploads\\\/2025\\\/06\\\/Screenshot_1.png\",\"width\":255,\"height\":186,\"caption\":\"Processus NXT\"},\"image\":{\"@id\":\"https:\\\/\\\/www.nxtprocess.com\\\/#\\\/schema\\\/logo\\\/image\\\/\"},\"sameAs\":[\"https:\\\/\\\/www.facebook.com\\\/people\\\/NXT-Process\\\/61560023431243\\\/\",\"https:\\\/\\\/www.linkedin.com\\\/company\\\/11569305\\\/\"]}]}<\/script>\n<!-- \/ Yoast SEO plugin. -->","yoast_head_json":{"title":"Pompe industrielle mobile - pompe sur chariot | Proc\u00e9d\u00e9 NXT","description":"Simplement la meilleure pompe que vous puissiez transporter partout.","robots":{"index":"index","follow":"follow","max-snippet":"max-snippet:-1","max-image-preview":"max-image-preview:large","max-video-preview":"max-video-preview:-1"},"canonical":"https:\/\/www.nxtprocess.com\/fr\/shop\/skid-equipment-fr\/pompe-mobile\/","og_locale":"fr_FR","og_type":"article","og_title":"Pompe industrielle mobile - pompe sur chariot | Proc\u00e9d\u00e9 NXT","og_description":"Simplement la meilleure pompe que vous puissiez transporter partout.","og_url":"https:\/\/www.nxtprocess.com\/fr\/shop\/skid-equipment-fr\/pompe-mobile\/","og_site_name":"NXT Process","article_publisher":"https:\/\/www.facebook.com\/people\/NXT-Process\/61560023431243\/","article_modified_time":"2025-10-22T11:19:37+00:00","og_image":[{"width":720,"height":960,"url":"http:\/\/www.nxtprocess.com\/wp-content\/uploads\/2025\/03\/mobile.png","type":"image\/png"}],"twitter_card":"summary_large_image","schema":{"@context":"https:\/\/schema.org","@graph":[{"@type":"WebPage","@id":"https:\/\/www.nxtprocess.com\/fr\/shop\/skid-equipment-fr\/pompe-mobile\/","url":"https:\/\/www.nxtprocess.com\/fr\/shop\/skid-equipment-fr\/pompe-mobile\/","name":"Pompe industrielle mobile - pompe sur chariot | Proc\u00e9d\u00e9 NXT","isPartOf":{"@id":"https:\/\/www.nxtprocess.com\/#website"},"primaryImageOfPage":{"@id":"https:\/\/www.nxtprocess.com\/fr\/shop\/skid-equipment-fr\/pompe-mobile\/#primaryimage"},"image":{"@id":"https:\/\/www.nxtprocess.com\/fr\/shop\/skid-equipment-fr\/pompe-mobile\/#primaryimage"},"thumbnailUrl":"https:\/\/www.nxtprocess.com\/wp-content\/uploads\/2025\/03\/mobile.png","datePublished":"2025-03-12T08:31:31+00:00","dateModified":"2025-10-22T11:19:37+00:00","description":"Simplement la meilleure pompe que vous puissiez transporter partout.","breadcrumb":{"@id":"https:\/\/www.nxtprocess.com\/fr\/shop\/skid-equipment-fr\/pompe-mobile\/#breadcrumb"},"inLanguage":"fr-FR","potentialAction":[{"@type":"ReadAction","target":["https:\/\/www.nxtprocess.com\/fr\/shop\/skid-equipment-fr\/pompe-mobile\/"]}]},{"@type":"ImageObject","inLanguage":"fr-FR","@id":"https:\/\/www.nxtprocess.com\/fr\/shop\/skid-equipment-fr\/pompe-mobile\/#primaryimage","url":"https:\/\/www.nxtprocess.com\/wp-content\/uploads\/2025\/03\/mobile.png","contentUrl":"https:\/\/www.nxtprocess.com\/wp-content\/uploads\/2025\/03\/mobile.png","width":720,"height":960},{"@type":"BreadcrumbList","@id":"https:\/\/www.nxtprocess.com\/fr\/shop\/skid-equipment-fr\/pompe-mobile\/#breadcrumb","itemListElement":[{"@type":"ListItem","position":1,"name":"Home","item":"https:\/\/www.nxtprocess.com\/fr\/"},{"@type":"ListItem","position":2,"name":"Boutique","item":"https:\/\/www.nxtprocess.com\/fr\/boutique\/"},{"@type":"ListItem","position":3,"name":"Pompe mobile"}]},{"@type":"WebSite","@id":"https:\/\/www.nxtprocess.com\/#website","url":"https:\/\/www.nxtprocess.com\/","name":"NXT Process","description":"Optimizing your future, one liquid process at a time","publisher":{"@id":"https:\/\/www.nxtprocess.com\/#organization"},"potentialAction":[{"@type":"SearchAction","target":{"@type":"EntryPoint","urlTemplate":"https:\/\/www.nxtprocess.com\/?s={search_term_string}"},"query-input":{"@type":"PropertyValueSpecification","valueRequired":true,"valueName":"search_term_string"}}],"inLanguage":"fr-FR"},{"@type":"Organization","@id":"https:\/\/www.nxtprocess.com\/#organization","name":"Processus NXT","url":"https:\/\/www.nxtprocess.com\/","logo":{"@type":"ImageObject","inLanguage":"fr-FR","@id":"https:\/\/www.nxtprocess.com\/#\/schema\/logo\/image\/","url":"http:\/\/www.nxtprocess.com\/wp-content\/uploads\/2025\/06\/Screenshot_1.png","contentUrl":"http:\/\/www.nxtprocess.com\/wp-content\/uploads\/2025\/06\/Screenshot_1.png","width":255,"height":186,"caption":"Processus NXT"},"image":{"@id":"https:\/\/www.nxtprocess.com\/#\/schema\/logo\/image\/"},"sameAs":["https:\/\/www.facebook.com\/people\/NXT-Process\/61560023431243\/","https:\/\/www.linkedin.com\/company\/11569305\/"]}]}},"_links":{"self":[{"href":"https:\/\/www.nxtprocess.com\/fr\/wp-json\/wp\/v2\/product\/18119","targetHints":{"allow":["GET"]}}],"collection":[{"href":"https:\/\/www.nxtprocess.com\/fr\/wp-json\/wp\/v2\/product"}],"about":[{"href":"https:\/\/www.nxtprocess.com\/fr\/wp-json\/wp\/v2\/types\/product"}],"wp:featuredmedia":[{"embeddable":true,"href":"https:\/\/www.nxtprocess.com\/fr\/wp-json\/wp\/v2\/media\/16573"}],"wp:attachment":[{"href":"https:\/\/www.nxtprocess.com\/fr\/wp-json\/wp\/v2\/media?parent=18119"}],"wp:term":[{"taxonomy":"product_cat","embeddable":true,"href":"https:\/\/www.nxtprocess.com\/fr\/wp-json\/wp\/v2\/product_cat?post=18119"},{"taxonomy":"product_tag","embeddable":true,"href":"https:\/\/www.nxtprocess.com\/fr\/wp-json\/wp\/v2\/product_tag?post=18119"}],"curies":[{"name":"wp","href":"https:\/\/api.w.org\/{rel}","templated":true}]}}