{"id":18149,"date":"2025-03-21T10:29:36","date_gmt":"2025-03-21T10:29:36","guid":{"rendered":"https:\/\/www.nxtprocess.com\/dev\/product\/capteurs-de-position-ifm\/"},"modified":"2025-10-22T11:27:15","modified_gmt":"2025-10-22T11:27:15","slug":"capteurs-de-position-ifm","status":"publish","type":"product","link":"https:\/\/www.nxtprocess.com\/fr\/shop\/distribution-fr\/instruments-fr\/capteurs-de-position\/capteurs-de-position-ifm\/","title":{"rendered":"Capteurs de position IFM \u2013 ifm"},"content":{"rendered":"<p class=\"\" data-start=\"203\" data-end=\"520\">Les capteurs de position ifm offrent une d\u00e9tection pr\u00e9cise et sans contact de la position, de la pr\u00e9sence et des but\u00e9es dans les syst\u00e8mes d&#8217;automatisation industrielle. Con\u00e7us pour la durabilit\u00e9 et la performance, ces capteurs sont \u00e9labor\u00e9s pour r\u00e9pondre aux exigences des environnements difficiles, notamment l&#8217;exposition aux vibrations, \u00e0 l&#8217;humidit\u00e9, aux huiles et aux temp\u00e9ratures extr\u00eames. <\/p>\n<p class=\"\" data-start=\"522\" data-end=\"735\">Avec une gamme \u00e9tendue &#8211; comprenant des technologies inductives, capacitives, magn\u00e9tiques et photo\u00e9lectriques &#8211; les capteurs ifm sont pr\u00eats \u00e0 r\u00e9pondre \u00e0 un large \u00e9ventail de besoins applicatifs dans les domaines de la fabrication, de l&#8217;emballage, de la robotique et bien d&#8217;autres encore.<\/p>\n","protected":false},"excerpt":{"rendered":"<h4>Une d\u00e9tection de position fiable pour une automatisation plus intelligente.<\/h4>\n<p><strong>Avantages<\/strong><\/p>\n<ul>\n<li>Haute pr\u00e9cision de commutation et r\u00e9p\u00e9tabilit\u00e9<\/li>\n<li>Bo\u00eetiers robustes class\u00e9s jusqu&#8217;\u00e0 IP69K pour les environnements exigeants<\/li>\n<li>Grande vari\u00e9t\u00e9 de styles de montage et de types de connexion<\/li>\n<li>Int\u00e9gration IO-Link pour des diagnostics en temps r\u00e9el et un param\u00e9trage facile<\/li>\n<li>Longue dur\u00e9e de vie sans usure m\u00e9canique<\/li>\n<\/ul>\n","protected":false},"featured_media":16805,"template":"","meta":{"_acf_changed":false},"product_cat":[5798,6035,163,178],"product_tag":[],"class_list":{"0":"post-18149","1":"product","2":"type-product","3":"status-publish","4":"has-post-thumbnail","6":"product_brand-ifm-fr","7":"product_cat-capteur-de-position","8":"product_cat-capteurs-de-position","9":"product_cat-distribution-fr","10":"product_cat-instruments-fr","12":"first","13":"instock","14":"taxable","15":"shipping-taxable","16":"product-type-simple"},"acf":[],"yoast_head":"<!-- This site is optimized with the Yoast SEO plugin v27.5 - https:\/\/yoast.com\/product\/yoast-seo-wordpress\/ -->\n<title>Capteurs de position IFM \u2013 ifm | NXT Process<\/title>\n<meta name=\"robots\" content=\"index, follow, max-snippet:-1, max-image-preview:large, max-video-preview:-1\" \/>\n<link rel=\"canonical\" href=\"https:\/\/www.nxtprocess.com\/fr\/shop\/distribution-fr\/instruments-fr\/capteurs-de-position\/capteurs-de-position-ifm\/\" \/>\n<meta property=\"og:locale\" content=\"fr_FR\" \/>\n<meta property=\"og:type\" content=\"article\" \/>\n<meta property=\"og:title\" content=\"Capteurs de position IFM \u2013 ifm | NXT Process\" \/>\n<meta property=\"og:description\" content=\"Une d\u00e9tection de position fiable pour une automatisation plus intelligente. Avantages  Haute pr\u00e9cision de commutation et r\u00e9p\u00e9tabilit\u00e9  Bo\u00eetiers robustes class\u00e9s jusqu&#039;\u00e0 IP69K pour les environnements exigeants  Grande vari\u00e9t\u00e9 de styles de montage et de types de connexion  Int\u00e9gration IO-Link pour des diagnostics en temps r\u00e9el et un param\u00e9trage facile  Longue dur\u00e9e de vie sans usure m\u00e9canique\" \/>\n<meta property=\"og:url\" content=\"https:\/\/www.nxtprocess.com\/fr\/shop\/distribution-fr\/instruments-fr\/capteurs-de-position\/capteurs-de-position-ifm\/\" \/>\n<meta property=\"og:site_name\" content=\"NXT Process\" \/>\n<meta property=\"article:publisher\" content=\"https:\/\/www.facebook.com\/people\/NXT-Process\/61560023431243\/\" \/>\n<meta property=\"article:modified_time\" content=\"2025-10-22T11:27:15+00:00\" \/>\n<meta property=\"og:image\" content=\"http:\/\/www.nxtprocess.com\/wp-content\/uploads\/2025\/03\/ifm-prox-v3.png\" \/>\n\t<meta property=\"og:image:width\" content=\"405\" \/>\n\t<meta property=\"og:image:height\" content=\"405\" \/>\n\t<meta property=\"og:image:type\" content=\"image\/png\" \/>\n<meta name=\"twitter:card\" content=\"summary_large_image\" \/>\n<meta name=\"twitter:label1\" content=\"Dur\u00e9e de lecture estim\u00e9e\" \/>\n\t<meta name=\"twitter:data1\" content=\"1 minute\" \/>\n<script type=\"application\/ld+json\" class=\"yoast-schema-graph\">{\"@context\":\"https:\\\/\\\/schema.org\",\"@graph\":[{\"@type\":\"WebPage\",\"@id\":\"https:\\\/\\\/www.nxtprocess.com\\\/fr\\\/shop\\\/distribution-fr\\\/instruments-fr\\\/capteurs-de-position\\\/capteurs-de-position-ifm\\\/\",\"url\":\"https:\\\/\\\/www.nxtprocess.com\\\/fr\\\/shop\\\/distribution-fr\\\/instruments-fr\\\/capteurs-de-position\\\/capteurs-de-position-ifm\\\/\",\"name\":\"Capteurs de position IFM \u2013 ifm | NXT Process\",\"isPartOf\":{\"@id\":\"https:\\\/\\\/www.nxtprocess.com\\\/#website\"},\"primaryImageOfPage\":{\"@id\":\"https:\\\/\\\/www.nxtprocess.com\\\/fr\\\/shop\\\/distribution-fr\\\/instruments-fr\\\/capteurs-de-position\\\/capteurs-de-position-ifm\\\/#primaryimage\"},\"image\":{\"@id\":\"https:\\\/\\\/www.nxtprocess.com\\\/fr\\\/shop\\\/distribution-fr\\\/instruments-fr\\\/capteurs-de-position\\\/capteurs-de-position-ifm\\\/#primaryimage\"},\"thumbnailUrl\":\"https:\\\/\\\/www.nxtprocess.com\\\/wp-content\\\/uploads\\\/2025\\\/03\\\/ifm-prox-v3.png\",\"datePublished\":\"2025-03-21T10:29:36+00:00\",\"dateModified\":\"2025-10-22T11:27:15+00:00\",\"breadcrumb\":{\"@id\":\"https:\\\/\\\/www.nxtprocess.com\\\/fr\\\/shop\\\/distribution-fr\\\/instruments-fr\\\/capteurs-de-position\\\/capteurs-de-position-ifm\\\/#breadcrumb\"},\"inLanguage\":\"fr-FR\",\"potentialAction\":[{\"@type\":\"ReadAction\",\"target\":[\"https:\\\/\\\/www.nxtprocess.com\\\/fr\\\/shop\\\/distribution-fr\\\/instruments-fr\\\/capteurs-de-position\\\/capteurs-de-position-ifm\\\/\"]}]},{\"@type\":\"ImageObject\",\"inLanguage\":\"fr-FR\",\"@id\":\"https:\\\/\\\/www.nxtprocess.com\\\/fr\\\/shop\\\/distribution-fr\\\/instruments-fr\\\/capteurs-de-position\\\/capteurs-de-position-ifm\\\/#primaryimage\",\"url\":\"https:\\\/\\\/www.nxtprocess.com\\\/wp-content\\\/uploads\\\/2025\\\/03\\\/ifm-prox-v3.png\",\"contentUrl\":\"https:\\\/\\\/www.nxtprocess.com\\\/wp-content\\\/uploads\\\/2025\\\/03\\\/ifm-prox-v3.png\",\"width\":405,\"height\":405},{\"@type\":\"BreadcrumbList\",\"@id\":\"https:\\\/\\\/www.nxtprocess.com\\\/fr\\\/shop\\\/distribution-fr\\\/instruments-fr\\\/capteurs-de-position\\\/capteurs-de-position-ifm\\\/#breadcrumb\",\"itemListElement\":[{\"@type\":\"ListItem\",\"position\":1,\"name\":\"Home\",\"item\":\"https:\\\/\\\/www.nxtprocess.com\\\/fr\\\/\"},{\"@type\":\"ListItem\",\"position\":2,\"name\":\"Boutique\",\"item\":\"https:\\\/\\\/www.nxtprocess.com\\\/fr\\\/boutique\\\/\"},{\"@type\":\"ListItem\",\"position\":3,\"name\":\"Capteurs de position IFM \u2013 ifm\"}]},{\"@type\":\"WebSite\",\"@id\":\"https:\\\/\\\/www.nxtprocess.com\\\/#website\",\"url\":\"https:\\\/\\\/www.nxtprocess.com\\\/\",\"name\":\"NXT Process\",\"description\":\"Optimizing your future, one liquid process at a time\",\"publisher\":{\"@id\":\"https:\\\/\\\/www.nxtprocess.com\\\/#organization\"},\"potentialAction\":[{\"@type\":\"SearchAction\",\"target\":{\"@type\":\"EntryPoint\",\"urlTemplate\":\"https:\\\/\\\/www.nxtprocess.com\\\/?s={search_term_string}\"},\"query-input\":{\"@type\":\"PropertyValueSpecification\",\"valueRequired\":true,\"valueName\":\"search_term_string\"}}],\"inLanguage\":\"fr-FR\"},{\"@type\":\"Organization\",\"@id\":\"https:\\\/\\\/www.nxtprocess.com\\\/#organization\",\"name\":\"Processus NXT\",\"url\":\"https:\\\/\\\/www.nxtprocess.com\\\/\",\"logo\":{\"@type\":\"ImageObject\",\"inLanguage\":\"fr-FR\",\"@id\":\"https:\\\/\\\/www.nxtprocess.com\\\/#\\\/schema\\\/logo\\\/image\\\/\",\"url\":\"http:\\\/\\\/www.nxtprocess.com\\\/wp-content\\\/uploads\\\/2025\\\/06\\\/Screenshot_1.png\",\"contentUrl\":\"http:\\\/\\\/www.nxtprocess.com\\\/wp-content\\\/uploads\\\/2025\\\/06\\\/Screenshot_1.png\",\"width\":255,\"height\":186,\"caption\":\"Processus NXT\"},\"image\":{\"@id\":\"https:\\\/\\\/www.nxtprocess.com\\\/#\\\/schema\\\/logo\\\/image\\\/\"},\"sameAs\":[\"https:\\\/\\\/www.facebook.com\\\/people\\\/NXT-Process\\\/61560023431243\\\/\",\"https:\\\/\\\/www.linkedin.com\\\/company\\\/11569305\\\/\"]}]}<\/script>\n<!-- \/ Yoast SEO plugin. -->","yoast_head_json":{"title":"Capteurs de position IFM \u2013 ifm | NXT Process","robots":{"index":"index","follow":"follow","max-snippet":"max-snippet:-1","max-image-preview":"max-image-preview:large","max-video-preview":"max-video-preview:-1"},"canonical":"https:\/\/www.nxtprocess.com\/fr\/shop\/distribution-fr\/instruments-fr\/capteurs-de-position\/capteurs-de-position-ifm\/","og_locale":"fr_FR","og_type":"article","og_title":"Capteurs de position IFM \u2013 ifm | NXT Process","og_description":"Une d\u00e9tection de position fiable pour une automatisation plus intelligente. Avantages  Haute pr\u00e9cision de commutation et r\u00e9p\u00e9tabilit\u00e9  Bo\u00eetiers robustes class\u00e9s jusqu'\u00e0 IP69K pour les environnements exigeants  Grande vari\u00e9t\u00e9 de styles de montage et de types de connexion  Int\u00e9gration IO-Link pour des diagnostics en temps r\u00e9el et un param\u00e9trage facile  Longue dur\u00e9e de vie sans usure m\u00e9canique","og_url":"https:\/\/www.nxtprocess.com\/fr\/shop\/distribution-fr\/instruments-fr\/capteurs-de-position\/capteurs-de-position-ifm\/","og_site_name":"NXT Process","article_publisher":"https:\/\/www.facebook.com\/people\/NXT-Process\/61560023431243\/","article_modified_time":"2025-10-22T11:27:15+00:00","og_image":[{"width":405,"height":405,"url":"http:\/\/www.nxtprocess.com\/wp-content\/uploads\/2025\/03\/ifm-prox-v3.png","type":"image\/png"}],"twitter_card":"summary_large_image","twitter_misc":{"Dur\u00e9e de lecture estim\u00e9e":"1 minute"},"schema":{"@context":"https:\/\/schema.org","@graph":[{"@type":"WebPage","@id":"https:\/\/www.nxtprocess.com\/fr\/shop\/distribution-fr\/instruments-fr\/capteurs-de-position\/capteurs-de-position-ifm\/","url":"https:\/\/www.nxtprocess.com\/fr\/shop\/distribution-fr\/instruments-fr\/capteurs-de-position\/capteurs-de-position-ifm\/","name":"Capteurs de position IFM \u2013 ifm | NXT Process","isPartOf":{"@id":"https:\/\/www.nxtprocess.com\/#website"},"primaryImageOfPage":{"@id":"https:\/\/www.nxtprocess.com\/fr\/shop\/distribution-fr\/instruments-fr\/capteurs-de-position\/capteurs-de-position-ifm\/#primaryimage"},"image":{"@id":"https:\/\/www.nxtprocess.com\/fr\/shop\/distribution-fr\/instruments-fr\/capteurs-de-position\/capteurs-de-position-ifm\/#primaryimage"},"thumbnailUrl":"https:\/\/www.nxtprocess.com\/wp-content\/uploads\/2025\/03\/ifm-prox-v3.png","datePublished":"2025-03-21T10:29:36+00:00","dateModified":"2025-10-22T11:27:15+00:00","breadcrumb":{"@id":"https:\/\/www.nxtprocess.com\/fr\/shop\/distribution-fr\/instruments-fr\/capteurs-de-position\/capteurs-de-position-ifm\/#breadcrumb"},"inLanguage":"fr-FR","potentialAction":[{"@type":"ReadAction","target":["https:\/\/www.nxtprocess.com\/fr\/shop\/distribution-fr\/instruments-fr\/capteurs-de-position\/capteurs-de-position-ifm\/"]}]},{"@type":"ImageObject","inLanguage":"fr-FR","@id":"https:\/\/www.nxtprocess.com\/fr\/shop\/distribution-fr\/instruments-fr\/capteurs-de-position\/capteurs-de-position-ifm\/#primaryimage","url":"https:\/\/www.nxtprocess.com\/wp-content\/uploads\/2025\/03\/ifm-prox-v3.png","contentUrl":"https:\/\/www.nxtprocess.com\/wp-content\/uploads\/2025\/03\/ifm-prox-v3.png","width":405,"height":405},{"@type":"BreadcrumbList","@id":"https:\/\/www.nxtprocess.com\/fr\/shop\/distribution-fr\/instruments-fr\/capteurs-de-position\/capteurs-de-position-ifm\/#breadcrumb","itemListElement":[{"@type":"ListItem","position":1,"name":"Home","item":"https:\/\/www.nxtprocess.com\/fr\/"},{"@type":"ListItem","position":2,"name":"Boutique","item":"https:\/\/www.nxtprocess.com\/fr\/boutique\/"},{"@type":"ListItem","position":3,"name":"Capteurs de position IFM \u2013 ifm"}]},{"@type":"WebSite","@id":"https:\/\/www.nxtprocess.com\/#website","url":"https:\/\/www.nxtprocess.com\/","name":"NXT Process","description":"Optimizing your future, one liquid process at a time","publisher":{"@id":"https:\/\/www.nxtprocess.com\/#organization"},"potentialAction":[{"@type":"SearchAction","target":{"@type":"EntryPoint","urlTemplate":"https:\/\/www.nxtprocess.com\/?s={search_term_string}"},"query-input":{"@type":"PropertyValueSpecification","valueRequired":true,"valueName":"search_term_string"}}],"inLanguage":"fr-FR"},{"@type":"Organization","@id":"https:\/\/www.nxtprocess.com\/#organization","name":"Processus NXT","url":"https:\/\/www.nxtprocess.com\/","logo":{"@type":"ImageObject","inLanguage":"fr-FR","@id":"https:\/\/www.nxtprocess.com\/#\/schema\/logo\/image\/","url":"http:\/\/www.nxtprocess.com\/wp-content\/uploads\/2025\/06\/Screenshot_1.png","contentUrl":"http:\/\/www.nxtprocess.com\/wp-content\/uploads\/2025\/06\/Screenshot_1.png","width":255,"height":186,"caption":"Processus NXT"},"image":{"@id":"https:\/\/www.nxtprocess.com\/#\/schema\/logo\/image\/"},"sameAs":["https:\/\/www.facebook.com\/people\/NXT-Process\/61560023431243\/","https:\/\/www.linkedin.com\/company\/11569305\/"]}]}},"_links":{"self":[{"href":"https:\/\/www.nxtprocess.com\/fr\/wp-json\/wp\/v2\/product\/18149","targetHints":{"allow":["GET"]}}],"collection":[{"href":"https:\/\/www.nxtprocess.com\/fr\/wp-json\/wp\/v2\/product"}],"about":[{"href":"https:\/\/www.nxtprocess.com\/fr\/wp-json\/wp\/v2\/types\/product"}],"wp:featuredmedia":[{"embeddable":true,"href":"https:\/\/www.nxtprocess.com\/fr\/wp-json\/wp\/v2\/media\/16805"}],"wp:attachment":[{"href":"https:\/\/www.nxtprocess.com\/fr\/wp-json\/wp\/v2\/media?parent=18149"}],"wp:term":[{"taxonomy":"product_cat","embeddable":true,"href":"https:\/\/www.nxtprocess.com\/fr\/wp-json\/wp\/v2\/product_cat?post=18149"},{"taxonomy":"product_tag","embeddable":true,"href":"https:\/\/www.nxtprocess.com\/fr\/wp-json\/wp\/v2\/product_tag?post=18149"}],"curies":[{"name":"wp","href":"https:\/\/api.w.org\/{rel}","templated":true}]}}