{"id":18154,"date":"2025-04-01T15:10:20","date_gmt":"2025-04-01T15:10:20","guid":{"rendered":"https:\/\/www.nxtprocess.com\/dev\/product\/systemes-de-raclage\/"},"modified":"2025-10-22T11:31:38","modified_gmt":"2025-10-22T11:31:38","slug":"systemes-de-raclage","status":"publish","type":"product","link":"https:\/\/www.nxtprocess.com\/fr\/shop\/systems-fr\/cleaning-fr\/systemes-de-raclage\/","title":{"rendered":"Syst\u00e8mes de raclage"},"content":{"rendered":"<p>Con\u00e7u pour s&#8217;int\u00e9grer harmonieusement aux lignes de transfert, le syst\u00e8me de raclage Servinox est destin\u00e9 \u00e0 r\u00e9cup\u00e9rer et \u00e0 valoriser le produit r\u00e9siduel laiss\u00e9 dans la tuyauterie au moyen d&#8217;un racleur. Le racleur est positionn\u00e9 en amont de la zone \u00e0 d\u00e9gager, puis propuls\u00e9 \u00e0 travers la tuyauterie par un fluide pousseur (gaz ou liquide). <\/p>\n<p>L&#8217;\u00e9quipement standard se compose d&#8217;une station de lancement en ligne, d&#8217;une station de r\u00e9ception et d&#8217;un racleur. Il peut \u00eatre compl\u00e9t\u00e9 par des vannes multivoies \u00e0 passage int\u00e9gral (MV), permettant d&#8217;adapter les lignes pour optimiser les phases de raclage. Le contr\u00f4le du raclage peut \u00eatre manuel ou automatis\u00e9 \u00e0 l&#8217;aide d&#8217;un panneau de contr\u00f4le de la vitesse du racleur (RVO).  <\/p>\n<p><strong>Applications<\/strong><\/p>\n<ul>\n<li>Raclage sur lignes de transfert pour tous types de liquides<\/li>\n<li>\u00c9quipement particuli\u00e8rement adapt\u00e9 aux lignes distribuant des liquides visqueux, charg\u00e9s et\/ou solidifiants (cr\u00e8mes, chocolat, caramel, etc.)<\/li>\n<\/ul>\n<p><strong>Options<\/strong><\/p>\n<ul>\n<li>Dispositifs de s\u00e9curit\u00e9 pour le raclage en fonctionnement automatique<\/li>\n<li>Corps de la station de lancement chauff\u00e9 (chemis\u00e9) : circulation de fluide chauffant pour \u00e9viter la solidification du fluide de process dans les stations<\/li>\n<li>Orientation de la station : horizontale ou verticale<\/li>\n<li>Raccordement d&#8217;alimentation NEP sur la station<\/li>\n<li>Station interm\u00e9diaire ou vanne de distribution<\/li>\n<li>\u00c9tat de surface inf\u00e9rieur \u00e0 0,8 \u00b5m<\/li>\n<li>Conformit\u00e9 \u00e0 la \u00ab Directive ATEX 2014\/34\/UE, zones 1 &amp; 2, gaz et poussi\u00e8res \u00bb sur demande<\/li>\n<li>Autres joints d&#8217;\u00e9tanch\u00e9it\u00e9 : VMQ (Silicone), FKM (Caoutchouc fluorocarbon\u00e9, par ex. Viton\u00ae), ou NBR (Caoutchouc nitrile)<\/li>\n<li>Autres mat\u00e9riaux pour racleur : EPDM (\u00c9thyl\u00e8ne-Propyl\u00e8ne-Di\u00e8ne Monom\u00e8re), NBR, FKM, VMQ avec remplissage PTFE, m\u00e9langes sp\u00e9ciaux sur demande<\/li>\n<li>Autres raccordements : femelle, clamp, bride<\/li>\n<\/ul>\n","protected":false},"excerpt":{"rendered":"<h4>Une m\u00e9thode sup\u00e9rieure pour r\u00e9cup\u00e9rer tous vos produits<\/h4>\n<p><strong>Avantages<\/strong><\/p>\n<ul>\n<li>R\u00e9duction des pertes de produit (taux de r\u00e9cup\u00e9ration sup\u00e9rieur \u00e0 99,5%)<\/li>\n<li>Adapt\u00e9 au raclage de tous types de produits v\u00e9hicul\u00e9s par tuyauterie (visqueux, charg\u00e9s, solidifiants, etc.)<\/li>\n<li>Plus grande flexibilit\u00e9 d&#8217;utilisation des lignes en limitant le risque de contamination crois\u00e9e<\/li>\n<li>\u00c9limination de la dilution caus\u00e9e par la pouss\u00e9e \u00e0 l&#8217;eau sans racleur<\/li>\n<li>R\u00e9duction du volume d&#8217;effluents \u00e0 traiter<\/li>\n<li>Consommation r\u00e9duite d&#8217;agents de nettoyage et moins de cycles de nettoyage<\/li>\n<li>R\u00e9duction des co\u00fbts d&#8217;exploitation et retour sur investissement d\u00e8s la premi\u00e8re ann\u00e9e d&#8217;utilisation<\/li>\n<li>Syst\u00e8me con\u00e7u sur mesure s&#8217;adaptant \u00e0 tous types de besoins et de contraintes<\/li>\n<\/ul>\n","protected":false},"featured_media":16901,"template":"","meta":{"_acf_changed":false},"product_cat":[172,166,169],"product_tag":[174,175],"class_list":{"0":"post-18154","1":"product","2":"type-product","3":"status-publish","4":"has-post-thumbnail","6":"product_brand-nxt-fr","7":"product_cat-cleaning-fr","8":"product_cat-food-fr","9":"product_cat-systems-fr","10":"product_tag-business-fr","11":"product_tag-solution-fr","13":"first","14":"instock","15":"taxable","16":"shipping-taxable","17":"product-type-simple"},"acf":[],"yoast_head":"<!-- This site is optimized with the Yoast SEO plugin v27.5 - https:\/\/yoast.com\/product\/yoast-seo-wordpress\/ -->\n<title>Syst\u00e8me de raclage - Ing\u00e9nieurs de proc\u00e9d\u00e9s liquides | NXT process<\/title>\n<meta name=\"description\" content=\"Con\u00e7u pour s&#039;int\u00e9grer de mani\u00e8re transparente dans les lignes de transfert, le syst\u00e8me de raclage Servinox est destin\u00e9 \u00e0 r\u00e9cup\u00e9rer et \u00e0 utiliser le produit r\u00e9siduel laiss\u00e9 dans la tuyauterie au moyen d&#039;un racleur. Le racleur est positionn\u00e9 en amont de la zone \u00e0 d\u00e9gager, puis propuls\u00e9 \u00e0 travers la tuyauterie par un fluide pousseur (gaz ou liquide)\" \/>\n<meta name=\"robots\" content=\"index, follow, max-snippet:-1, max-image-preview:large, max-video-preview:-1\" \/>\n<link rel=\"canonical\" href=\"https:\/\/www.nxtprocess.com\/fr\/shop\/systems-fr\/cleaning-fr\/systemes-de-raclage\/\" \/>\n<meta property=\"og:locale\" content=\"fr_FR\" \/>\n<meta property=\"og:type\" content=\"article\" \/>\n<meta property=\"og:title\" content=\"Syst\u00e8me de raclage - Ing\u00e9nieurs de proc\u00e9d\u00e9s liquides | NXT process\" \/>\n<meta property=\"og:description\" content=\"Con\u00e7u pour s&#039;int\u00e9grer de mani\u00e8re transparente dans les lignes de transfert, le syst\u00e8me de raclage Servinox est destin\u00e9 \u00e0 r\u00e9cup\u00e9rer et \u00e0 utiliser le produit r\u00e9siduel laiss\u00e9 dans la tuyauterie au moyen d&#039;un racleur. Le racleur est positionn\u00e9 en amont de la zone \u00e0 d\u00e9gager, puis propuls\u00e9 \u00e0 travers la tuyauterie par un fluide pousseur (gaz ou liquide)\" \/>\n<meta property=\"og:url\" content=\"https:\/\/www.nxtprocess.com\/fr\/shop\/systems-fr\/cleaning-fr\/systemes-de-raclage\/\" \/>\n<meta property=\"og:site_name\" content=\"NXT Process\" \/>\n<meta property=\"article:publisher\" content=\"https:\/\/www.facebook.com\/people\/NXT-Process\/61560023431243\/\" \/>\n<meta property=\"article:modified_time\" content=\"2025-10-22T11:31:38+00:00\" \/>\n<meta property=\"og:image\" content=\"http:\/\/www.nxtprocess.com\/wp-content\/uploads\/2025\/04\/Untitled-1pigging-new.png\" \/>\n\t<meta property=\"og:image:width\" content=\"600\" \/>\n\t<meta property=\"og:image:height\" content=\"500\" \/>\n\t<meta property=\"og:image:type\" content=\"image\/png\" \/>\n<meta name=\"twitter:card\" content=\"summary_large_image\" \/>\n<meta name=\"twitter:label1\" content=\"Dur\u00e9e de lecture estim\u00e9e\" \/>\n\t<meta name=\"twitter:data1\" content=\"1 minute\" \/>\n<script type=\"application\/ld+json\" class=\"yoast-schema-graph\">{\"@context\":\"https:\\\/\\\/schema.org\",\"@graph\":[{\"@type\":\"WebPage\",\"@id\":\"https:\\\/\\\/www.nxtprocess.com\\\/fr\\\/shop\\\/systems-fr\\\/cleaning-fr\\\/systemes-de-raclage\\\/\",\"url\":\"https:\\\/\\\/www.nxtprocess.com\\\/fr\\\/shop\\\/systems-fr\\\/cleaning-fr\\\/systemes-de-raclage\\\/\",\"name\":\"Syst\u00e8me de raclage - Ing\u00e9nieurs de proc\u00e9d\u00e9s liquides | NXT process\",\"isPartOf\":{\"@id\":\"https:\\\/\\\/www.nxtprocess.com\\\/#website\"},\"primaryImageOfPage\":{\"@id\":\"https:\\\/\\\/www.nxtprocess.com\\\/fr\\\/shop\\\/systems-fr\\\/cleaning-fr\\\/systemes-de-raclage\\\/#primaryimage\"},\"image\":{\"@id\":\"https:\\\/\\\/www.nxtprocess.com\\\/fr\\\/shop\\\/systems-fr\\\/cleaning-fr\\\/systemes-de-raclage\\\/#primaryimage\"},\"thumbnailUrl\":\"https:\\\/\\\/www.nxtprocess.com\\\/wp-content\\\/uploads\\\/2025\\\/04\\\/Untitled-1pigging-new.png\",\"datePublished\":\"2025-04-01T15:10:20+00:00\",\"dateModified\":\"2025-10-22T11:31:38+00:00\",\"description\":\"Con\u00e7u pour s'int\u00e9grer de mani\u00e8re transparente dans les lignes de transfert, le syst\u00e8me de raclage Servinox est destin\u00e9 \u00e0 r\u00e9cup\u00e9rer et \u00e0 utiliser le produit r\u00e9siduel laiss\u00e9 dans la tuyauterie au moyen d'un racleur. Le racleur est positionn\u00e9 en amont de la zone \u00e0 d\u00e9gager, puis propuls\u00e9 \u00e0 travers la tuyauterie par un fluide pousseur (gaz ou liquide)\",\"breadcrumb\":{\"@id\":\"https:\\\/\\\/www.nxtprocess.com\\\/fr\\\/shop\\\/systems-fr\\\/cleaning-fr\\\/systemes-de-raclage\\\/#breadcrumb\"},\"inLanguage\":\"fr-FR\",\"potentialAction\":[{\"@type\":\"ReadAction\",\"target\":[\"https:\\\/\\\/www.nxtprocess.com\\\/fr\\\/shop\\\/systems-fr\\\/cleaning-fr\\\/systemes-de-raclage\\\/\"]}]},{\"@type\":\"ImageObject\",\"inLanguage\":\"fr-FR\",\"@id\":\"https:\\\/\\\/www.nxtprocess.com\\\/fr\\\/shop\\\/systems-fr\\\/cleaning-fr\\\/systemes-de-raclage\\\/#primaryimage\",\"url\":\"https:\\\/\\\/www.nxtprocess.com\\\/wp-content\\\/uploads\\\/2025\\\/04\\\/Untitled-1pigging-new.png\",\"contentUrl\":\"https:\\\/\\\/www.nxtprocess.com\\\/wp-content\\\/uploads\\\/2025\\\/04\\\/Untitled-1pigging-new.png\",\"width\":600,\"height\":500},{\"@type\":\"BreadcrumbList\",\"@id\":\"https:\\\/\\\/www.nxtprocess.com\\\/fr\\\/shop\\\/systems-fr\\\/cleaning-fr\\\/systemes-de-raclage\\\/#breadcrumb\",\"itemListElement\":[{\"@type\":\"ListItem\",\"position\":1,\"name\":\"Home\",\"item\":\"https:\\\/\\\/www.nxtprocess.com\\\/fr\\\/\"},{\"@type\":\"ListItem\",\"position\":2,\"name\":\"Boutique\",\"item\":\"https:\\\/\\\/www.nxtprocess.com\\\/fr\\\/boutique\\\/\"},{\"@type\":\"ListItem\",\"position\":3,\"name\":\"Syst\u00e8mes de raclage\"}]},{\"@type\":\"WebSite\",\"@id\":\"https:\\\/\\\/www.nxtprocess.com\\\/#website\",\"url\":\"https:\\\/\\\/www.nxtprocess.com\\\/\",\"name\":\"NXT Process\",\"description\":\"Optimizing your future, one liquid process at a time\",\"publisher\":{\"@id\":\"https:\\\/\\\/www.nxtprocess.com\\\/#organization\"},\"potentialAction\":[{\"@type\":\"SearchAction\",\"target\":{\"@type\":\"EntryPoint\",\"urlTemplate\":\"https:\\\/\\\/www.nxtprocess.com\\\/?s={search_term_string}\"},\"query-input\":{\"@type\":\"PropertyValueSpecification\",\"valueRequired\":true,\"valueName\":\"search_term_string\"}}],\"inLanguage\":\"fr-FR\"},{\"@type\":\"Organization\",\"@id\":\"https:\\\/\\\/www.nxtprocess.com\\\/#organization\",\"name\":\"Processus NXT\",\"url\":\"https:\\\/\\\/www.nxtprocess.com\\\/\",\"logo\":{\"@type\":\"ImageObject\",\"inLanguage\":\"fr-FR\",\"@id\":\"https:\\\/\\\/www.nxtprocess.com\\\/#\\\/schema\\\/logo\\\/image\\\/\",\"url\":\"http:\\\/\\\/www.nxtprocess.com\\\/wp-content\\\/uploads\\\/2025\\\/06\\\/Screenshot_1.png\",\"contentUrl\":\"http:\\\/\\\/www.nxtprocess.com\\\/wp-content\\\/uploads\\\/2025\\\/06\\\/Screenshot_1.png\",\"width\":255,\"height\":186,\"caption\":\"Processus NXT\"},\"image\":{\"@id\":\"https:\\\/\\\/www.nxtprocess.com\\\/#\\\/schema\\\/logo\\\/image\\\/\"},\"sameAs\":[\"https:\\\/\\\/www.facebook.com\\\/people\\\/NXT-Process\\\/61560023431243\\\/\",\"https:\\\/\\\/www.linkedin.com\\\/company\\\/11569305\\\/\"]}]}<\/script>\n<!-- \/ Yoast SEO plugin. -->","yoast_head_json":{"title":"Syst\u00e8me de raclage - Ing\u00e9nieurs de proc\u00e9d\u00e9s liquides | NXT process","description":"Con\u00e7u pour s'int\u00e9grer de mani\u00e8re transparente dans les lignes de transfert, le syst\u00e8me de raclage Servinox est destin\u00e9 \u00e0 r\u00e9cup\u00e9rer et \u00e0 utiliser le produit r\u00e9siduel laiss\u00e9 dans la tuyauterie au moyen d'un racleur. Le racleur est positionn\u00e9 en amont de la zone \u00e0 d\u00e9gager, puis propuls\u00e9 \u00e0 travers la tuyauterie par un fluide pousseur (gaz ou liquide)","robots":{"index":"index","follow":"follow","max-snippet":"max-snippet:-1","max-image-preview":"max-image-preview:large","max-video-preview":"max-video-preview:-1"},"canonical":"https:\/\/www.nxtprocess.com\/fr\/shop\/systems-fr\/cleaning-fr\/systemes-de-raclage\/","og_locale":"fr_FR","og_type":"article","og_title":"Syst\u00e8me de raclage - Ing\u00e9nieurs de proc\u00e9d\u00e9s liquides | NXT process","og_description":"Con\u00e7u pour s'int\u00e9grer de mani\u00e8re transparente dans les lignes de transfert, le syst\u00e8me de raclage Servinox est destin\u00e9 \u00e0 r\u00e9cup\u00e9rer et \u00e0 utiliser le produit r\u00e9siduel laiss\u00e9 dans la tuyauterie au moyen d'un racleur. Le racleur est positionn\u00e9 en amont de la zone \u00e0 d\u00e9gager, puis propuls\u00e9 \u00e0 travers la tuyauterie par un fluide pousseur (gaz ou liquide)","og_url":"https:\/\/www.nxtprocess.com\/fr\/shop\/systems-fr\/cleaning-fr\/systemes-de-raclage\/","og_site_name":"NXT Process","article_publisher":"https:\/\/www.facebook.com\/people\/NXT-Process\/61560023431243\/","article_modified_time":"2025-10-22T11:31:38+00:00","og_image":[{"width":600,"height":500,"url":"http:\/\/www.nxtprocess.com\/wp-content\/uploads\/2025\/04\/Untitled-1pigging-new.png","type":"image\/png"}],"twitter_card":"summary_large_image","twitter_misc":{"Dur\u00e9e de lecture estim\u00e9e":"1 minute"},"schema":{"@context":"https:\/\/schema.org","@graph":[{"@type":"WebPage","@id":"https:\/\/www.nxtprocess.com\/fr\/shop\/systems-fr\/cleaning-fr\/systemes-de-raclage\/","url":"https:\/\/www.nxtprocess.com\/fr\/shop\/systems-fr\/cleaning-fr\/systemes-de-raclage\/","name":"Syst\u00e8me de raclage - Ing\u00e9nieurs de proc\u00e9d\u00e9s liquides | NXT process","isPartOf":{"@id":"https:\/\/www.nxtprocess.com\/#website"},"primaryImageOfPage":{"@id":"https:\/\/www.nxtprocess.com\/fr\/shop\/systems-fr\/cleaning-fr\/systemes-de-raclage\/#primaryimage"},"image":{"@id":"https:\/\/www.nxtprocess.com\/fr\/shop\/systems-fr\/cleaning-fr\/systemes-de-raclage\/#primaryimage"},"thumbnailUrl":"https:\/\/www.nxtprocess.com\/wp-content\/uploads\/2025\/04\/Untitled-1pigging-new.png","datePublished":"2025-04-01T15:10:20+00:00","dateModified":"2025-10-22T11:31:38+00:00","description":"Con\u00e7u pour s'int\u00e9grer de mani\u00e8re transparente dans les lignes de transfert, le syst\u00e8me de raclage Servinox est destin\u00e9 \u00e0 r\u00e9cup\u00e9rer et \u00e0 utiliser le produit r\u00e9siduel laiss\u00e9 dans la tuyauterie au moyen d'un racleur. Le racleur est positionn\u00e9 en amont de la zone \u00e0 d\u00e9gager, puis propuls\u00e9 \u00e0 travers la tuyauterie par un fluide pousseur (gaz ou liquide)","breadcrumb":{"@id":"https:\/\/www.nxtprocess.com\/fr\/shop\/systems-fr\/cleaning-fr\/systemes-de-raclage\/#breadcrumb"},"inLanguage":"fr-FR","potentialAction":[{"@type":"ReadAction","target":["https:\/\/www.nxtprocess.com\/fr\/shop\/systems-fr\/cleaning-fr\/systemes-de-raclage\/"]}]},{"@type":"ImageObject","inLanguage":"fr-FR","@id":"https:\/\/www.nxtprocess.com\/fr\/shop\/systems-fr\/cleaning-fr\/systemes-de-raclage\/#primaryimage","url":"https:\/\/www.nxtprocess.com\/wp-content\/uploads\/2025\/04\/Untitled-1pigging-new.png","contentUrl":"https:\/\/www.nxtprocess.com\/wp-content\/uploads\/2025\/04\/Untitled-1pigging-new.png","width":600,"height":500},{"@type":"BreadcrumbList","@id":"https:\/\/www.nxtprocess.com\/fr\/shop\/systems-fr\/cleaning-fr\/systemes-de-raclage\/#breadcrumb","itemListElement":[{"@type":"ListItem","position":1,"name":"Home","item":"https:\/\/www.nxtprocess.com\/fr\/"},{"@type":"ListItem","position":2,"name":"Boutique","item":"https:\/\/www.nxtprocess.com\/fr\/boutique\/"},{"@type":"ListItem","position":3,"name":"Syst\u00e8mes de raclage"}]},{"@type":"WebSite","@id":"https:\/\/www.nxtprocess.com\/#website","url":"https:\/\/www.nxtprocess.com\/","name":"NXT Process","description":"Optimizing your future, one liquid process at a time","publisher":{"@id":"https:\/\/www.nxtprocess.com\/#organization"},"potentialAction":[{"@type":"SearchAction","target":{"@type":"EntryPoint","urlTemplate":"https:\/\/www.nxtprocess.com\/?s={search_term_string}"},"query-input":{"@type":"PropertyValueSpecification","valueRequired":true,"valueName":"search_term_string"}}],"inLanguage":"fr-FR"},{"@type":"Organization","@id":"https:\/\/www.nxtprocess.com\/#organization","name":"Processus NXT","url":"https:\/\/www.nxtprocess.com\/","logo":{"@type":"ImageObject","inLanguage":"fr-FR","@id":"https:\/\/www.nxtprocess.com\/#\/schema\/logo\/image\/","url":"http:\/\/www.nxtprocess.com\/wp-content\/uploads\/2025\/06\/Screenshot_1.png","contentUrl":"http:\/\/www.nxtprocess.com\/wp-content\/uploads\/2025\/06\/Screenshot_1.png","width":255,"height":186,"caption":"Processus NXT"},"image":{"@id":"https:\/\/www.nxtprocess.com\/#\/schema\/logo\/image\/"},"sameAs":["https:\/\/www.facebook.com\/people\/NXT-Process\/61560023431243\/","https:\/\/www.linkedin.com\/company\/11569305\/"]}]}},"_links":{"self":[{"href":"https:\/\/www.nxtprocess.com\/fr\/wp-json\/wp\/v2\/product\/18154","targetHints":{"allow":["GET"]}}],"collection":[{"href":"https:\/\/www.nxtprocess.com\/fr\/wp-json\/wp\/v2\/product"}],"about":[{"href":"https:\/\/www.nxtprocess.com\/fr\/wp-json\/wp\/v2\/types\/product"}],"wp:featuredmedia":[{"embeddable":true,"href":"https:\/\/www.nxtprocess.com\/fr\/wp-json\/wp\/v2\/media\/16901"}],"wp:attachment":[{"href":"https:\/\/www.nxtprocess.com\/fr\/wp-json\/wp\/v2\/media?parent=18154"}],"wp:term":[{"taxonomy":"product_cat","embeddable":true,"href":"https:\/\/www.nxtprocess.com\/fr\/wp-json\/wp\/v2\/product_cat?post=18154"},{"taxonomy":"product_tag","embeddable":true,"href":"https:\/\/www.nxtprocess.com\/fr\/wp-json\/wp\/v2\/product_tag?post=18154"}],"curies":[{"name":"wp","href":"https:\/\/api.w.org\/{rel}","templated":true}]}}