{"id":18155,"date":"2025-03-21T10:25:11","date_gmt":"2025-03-21T10:25:11","guid":{"rendered":"https:\/\/www.nxtprocess.com\/dev\/product\/indicateurs-de-temperature-wika\/"},"modified":"2025-10-22T11:27:17","modified_gmt":"2025-10-22T11:27:17","slug":"indicateurs-de-temperature-wika","status":"publish","type":"product","link":"https:\/\/www.nxtprocess.com\/fr\/shop\/distribution-fr\/instruments-fr\/indicateurs-de-temperature\/indicateurs-de-temperature-wika\/","title":{"rendered":"Indicateurs de temp\u00e9rature Wika"},"content":{"rendered":"<p class=\"\" data-start=\"266\" data-end=\"615\">Les indicateurs de temp\u00e9rature WIKA offrent une mesure pr\u00e9cise et facile \u00e0 lire pour une vaste gamme d&#8217;applications industrielles. Con\u00e7us pour leur fiabilit\u00e9 et leur durabilit\u00e9, ces indicateurs m\u00e9caniques ou num\u00e9riques fournissent un retour visuel en temps r\u00e9el sur les temp\u00e9ratures des processus, assurant ainsi un fonctionnement s\u00fbr et efficace des machines, des syst\u00e8mes et des cha\u00eenes de production. <\/p>\n<p class=\"\" data-start=\"617\" data-end=\"782\">Des thermom\u00e8tres bim\u00e9talliques et \u00e0 dilatation de gaz robustes aux affichages num\u00e9riques avanc\u00e9s, WIKA offre des performances \u00e9prouv\u00e9es dans l&#8217;industrie, soutenues par des d\u00e9cennies d&#8217;expertise en ing\u00e9nierie.<\/p>\n","protected":false},"excerpt":{"rendered":"<h4>Affichage de temp\u00e9rature fiable et pr\u00e9cis pour une surveillance critique des processus.<\/h4>\n<p><strong>Avantages<\/strong><\/p>\n<ul>\n<li>Affichage de temp\u00e9rature clair, analogique ou num\u00e9rique<\/li>\n<li>Larges plages de mesure, des applications cryog\u00e9niques aux hautes temp\u00e9ratures<\/li>\n<li>Construction robuste en acier inoxydable pour les environnements difficiles<\/li>\n<li>Contacts \u00e9lectriques optionnels pour le contr\u00f4le de la temp\u00e9rature ou les alarmes<\/li>\n<li>Compatibilit\u00e9 avec les doigts de gant et les assemblages de capteurs pour une installation flexible<\/li>\n<\/ul>\n","protected":false},"featured_media":16802,"template":"","meta":{"_acf_changed":false},"product_cat":[5804,163,178],"product_tag":[],"class_list":{"0":"post-18155","1":"product","2":"type-product","3":"status-publish","4":"has-post-thumbnail","6":"product_brand-wika-fr","7":"product_cat-indicateurs-de-temperature","8":"product_cat-distribution-fr","9":"product_cat-instruments-fr","11":"first","12":"instock","13":"taxable","14":"shipping-taxable","15":"product-type-simple"},"acf":[],"yoast_head":"<!-- This site is optimized with the Yoast SEO plugin v27.5 - https:\/\/yoast.com\/product\/yoast-seo-wordpress\/ -->\n<title>Indicateurs de temp\u00e9rature Wika | NXT Process<\/title>\n<meta name=\"robots\" content=\"index, follow, max-snippet:-1, max-image-preview:large, max-video-preview:-1\" \/>\n<link rel=\"canonical\" href=\"https:\/\/www.nxtprocess.com\/fr\/shop\/distribution-fr\/instruments-fr\/indicateurs-de-temperature\/indicateurs-de-temperature-wika\/\" \/>\n<meta property=\"og:locale\" content=\"fr_FR\" \/>\n<meta property=\"og:type\" content=\"article\" \/>\n<meta property=\"og:title\" content=\"Indicateurs de temp\u00e9rature Wika | NXT Process\" \/>\n<meta property=\"og:description\" content=\"Affichage de temp\u00e9rature fiable et pr\u00e9cis pour une surveillance critique des processus. Avantages  Affichage de temp\u00e9rature clair, analogique ou num\u00e9rique  Larges plages de mesure, des applications cryog\u00e9niques aux hautes temp\u00e9ratures  Construction robuste en acier inoxydable pour les environnements difficiles  Contacts \u00e9lectriques optionnels pour le contr\u00f4le de la temp\u00e9rature ou les alarmes  Compatibilit\u00e9 avec les doigts de gant et les assemblages de capteurs pour une installation flexible\" \/>\n<meta property=\"og:url\" content=\"https:\/\/www.nxtprocess.com\/fr\/shop\/distribution-fr\/instruments-fr\/indicateurs-de-temperature\/indicateurs-de-temperature-wika\/\" \/>\n<meta property=\"og:site_name\" content=\"NXT Process\" \/>\n<meta property=\"article:publisher\" content=\"https:\/\/www.facebook.com\/people\/NXT-Process\/61560023431243\/\" \/>\n<meta property=\"article:modified_time\" content=\"2025-10-22T11:27:17+00:00\" \/>\n<meta property=\"og:image\" content=\"http:\/\/www.nxtprocess.com\/wp-content\/uploads\/2025\/03\/wika-temperature-gauge.png\" \/>\n\t<meta property=\"og:image:width\" content=\"700\" \/>\n\t<meta property=\"og:image:height\" content=\"700\" \/>\n\t<meta property=\"og:image:type\" content=\"image\/png\" \/>\n<meta name=\"twitter:card\" content=\"summary_large_image\" \/>\n<meta name=\"twitter:label1\" content=\"Dur\u00e9e de lecture estim\u00e9e\" \/>\n\t<meta name=\"twitter:data1\" content=\"1 minute\" \/>\n<script type=\"application\/ld+json\" class=\"yoast-schema-graph\">{\"@context\":\"https:\\\/\\\/schema.org\",\"@graph\":[{\"@type\":\"WebPage\",\"@id\":\"https:\\\/\\\/www.nxtprocess.com\\\/fr\\\/shop\\\/distribution-fr\\\/instruments-fr\\\/indicateurs-de-temperature\\\/indicateurs-de-temperature-wika\\\/\",\"url\":\"https:\\\/\\\/www.nxtprocess.com\\\/fr\\\/shop\\\/distribution-fr\\\/instruments-fr\\\/indicateurs-de-temperature\\\/indicateurs-de-temperature-wika\\\/\",\"name\":\"Indicateurs de temp\u00e9rature Wika | NXT Process\",\"isPartOf\":{\"@id\":\"https:\\\/\\\/www.nxtprocess.com\\\/#website\"},\"primaryImageOfPage\":{\"@id\":\"https:\\\/\\\/www.nxtprocess.com\\\/fr\\\/shop\\\/distribution-fr\\\/instruments-fr\\\/indicateurs-de-temperature\\\/indicateurs-de-temperature-wika\\\/#primaryimage\"},\"image\":{\"@id\":\"https:\\\/\\\/www.nxtprocess.com\\\/fr\\\/shop\\\/distribution-fr\\\/instruments-fr\\\/indicateurs-de-temperature\\\/indicateurs-de-temperature-wika\\\/#primaryimage\"},\"thumbnailUrl\":\"https:\\\/\\\/www.nxtprocess.com\\\/wp-content\\\/uploads\\\/2025\\\/03\\\/wika-temperature-gauge.png\",\"datePublished\":\"2025-03-21T10:25:11+00:00\",\"dateModified\":\"2025-10-22T11:27:17+00:00\",\"breadcrumb\":{\"@id\":\"https:\\\/\\\/www.nxtprocess.com\\\/fr\\\/shop\\\/distribution-fr\\\/instruments-fr\\\/indicateurs-de-temperature\\\/indicateurs-de-temperature-wika\\\/#breadcrumb\"},\"inLanguage\":\"fr-FR\",\"potentialAction\":[{\"@type\":\"ReadAction\",\"target\":[\"https:\\\/\\\/www.nxtprocess.com\\\/fr\\\/shop\\\/distribution-fr\\\/instruments-fr\\\/indicateurs-de-temperature\\\/indicateurs-de-temperature-wika\\\/\"]}]},{\"@type\":\"ImageObject\",\"inLanguage\":\"fr-FR\",\"@id\":\"https:\\\/\\\/www.nxtprocess.com\\\/fr\\\/shop\\\/distribution-fr\\\/instruments-fr\\\/indicateurs-de-temperature\\\/indicateurs-de-temperature-wika\\\/#primaryimage\",\"url\":\"https:\\\/\\\/www.nxtprocess.com\\\/wp-content\\\/uploads\\\/2025\\\/03\\\/wika-temperature-gauge.png\",\"contentUrl\":\"https:\\\/\\\/www.nxtprocess.com\\\/wp-content\\\/uploads\\\/2025\\\/03\\\/wika-temperature-gauge.png\",\"width\":700,\"height\":700},{\"@type\":\"BreadcrumbList\",\"@id\":\"https:\\\/\\\/www.nxtprocess.com\\\/fr\\\/shop\\\/distribution-fr\\\/instruments-fr\\\/indicateurs-de-temperature\\\/indicateurs-de-temperature-wika\\\/#breadcrumb\",\"itemListElement\":[{\"@type\":\"ListItem\",\"position\":1,\"name\":\"Home\",\"item\":\"https:\\\/\\\/www.nxtprocess.com\\\/fr\\\/\"},{\"@type\":\"ListItem\",\"position\":2,\"name\":\"Boutique\",\"item\":\"https:\\\/\\\/www.nxtprocess.com\\\/fr\\\/boutique\\\/\"},{\"@type\":\"ListItem\",\"position\":3,\"name\":\"Indicateurs de temp\u00e9rature Wika\"}]},{\"@type\":\"WebSite\",\"@id\":\"https:\\\/\\\/www.nxtprocess.com\\\/#website\",\"url\":\"https:\\\/\\\/www.nxtprocess.com\\\/\",\"name\":\"NXT Process\",\"description\":\"Optimizing your future, one liquid process at a time\",\"publisher\":{\"@id\":\"https:\\\/\\\/www.nxtprocess.com\\\/#organization\"},\"potentialAction\":[{\"@type\":\"SearchAction\",\"target\":{\"@type\":\"EntryPoint\",\"urlTemplate\":\"https:\\\/\\\/www.nxtprocess.com\\\/?s={search_term_string}\"},\"query-input\":{\"@type\":\"PropertyValueSpecification\",\"valueRequired\":true,\"valueName\":\"search_term_string\"}}],\"inLanguage\":\"fr-FR\"},{\"@type\":\"Organization\",\"@id\":\"https:\\\/\\\/www.nxtprocess.com\\\/#organization\",\"name\":\"Processus NXT\",\"url\":\"https:\\\/\\\/www.nxtprocess.com\\\/\",\"logo\":{\"@type\":\"ImageObject\",\"inLanguage\":\"fr-FR\",\"@id\":\"https:\\\/\\\/www.nxtprocess.com\\\/#\\\/schema\\\/logo\\\/image\\\/\",\"url\":\"http:\\\/\\\/www.nxtprocess.com\\\/wp-content\\\/uploads\\\/2025\\\/06\\\/Screenshot_1.png\",\"contentUrl\":\"http:\\\/\\\/www.nxtprocess.com\\\/wp-content\\\/uploads\\\/2025\\\/06\\\/Screenshot_1.png\",\"width\":255,\"height\":186,\"caption\":\"Processus NXT\"},\"image\":{\"@id\":\"https:\\\/\\\/www.nxtprocess.com\\\/#\\\/schema\\\/logo\\\/image\\\/\"},\"sameAs\":[\"https:\\\/\\\/www.facebook.com\\\/people\\\/NXT-Process\\\/61560023431243\\\/\",\"https:\\\/\\\/www.linkedin.com\\\/company\\\/11569305\\\/\"]}]}<\/script>\n<!-- \/ Yoast SEO plugin. -->","yoast_head_json":{"title":"Indicateurs de temp\u00e9rature Wika | NXT Process","robots":{"index":"index","follow":"follow","max-snippet":"max-snippet:-1","max-image-preview":"max-image-preview:large","max-video-preview":"max-video-preview:-1"},"canonical":"https:\/\/www.nxtprocess.com\/fr\/shop\/distribution-fr\/instruments-fr\/indicateurs-de-temperature\/indicateurs-de-temperature-wika\/","og_locale":"fr_FR","og_type":"article","og_title":"Indicateurs de temp\u00e9rature Wika | NXT Process","og_description":"Affichage de temp\u00e9rature fiable et pr\u00e9cis pour une surveillance critique des processus. Avantages  Affichage de temp\u00e9rature clair, analogique ou num\u00e9rique  Larges plages de mesure, des applications cryog\u00e9niques aux hautes temp\u00e9ratures  Construction robuste en acier inoxydable pour les environnements difficiles  Contacts \u00e9lectriques optionnels pour le contr\u00f4le de la temp\u00e9rature ou les alarmes  Compatibilit\u00e9 avec les doigts de gant et les assemblages de capteurs pour une installation flexible","og_url":"https:\/\/www.nxtprocess.com\/fr\/shop\/distribution-fr\/instruments-fr\/indicateurs-de-temperature\/indicateurs-de-temperature-wika\/","og_site_name":"NXT Process","article_publisher":"https:\/\/www.facebook.com\/people\/NXT-Process\/61560023431243\/","article_modified_time":"2025-10-22T11:27:17+00:00","og_image":[{"width":700,"height":700,"url":"http:\/\/www.nxtprocess.com\/wp-content\/uploads\/2025\/03\/wika-temperature-gauge.png","type":"image\/png"}],"twitter_card":"summary_large_image","twitter_misc":{"Dur\u00e9e de lecture estim\u00e9e":"1 minute"},"schema":{"@context":"https:\/\/schema.org","@graph":[{"@type":"WebPage","@id":"https:\/\/www.nxtprocess.com\/fr\/shop\/distribution-fr\/instruments-fr\/indicateurs-de-temperature\/indicateurs-de-temperature-wika\/","url":"https:\/\/www.nxtprocess.com\/fr\/shop\/distribution-fr\/instruments-fr\/indicateurs-de-temperature\/indicateurs-de-temperature-wika\/","name":"Indicateurs de temp\u00e9rature Wika | NXT Process","isPartOf":{"@id":"https:\/\/www.nxtprocess.com\/#website"},"primaryImageOfPage":{"@id":"https:\/\/www.nxtprocess.com\/fr\/shop\/distribution-fr\/instruments-fr\/indicateurs-de-temperature\/indicateurs-de-temperature-wika\/#primaryimage"},"image":{"@id":"https:\/\/www.nxtprocess.com\/fr\/shop\/distribution-fr\/instruments-fr\/indicateurs-de-temperature\/indicateurs-de-temperature-wika\/#primaryimage"},"thumbnailUrl":"https:\/\/www.nxtprocess.com\/wp-content\/uploads\/2025\/03\/wika-temperature-gauge.png","datePublished":"2025-03-21T10:25:11+00:00","dateModified":"2025-10-22T11:27:17+00:00","breadcrumb":{"@id":"https:\/\/www.nxtprocess.com\/fr\/shop\/distribution-fr\/instruments-fr\/indicateurs-de-temperature\/indicateurs-de-temperature-wika\/#breadcrumb"},"inLanguage":"fr-FR","potentialAction":[{"@type":"ReadAction","target":["https:\/\/www.nxtprocess.com\/fr\/shop\/distribution-fr\/instruments-fr\/indicateurs-de-temperature\/indicateurs-de-temperature-wika\/"]}]},{"@type":"ImageObject","inLanguage":"fr-FR","@id":"https:\/\/www.nxtprocess.com\/fr\/shop\/distribution-fr\/instruments-fr\/indicateurs-de-temperature\/indicateurs-de-temperature-wika\/#primaryimage","url":"https:\/\/www.nxtprocess.com\/wp-content\/uploads\/2025\/03\/wika-temperature-gauge.png","contentUrl":"https:\/\/www.nxtprocess.com\/wp-content\/uploads\/2025\/03\/wika-temperature-gauge.png","width":700,"height":700},{"@type":"BreadcrumbList","@id":"https:\/\/www.nxtprocess.com\/fr\/shop\/distribution-fr\/instruments-fr\/indicateurs-de-temperature\/indicateurs-de-temperature-wika\/#breadcrumb","itemListElement":[{"@type":"ListItem","position":1,"name":"Home","item":"https:\/\/www.nxtprocess.com\/fr\/"},{"@type":"ListItem","position":2,"name":"Boutique","item":"https:\/\/www.nxtprocess.com\/fr\/boutique\/"},{"@type":"ListItem","position":3,"name":"Indicateurs de temp\u00e9rature Wika"}]},{"@type":"WebSite","@id":"https:\/\/www.nxtprocess.com\/#website","url":"https:\/\/www.nxtprocess.com\/","name":"NXT Process","description":"Optimizing your future, one liquid process at a time","publisher":{"@id":"https:\/\/www.nxtprocess.com\/#organization"},"potentialAction":[{"@type":"SearchAction","target":{"@type":"EntryPoint","urlTemplate":"https:\/\/www.nxtprocess.com\/?s={search_term_string}"},"query-input":{"@type":"PropertyValueSpecification","valueRequired":true,"valueName":"search_term_string"}}],"inLanguage":"fr-FR"},{"@type":"Organization","@id":"https:\/\/www.nxtprocess.com\/#organization","name":"Processus NXT","url":"https:\/\/www.nxtprocess.com\/","logo":{"@type":"ImageObject","inLanguage":"fr-FR","@id":"https:\/\/www.nxtprocess.com\/#\/schema\/logo\/image\/","url":"http:\/\/www.nxtprocess.com\/wp-content\/uploads\/2025\/06\/Screenshot_1.png","contentUrl":"http:\/\/www.nxtprocess.com\/wp-content\/uploads\/2025\/06\/Screenshot_1.png","width":255,"height":186,"caption":"Processus NXT"},"image":{"@id":"https:\/\/www.nxtprocess.com\/#\/schema\/logo\/image\/"},"sameAs":["https:\/\/www.facebook.com\/people\/NXT-Process\/61560023431243\/","https:\/\/www.linkedin.com\/company\/11569305\/"]}]}},"_links":{"self":[{"href":"https:\/\/www.nxtprocess.com\/fr\/wp-json\/wp\/v2\/product\/18155","targetHints":{"allow":["GET"]}}],"collection":[{"href":"https:\/\/www.nxtprocess.com\/fr\/wp-json\/wp\/v2\/product"}],"about":[{"href":"https:\/\/www.nxtprocess.com\/fr\/wp-json\/wp\/v2\/types\/product"}],"wp:featuredmedia":[{"embeddable":true,"href":"https:\/\/www.nxtprocess.com\/fr\/wp-json\/wp\/v2\/media\/16802"}],"wp:attachment":[{"href":"https:\/\/www.nxtprocess.com\/fr\/wp-json\/wp\/v2\/media?parent=18155"}],"wp:term":[{"taxonomy":"product_cat","embeddable":true,"href":"https:\/\/www.nxtprocess.com\/fr\/wp-json\/wp\/v2\/product_cat?post=18155"},{"taxonomy":"product_tag","embeddable":true,"href":"https:\/\/www.nxtprocess.com\/fr\/wp-json\/wp\/v2\/product_tag?post=18155"}],"curies":[{"name":"wp","href":"https:\/\/api.w.org\/{rel}","templated":true}]}}