{"id":18170,"date":"2025-03-18T11:13:38","date_gmt":"2025-03-18T11:13:38","guid":{"rendered":"https:\/\/www.nxtprocess.com\/dev\/product\/systemes-de-melange\/"},"modified":"2025-10-22T11:27:42","modified_gmt":"2025-10-22T11:27:42","slug":"systemes-de-melange","status":"publish","type":"product","link":"https:\/\/www.nxtprocess.com\/fr\/shop\/systems-fr\/le-melange\/systemes-de-melange\/","title":{"rendered":"Syst\u00e8mes de m\u00e9lange"},"content":{"rendered":"<p>Les syst\u00e8mes de m\u00e9lange NXT permettent l&#8217;ajout d&#8217;ingr\u00e9dients liquides, en poudre ou gazeux. Les m\u00e9langes peuvent \u00eatre effectu\u00e9s en \u00ab Batch \u00bb, en recirculation ou directement en ligne. Chaque application de m\u00e9lange requiert un niveau de cisaillement diff\u00e9rent. Certaines n\u00e9cessitent un chauffage et\/ou un refroidissement ainsi que la mesure du d\u00e9bit, de la temp\u00e9rature et de la pression.   <\/p>\n<section class=\"bloc-mod bloc-mod-liste\">\n<h4 class=\"bloc-mod-liste__nom\">Sp\u00e9cifications et capacit\u00e9<\/h4>\n<ul class=\"bloc-mod-liste__liste\">\n<li class=\"bloc-mod-liste__element\">Syst\u00e8me personnalis\u00e9 en fonction de l&#8217;espace disponible<\/li>\n<li class=\"bloc-mod-liste__element\">Syst\u00e8me fixe de 60 litres \u00e0 30 000 litres<\/li>\n<li class=\"bloc-mod-liste__element\">Nos syst\u00e8mes sont con\u00e7us pour \u00eatre manuels ou automatiques<\/li>\n<li class=\"bloc-mod-liste__element\">Conforme \u00e0 la norme 3A<\/li>\n<\/ul>\n<h4 class=\"bloc-mod-liste__nom\">Options<\/h4>\n<ul>\n<li>Conception pour environnement explosif<\/li>\n<li>Conception pour r\u00e9cipients sous pression<\/li>\n<li>\u00c9changeur de chaleur \u00e0 plaques, \u00e0 tubes ou \u00e9lectrique<\/li>\n<\/ul>\n<\/section>\n<section class=\"bloc-mod bloc-mod-liste\"><\/section>\n<section class=\"bloc-mod bloc-mod-liste\">\n<h4 class=\"bloc-mod-liste__nom\">Industries desservies<\/h4>\n<ul class=\"bloc-mod-liste__liste\">\n<li class=\"bloc-mod-liste__element\">Industrielle (chimique)<\/li>\n<li class=\"bloc-mod-liste__element\">Alimentation<\/li>\n<li class=\"bloc-mod-liste__element\">Brasserie<\/li>\n<li class=\"bloc-mod-liste__element\">Pharmaceutique<\/li>\n<\/ul>\n<\/section>\n","protected":false},"excerpt":{"rendered":"<h4>Que vous m\u00e9langiez des ingr\u00e9dients, homog\u00e9n\u00e9isiez des liquides ou dissolviez des solides, les syst\u00e8mes de m\u00e9lange de proc\u00e9d\u00e9s NXT offrent une efficacit\u00e9 in\u00e9gal\u00e9e, une coh\u00e9rence des produits et des \u00e9conomies de ressources.<\/h4>\n<p><strong>Avantages<\/strong><\/p>\n<ul>\n<li>M\u00e9langes homog\u00e8nes de haute qualit\u00e9 \u2013 Obtenez une qualit\u00e9 de produit uniforme gr\u00e2ce \u00e0 une technologie de m\u00e9lange con\u00e7ue avec pr\u00e9cision.<\/li>\n<li>Efficacit\u00e9 \u00e9nerg\u00e9tique et des ressources \u2013 R\u00e9duisez les d\u00e9chets, diminuez les co\u00fbts op\u00e9rationnels et optimisez l&#8217;utilisation des ingr\u00e9dients.<\/li>\n<li>Personnalisable pour toute application \u2013 Solutions sur mesure pour les brasseries, la production alimentaire et les processus industriels.<\/li>\n<li>Hygi\u00e9nique et facile \u00e0 nettoyer \u2013 Con\u00e7u pour une int\u00e9gration harmonieuse avec les syst\u00e8mes de nettoyage en place (NEP).<\/li>\n<li>Conception compacte et peu encombrante \u2013 S&#8217;int\u00e8gre efficacement dans votre installation sans compromettre les performances.<\/li>\n<\/ul>\n","protected":false},"featured_media":16645,"template":"","meta":{"_acf_changed":false},"product_cat":[201,169],"product_tag":[],"class_list":{"0":"post-18170","1":"product","2":"type-product","3":"status-publish","4":"has-post-thumbnail","6":"product_brand-nxt-fr","7":"product_cat-le-melange","8":"product_cat-systems-fr","10":"first","11":"instock","12":"taxable","13":"shipping-taxable","14":"product-type-simple"},"acf":[],"yoast_head":"<!-- This site is optimized with the Yoast SEO plugin v27.5 - https:\/\/yoast.com\/product\/yoast-seo-wordpress\/ -->\n<title>Syst\u00e8mes de m\u00e9lange - Ing\u00e9nieurs en proc\u00e9d\u00e9s liquides | NXT process<\/title>\n<meta name=\"description\" content=\"Que vous m\u00e9langiez des ingr\u00e9dients, homog\u00e9n\u00e9isiez des liquides ou dissolviez des solides, les syst\u00e8mes de m\u00e9lange de proc\u00e9d\u00e9s NXT offrent une efficacit\u00e9 in\u00e9gal\u00e9e, une coh\u00e9rence des produits et des \u00e9conomies de ressources.\" \/>\n<meta name=\"robots\" content=\"index, follow, max-snippet:-1, max-image-preview:large, max-video-preview:-1\" \/>\n<link rel=\"canonical\" href=\"https:\/\/www.nxtprocess.com\/fr\/shop\/systems-fr\/le-melange\/systemes-de-melange\/\" \/>\n<meta property=\"og:locale\" content=\"fr_FR\" \/>\n<meta property=\"og:type\" content=\"article\" \/>\n<meta property=\"og:title\" content=\"Syst\u00e8mes de m\u00e9lange - Ing\u00e9nieurs en proc\u00e9d\u00e9s liquides | NXT process\" \/>\n<meta property=\"og:description\" content=\"Que vous m\u00e9langiez des ingr\u00e9dients, homog\u00e9n\u00e9isiez des liquides ou dissolviez des solides, les syst\u00e8mes de m\u00e9lange de proc\u00e9d\u00e9s NXT offrent une efficacit\u00e9 in\u00e9gal\u00e9e, une coh\u00e9rence des produits et des \u00e9conomies de ressources.\" \/>\n<meta property=\"og:url\" content=\"https:\/\/www.nxtprocess.com\/fr\/shop\/systems-fr\/le-melange\/systemes-de-melange\/\" \/>\n<meta property=\"og:site_name\" content=\"NXT Process\" \/>\n<meta property=\"article:publisher\" content=\"https:\/\/www.facebook.com\/people\/NXT-Process\/61560023431243\/\" \/>\n<meta property=\"article:modified_time\" content=\"2025-10-22T11:27:42+00:00\" \/>\n<meta property=\"og:image\" content=\"http:\/\/www.nxtprocess.com\/wp-content\/uploads\/2025\/03\/general-mixing-set-up-render-1000x77219-1.png\" \/>\n\t<meta property=\"og:image:width\" content=\"1000\" \/>\n\t<meta property=\"og:image:height\" content=\"772\" \/>\n\t<meta property=\"og:image:type\" content=\"image\/png\" \/>\n<meta name=\"twitter:card\" content=\"summary_large_image\" \/>\n<meta name=\"twitter:label1\" content=\"Dur\u00e9e de lecture estim\u00e9e\" \/>\n\t<meta name=\"twitter:data1\" content=\"1 minute\" \/>\n<script type=\"application\/ld+json\" class=\"yoast-schema-graph\">{\"@context\":\"https:\\\/\\\/schema.org\",\"@graph\":[{\"@type\":\"WebPage\",\"@id\":\"https:\\\/\\\/www.nxtprocess.com\\\/fr\\\/shop\\\/systems-fr\\\/le-melange\\\/systemes-de-melange\\\/\",\"url\":\"https:\\\/\\\/www.nxtprocess.com\\\/fr\\\/shop\\\/systems-fr\\\/le-melange\\\/systemes-de-melange\\\/\",\"name\":\"Syst\u00e8mes de m\u00e9lange - Ing\u00e9nieurs en proc\u00e9d\u00e9s liquides | NXT process\",\"isPartOf\":{\"@id\":\"https:\\\/\\\/www.nxtprocess.com\\\/#website\"},\"primaryImageOfPage\":{\"@id\":\"https:\\\/\\\/www.nxtprocess.com\\\/fr\\\/shop\\\/systems-fr\\\/le-melange\\\/systemes-de-melange\\\/#primaryimage\"},\"image\":{\"@id\":\"https:\\\/\\\/www.nxtprocess.com\\\/fr\\\/shop\\\/systems-fr\\\/le-melange\\\/systemes-de-melange\\\/#primaryimage\"},\"thumbnailUrl\":\"https:\\\/\\\/www.nxtprocess.com\\\/wp-content\\\/uploads\\\/2025\\\/03\\\/general-mixing-set-up-render-1000x77219-1.png\",\"datePublished\":\"2025-03-18T11:13:38+00:00\",\"dateModified\":\"2025-10-22T11:27:42+00:00\",\"description\":\"Que vous m\u00e9langiez des ingr\u00e9dients, homog\u00e9n\u00e9isiez des liquides ou dissolviez des solides, les syst\u00e8mes de m\u00e9lange de proc\u00e9d\u00e9s NXT offrent une efficacit\u00e9 in\u00e9gal\u00e9e, une coh\u00e9rence des produits et des \u00e9conomies de ressources.\",\"breadcrumb\":{\"@id\":\"https:\\\/\\\/www.nxtprocess.com\\\/fr\\\/shop\\\/systems-fr\\\/le-melange\\\/systemes-de-melange\\\/#breadcrumb\"},\"inLanguage\":\"fr-FR\",\"potentialAction\":[{\"@type\":\"ReadAction\",\"target\":[\"https:\\\/\\\/www.nxtprocess.com\\\/fr\\\/shop\\\/systems-fr\\\/le-melange\\\/systemes-de-melange\\\/\"]}]},{\"@type\":\"ImageObject\",\"inLanguage\":\"fr-FR\",\"@id\":\"https:\\\/\\\/www.nxtprocess.com\\\/fr\\\/shop\\\/systems-fr\\\/le-melange\\\/systemes-de-melange\\\/#primaryimage\",\"url\":\"https:\\\/\\\/www.nxtprocess.com\\\/wp-content\\\/uploads\\\/2025\\\/03\\\/general-mixing-set-up-render-1000x77219-1.png\",\"contentUrl\":\"https:\\\/\\\/www.nxtprocess.com\\\/wp-content\\\/uploads\\\/2025\\\/03\\\/general-mixing-set-up-render-1000x77219-1.png\",\"width\":1000,\"height\":772},{\"@type\":\"BreadcrumbList\",\"@id\":\"https:\\\/\\\/www.nxtprocess.com\\\/fr\\\/shop\\\/systems-fr\\\/le-melange\\\/systemes-de-melange\\\/#breadcrumb\",\"itemListElement\":[{\"@type\":\"ListItem\",\"position\":1,\"name\":\"Home\",\"item\":\"https:\\\/\\\/www.nxtprocess.com\\\/fr\\\/\"},{\"@type\":\"ListItem\",\"position\":2,\"name\":\"Boutique\",\"item\":\"https:\\\/\\\/www.nxtprocess.com\\\/fr\\\/boutique\\\/\"},{\"@type\":\"ListItem\",\"position\":3,\"name\":\"Syst\u00e8mes de m\u00e9lange\"}]},{\"@type\":\"WebSite\",\"@id\":\"https:\\\/\\\/www.nxtprocess.com\\\/#website\",\"url\":\"https:\\\/\\\/www.nxtprocess.com\\\/\",\"name\":\"NXT Process\",\"description\":\"Optimizing your future, one liquid process at a time\",\"publisher\":{\"@id\":\"https:\\\/\\\/www.nxtprocess.com\\\/#organization\"},\"potentialAction\":[{\"@type\":\"SearchAction\",\"target\":{\"@type\":\"EntryPoint\",\"urlTemplate\":\"https:\\\/\\\/www.nxtprocess.com\\\/?s={search_term_string}\"},\"query-input\":{\"@type\":\"PropertyValueSpecification\",\"valueRequired\":true,\"valueName\":\"search_term_string\"}}],\"inLanguage\":\"fr-FR\"},{\"@type\":\"Organization\",\"@id\":\"https:\\\/\\\/www.nxtprocess.com\\\/#organization\",\"name\":\"Processus NXT\",\"url\":\"https:\\\/\\\/www.nxtprocess.com\\\/\",\"logo\":{\"@type\":\"ImageObject\",\"inLanguage\":\"fr-FR\",\"@id\":\"https:\\\/\\\/www.nxtprocess.com\\\/#\\\/schema\\\/logo\\\/image\\\/\",\"url\":\"http:\\\/\\\/www.nxtprocess.com\\\/wp-content\\\/uploads\\\/2025\\\/06\\\/Screenshot_1.png\",\"contentUrl\":\"http:\\\/\\\/www.nxtprocess.com\\\/wp-content\\\/uploads\\\/2025\\\/06\\\/Screenshot_1.png\",\"width\":255,\"height\":186,\"caption\":\"Processus NXT\"},\"image\":{\"@id\":\"https:\\\/\\\/www.nxtprocess.com\\\/#\\\/schema\\\/logo\\\/image\\\/\"},\"sameAs\":[\"https:\\\/\\\/www.facebook.com\\\/people\\\/NXT-Process\\\/61560023431243\\\/\",\"https:\\\/\\\/www.linkedin.com\\\/company\\\/11569305\\\/\"]}]}<\/script>\n<!-- \/ Yoast SEO plugin. -->","yoast_head_json":{"title":"Syst\u00e8mes de m\u00e9lange - Ing\u00e9nieurs en proc\u00e9d\u00e9s liquides | NXT process","description":"Que vous m\u00e9langiez des ingr\u00e9dients, homog\u00e9n\u00e9isiez des liquides ou dissolviez des solides, les syst\u00e8mes de m\u00e9lange de proc\u00e9d\u00e9s NXT offrent une efficacit\u00e9 in\u00e9gal\u00e9e, une coh\u00e9rence des produits et des \u00e9conomies de ressources.","robots":{"index":"index","follow":"follow","max-snippet":"max-snippet:-1","max-image-preview":"max-image-preview:large","max-video-preview":"max-video-preview:-1"},"canonical":"https:\/\/www.nxtprocess.com\/fr\/shop\/systems-fr\/le-melange\/systemes-de-melange\/","og_locale":"fr_FR","og_type":"article","og_title":"Syst\u00e8mes de m\u00e9lange - Ing\u00e9nieurs en proc\u00e9d\u00e9s liquides | NXT process","og_description":"Que vous m\u00e9langiez des ingr\u00e9dients, homog\u00e9n\u00e9isiez des liquides ou dissolviez des solides, les syst\u00e8mes de m\u00e9lange de proc\u00e9d\u00e9s NXT offrent une efficacit\u00e9 in\u00e9gal\u00e9e, une coh\u00e9rence des produits et des \u00e9conomies de ressources.","og_url":"https:\/\/www.nxtprocess.com\/fr\/shop\/systems-fr\/le-melange\/systemes-de-melange\/","og_site_name":"NXT Process","article_publisher":"https:\/\/www.facebook.com\/people\/NXT-Process\/61560023431243\/","article_modified_time":"2025-10-22T11:27:42+00:00","og_image":[{"width":1000,"height":772,"url":"http:\/\/www.nxtprocess.com\/wp-content\/uploads\/2025\/03\/general-mixing-set-up-render-1000x77219-1.png","type":"image\/png"}],"twitter_card":"summary_large_image","twitter_misc":{"Dur\u00e9e de lecture estim\u00e9e":"1 minute"},"schema":{"@context":"https:\/\/schema.org","@graph":[{"@type":"WebPage","@id":"https:\/\/www.nxtprocess.com\/fr\/shop\/systems-fr\/le-melange\/systemes-de-melange\/","url":"https:\/\/www.nxtprocess.com\/fr\/shop\/systems-fr\/le-melange\/systemes-de-melange\/","name":"Syst\u00e8mes de m\u00e9lange - Ing\u00e9nieurs en proc\u00e9d\u00e9s liquides | NXT process","isPartOf":{"@id":"https:\/\/www.nxtprocess.com\/#website"},"primaryImageOfPage":{"@id":"https:\/\/www.nxtprocess.com\/fr\/shop\/systems-fr\/le-melange\/systemes-de-melange\/#primaryimage"},"image":{"@id":"https:\/\/www.nxtprocess.com\/fr\/shop\/systems-fr\/le-melange\/systemes-de-melange\/#primaryimage"},"thumbnailUrl":"https:\/\/www.nxtprocess.com\/wp-content\/uploads\/2025\/03\/general-mixing-set-up-render-1000x77219-1.png","datePublished":"2025-03-18T11:13:38+00:00","dateModified":"2025-10-22T11:27:42+00:00","description":"Que vous m\u00e9langiez des ingr\u00e9dients, homog\u00e9n\u00e9isiez des liquides ou dissolviez des solides, les syst\u00e8mes de m\u00e9lange de proc\u00e9d\u00e9s NXT offrent une efficacit\u00e9 in\u00e9gal\u00e9e, une coh\u00e9rence des produits et des \u00e9conomies de ressources.","breadcrumb":{"@id":"https:\/\/www.nxtprocess.com\/fr\/shop\/systems-fr\/le-melange\/systemes-de-melange\/#breadcrumb"},"inLanguage":"fr-FR","potentialAction":[{"@type":"ReadAction","target":["https:\/\/www.nxtprocess.com\/fr\/shop\/systems-fr\/le-melange\/systemes-de-melange\/"]}]},{"@type":"ImageObject","inLanguage":"fr-FR","@id":"https:\/\/www.nxtprocess.com\/fr\/shop\/systems-fr\/le-melange\/systemes-de-melange\/#primaryimage","url":"https:\/\/www.nxtprocess.com\/wp-content\/uploads\/2025\/03\/general-mixing-set-up-render-1000x77219-1.png","contentUrl":"https:\/\/www.nxtprocess.com\/wp-content\/uploads\/2025\/03\/general-mixing-set-up-render-1000x77219-1.png","width":1000,"height":772},{"@type":"BreadcrumbList","@id":"https:\/\/www.nxtprocess.com\/fr\/shop\/systems-fr\/le-melange\/systemes-de-melange\/#breadcrumb","itemListElement":[{"@type":"ListItem","position":1,"name":"Home","item":"https:\/\/www.nxtprocess.com\/fr\/"},{"@type":"ListItem","position":2,"name":"Boutique","item":"https:\/\/www.nxtprocess.com\/fr\/boutique\/"},{"@type":"ListItem","position":3,"name":"Syst\u00e8mes de m\u00e9lange"}]},{"@type":"WebSite","@id":"https:\/\/www.nxtprocess.com\/#website","url":"https:\/\/www.nxtprocess.com\/","name":"NXT Process","description":"Optimizing your future, one liquid process at a time","publisher":{"@id":"https:\/\/www.nxtprocess.com\/#organization"},"potentialAction":[{"@type":"SearchAction","target":{"@type":"EntryPoint","urlTemplate":"https:\/\/www.nxtprocess.com\/?s={search_term_string}"},"query-input":{"@type":"PropertyValueSpecification","valueRequired":true,"valueName":"search_term_string"}}],"inLanguage":"fr-FR"},{"@type":"Organization","@id":"https:\/\/www.nxtprocess.com\/#organization","name":"Processus NXT","url":"https:\/\/www.nxtprocess.com\/","logo":{"@type":"ImageObject","inLanguage":"fr-FR","@id":"https:\/\/www.nxtprocess.com\/#\/schema\/logo\/image\/","url":"http:\/\/www.nxtprocess.com\/wp-content\/uploads\/2025\/06\/Screenshot_1.png","contentUrl":"http:\/\/www.nxtprocess.com\/wp-content\/uploads\/2025\/06\/Screenshot_1.png","width":255,"height":186,"caption":"Processus NXT"},"image":{"@id":"https:\/\/www.nxtprocess.com\/#\/schema\/logo\/image\/"},"sameAs":["https:\/\/www.facebook.com\/people\/NXT-Process\/61560023431243\/","https:\/\/www.linkedin.com\/company\/11569305\/"]}]}},"_links":{"self":[{"href":"https:\/\/www.nxtprocess.com\/fr\/wp-json\/wp\/v2\/product\/18170","targetHints":{"allow":["GET"]}}],"collection":[{"href":"https:\/\/www.nxtprocess.com\/fr\/wp-json\/wp\/v2\/product"}],"about":[{"href":"https:\/\/www.nxtprocess.com\/fr\/wp-json\/wp\/v2\/types\/product"}],"wp:featuredmedia":[{"embeddable":true,"href":"https:\/\/www.nxtprocess.com\/fr\/wp-json\/wp\/v2\/media\/16645"}],"wp:attachment":[{"href":"https:\/\/www.nxtprocess.com\/fr\/wp-json\/wp\/v2\/media?parent=18170"}],"wp:term":[{"taxonomy":"product_cat","embeddable":true,"href":"https:\/\/www.nxtprocess.com\/fr\/wp-json\/wp\/v2\/product_cat?post=18170"},{"taxonomy":"product_tag","embeddable":true,"href":"https:\/\/www.nxtprocess.com\/fr\/wp-json\/wp\/v2\/product_tag?post=18170"}],"curies":[{"name":"wp","href":"https:\/\/api.w.org\/{rel}","templated":true}]}}