{"id":43861,"date":"2025-08-04T10:27:43","date_gmt":"2025-08-04T10:27:43","guid":{"rendered":"https:\/\/www.nxtprocess.com\/product\/kit-de-reparation-pour-vanne-papillon-serie-b5116\/"},"modified":"2025-10-22T11:43:28","modified_gmt":"2025-10-22T11:43:28","slug":"kit-de-reparation-pour-vanne-papillon-serie-b5116","status":"publish","type":"product","link":"https:\/\/www.nxtprocess.com\/fr\/shop\/distribution-fr\/composants\/vannes-sanitaires\/kit-de-reparation-pour-vanne-papillon-serie-b5116\/","title":{"rendered":"Kit de r\u00e9paration pour vanne papillon s\u00e9rie B5116 &#8211; Dixon"},"content":{"rendered":"<ul>\n<li>B5116-RKE150<\/li>\n<\/ul>\n<h6><strong>Avantages :<\/strong><\/h6>\n<ul>\n<li>Am\u00e9liore l&#8217;efficacit\u00e9 op\u00e9rationnelle gr\u00e2ce \u00e0 l&#8217;int\u00e9gration de technologies avanc\u00e9es.<\/li>\n<li>Assure la conformit\u00e9 aux normes de l&#8217;industrie, offrant une tranquillit\u00e9 d&#8217;esprit pour les secteurs r\u00e9glement\u00e9s.<\/li>\n<li>Optimise les performances avec des composants con\u00e7us avec pr\u00e9cision.<\/li>\n<\/ul>\n<h6><strong>D\u00e9tails du produit :<\/strong><\/h6>\n<ul>\n<li>Construit avec des mat\u00e9riaux de haute qualit\u00e9 pour une durabilit\u00e9 et une fiabilit\u00e9 dans des environnements exigeants.<\/li>\n<li>Int\u00e8gre une interface conviviale pour une interaction et un contr\u00f4le fluides.<\/li>\n<li>Con\u00e7u avec un facteur de forme compact pour faciliter l&#8217;installation et la maintenance.<\/li>\n<li>\u00c9quip\u00e9 de fonctionnalit\u00e9s de s\u00e9curit\u00e9 de pointe pour prot\u00e9ger contre les risques op\u00e9rationnels.<\/li>\n<li>Offre des param\u00e8tres personnalisables pour r\u00e9pondre aux exigences sp\u00e9cifiques des applications.<\/li>\n<\/ul>\n","protected":false},"excerpt":{"rendered":"<p>B5116-RKE150 Avantages : Am\u00e9liore l&#8217;efficacit\u00e9 op\u00e9rationnelle gr\u00e2ce \u00e0 l&#8217;int\u00e9gration de technologies avanc\u00e9es. Assure la conformit\u00e9 aux normes de l&#8217;industrie, offrant une tranquillit\u00e9 d&#8217;esprit pour les secteurs r\u00e9glement\u00e9s. Optimise les performances avec des composants con\u00e7us avec pr\u00e9cision. D\u00e9tails du produit : Construit avec des mat\u00e9riaux de haute qualit\u00e9 pour une durabilit\u00e9 et une fiabilit\u00e9 dans des [&hellip;]<\/p>\n","protected":false},"featured_media":0,"template":"","meta":{"_acf_changed":false},"product_cat":[163,231,5722],"product_tag":[248,257,249,258],"class_list":{"0":"post-43861","1":"product","2":"type-product","3":"status-publish","5":"product_brand-dixon-fr","6":"product_cat-distribution-fr","7":"product_cat-composants","8":"product_cat-vannes-sanitaires","9":"product_tag-brasserie","10":"product_tag-cave-vinicole","11":"product_tag-distillerie","12":"product_tag-soda-fr","13":"pa_seat-material-epdm-fr","14":"pa_size-1-5-4-fr","16":"first","17":"instock","18":"taxable","19":"shipping-taxable","20":"purchasable","21":"product-type-variable"},"acf":[],"yoast_head":"<!-- This site is optimized with the Yoast SEO plugin v27.5 - https:\/\/yoast.com\/product\/yoast-seo-wordpress\/ -->\n<title>Kit de r\u00e9paration pour vanne papillon s\u00e9rie B5116 - Dixon - Int\u00e9grateur OEM pour le Canada | NXT Process<\/title>\n<meta name=\"robots\" content=\"index, follow, max-snippet:-1, max-image-preview:large, max-video-preview:-1\" \/>\n<link rel=\"canonical\" href=\"https:\/\/www.nxtprocess.com\/fr\/shop\/distribution-fr\/composants\/vannes-sanitaires\/kit-de-reparation-pour-vanne-papillon-serie-b5116\/\" \/>\n<meta property=\"og:locale\" content=\"fr_FR\" \/>\n<meta property=\"og:type\" content=\"article\" \/>\n<meta property=\"og:title\" content=\"Kit de r\u00e9paration pour vanne papillon s\u00e9rie B5116 - Dixon - Int\u00e9grateur OEM pour le Canada | NXT Process\" \/>\n<meta property=\"og:description\" content=\"B5116-RKE150 Avantages : Am\u00e9liore l&#8217;efficacit\u00e9 op\u00e9rationnelle gr\u00e2ce \u00e0 l&#8217;int\u00e9gration de technologies avanc\u00e9es. Assure la conformit\u00e9 aux normes de l&#8217;industrie, offrant une tranquillit\u00e9 d&#8217;esprit pour les secteurs r\u00e9glement\u00e9s. Optimise les performances avec des composants con\u00e7us avec pr\u00e9cision. D\u00e9tails du produit : Construit avec des mat\u00e9riaux de haute qualit\u00e9 pour une durabilit\u00e9 et une fiabilit\u00e9 dans des [&hellip;]\" \/>\n<meta property=\"og:url\" content=\"https:\/\/www.nxtprocess.com\/fr\/shop\/distribution-fr\/composants\/vannes-sanitaires\/kit-de-reparation-pour-vanne-papillon-serie-b5116\/\" \/>\n<meta property=\"og:site_name\" content=\"NXT Process\" \/>\n<meta property=\"article:publisher\" content=\"https:\/\/www.facebook.com\/people\/NXT-Process\/61560023431243\/\" \/>\n<meta property=\"article:modified_time\" content=\"2025-10-22T11:43:28+00:00\" \/>\n<meta name=\"twitter:card\" content=\"summary_large_image\" \/>\n<meta name=\"twitter:label1\" content=\"Dur\u00e9e de lecture estim\u00e9e\" \/>\n\t<meta name=\"twitter:data1\" content=\"1 minute\" \/>\n<script type=\"application\/ld+json\" class=\"yoast-schema-graph\">{\"@context\":\"https:\\\/\\\/schema.org\",\"@graph\":[{\"@type\":\"WebPage\",\"@id\":\"https:\\\/\\\/www.nxtprocess.com\\\/fr\\\/shop\\\/distribution-fr\\\/composants\\\/vannes-sanitaires\\\/kit-de-reparation-pour-vanne-papillon-serie-b5116\\\/\",\"url\":\"https:\\\/\\\/www.nxtprocess.com\\\/fr\\\/shop\\\/distribution-fr\\\/composants\\\/vannes-sanitaires\\\/kit-de-reparation-pour-vanne-papillon-serie-b5116\\\/\",\"name\":\"Kit de r\u00e9paration pour vanne papillon s\u00e9rie B5116 - Dixon - Int\u00e9grateur OEM pour le Canada | NXT Process\",\"isPartOf\":{\"@id\":\"https:\\\/\\\/www.nxtprocess.com\\\/#website\"},\"datePublished\":\"2025-08-04T10:27:43+00:00\",\"dateModified\":\"2025-10-22T11:43:28+00:00\",\"breadcrumb\":{\"@id\":\"https:\\\/\\\/www.nxtprocess.com\\\/fr\\\/shop\\\/distribution-fr\\\/composants\\\/vannes-sanitaires\\\/kit-de-reparation-pour-vanne-papillon-serie-b5116\\\/#breadcrumb\"},\"inLanguage\":\"fr-FR\",\"potentialAction\":[{\"@type\":\"ReadAction\",\"target\":[\"https:\\\/\\\/www.nxtprocess.com\\\/fr\\\/shop\\\/distribution-fr\\\/composants\\\/vannes-sanitaires\\\/kit-de-reparation-pour-vanne-papillon-serie-b5116\\\/\"]}]},{\"@type\":\"BreadcrumbList\",\"@id\":\"https:\\\/\\\/www.nxtprocess.com\\\/fr\\\/shop\\\/distribution-fr\\\/composants\\\/vannes-sanitaires\\\/kit-de-reparation-pour-vanne-papillon-serie-b5116\\\/#breadcrumb\",\"itemListElement\":[{\"@type\":\"ListItem\",\"position\":1,\"name\":\"Home\",\"item\":\"https:\\\/\\\/www.nxtprocess.com\\\/fr\\\/\"},{\"@type\":\"ListItem\",\"position\":2,\"name\":\"Boutique\",\"item\":\"https:\\\/\\\/www.nxtprocess.com\\\/fr\\\/boutique\\\/\"},{\"@type\":\"ListItem\",\"position\":3,\"name\":\"Kit de r\u00e9paration pour vanne papillon s\u00e9rie B5116 &#8211; Dixon\"}]},{\"@type\":\"WebSite\",\"@id\":\"https:\\\/\\\/www.nxtprocess.com\\\/#website\",\"url\":\"https:\\\/\\\/www.nxtprocess.com\\\/\",\"name\":\"NXT Process\",\"description\":\"Optimizing your future, one liquid process at a time\",\"publisher\":{\"@id\":\"https:\\\/\\\/www.nxtprocess.com\\\/#organization\"},\"potentialAction\":[{\"@type\":\"SearchAction\",\"target\":{\"@type\":\"EntryPoint\",\"urlTemplate\":\"https:\\\/\\\/www.nxtprocess.com\\\/?s={search_term_string}\"},\"query-input\":{\"@type\":\"PropertyValueSpecification\",\"valueRequired\":true,\"valueName\":\"search_term_string\"}}],\"inLanguage\":\"fr-FR\"},{\"@type\":\"Organization\",\"@id\":\"https:\\\/\\\/www.nxtprocess.com\\\/#organization\",\"name\":\"Processus NXT\",\"url\":\"https:\\\/\\\/www.nxtprocess.com\\\/\",\"logo\":{\"@type\":\"ImageObject\",\"inLanguage\":\"fr-FR\",\"@id\":\"https:\\\/\\\/www.nxtprocess.com\\\/#\\\/schema\\\/logo\\\/image\\\/\",\"url\":\"http:\\\/\\\/www.nxtprocess.com\\\/wp-content\\\/uploads\\\/2025\\\/06\\\/Screenshot_1.png\",\"contentUrl\":\"http:\\\/\\\/www.nxtprocess.com\\\/wp-content\\\/uploads\\\/2025\\\/06\\\/Screenshot_1.png\",\"width\":255,\"height\":186,\"caption\":\"Processus NXT\"},\"image\":{\"@id\":\"https:\\\/\\\/www.nxtprocess.com\\\/#\\\/schema\\\/logo\\\/image\\\/\"},\"sameAs\":[\"https:\\\/\\\/www.facebook.com\\\/people\\\/NXT-Process\\\/61560023431243\\\/\",\"https:\\\/\\\/www.linkedin.com\\\/company\\\/11569305\\\/\"]}]}<\/script>\n<!-- \/ Yoast SEO plugin. -->","yoast_head_json":{"title":"Kit de r\u00e9paration pour vanne papillon s\u00e9rie B5116 - Dixon - Int\u00e9grateur OEM pour le Canada | NXT Process","robots":{"index":"index","follow":"follow","max-snippet":"max-snippet:-1","max-image-preview":"max-image-preview:large","max-video-preview":"max-video-preview:-1"},"canonical":"https:\/\/www.nxtprocess.com\/fr\/shop\/distribution-fr\/composants\/vannes-sanitaires\/kit-de-reparation-pour-vanne-papillon-serie-b5116\/","og_locale":"fr_FR","og_type":"article","og_title":"Kit de r\u00e9paration pour vanne papillon s\u00e9rie B5116 - Dixon - Int\u00e9grateur OEM pour le Canada | NXT Process","og_description":"B5116-RKE150 Avantages : Am\u00e9liore l&#8217;efficacit\u00e9 op\u00e9rationnelle gr\u00e2ce \u00e0 l&#8217;int\u00e9gration de technologies avanc\u00e9es. Assure la conformit\u00e9 aux normes de l&#8217;industrie, offrant une tranquillit\u00e9 d&#8217;esprit pour les secteurs r\u00e9glement\u00e9s. Optimise les performances avec des composants con\u00e7us avec pr\u00e9cision. D\u00e9tails du produit : Construit avec des mat\u00e9riaux de haute qualit\u00e9 pour une durabilit\u00e9 et une fiabilit\u00e9 dans des [&hellip;]","og_url":"https:\/\/www.nxtprocess.com\/fr\/shop\/distribution-fr\/composants\/vannes-sanitaires\/kit-de-reparation-pour-vanne-papillon-serie-b5116\/","og_site_name":"NXT Process","article_publisher":"https:\/\/www.facebook.com\/people\/NXT-Process\/61560023431243\/","article_modified_time":"2025-10-22T11:43:28+00:00","twitter_card":"summary_large_image","twitter_misc":{"Dur\u00e9e de lecture estim\u00e9e":"1 minute"},"schema":{"@context":"https:\/\/schema.org","@graph":[{"@type":"WebPage","@id":"https:\/\/www.nxtprocess.com\/fr\/shop\/distribution-fr\/composants\/vannes-sanitaires\/kit-de-reparation-pour-vanne-papillon-serie-b5116\/","url":"https:\/\/www.nxtprocess.com\/fr\/shop\/distribution-fr\/composants\/vannes-sanitaires\/kit-de-reparation-pour-vanne-papillon-serie-b5116\/","name":"Kit de r\u00e9paration pour vanne papillon s\u00e9rie B5116 - Dixon - Int\u00e9grateur OEM pour le Canada | NXT Process","isPartOf":{"@id":"https:\/\/www.nxtprocess.com\/#website"},"datePublished":"2025-08-04T10:27:43+00:00","dateModified":"2025-10-22T11:43:28+00:00","breadcrumb":{"@id":"https:\/\/www.nxtprocess.com\/fr\/shop\/distribution-fr\/composants\/vannes-sanitaires\/kit-de-reparation-pour-vanne-papillon-serie-b5116\/#breadcrumb"},"inLanguage":"fr-FR","potentialAction":[{"@type":"ReadAction","target":["https:\/\/www.nxtprocess.com\/fr\/shop\/distribution-fr\/composants\/vannes-sanitaires\/kit-de-reparation-pour-vanne-papillon-serie-b5116\/"]}]},{"@type":"BreadcrumbList","@id":"https:\/\/www.nxtprocess.com\/fr\/shop\/distribution-fr\/composants\/vannes-sanitaires\/kit-de-reparation-pour-vanne-papillon-serie-b5116\/#breadcrumb","itemListElement":[{"@type":"ListItem","position":1,"name":"Home","item":"https:\/\/www.nxtprocess.com\/fr\/"},{"@type":"ListItem","position":2,"name":"Boutique","item":"https:\/\/www.nxtprocess.com\/fr\/boutique\/"},{"@type":"ListItem","position":3,"name":"Kit de r\u00e9paration pour vanne papillon s\u00e9rie B5116 &#8211; Dixon"}]},{"@type":"WebSite","@id":"https:\/\/www.nxtprocess.com\/#website","url":"https:\/\/www.nxtprocess.com\/","name":"NXT Process","description":"Optimizing your future, one liquid process at a time","publisher":{"@id":"https:\/\/www.nxtprocess.com\/#organization"},"potentialAction":[{"@type":"SearchAction","target":{"@type":"EntryPoint","urlTemplate":"https:\/\/www.nxtprocess.com\/?s={search_term_string}"},"query-input":{"@type":"PropertyValueSpecification","valueRequired":true,"valueName":"search_term_string"}}],"inLanguage":"fr-FR"},{"@type":"Organization","@id":"https:\/\/www.nxtprocess.com\/#organization","name":"Processus NXT","url":"https:\/\/www.nxtprocess.com\/","logo":{"@type":"ImageObject","inLanguage":"fr-FR","@id":"https:\/\/www.nxtprocess.com\/#\/schema\/logo\/image\/","url":"http:\/\/www.nxtprocess.com\/wp-content\/uploads\/2025\/06\/Screenshot_1.png","contentUrl":"http:\/\/www.nxtprocess.com\/wp-content\/uploads\/2025\/06\/Screenshot_1.png","width":255,"height":186,"caption":"Processus NXT"},"image":{"@id":"https:\/\/www.nxtprocess.com\/#\/schema\/logo\/image\/"},"sameAs":["https:\/\/www.facebook.com\/people\/NXT-Process\/61560023431243\/","https:\/\/www.linkedin.com\/company\/11569305\/"]}]}},"_links":{"self":[{"href":"https:\/\/www.nxtprocess.com\/fr\/wp-json\/wp\/v2\/product\/43861","targetHints":{"allow":["GET"]}}],"collection":[{"href":"https:\/\/www.nxtprocess.com\/fr\/wp-json\/wp\/v2\/product"}],"about":[{"href":"https:\/\/www.nxtprocess.com\/fr\/wp-json\/wp\/v2\/types\/product"}],"wp:attachment":[{"href":"https:\/\/www.nxtprocess.com\/fr\/wp-json\/wp\/v2\/media?parent=43861"}],"wp:term":[{"taxonomy":"product_cat","embeddable":true,"href":"https:\/\/www.nxtprocess.com\/fr\/wp-json\/wp\/v2\/product_cat?post=43861"},{"taxonomy":"product_tag","embeddable":true,"href":"https:\/\/www.nxtprocess.com\/fr\/wp-json\/wp\/v2\/product_tag?post=43861"}],"curies":[{"name":"wp","href":"https:\/\/api.w.org\/{rel}","templated":true}]}}