{"id":43862,"date":"2025-08-04T10:28:29","date_gmt":"2025-08-04T10:28:29","guid":{"rendered":"https:\/\/www.nxtprocess.com\/product\/coupleur-femelle-filete-pneumatique-industriel-de-type-d-avec-fermeture-automatique\/"},"modified":"2025-10-22T11:43:17","modified_gmt":"2025-10-22T11:43:17","slug":"coupleur-femelle-filete-pneumatique-industriel-de-type-d-avec-fermeture-automatique","status":"publish","type":"product","link":"https:\/\/www.nxtprocess.com\/fr\/shop\/distribution-fr\/composants\/materiel-industriel\/coupleur-femelle-filete-pneumatique-industriel-de-type-d-avec-fermeture-automatique\/","title":{"rendered":"Coupleur pneumatique industriel type D \u00e0 filetage femelle avec fermeture automatique &#8211; Dixon"},"content":{"rendered":"<h6><strong>Avantages<\/strong><\/h6>\n<ul>\n<li>Facilite une connexion et une d\u00e9connexion rapides, id\u00e9al pour les applications n\u00e9cessitant un acc\u00e8s fr\u00e9quent \u00e0 la ligne.<\/li>\n<li>Compatible avec tous les connecteurs et prises industriels de m\u00eame taille de couplage, assurant une polyvalence ind\u00e9pendamment de la taille du tuyau ou du diam\u00e8tre int\u00e9rieur du tuyau flexible.<\/li>\n<li>Connus sous le nom de couplages \u00e0 interchange industriel, ils offrent une int\u00e9gration transparente avec les syst\u00e8mes existants.<\/li>\n<\/ul>\n<p>Une unit\u00e9 de couplage compl\u00e8te comprend une fiche et une prise con\u00e7ues pour une connectivit\u00e9 rapide. Ces composants sont essentiels dans les environnements n\u00e9cessitant un acc\u00e8s r\u00e9gulier aux lignes. <\/p>\n<h6><strong>D\u00e9tails du produit<\/strong><\/h6>\n<ul>\n<li>Pression nominale pour le raccord en acier inoxydable 303 connect\u00e9 et le bouchon en acier inoxydable 303 : 35 bar (500 PSI) de pression de service maximale et 1 795 bar (26 000 PSI) de pression d&#8217;\u00e9clatement<\/li>\n<\/ul>\n<h6><strong>Construction<\/strong><\/h6>\n<ul>\n<li>Des billes, des anneaux de retenue et des ressorts en acier inoxydable sont utilis\u00e9s pour am\u00e9liorer la r\u00e9sistance \u00e0 la corrosion et prolonger la dur\u00e9e de vie.<\/li>\n<li>Les composants sont usin\u00e9s \u00e0 partir de barres pleines, garantissant pr\u00e9cision et durabilit\u00e9.<\/li>\n<li>Les joints standard sont fabriqu\u00e9s en Nitrile (Buna-N) pour des performances fiables.<\/li>\n<li>Les composants en acier sont plaqu\u00e9s avec du chrome trivalent conforme \u00e0 la directive RoHS pour une protection accrue.<\/li>\n<li>Comprend une valve tubulaire robuste en acier.<\/li>\n<\/ul>\n<h6><strong>Donn\u00e9es de compatibilit\u00e9 et d&#8217;interchangeabilit\u00e9<\/strong><\/h6>\n<ul>\n<li>Compatible avec les s\u00e9ries Foster 3, 4, 5 et 6.<\/li>\n<li>Interchangeable avec l&#8217;interchange automatique Parker s\u00e9rie 30.<\/li>\n<li>Fonctionne avec les s\u00e9ries Hansen 3000, 4000, 5000 et 6000.<\/li>\n<\/ul>\n<h6><strong>Fonctionnement<\/strong><\/h6>\n<ul>\n<li>Pour d\u00e9connecter, saisissez le tuyau du c\u00f4t\u00e9 du raccord avec trois doigts, en laissant votre pouce et votre index libres.<\/li>\n<li>Utilisez votre pouce et votre index pour tirer le manchon vers votre paume.<\/li>\n<li>Le raccord se r\u00e9tractera l\u00e9g\u00e8rement du coupleur lorsque le manchon sera tir\u00e9. Maintenez votre prise jusqu&#8217;\u00e0 ce que tout l&#8217;air soit expuls\u00e9. <\/li>\n<li>Une fois la ligne compl\u00e8tement vid\u00e9e, d\u00e9tachez en toute s\u00e9curit\u00e9 le raccord du coupleur.<\/li>\n<\/ul>\n<h6><strong>Page du catalogue<\/strong><\/h6>\n<ul>\n<li><a href=\"https:\/\/www.dixonvalve.com\/sites\/default\/files\/product\/pages\/us\/DPL418%20-%20312.pdf\">DPL418 &#8211; 312<\/a><\/li>\n<\/ul>\n","protected":false},"excerpt":{"rendered":"<p>Avantages Facilite une connexion et une d\u00e9connexion rapides, id\u00e9al pour les applications n\u00e9cessitant un acc\u00e8s fr\u00e9quent \u00e0 la ligne. Compatible avec tous les connecteurs et prises industriels de m\u00eame taille de couplage, assurant une polyvalence ind\u00e9pendamment de la taille du tuyau ou du diam\u00e8tre int\u00e9rieur du tuyau flexible. Connus sous le nom de couplages \u00e0 [&hellip;]<\/p>\n","protected":false},"featured_media":25321,"template":"","meta":{"_acf_changed":false},"product_cat":[163,5725,231],"product_tag":[251,248,257,249,261,258],"class_list":{"0":"post-43862","1":"product","2":"type-product","3":"status-publish","4":"has-post-thumbnail","6":"product_brand-dixon-fr","7":"product_cat-distribution-fr","8":"product_cat-materiel-industriel","9":"product_cat-composants","10":"product_tag-acier-inoxydable","11":"product_tag-brasserie","12":"product_tag-cave-vinicole","13":"product_tag-distillerie","14":"product_tag-materiel-npt","15":"product_tag-soda-fr","16":"pa_body-size-1-2-0-5-fr","17":"pa_body-size-1-4-0-25-fr","18":"pa_body-size-3-8-0-375-fr","19":"pa_material-303-stainless-steel-fr","20":"pa_npt-thread-size-1-2-0-5-fr","21":"pa_npt-thread-size-1-4-0-25-fr","22":"pa_npt-thread-size-3-8-0-375-fr","24":"first","25":"instock","26":"taxable","27":"shipping-taxable","28":"purchasable","29":"product-type-variable"},"acf":[],"yoast_head":"<!-- This site is optimized with the Yoast SEO plugin v27.5 - https:\/\/yoast.com\/product\/yoast-seo-wordpress\/ -->\n<title>Coupleur pneumatique industriel de type D \u00e0 filetage femelle avec fermeture automatique - Dixon - Int\u00e9grateur OEM pour le Canada | NXT Process<\/title>\n<meta name=\"robots\" content=\"index, follow, max-snippet:-1, max-image-preview:large, max-video-preview:-1\" \/>\n<link rel=\"canonical\" href=\"https:\/\/www.nxtprocess.com\/fr\/shop\/distribution-fr\/composants\/materiel-industriel\/coupleur-femelle-filete-pneumatique-industriel-de-type-d-avec-fermeture-automatique\/\" \/>\n<meta property=\"og:locale\" content=\"fr_FR\" \/>\n<meta property=\"og:type\" content=\"article\" \/>\n<meta property=\"og:title\" content=\"Coupleur pneumatique industriel de type D \u00e0 filetage femelle avec fermeture automatique - Dixon - Int\u00e9grateur OEM pour le Canada | NXT Process\" \/>\n<meta property=\"og:description\" content=\"Avantages Facilite une connexion et une d\u00e9connexion rapides, id\u00e9al pour les applications n\u00e9cessitant un acc\u00e8s fr\u00e9quent \u00e0 la ligne. Compatible avec tous les connecteurs et prises industriels de m\u00eame taille de couplage, assurant une polyvalence ind\u00e9pendamment de la taille du tuyau ou du diam\u00e8tre int\u00e9rieur du tuyau flexible. Connus sous le nom de couplages \u00e0 [&hellip;]\" \/>\n<meta property=\"og:url\" content=\"https:\/\/www.nxtprocess.com\/fr\/shop\/distribution-fr\/composants\/materiel-industriel\/coupleur-femelle-filete-pneumatique-industriel-de-type-d-avec-fermeture-automatique\/\" \/>\n<meta property=\"og:site_name\" content=\"NXT Process\" \/>\n<meta property=\"article:publisher\" content=\"https:\/\/www.facebook.com\/people\/NXT-Process\/61560023431243\/\" \/>\n<meta property=\"article:modified_time\" content=\"2025-10-22T11:43:17+00:00\" \/>\n<meta property=\"og:image\" content=\"http:\/\/www.nxtprocess.com\/wp-content\/uploads\/2025\/07\/D-Type-Industrial-Pneumatic-Female-Threaded-Coupler-with-Automatic-Close-Dixon.jpg\" \/>\n\t<meta property=\"og:image:width\" content=\"1392\" \/>\n\t<meta property=\"og:image:height\" content=\"1392\" \/>\n\t<meta property=\"og:image:type\" content=\"image\/jpeg\" \/>\n<meta name=\"twitter:card\" content=\"summary_large_image\" \/>\n<meta name=\"twitter:label1\" content=\"Dur\u00e9e de lecture estim\u00e9e\" \/>\n\t<meta name=\"twitter:data1\" content=\"2 minutes\" \/>\n<script type=\"application\/ld+json\" class=\"yoast-schema-graph\">{\"@context\":\"https:\\\/\\\/schema.org\",\"@graph\":[{\"@type\":\"WebPage\",\"@id\":\"https:\\\/\\\/www.nxtprocess.com\\\/fr\\\/shop\\\/distribution-fr\\\/composants\\\/materiel-industriel\\\/coupleur-femelle-filete-pneumatique-industriel-de-type-d-avec-fermeture-automatique\\\/\",\"url\":\"https:\\\/\\\/www.nxtprocess.com\\\/fr\\\/shop\\\/distribution-fr\\\/composants\\\/materiel-industriel\\\/coupleur-femelle-filete-pneumatique-industriel-de-type-d-avec-fermeture-automatique\\\/\",\"name\":\"Coupleur pneumatique industriel de type D \u00e0 filetage femelle avec fermeture automatique - Dixon - Int\u00e9grateur OEM pour le Canada | NXT Process\",\"isPartOf\":{\"@id\":\"https:\\\/\\\/www.nxtprocess.com\\\/#website\"},\"primaryImageOfPage\":{\"@id\":\"https:\\\/\\\/www.nxtprocess.com\\\/fr\\\/shop\\\/distribution-fr\\\/composants\\\/materiel-industriel\\\/coupleur-femelle-filete-pneumatique-industriel-de-type-d-avec-fermeture-automatique\\\/#primaryimage\"},\"image\":{\"@id\":\"https:\\\/\\\/www.nxtprocess.com\\\/fr\\\/shop\\\/distribution-fr\\\/composants\\\/materiel-industriel\\\/coupleur-femelle-filete-pneumatique-industriel-de-type-d-avec-fermeture-automatique\\\/#primaryimage\"},\"thumbnailUrl\":\"https:\\\/\\\/www.nxtprocess.com\\\/wp-content\\\/uploads\\\/2025\\\/07\\\/D-Type-Industrial-Pneumatic-Female-Threaded-Coupler-with-Automatic-Close-Dixon.jpg\",\"datePublished\":\"2025-08-04T10:28:29+00:00\",\"dateModified\":\"2025-10-22T11:43:17+00:00\",\"breadcrumb\":{\"@id\":\"https:\\\/\\\/www.nxtprocess.com\\\/fr\\\/shop\\\/distribution-fr\\\/composants\\\/materiel-industriel\\\/coupleur-femelle-filete-pneumatique-industriel-de-type-d-avec-fermeture-automatique\\\/#breadcrumb\"},\"inLanguage\":\"fr-FR\",\"potentialAction\":[{\"@type\":\"ReadAction\",\"target\":[\"https:\\\/\\\/www.nxtprocess.com\\\/fr\\\/shop\\\/distribution-fr\\\/composants\\\/materiel-industriel\\\/coupleur-femelle-filete-pneumatique-industriel-de-type-d-avec-fermeture-automatique\\\/\"]}]},{\"@type\":\"ImageObject\",\"inLanguage\":\"fr-FR\",\"@id\":\"https:\\\/\\\/www.nxtprocess.com\\\/fr\\\/shop\\\/distribution-fr\\\/composants\\\/materiel-industriel\\\/coupleur-femelle-filete-pneumatique-industriel-de-type-d-avec-fermeture-automatique\\\/#primaryimage\",\"url\":\"https:\\\/\\\/www.nxtprocess.com\\\/wp-content\\\/uploads\\\/2025\\\/07\\\/D-Type-Industrial-Pneumatic-Female-Threaded-Coupler-with-Automatic-Close-Dixon.jpg\",\"contentUrl\":\"https:\\\/\\\/www.nxtprocess.com\\\/wp-content\\\/uploads\\\/2025\\\/07\\\/D-Type-Industrial-Pneumatic-Female-Threaded-Coupler-with-Automatic-Close-Dixon.jpg\",\"width\":1392,\"height\":1392},{\"@type\":\"BreadcrumbList\",\"@id\":\"https:\\\/\\\/www.nxtprocess.com\\\/fr\\\/shop\\\/distribution-fr\\\/composants\\\/materiel-industriel\\\/coupleur-femelle-filete-pneumatique-industriel-de-type-d-avec-fermeture-automatique\\\/#breadcrumb\",\"itemListElement\":[{\"@type\":\"ListItem\",\"position\":1,\"name\":\"Home\",\"item\":\"https:\\\/\\\/www.nxtprocess.com\\\/fr\\\/\"},{\"@type\":\"ListItem\",\"position\":2,\"name\":\"Boutique\",\"item\":\"https:\\\/\\\/www.nxtprocess.com\\\/fr\\\/boutique\\\/\"},{\"@type\":\"ListItem\",\"position\":3,\"name\":\"Coupleur pneumatique industriel type D \u00e0 filetage femelle avec fermeture automatique &#8211; Dixon\"}]},{\"@type\":\"WebSite\",\"@id\":\"https:\\\/\\\/www.nxtprocess.com\\\/#website\",\"url\":\"https:\\\/\\\/www.nxtprocess.com\\\/\",\"name\":\"NXT Process\",\"description\":\"Optimizing your future, one liquid process at a time\",\"publisher\":{\"@id\":\"https:\\\/\\\/www.nxtprocess.com\\\/#organization\"},\"potentialAction\":[{\"@type\":\"SearchAction\",\"target\":{\"@type\":\"EntryPoint\",\"urlTemplate\":\"https:\\\/\\\/www.nxtprocess.com\\\/?s={search_term_string}\"},\"query-input\":{\"@type\":\"PropertyValueSpecification\",\"valueRequired\":true,\"valueName\":\"search_term_string\"}}],\"inLanguage\":\"fr-FR\"},{\"@type\":\"Organization\",\"@id\":\"https:\\\/\\\/www.nxtprocess.com\\\/#organization\",\"name\":\"Processus NXT\",\"url\":\"https:\\\/\\\/www.nxtprocess.com\\\/\",\"logo\":{\"@type\":\"ImageObject\",\"inLanguage\":\"fr-FR\",\"@id\":\"https:\\\/\\\/www.nxtprocess.com\\\/#\\\/schema\\\/logo\\\/image\\\/\",\"url\":\"http:\\\/\\\/www.nxtprocess.com\\\/wp-content\\\/uploads\\\/2025\\\/06\\\/Screenshot_1.png\",\"contentUrl\":\"http:\\\/\\\/www.nxtprocess.com\\\/wp-content\\\/uploads\\\/2025\\\/06\\\/Screenshot_1.png\",\"width\":255,\"height\":186,\"caption\":\"Processus NXT\"},\"image\":{\"@id\":\"https:\\\/\\\/www.nxtprocess.com\\\/#\\\/schema\\\/logo\\\/image\\\/\"},\"sameAs\":[\"https:\\\/\\\/www.facebook.com\\\/people\\\/NXT-Process\\\/61560023431243\\\/\",\"https:\\\/\\\/www.linkedin.com\\\/company\\\/11569305\\\/\"]}]}<\/script>\n<!-- \/ Yoast SEO plugin. -->","yoast_head_json":{"title":"Coupleur pneumatique industriel de type D \u00e0 filetage femelle avec fermeture automatique - Dixon - Int\u00e9grateur OEM pour le Canada | NXT Process","robots":{"index":"index","follow":"follow","max-snippet":"max-snippet:-1","max-image-preview":"max-image-preview:large","max-video-preview":"max-video-preview:-1"},"canonical":"https:\/\/www.nxtprocess.com\/fr\/shop\/distribution-fr\/composants\/materiel-industriel\/coupleur-femelle-filete-pneumatique-industriel-de-type-d-avec-fermeture-automatique\/","og_locale":"fr_FR","og_type":"article","og_title":"Coupleur pneumatique industriel de type D \u00e0 filetage femelle avec fermeture automatique - Dixon - Int\u00e9grateur OEM pour le Canada | NXT Process","og_description":"Avantages Facilite une connexion et une d\u00e9connexion rapides, id\u00e9al pour les applications n\u00e9cessitant un acc\u00e8s fr\u00e9quent \u00e0 la ligne. Compatible avec tous les connecteurs et prises industriels de m\u00eame taille de couplage, assurant une polyvalence ind\u00e9pendamment de la taille du tuyau ou du diam\u00e8tre int\u00e9rieur du tuyau flexible. Connus sous le nom de couplages \u00e0 [&hellip;]","og_url":"https:\/\/www.nxtprocess.com\/fr\/shop\/distribution-fr\/composants\/materiel-industriel\/coupleur-femelle-filete-pneumatique-industriel-de-type-d-avec-fermeture-automatique\/","og_site_name":"NXT Process","article_publisher":"https:\/\/www.facebook.com\/people\/NXT-Process\/61560023431243\/","article_modified_time":"2025-10-22T11:43:17+00:00","og_image":[{"width":1392,"height":1392,"url":"http:\/\/www.nxtprocess.com\/wp-content\/uploads\/2025\/07\/D-Type-Industrial-Pneumatic-Female-Threaded-Coupler-with-Automatic-Close-Dixon.jpg","type":"image\/jpeg"}],"twitter_card":"summary_large_image","twitter_misc":{"Dur\u00e9e de lecture estim\u00e9e":"2 minutes"},"schema":{"@context":"https:\/\/schema.org","@graph":[{"@type":"WebPage","@id":"https:\/\/www.nxtprocess.com\/fr\/shop\/distribution-fr\/composants\/materiel-industriel\/coupleur-femelle-filete-pneumatique-industriel-de-type-d-avec-fermeture-automatique\/","url":"https:\/\/www.nxtprocess.com\/fr\/shop\/distribution-fr\/composants\/materiel-industriel\/coupleur-femelle-filete-pneumatique-industriel-de-type-d-avec-fermeture-automatique\/","name":"Coupleur pneumatique industriel de type D \u00e0 filetage femelle avec fermeture automatique - Dixon - Int\u00e9grateur OEM pour le Canada | NXT Process","isPartOf":{"@id":"https:\/\/www.nxtprocess.com\/#website"},"primaryImageOfPage":{"@id":"https:\/\/www.nxtprocess.com\/fr\/shop\/distribution-fr\/composants\/materiel-industriel\/coupleur-femelle-filete-pneumatique-industriel-de-type-d-avec-fermeture-automatique\/#primaryimage"},"image":{"@id":"https:\/\/www.nxtprocess.com\/fr\/shop\/distribution-fr\/composants\/materiel-industriel\/coupleur-femelle-filete-pneumatique-industriel-de-type-d-avec-fermeture-automatique\/#primaryimage"},"thumbnailUrl":"https:\/\/www.nxtprocess.com\/wp-content\/uploads\/2025\/07\/D-Type-Industrial-Pneumatic-Female-Threaded-Coupler-with-Automatic-Close-Dixon.jpg","datePublished":"2025-08-04T10:28:29+00:00","dateModified":"2025-10-22T11:43:17+00:00","breadcrumb":{"@id":"https:\/\/www.nxtprocess.com\/fr\/shop\/distribution-fr\/composants\/materiel-industriel\/coupleur-femelle-filete-pneumatique-industriel-de-type-d-avec-fermeture-automatique\/#breadcrumb"},"inLanguage":"fr-FR","potentialAction":[{"@type":"ReadAction","target":["https:\/\/www.nxtprocess.com\/fr\/shop\/distribution-fr\/composants\/materiel-industriel\/coupleur-femelle-filete-pneumatique-industriel-de-type-d-avec-fermeture-automatique\/"]}]},{"@type":"ImageObject","inLanguage":"fr-FR","@id":"https:\/\/www.nxtprocess.com\/fr\/shop\/distribution-fr\/composants\/materiel-industriel\/coupleur-femelle-filete-pneumatique-industriel-de-type-d-avec-fermeture-automatique\/#primaryimage","url":"https:\/\/www.nxtprocess.com\/wp-content\/uploads\/2025\/07\/D-Type-Industrial-Pneumatic-Female-Threaded-Coupler-with-Automatic-Close-Dixon.jpg","contentUrl":"https:\/\/www.nxtprocess.com\/wp-content\/uploads\/2025\/07\/D-Type-Industrial-Pneumatic-Female-Threaded-Coupler-with-Automatic-Close-Dixon.jpg","width":1392,"height":1392},{"@type":"BreadcrumbList","@id":"https:\/\/www.nxtprocess.com\/fr\/shop\/distribution-fr\/composants\/materiel-industriel\/coupleur-femelle-filete-pneumatique-industriel-de-type-d-avec-fermeture-automatique\/#breadcrumb","itemListElement":[{"@type":"ListItem","position":1,"name":"Home","item":"https:\/\/www.nxtprocess.com\/fr\/"},{"@type":"ListItem","position":2,"name":"Boutique","item":"https:\/\/www.nxtprocess.com\/fr\/boutique\/"},{"@type":"ListItem","position":3,"name":"Coupleur pneumatique industriel type D \u00e0 filetage femelle avec fermeture automatique &#8211; Dixon"}]},{"@type":"WebSite","@id":"https:\/\/www.nxtprocess.com\/#website","url":"https:\/\/www.nxtprocess.com\/","name":"NXT Process","description":"Optimizing your future, one liquid process at a time","publisher":{"@id":"https:\/\/www.nxtprocess.com\/#organization"},"potentialAction":[{"@type":"SearchAction","target":{"@type":"EntryPoint","urlTemplate":"https:\/\/www.nxtprocess.com\/?s={search_term_string}"},"query-input":{"@type":"PropertyValueSpecification","valueRequired":true,"valueName":"search_term_string"}}],"inLanguage":"fr-FR"},{"@type":"Organization","@id":"https:\/\/www.nxtprocess.com\/#organization","name":"Processus NXT","url":"https:\/\/www.nxtprocess.com\/","logo":{"@type":"ImageObject","inLanguage":"fr-FR","@id":"https:\/\/www.nxtprocess.com\/#\/schema\/logo\/image\/","url":"http:\/\/www.nxtprocess.com\/wp-content\/uploads\/2025\/06\/Screenshot_1.png","contentUrl":"http:\/\/www.nxtprocess.com\/wp-content\/uploads\/2025\/06\/Screenshot_1.png","width":255,"height":186,"caption":"Processus NXT"},"image":{"@id":"https:\/\/www.nxtprocess.com\/#\/schema\/logo\/image\/"},"sameAs":["https:\/\/www.facebook.com\/people\/NXT-Process\/61560023431243\/","https:\/\/www.linkedin.com\/company\/11569305\/"]}]}},"_links":{"self":[{"href":"https:\/\/www.nxtprocess.com\/fr\/wp-json\/wp\/v2\/product\/43862","targetHints":{"allow":["GET"]}}],"collection":[{"href":"https:\/\/www.nxtprocess.com\/fr\/wp-json\/wp\/v2\/product"}],"about":[{"href":"https:\/\/www.nxtprocess.com\/fr\/wp-json\/wp\/v2\/types\/product"}],"wp:featuredmedia":[{"embeddable":true,"href":"https:\/\/www.nxtprocess.com\/fr\/wp-json\/wp\/v2\/media\/25321"}],"wp:attachment":[{"href":"https:\/\/www.nxtprocess.com\/fr\/wp-json\/wp\/v2\/media?parent=43862"}],"wp:term":[{"taxonomy":"product_cat","embeddable":true,"href":"https:\/\/www.nxtprocess.com\/fr\/wp-json\/wp\/v2\/product_cat?post=43862"},{"taxonomy":"product_tag","embeddable":true,"href":"https:\/\/www.nxtprocess.com\/fr\/wp-json\/wp\/v2\/product_tag?post=43862"}],"curies":[{"name":"wp","href":"https:\/\/api.w.org\/{rel}","templated":true}]}}