{"id":44053,"date":"2025-08-04T10:34:07","date_gmt":"2025-08-04T10:34:07","guid":{"rendered":"https:\/\/www.nxtprocess.com\/product\/jax-purgel-klear\/"},"modified":"2025-10-22T11:49:32","modified_gmt":"2025-10-22T11:49:32","slug":"jax-purgel-klear","status":"publish","type":"product","link":"https:\/\/www.nxtprocess.com\/fr\/shop\/distribution-fr\/composants\/outils-industriels\/jax-purgel-klear\/","title":{"rendered":"Jax PurGel klear &#8211; Dixon"},"content":{"rendered":"<h6><strong>Avantages :<\/strong><\/h6>\n<ul>\n<li>Id\u00e9al pour l&#8217;assemblage, comme barri\u00e8re ou pour les applications de d\u00e9moulage, notamment pour fixer les joints toriques, les joints d&#8217;\u00e9tanch\u00e9it\u00e9, et pour rev\u00eatir les lames de coupe ou les vis sans fin.<\/li>\n<\/ul>\n<h6><strong>D\u00e9tails du produit :<\/strong><\/h6>\n<ul>\n<li>Conforme \u00e0 la FDA 21 CFR Partie 172, permettant l&#8217;ajout direct aux aliments destin\u00e9s \u00e0 la consommation humaine, et \u00e0 la Partie 178, concernant les additifs alimentaires indirects.<\/li>\n<li>Con\u00e7u comme un p\u00e9trolatum blanc pur, approuv\u00e9 par la FDA et casher, adapt\u00e9 \u00e0 une utilisation comme agent de d\u00e9moulage.<\/li>\n<\/ul>\n","protected":false},"excerpt":{"rendered":"<p>Avantages : Id\u00e9al pour l&#8217;assemblage, comme barri\u00e8re ou pour les applications de d\u00e9moulage, notamment pour fixer les joints toriques, les joints d&#8217;\u00e9tanch\u00e9it\u00e9, et pour rev\u00eatir les lames de coupe ou les vis sans fin. D\u00e9tails du produit : Conforme \u00e0 la FDA 21 CFR Partie 172, permettant l&#8217;ajout direct aux aliments destin\u00e9s \u00e0 la consommation [&hellip;]<\/p>\n","protected":false},"featured_media":25911,"template":"","meta":{"_acf_changed":false},"product_cat":[163,5735,231],"product_tag":[],"class_list":{"0":"post-44053","1":"product","2":"type-product","3":"status-publish","4":"has-post-thumbnail","6":"product_brand-dixon-fr","7":"product_cat-distribution-fr","8":"product_cat-outils-industriels","9":"product_cat-composants","10":"pa_title-default-title-fr","12":"first","13":"instock","14":"taxable","15":"shipping-taxable","16":"purchasable","17":"product-type-simple"},"acf":[],"yoast_head":"<!-- This site is optimized with the Yoast SEO plugin v27.5 - https:\/\/yoast.com\/product\/yoast-seo-wordpress\/ -->\n<title>Jax PurGel klear - Dixon - Int\u00e9grateur OEM pour le Canada | NXT process<\/title>\n<meta name=\"robots\" content=\"index, follow, max-snippet:-1, max-image-preview:large, max-video-preview:-1\" \/>\n<link rel=\"canonical\" href=\"https:\/\/www.nxtprocess.com\/fr\/shop\/distribution-fr\/composants\/outils-industriels\/jax-purgel-klear\/\" \/>\n<meta property=\"og:locale\" content=\"fr_FR\" \/>\n<meta property=\"og:type\" content=\"article\" \/>\n<meta property=\"og:title\" content=\"Jax PurGel klear - Dixon - Int\u00e9grateur OEM pour le Canada | NXT process\" \/>\n<meta property=\"og:description\" content=\"Avantages : Id\u00e9al pour l&#8217;assemblage, comme barri\u00e8re ou pour les applications de d\u00e9moulage, notamment pour fixer les joints toriques, les joints d&#8217;\u00e9tanch\u00e9it\u00e9, et pour rev\u00eatir les lames de coupe ou les vis sans fin. D\u00e9tails du produit : Conforme \u00e0 la FDA 21 CFR Partie 172, permettant l&#8217;ajout direct aux aliments destin\u00e9s \u00e0 la consommation [&hellip;]\" \/>\n<meta property=\"og:url\" content=\"https:\/\/www.nxtprocess.com\/fr\/shop\/distribution-fr\/composants\/outils-industriels\/jax-purgel-klear\/\" \/>\n<meta property=\"og:site_name\" content=\"NXT Process\" \/>\n<meta property=\"article:publisher\" content=\"https:\/\/www.facebook.com\/people\/NXT-Process\/61560023431243\/\" \/>\n<meta property=\"article:modified_time\" content=\"2025-10-22T11:49:32+00:00\" \/>\n<meta property=\"og:image\" content=\"http:\/\/www.nxtprocess.com\/wp-content\/uploads\/2025\/07\/Jax-PurGel-Klear-Dixon.jpg\" \/>\n\t<meta property=\"og:image:width\" content=\"584\" \/>\n\t<meta property=\"og:image:height\" content=\"584\" \/>\n\t<meta property=\"og:image:type\" content=\"image\/jpeg\" \/>\n<meta name=\"twitter:card\" content=\"summary_large_image\" \/>\n<script type=\"application\/ld+json\" class=\"yoast-schema-graph\">{\"@context\":\"https:\\\/\\\/schema.org\",\"@graph\":[{\"@type\":\"WebPage\",\"@id\":\"https:\\\/\\\/www.nxtprocess.com\\\/fr\\\/shop\\\/distribution-fr\\\/composants\\\/outils-industriels\\\/jax-purgel-klear\\\/\",\"url\":\"https:\\\/\\\/www.nxtprocess.com\\\/fr\\\/shop\\\/distribution-fr\\\/composants\\\/outils-industriels\\\/jax-purgel-klear\\\/\",\"name\":\"Jax PurGel klear - Dixon - Int\u00e9grateur OEM pour le Canada | NXT process\",\"isPartOf\":{\"@id\":\"https:\\\/\\\/www.nxtprocess.com\\\/#website\"},\"primaryImageOfPage\":{\"@id\":\"https:\\\/\\\/www.nxtprocess.com\\\/fr\\\/shop\\\/distribution-fr\\\/composants\\\/outils-industriels\\\/jax-purgel-klear\\\/#primaryimage\"},\"image\":{\"@id\":\"https:\\\/\\\/www.nxtprocess.com\\\/fr\\\/shop\\\/distribution-fr\\\/composants\\\/outils-industriels\\\/jax-purgel-klear\\\/#primaryimage\"},\"thumbnailUrl\":\"https:\\\/\\\/www.nxtprocess.com\\\/wp-content\\\/uploads\\\/2025\\\/07\\\/Jax-PurGel-Klear-Dixon.jpg\",\"datePublished\":\"2025-08-04T10:34:07+00:00\",\"dateModified\":\"2025-10-22T11:49:32+00:00\",\"breadcrumb\":{\"@id\":\"https:\\\/\\\/www.nxtprocess.com\\\/fr\\\/shop\\\/distribution-fr\\\/composants\\\/outils-industriels\\\/jax-purgel-klear\\\/#breadcrumb\"},\"inLanguage\":\"fr-FR\",\"potentialAction\":[{\"@type\":\"ReadAction\",\"target\":[\"https:\\\/\\\/www.nxtprocess.com\\\/fr\\\/shop\\\/distribution-fr\\\/composants\\\/outils-industriels\\\/jax-purgel-klear\\\/\"]}]},{\"@type\":\"ImageObject\",\"inLanguage\":\"fr-FR\",\"@id\":\"https:\\\/\\\/www.nxtprocess.com\\\/fr\\\/shop\\\/distribution-fr\\\/composants\\\/outils-industriels\\\/jax-purgel-klear\\\/#primaryimage\",\"url\":\"https:\\\/\\\/www.nxtprocess.com\\\/wp-content\\\/uploads\\\/2025\\\/07\\\/Jax-PurGel-Klear-Dixon.jpg\",\"contentUrl\":\"https:\\\/\\\/www.nxtprocess.com\\\/wp-content\\\/uploads\\\/2025\\\/07\\\/Jax-PurGel-Klear-Dixon.jpg\",\"width\":584,\"height\":584},{\"@type\":\"BreadcrumbList\",\"@id\":\"https:\\\/\\\/www.nxtprocess.com\\\/fr\\\/shop\\\/distribution-fr\\\/composants\\\/outils-industriels\\\/jax-purgel-klear\\\/#breadcrumb\",\"itemListElement\":[{\"@type\":\"ListItem\",\"position\":1,\"name\":\"Home\",\"item\":\"https:\\\/\\\/www.nxtprocess.com\\\/fr\\\/\"},{\"@type\":\"ListItem\",\"position\":2,\"name\":\"Boutique\",\"item\":\"https:\\\/\\\/www.nxtprocess.com\\\/fr\\\/boutique\\\/\"},{\"@type\":\"ListItem\",\"position\":3,\"name\":\"Jax PurGel klear &#8211; Dixon\"}]},{\"@type\":\"WebSite\",\"@id\":\"https:\\\/\\\/www.nxtprocess.com\\\/#website\",\"url\":\"https:\\\/\\\/www.nxtprocess.com\\\/\",\"name\":\"NXT Process\",\"description\":\"Optimizing your future, one liquid process at a time\",\"publisher\":{\"@id\":\"https:\\\/\\\/www.nxtprocess.com\\\/#organization\"},\"potentialAction\":[{\"@type\":\"SearchAction\",\"target\":{\"@type\":\"EntryPoint\",\"urlTemplate\":\"https:\\\/\\\/www.nxtprocess.com\\\/?s={search_term_string}\"},\"query-input\":{\"@type\":\"PropertyValueSpecification\",\"valueRequired\":true,\"valueName\":\"search_term_string\"}}],\"inLanguage\":\"fr-FR\"},{\"@type\":\"Organization\",\"@id\":\"https:\\\/\\\/www.nxtprocess.com\\\/#organization\",\"name\":\"Processus NXT\",\"url\":\"https:\\\/\\\/www.nxtprocess.com\\\/\",\"logo\":{\"@type\":\"ImageObject\",\"inLanguage\":\"fr-FR\",\"@id\":\"https:\\\/\\\/www.nxtprocess.com\\\/#\\\/schema\\\/logo\\\/image\\\/\",\"url\":\"http:\\\/\\\/www.nxtprocess.com\\\/wp-content\\\/uploads\\\/2025\\\/06\\\/Screenshot_1.png\",\"contentUrl\":\"http:\\\/\\\/www.nxtprocess.com\\\/wp-content\\\/uploads\\\/2025\\\/06\\\/Screenshot_1.png\",\"width\":255,\"height\":186,\"caption\":\"Processus NXT\"},\"image\":{\"@id\":\"https:\\\/\\\/www.nxtprocess.com\\\/#\\\/schema\\\/logo\\\/image\\\/\"},\"sameAs\":[\"https:\\\/\\\/www.facebook.com\\\/people\\\/NXT-Process\\\/61560023431243\\\/\",\"https:\\\/\\\/www.linkedin.com\\\/company\\\/11569305\\\/\"]}]}<\/script>\n<!-- \/ Yoast SEO plugin. -->","yoast_head_json":{"title":"Jax PurGel klear - Dixon - Int\u00e9grateur OEM pour le Canada | NXT process","robots":{"index":"index","follow":"follow","max-snippet":"max-snippet:-1","max-image-preview":"max-image-preview:large","max-video-preview":"max-video-preview:-1"},"canonical":"https:\/\/www.nxtprocess.com\/fr\/shop\/distribution-fr\/composants\/outils-industriels\/jax-purgel-klear\/","og_locale":"fr_FR","og_type":"article","og_title":"Jax PurGel klear - Dixon - Int\u00e9grateur OEM pour le Canada | NXT process","og_description":"Avantages : Id\u00e9al pour l&#8217;assemblage, comme barri\u00e8re ou pour les applications de d\u00e9moulage, notamment pour fixer les joints toriques, les joints d&#8217;\u00e9tanch\u00e9it\u00e9, et pour rev\u00eatir les lames de coupe ou les vis sans fin. D\u00e9tails du produit : Conforme \u00e0 la FDA 21 CFR Partie 172, permettant l&#8217;ajout direct aux aliments destin\u00e9s \u00e0 la consommation [&hellip;]","og_url":"https:\/\/www.nxtprocess.com\/fr\/shop\/distribution-fr\/composants\/outils-industriels\/jax-purgel-klear\/","og_site_name":"NXT Process","article_publisher":"https:\/\/www.facebook.com\/people\/NXT-Process\/61560023431243\/","article_modified_time":"2025-10-22T11:49:32+00:00","og_image":[{"width":584,"height":584,"url":"http:\/\/www.nxtprocess.com\/wp-content\/uploads\/2025\/07\/Jax-PurGel-Klear-Dixon.jpg","type":"image\/jpeg"}],"twitter_card":"summary_large_image","schema":{"@context":"https:\/\/schema.org","@graph":[{"@type":"WebPage","@id":"https:\/\/www.nxtprocess.com\/fr\/shop\/distribution-fr\/composants\/outils-industriels\/jax-purgel-klear\/","url":"https:\/\/www.nxtprocess.com\/fr\/shop\/distribution-fr\/composants\/outils-industriels\/jax-purgel-klear\/","name":"Jax PurGel klear - Dixon - Int\u00e9grateur OEM pour le Canada | NXT process","isPartOf":{"@id":"https:\/\/www.nxtprocess.com\/#website"},"primaryImageOfPage":{"@id":"https:\/\/www.nxtprocess.com\/fr\/shop\/distribution-fr\/composants\/outils-industriels\/jax-purgel-klear\/#primaryimage"},"image":{"@id":"https:\/\/www.nxtprocess.com\/fr\/shop\/distribution-fr\/composants\/outils-industriels\/jax-purgel-klear\/#primaryimage"},"thumbnailUrl":"https:\/\/www.nxtprocess.com\/wp-content\/uploads\/2025\/07\/Jax-PurGel-Klear-Dixon.jpg","datePublished":"2025-08-04T10:34:07+00:00","dateModified":"2025-10-22T11:49:32+00:00","breadcrumb":{"@id":"https:\/\/www.nxtprocess.com\/fr\/shop\/distribution-fr\/composants\/outils-industriels\/jax-purgel-klear\/#breadcrumb"},"inLanguage":"fr-FR","potentialAction":[{"@type":"ReadAction","target":["https:\/\/www.nxtprocess.com\/fr\/shop\/distribution-fr\/composants\/outils-industriels\/jax-purgel-klear\/"]}]},{"@type":"ImageObject","inLanguage":"fr-FR","@id":"https:\/\/www.nxtprocess.com\/fr\/shop\/distribution-fr\/composants\/outils-industriels\/jax-purgel-klear\/#primaryimage","url":"https:\/\/www.nxtprocess.com\/wp-content\/uploads\/2025\/07\/Jax-PurGel-Klear-Dixon.jpg","contentUrl":"https:\/\/www.nxtprocess.com\/wp-content\/uploads\/2025\/07\/Jax-PurGel-Klear-Dixon.jpg","width":584,"height":584},{"@type":"BreadcrumbList","@id":"https:\/\/www.nxtprocess.com\/fr\/shop\/distribution-fr\/composants\/outils-industriels\/jax-purgel-klear\/#breadcrumb","itemListElement":[{"@type":"ListItem","position":1,"name":"Home","item":"https:\/\/www.nxtprocess.com\/fr\/"},{"@type":"ListItem","position":2,"name":"Boutique","item":"https:\/\/www.nxtprocess.com\/fr\/boutique\/"},{"@type":"ListItem","position":3,"name":"Jax PurGel klear &#8211; Dixon"}]},{"@type":"WebSite","@id":"https:\/\/www.nxtprocess.com\/#website","url":"https:\/\/www.nxtprocess.com\/","name":"NXT Process","description":"Optimizing your future, one liquid process at a time","publisher":{"@id":"https:\/\/www.nxtprocess.com\/#organization"},"potentialAction":[{"@type":"SearchAction","target":{"@type":"EntryPoint","urlTemplate":"https:\/\/www.nxtprocess.com\/?s={search_term_string}"},"query-input":{"@type":"PropertyValueSpecification","valueRequired":true,"valueName":"search_term_string"}}],"inLanguage":"fr-FR"},{"@type":"Organization","@id":"https:\/\/www.nxtprocess.com\/#organization","name":"Processus NXT","url":"https:\/\/www.nxtprocess.com\/","logo":{"@type":"ImageObject","inLanguage":"fr-FR","@id":"https:\/\/www.nxtprocess.com\/#\/schema\/logo\/image\/","url":"http:\/\/www.nxtprocess.com\/wp-content\/uploads\/2025\/06\/Screenshot_1.png","contentUrl":"http:\/\/www.nxtprocess.com\/wp-content\/uploads\/2025\/06\/Screenshot_1.png","width":255,"height":186,"caption":"Processus NXT"},"image":{"@id":"https:\/\/www.nxtprocess.com\/#\/schema\/logo\/image\/"},"sameAs":["https:\/\/www.facebook.com\/people\/NXT-Process\/61560023431243\/","https:\/\/www.linkedin.com\/company\/11569305\/"]}]}},"_links":{"self":[{"href":"https:\/\/www.nxtprocess.com\/fr\/wp-json\/wp\/v2\/product\/44053","targetHints":{"allow":["GET"]}}],"collection":[{"href":"https:\/\/www.nxtprocess.com\/fr\/wp-json\/wp\/v2\/product"}],"about":[{"href":"https:\/\/www.nxtprocess.com\/fr\/wp-json\/wp\/v2\/types\/product"}],"wp:featuredmedia":[{"embeddable":true,"href":"https:\/\/www.nxtprocess.com\/fr\/wp-json\/wp\/v2\/media\/25911"}],"wp:attachment":[{"href":"https:\/\/www.nxtprocess.com\/fr\/wp-json\/wp\/v2\/media?parent=44053"}],"wp:term":[{"taxonomy":"product_cat","embeddable":true,"href":"https:\/\/www.nxtprocess.com\/fr\/wp-json\/wp\/v2\/product_cat?post=44053"},{"taxonomy":"product_tag","embeddable":true,"href":"https:\/\/www.nxtprocess.com\/fr\/wp-json\/wp\/v2\/product_tag?post=44053"}],"curies":[{"name":"wp","href":"https:\/\/api.w.org\/{rel}","templated":true}]}}