{"id":55860,"date":"2025-10-10T09:30:32","date_gmt":"2025-10-10T09:30:32","guid":{"rendered":"https:\/\/www.nxtprocess.com\/shop\/non%20class\u00e9\/m12-4-broches-5-metres-droit-droit\/"},"modified":"2025-10-22T11:53:06","modified_gmt":"2025-10-22T11:53:06","slug":"m12-4-broches-5-metres-droit-droit","status":"publish","type":"product","link":"https:\/\/www.nxtprocess.com\/fr\/shop\/distribution-fr\/technologie-de-connexion\/cables-de-liaison\/m12-4-broches-5-metres-droit-droit\/","title":{"rendered":"M12 4 broches 5 m\u00e8tres, droit\/droit \u2013 ifm"},"content":{"rendered":"<h6><strong>IFM EVC014 \u2014 C\u00e2ble capteur\/actionneur M12 4 broches, 5 m, droit-droit<\/strong><\/h6>\n<p>Con\u00e7u pour l&#8217;automatisation industrielle, l&#8217;IFM EVC014 connecte les capteurs, les actionneurs et les syst\u00e8mes de vannes aux modules E\/S et aux API avec une int\u00e9grit\u00e9 fiable des signaux et de l&#8217;alimentation. Ce cordon de 5 m\u00e8tres, M12 4 broches avec connecteurs droits aux deux extr\u00e9mit\u00e9s est con\u00e7u pour les environnements difficiles courants dans l&#8217;usinage, les processus avec fluide de refroidissement et les sc\u00e9narios de montage intensif. <\/p>\n<h6><strong>Principaux avantages<\/strong><\/h6>\n<ul>\n<li>R\u00e9siste aux huiles et aux liquides de refroidissement pour une longue dur\u00e9e de vie dans les machines-outils et les lignes de production<\/li>\n<li>Joint \u00e9tanche sans outil maintient l&#8217;int\u00e9grit\u00e9 du bo\u00eetier pendant l&#8217;installation<\/li>\n<li>Indice de protection \u00e9lev\u00e9 contre les infiltrations adapt\u00e9 aux conditions industrielles exigeantes<\/li>\n<li>Bague de couplage verrouillable att\u00e9nue le desserrage d\u00fb aux vibrations et aux chocs<\/li>\n<li>But\u00e9e m\u00e9canique prot\u00e8ge le joint torique pour \u00e9viter les dommages et les fuites<\/li>\n<li>Connectivit\u00e9 stable des capteurs\/actionneurs pour un contr\u00f4le et un diagnostic fiables<\/li>\n<\/ul>\n<h6><strong>D\u00e9tails du produit<\/strong><\/h6>\n<ul>\n<li>Marque\/Mod\u00e8le : IFM EVC014<\/li>\n<li>Fonction : C\u00e2ble de connexion capteur\/actionneur pour l&#8217;automatisation et les collecteurs de vannes<\/li>\n<li>Interface : M12, 4 broches, connecteurs droits (aux deux extr\u00e9mit\u00e9s)<\/li>\n<li>Longueur : 5 m\u00e8tres<\/li>\n<li>Environnement : R\u00e9sistant aux huiles\/liquides de refroidissement, conception anti-vibrations et anti-chocs<\/li>\n<li>\u00c9tanch\u00e9it\u00e9 : Assemblage sans outil avec joint torique prot\u00e9g\u00e9 et m\u00e9canisme de verrouillage s\u00e9curis\u00e9<\/li>\n<li>Cas d&#8217;utilisation : Capteurs, actionneurs, syst\u00e8mes de vannes, blocs E\/S, armoires API, lignes d&#8217;assemblage<\/li>\n<\/ul>\n<p>Comptez sur l&#8217;EVC014 pour une connectivit\u00e9 robuste et reproductible qui s&#8217;int\u00e8gre parfaitement dans les architectures modernes d&#8217;automatisation et de contr\u00f4le.<\/p>\n","protected":false},"excerpt":{"rendered":"<p>&#8211; R\u00e9sistant aux huiles et aux liquides de refroidissement<br \/>\n&#8211; Assure un joint permanent et fiable, m\u00eame lorsqu&#8217;il est install\u00e9 sans outils<br \/>\n&#8211; Indice de protection \u00e9lev\u00e9 pour les environnements industriels difficiles<br \/>\n&#8211; R\u00e9sistance aux vibrations et aux chocs gr\u00e2ce \u00e0 un anneau de couplage verrouillable<br \/>\n&#8211; La but\u00e9e m\u00e9canique prot\u00e8ge le joint torique contre les dommages<\/p>\n","protected":false},"featured_media":55082,"template":"","meta":{"_acf_changed":false},"product_cat":[6219,163],"product_tag":[],"class_list":{"0":"post-55860","1":"product","2":"type-product","3":"status-publish","4":"has-post-thumbnail","6":"product_brand-ifm-fr","7":"product_cat-cables-de-liaison","8":"product_cat-distribution-fr","10":"first","11":"instock","12":"downloadable","13":"taxable","14":"shipping-taxable","15":"purchasable","16":"product-type-simple"},"acf":[],"yoast_head":"<!-- This site is optimized with the Yoast SEO plugin v27.5 - https:\/\/yoast.com\/product\/yoast-seo-wordpress\/ -->\n<title>M12 4 broches 5 m\u00e8tres, droit\/droit \u2013 ifm | NXT Process<\/title>\n<meta name=\"robots\" content=\"index, follow, max-snippet:-1, max-image-preview:large, max-video-preview:-1\" \/>\n<link rel=\"canonical\" href=\"https:\/\/www.nxtprocess.com\/fr\/shop\/distribution-fr\/technologie-de-connexion\/cables-de-liaison\/m12-4-broches-5-metres-droit-droit\/\" \/>\n<meta property=\"og:locale\" content=\"fr_FR\" \/>\n<meta property=\"og:type\" content=\"article\" \/>\n<meta property=\"og:title\" content=\"M12 4 broches 5 m\u00e8tres, droit\/droit \u2013 ifm | NXT Process\" \/>\n<meta property=\"og:description\" content=\"- R\u00e9sistant aux huiles et aux liquides de refroidissement - Assure un joint permanent et fiable, m\u00eame lorsqu&#039;il est install\u00e9 sans outils - Indice de protection \u00e9lev\u00e9 pour les environnements industriels difficiles - R\u00e9sistance aux vibrations et aux chocs gr\u00e2ce \u00e0 un anneau de couplage verrouillable - La but\u00e9e m\u00e9canique prot\u00e8ge le joint torique contre les dommages\" \/>\n<meta property=\"og:url\" content=\"https:\/\/www.nxtprocess.com\/fr\/shop\/distribution-fr\/technologie-de-connexion\/cables-de-liaison\/m12-4-broches-5-metres-droit-droit\/\" \/>\n<meta property=\"og:site_name\" content=\"NXT Process\" \/>\n<meta property=\"article:publisher\" content=\"https:\/\/www.facebook.com\/people\/NXT-Process\/61560023431243\/\" \/>\n<meta property=\"article:modified_time\" content=\"2025-10-22T11:53:06+00:00\" \/>\n<meta property=\"og:image\" content=\"http:\/\/www.nxtprocess.com\/wp-content\/uploads\/2025\/10\/EVC014.jpg\" \/>\n\t<meta property=\"og:image:width\" content=\"1500\" \/>\n\t<meta property=\"og:image:height\" content=\"1500\" \/>\n\t<meta property=\"og:image:type\" content=\"image\/jpeg\" \/>\n<meta name=\"twitter:card\" content=\"summary_large_image\" \/>\n<meta name=\"twitter:label1\" content=\"Dur\u00e9e de lecture estim\u00e9e\" \/>\n\t<meta name=\"twitter:data1\" content=\"1 minute\" \/>\n<script type=\"application\/ld+json\" class=\"yoast-schema-graph\">{\"@context\":\"https:\\\/\\\/schema.org\",\"@graph\":[{\"@type\":\"WebPage\",\"@id\":\"https:\\\/\\\/www.nxtprocess.com\\\/fr\\\/shop\\\/distribution-fr\\\/technologie-de-connexion\\\/cables-de-liaison\\\/m12-4-broches-5-metres-droit-droit\\\/\",\"url\":\"https:\\\/\\\/www.nxtprocess.com\\\/fr\\\/shop\\\/distribution-fr\\\/technologie-de-connexion\\\/cables-de-liaison\\\/m12-4-broches-5-metres-droit-droit\\\/\",\"name\":\"M12 4 broches 5 m\u00e8tres, droit\\\/droit \u2013 ifm | NXT Process\",\"isPartOf\":{\"@id\":\"https:\\\/\\\/www.nxtprocess.com\\\/#website\"},\"primaryImageOfPage\":{\"@id\":\"https:\\\/\\\/www.nxtprocess.com\\\/fr\\\/shop\\\/distribution-fr\\\/technologie-de-connexion\\\/cables-de-liaison\\\/m12-4-broches-5-metres-droit-droit\\\/#primaryimage\"},\"image\":{\"@id\":\"https:\\\/\\\/www.nxtprocess.com\\\/fr\\\/shop\\\/distribution-fr\\\/technologie-de-connexion\\\/cables-de-liaison\\\/m12-4-broches-5-metres-droit-droit\\\/#primaryimage\"},\"thumbnailUrl\":\"https:\\\/\\\/www.nxtprocess.com\\\/wp-content\\\/uploads\\\/2025\\\/10\\\/EVC014.jpg\",\"datePublished\":\"2025-10-10T09:30:32+00:00\",\"dateModified\":\"2025-10-22T11:53:06+00:00\",\"breadcrumb\":{\"@id\":\"https:\\\/\\\/www.nxtprocess.com\\\/fr\\\/shop\\\/distribution-fr\\\/technologie-de-connexion\\\/cables-de-liaison\\\/m12-4-broches-5-metres-droit-droit\\\/#breadcrumb\"},\"inLanguage\":\"fr-FR\",\"potentialAction\":[{\"@type\":\"ReadAction\",\"target\":[\"https:\\\/\\\/www.nxtprocess.com\\\/fr\\\/shop\\\/distribution-fr\\\/technologie-de-connexion\\\/cables-de-liaison\\\/m12-4-broches-5-metres-droit-droit\\\/\"]}]},{\"@type\":\"ImageObject\",\"inLanguage\":\"fr-FR\",\"@id\":\"https:\\\/\\\/www.nxtprocess.com\\\/fr\\\/shop\\\/distribution-fr\\\/technologie-de-connexion\\\/cables-de-liaison\\\/m12-4-broches-5-metres-droit-droit\\\/#primaryimage\",\"url\":\"https:\\\/\\\/www.nxtprocess.com\\\/wp-content\\\/uploads\\\/2025\\\/10\\\/EVC014.jpg\",\"contentUrl\":\"https:\\\/\\\/www.nxtprocess.com\\\/wp-content\\\/uploads\\\/2025\\\/10\\\/EVC014.jpg\",\"width\":1500,\"height\":1500},{\"@type\":\"BreadcrumbList\",\"@id\":\"https:\\\/\\\/www.nxtprocess.com\\\/fr\\\/shop\\\/distribution-fr\\\/technologie-de-connexion\\\/cables-de-liaison\\\/m12-4-broches-5-metres-droit-droit\\\/#breadcrumb\",\"itemListElement\":[{\"@type\":\"ListItem\",\"position\":1,\"name\":\"Home\",\"item\":\"https:\\\/\\\/www.nxtprocess.com\\\/fr\\\/\"},{\"@type\":\"ListItem\",\"position\":2,\"name\":\"Boutique\",\"item\":\"https:\\\/\\\/www.nxtprocess.com\\\/fr\\\/boutique\\\/\"},{\"@type\":\"ListItem\",\"position\":3,\"name\":\"M12 4 broches 5 m\u00e8tres, droit\\\/droit \u2013 ifm\"}]},{\"@type\":\"WebSite\",\"@id\":\"https:\\\/\\\/www.nxtprocess.com\\\/#website\",\"url\":\"https:\\\/\\\/www.nxtprocess.com\\\/\",\"name\":\"NXT Process\",\"description\":\"Optimizing your future, one liquid process at a time\",\"publisher\":{\"@id\":\"https:\\\/\\\/www.nxtprocess.com\\\/#organization\"},\"potentialAction\":[{\"@type\":\"SearchAction\",\"target\":{\"@type\":\"EntryPoint\",\"urlTemplate\":\"https:\\\/\\\/www.nxtprocess.com\\\/?s={search_term_string}\"},\"query-input\":{\"@type\":\"PropertyValueSpecification\",\"valueRequired\":true,\"valueName\":\"search_term_string\"}}],\"inLanguage\":\"fr-FR\"},{\"@type\":\"Organization\",\"@id\":\"https:\\\/\\\/www.nxtprocess.com\\\/#organization\",\"name\":\"Processus NXT\",\"url\":\"https:\\\/\\\/www.nxtprocess.com\\\/\",\"logo\":{\"@type\":\"ImageObject\",\"inLanguage\":\"fr-FR\",\"@id\":\"https:\\\/\\\/www.nxtprocess.com\\\/#\\\/schema\\\/logo\\\/image\\\/\",\"url\":\"http:\\\/\\\/www.nxtprocess.com\\\/wp-content\\\/uploads\\\/2025\\\/06\\\/Screenshot_1.png\",\"contentUrl\":\"http:\\\/\\\/www.nxtprocess.com\\\/wp-content\\\/uploads\\\/2025\\\/06\\\/Screenshot_1.png\",\"width\":255,\"height\":186,\"caption\":\"Processus NXT\"},\"image\":{\"@id\":\"https:\\\/\\\/www.nxtprocess.com\\\/#\\\/schema\\\/logo\\\/image\\\/\"},\"sameAs\":[\"https:\\\/\\\/www.facebook.com\\\/people\\\/NXT-Process\\\/61560023431243\\\/\",\"https:\\\/\\\/www.linkedin.com\\\/company\\\/11569305\\\/\"]}]}<\/script>\n<!-- \/ Yoast SEO plugin. -->","yoast_head_json":{"title":"M12 4 broches 5 m\u00e8tres, droit\/droit \u2013 ifm | NXT Process","robots":{"index":"index","follow":"follow","max-snippet":"max-snippet:-1","max-image-preview":"max-image-preview:large","max-video-preview":"max-video-preview:-1"},"canonical":"https:\/\/www.nxtprocess.com\/fr\/shop\/distribution-fr\/technologie-de-connexion\/cables-de-liaison\/m12-4-broches-5-metres-droit-droit\/","og_locale":"fr_FR","og_type":"article","og_title":"M12 4 broches 5 m\u00e8tres, droit\/droit \u2013 ifm | NXT Process","og_description":"- R\u00e9sistant aux huiles et aux liquides de refroidissement - Assure un joint permanent et fiable, m\u00eame lorsqu'il est install\u00e9 sans outils - Indice de protection \u00e9lev\u00e9 pour les environnements industriels difficiles - R\u00e9sistance aux vibrations et aux chocs gr\u00e2ce \u00e0 un anneau de couplage verrouillable - La but\u00e9e m\u00e9canique prot\u00e8ge le joint torique contre les dommages","og_url":"https:\/\/www.nxtprocess.com\/fr\/shop\/distribution-fr\/technologie-de-connexion\/cables-de-liaison\/m12-4-broches-5-metres-droit-droit\/","og_site_name":"NXT Process","article_publisher":"https:\/\/www.facebook.com\/people\/NXT-Process\/61560023431243\/","article_modified_time":"2025-10-22T11:53:06+00:00","og_image":[{"width":1500,"height":1500,"url":"http:\/\/www.nxtprocess.com\/wp-content\/uploads\/2025\/10\/EVC014.jpg","type":"image\/jpeg"}],"twitter_card":"summary_large_image","twitter_misc":{"Dur\u00e9e de lecture estim\u00e9e":"1 minute"},"schema":{"@context":"https:\/\/schema.org","@graph":[{"@type":"WebPage","@id":"https:\/\/www.nxtprocess.com\/fr\/shop\/distribution-fr\/technologie-de-connexion\/cables-de-liaison\/m12-4-broches-5-metres-droit-droit\/","url":"https:\/\/www.nxtprocess.com\/fr\/shop\/distribution-fr\/technologie-de-connexion\/cables-de-liaison\/m12-4-broches-5-metres-droit-droit\/","name":"M12 4 broches 5 m\u00e8tres, droit\/droit \u2013 ifm | NXT Process","isPartOf":{"@id":"https:\/\/www.nxtprocess.com\/#website"},"primaryImageOfPage":{"@id":"https:\/\/www.nxtprocess.com\/fr\/shop\/distribution-fr\/technologie-de-connexion\/cables-de-liaison\/m12-4-broches-5-metres-droit-droit\/#primaryimage"},"image":{"@id":"https:\/\/www.nxtprocess.com\/fr\/shop\/distribution-fr\/technologie-de-connexion\/cables-de-liaison\/m12-4-broches-5-metres-droit-droit\/#primaryimage"},"thumbnailUrl":"https:\/\/www.nxtprocess.com\/wp-content\/uploads\/2025\/10\/EVC014.jpg","datePublished":"2025-10-10T09:30:32+00:00","dateModified":"2025-10-22T11:53:06+00:00","breadcrumb":{"@id":"https:\/\/www.nxtprocess.com\/fr\/shop\/distribution-fr\/technologie-de-connexion\/cables-de-liaison\/m12-4-broches-5-metres-droit-droit\/#breadcrumb"},"inLanguage":"fr-FR","potentialAction":[{"@type":"ReadAction","target":["https:\/\/www.nxtprocess.com\/fr\/shop\/distribution-fr\/technologie-de-connexion\/cables-de-liaison\/m12-4-broches-5-metres-droit-droit\/"]}]},{"@type":"ImageObject","inLanguage":"fr-FR","@id":"https:\/\/www.nxtprocess.com\/fr\/shop\/distribution-fr\/technologie-de-connexion\/cables-de-liaison\/m12-4-broches-5-metres-droit-droit\/#primaryimage","url":"https:\/\/www.nxtprocess.com\/wp-content\/uploads\/2025\/10\/EVC014.jpg","contentUrl":"https:\/\/www.nxtprocess.com\/wp-content\/uploads\/2025\/10\/EVC014.jpg","width":1500,"height":1500},{"@type":"BreadcrumbList","@id":"https:\/\/www.nxtprocess.com\/fr\/shop\/distribution-fr\/technologie-de-connexion\/cables-de-liaison\/m12-4-broches-5-metres-droit-droit\/#breadcrumb","itemListElement":[{"@type":"ListItem","position":1,"name":"Home","item":"https:\/\/www.nxtprocess.com\/fr\/"},{"@type":"ListItem","position":2,"name":"Boutique","item":"https:\/\/www.nxtprocess.com\/fr\/boutique\/"},{"@type":"ListItem","position":3,"name":"M12 4 broches 5 m\u00e8tres, droit\/droit \u2013 ifm"}]},{"@type":"WebSite","@id":"https:\/\/www.nxtprocess.com\/#website","url":"https:\/\/www.nxtprocess.com\/","name":"NXT Process","description":"Optimizing your future, one liquid process at a time","publisher":{"@id":"https:\/\/www.nxtprocess.com\/#organization"},"potentialAction":[{"@type":"SearchAction","target":{"@type":"EntryPoint","urlTemplate":"https:\/\/www.nxtprocess.com\/?s={search_term_string}"},"query-input":{"@type":"PropertyValueSpecification","valueRequired":true,"valueName":"search_term_string"}}],"inLanguage":"fr-FR"},{"@type":"Organization","@id":"https:\/\/www.nxtprocess.com\/#organization","name":"Processus NXT","url":"https:\/\/www.nxtprocess.com\/","logo":{"@type":"ImageObject","inLanguage":"fr-FR","@id":"https:\/\/www.nxtprocess.com\/#\/schema\/logo\/image\/","url":"http:\/\/www.nxtprocess.com\/wp-content\/uploads\/2025\/06\/Screenshot_1.png","contentUrl":"http:\/\/www.nxtprocess.com\/wp-content\/uploads\/2025\/06\/Screenshot_1.png","width":255,"height":186,"caption":"Processus NXT"},"image":{"@id":"https:\/\/www.nxtprocess.com\/#\/schema\/logo\/image\/"},"sameAs":["https:\/\/www.facebook.com\/people\/NXT-Process\/61560023431243\/","https:\/\/www.linkedin.com\/company\/11569305\/"]}]}},"_links":{"self":[{"href":"https:\/\/www.nxtprocess.com\/fr\/wp-json\/wp\/v2\/product\/55860","targetHints":{"allow":["GET"]}}],"collection":[{"href":"https:\/\/www.nxtprocess.com\/fr\/wp-json\/wp\/v2\/product"}],"about":[{"href":"https:\/\/www.nxtprocess.com\/fr\/wp-json\/wp\/v2\/types\/product"}],"wp:featuredmedia":[{"embeddable":true,"href":"https:\/\/www.nxtprocess.com\/fr\/wp-json\/wp\/v2\/media\/55082"}],"wp:attachment":[{"href":"https:\/\/www.nxtprocess.com\/fr\/wp-json\/wp\/v2\/media?parent=55860"}],"wp:term":[{"taxonomy":"product_cat","embeddable":true,"href":"https:\/\/www.nxtprocess.com\/fr\/wp-json\/wp\/v2\/product_cat?post=55860"},{"taxonomy":"product_tag","embeddable":true,"href":"https:\/\/www.nxtprocess.com\/fr\/wp-json\/wp\/v2\/product_tag?post=55860"}],"curies":[{"name":"wp","href":"https:\/\/api.w.org\/{rel}","templated":true}]}}