{"id":55902,"date":"2025-10-10T09:30:31","date_gmt":"2025-10-10T09:30:31","guid":{"rendered":"https:\/\/www.nxtprocess.com\/shop\/non%20class\u00e9\/cable-m8-5m\/"},"modified":"2025-10-22T11:53:07","modified_gmt":"2025-10-22T11:53:07","slug":"cable-m8-5m","status":"publish","type":"product","link":"https:\/\/www.nxtprocess.com\/fr\/shop\/distribution-fr\/technologie-de-connexion\/cables-de-connexion-avec-extremite-de-cable-ouverte-fr\/cable-m8-5m\/","title":{"rendered":"C\u00e2ble M8, 5 m \u2013 ifm"},"content":{"rendered":"<h6><strong>IFM EVC145 \u2013 C\u00e2ble M8, 5 m<br \/>\nc\u00e2ble de connexion capteur\/actionneur<\/strong><\/h6>\n<p>Con\u00e7u pour des t\u00e2ches d&#8217;automatisation exigeantes, le c\u00e2ble IFM EVC145 M8 5m offre une liaison robuste et pr\u00eate \u00e0 l&#8217;emploi entre les capteurs, les actionneurs et les syst\u00e8mes de vannes et vos modules d&#8217;E\/S ou API. Id\u00e9al pour les machines-outils, les cellules d&#8217;assemblage et les environnements riches en liquide de refroidissement, il assure une transmission stable du signal et de l&#8217;alimentation avec un montage rapide et sans outil. <\/p>\n<h6><strong>Principaux avantages<\/strong><\/h6>\n<ul>\n<li>R\u00e9sistant aux huiles et aux liquides de refroidissement pour un fonctionnement fiable dans les environnements de machines et de processus<\/li>\n<li>\u00c9tanch\u00e9it\u00e9 durable et herm\u00e9tique au gaz, m\u00eame lors d&#8217;un serrage manuel &#8211; aucun outil requis<\/li>\n<li>Protection \u00e9lev\u00e9e contre les infiltrations adapt\u00e9e aux conditions industrielles difficiles<\/li>\n<li>R\u00e9sistant aux vibrations et aux chocs gr\u00e2ce \u00e0 un anneau de couplage verrouillable qui emp\u00eache le desserrage<\/li>\n<li>La but\u00e9e m\u00e9canique prot\u00e8ge le joint torique contre la surcompression et les dommages<\/li>\n<\/ul>\n<h6><strong>Aper\u00e7u technique<\/strong><\/h6>\n<ul>\n<li> Interface du connecteur : M8 avec anneau de couplage verrouillable<\/li>\n<li>Longueur du c\u00e2ble : 5 m<\/li>\n<li>\u00c9tanch\u00e9it\u00e9 : joint torique avec but\u00e9e m\u00e9canique pour un assemblage r\u00e9p\u00e9table sans outil<\/li>\n<li>Protection : indice de protection industriel \u00e9lev\u00e9 contre la poussi\u00e8re, les fluides et les projections<\/li>\n<li>R\u00e9sistance environnementale : compatible avec les huiles et les liquides de refroidissement<\/li>\n<li>Application : c\u00e2blage de capteurs, d&#8217;actionneurs et de syst\u00e8mes de vannes ; montage en armoire ou sur machine<\/li>\n<\/ul>\n<p>Comptez sur l&#8217;EVC145 pour une connectivit\u00e9 constante et une int\u00e9gration facile dans les syst\u00e8mes d&#8217;automatisation modernes, minimisant les temps d&#8217;arr\u00eat et assurant un c\u00e2blage de terrain fiable.<\/p>\n","protected":false},"excerpt":{"rendered":"<p>&#8211; R\u00e9sistant aux huiles et aux liquides de refroidissement<br \/>\n&#8211; Assure une \u00e9tanch\u00e9it\u00e9 permanente et fiable m\u00eame avec une installation sans outil<br \/>\n&#8211; Indice de protection \u00e9lev\u00e9 adapt\u00e9 aux environnements industriels difficiles<br \/>\n&#8211; R\u00e9sistant aux vibrations et aux chocs gr\u00e2ce \u00e0 une bague de couplage verrouillable<br \/>\n&#8211; La but\u00e9e m\u00e9canique emp\u00eache l&#8217;endommagement du joint torique<\/p>\n","protected":false},"featured_media":55073,"template":"","meta":{"_acf_changed":false},"product_cat":[6262,163],"product_tag":[],"class_list":{"0":"post-55902","1":"product","2":"type-product","3":"status-publish","4":"has-post-thumbnail","6":"product_brand-ifm-fr","7":"product_cat-cables-de-connexion-avec-extremite-de-cable-ouverte-fr","8":"product_cat-distribution-fr","10":"first","11":"instock","12":"downloadable","13":"taxable","14":"shipping-taxable","15":"purchasable","16":"product-type-simple"},"acf":[],"yoast_head":"<!-- This site is optimized with the Yoast SEO plugin v27.5 - https:\/\/yoast.com\/product\/yoast-seo-wordpress\/ -->\n<title>C\u00e2ble M8, 5 m \u2013 ifm | NXT Process<\/title>\n<meta name=\"robots\" content=\"index, follow, max-snippet:-1, max-image-preview:large, max-video-preview:-1\" \/>\n<link rel=\"canonical\" href=\"https:\/\/www.nxtprocess.com\/fr\/shop\/distribution-fr\/technologie-de-connexion\/cables-de-connexion-avec-extremite-de-cable-ouverte-fr\/cable-m8-5m\/\" \/>\n<meta property=\"og:locale\" content=\"fr_FR\" \/>\n<meta property=\"og:type\" content=\"article\" \/>\n<meta property=\"og:title\" content=\"C\u00e2ble M8, 5 m \u2013 ifm | NXT Process\" \/>\n<meta property=\"og:description\" content=\"- R\u00e9sistant aux huiles et aux liquides de refroidissement - Assure une \u00e9tanch\u00e9it\u00e9 permanente et fiable m\u00eame avec une installation sans outil - Indice de protection \u00e9lev\u00e9 adapt\u00e9 aux environnements industriels difficiles - R\u00e9sistant aux vibrations et aux chocs gr\u00e2ce \u00e0 une bague de couplage verrouillable - La but\u00e9e m\u00e9canique emp\u00eache l&#039;endommagement du joint torique\" \/>\n<meta property=\"og:url\" content=\"https:\/\/www.nxtprocess.com\/fr\/shop\/distribution-fr\/technologie-de-connexion\/cables-de-connexion-avec-extremite-de-cable-ouverte-fr\/cable-m8-5m\/\" \/>\n<meta property=\"og:site_name\" content=\"NXT Process\" \/>\n<meta property=\"article:publisher\" content=\"https:\/\/www.facebook.com\/people\/NXT-Process\/61560023431243\/\" \/>\n<meta property=\"article:modified_time\" content=\"2025-10-22T11:53:07+00:00\" \/>\n<meta property=\"og:image\" content=\"http:\/\/www.nxtprocess.com\/wp-content\/uploads\/2025\/10\/EVC145.jpg\" \/>\n\t<meta property=\"og:image:width\" content=\"1500\" \/>\n\t<meta property=\"og:image:height\" content=\"1500\" \/>\n\t<meta property=\"og:image:type\" content=\"image\/jpeg\" \/>\n<meta name=\"twitter:card\" content=\"summary_large_image\" \/>\n<meta name=\"twitter:label1\" content=\"Dur\u00e9e de lecture estim\u00e9e\" \/>\n\t<meta name=\"twitter:data1\" content=\"1 minute\" \/>\n<script type=\"application\/ld+json\" class=\"yoast-schema-graph\">{\"@context\":\"https:\\\/\\\/schema.org\",\"@graph\":[{\"@type\":\"WebPage\",\"@id\":\"https:\\\/\\\/www.nxtprocess.com\\\/fr\\\/shop\\\/distribution-fr\\\/technologie-de-connexion\\\/cables-de-connexion-avec-extremite-de-cable-ouverte-fr\\\/cable-m8-5m\\\/\",\"url\":\"https:\\\/\\\/www.nxtprocess.com\\\/fr\\\/shop\\\/distribution-fr\\\/technologie-de-connexion\\\/cables-de-connexion-avec-extremite-de-cable-ouverte-fr\\\/cable-m8-5m\\\/\",\"name\":\"C\u00e2ble M8, 5 m \u2013 ifm | NXT Process\",\"isPartOf\":{\"@id\":\"https:\\\/\\\/www.nxtprocess.com\\\/#website\"},\"primaryImageOfPage\":{\"@id\":\"https:\\\/\\\/www.nxtprocess.com\\\/fr\\\/shop\\\/distribution-fr\\\/technologie-de-connexion\\\/cables-de-connexion-avec-extremite-de-cable-ouverte-fr\\\/cable-m8-5m\\\/#primaryimage\"},\"image\":{\"@id\":\"https:\\\/\\\/www.nxtprocess.com\\\/fr\\\/shop\\\/distribution-fr\\\/technologie-de-connexion\\\/cables-de-connexion-avec-extremite-de-cable-ouverte-fr\\\/cable-m8-5m\\\/#primaryimage\"},\"thumbnailUrl\":\"https:\\\/\\\/www.nxtprocess.com\\\/wp-content\\\/uploads\\\/2025\\\/10\\\/EVC145.jpg\",\"datePublished\":\"2025-10-10T09:30:31+00:00\",\"dateModified\":\"2025-10-22T11:53:07+00:00\",\"breadcrumb\":{\"@id\":\"https:\\\/\\\/www.nxtprocess.com\\\/fr\\\/shop\\\/distribution-fr\\\/technologie-de-connexion\\\/cables-de-connexion-avec-extremite-de-cable-ouverte-fr\\\/cable-m8-5m\\\/#breadcrumb\"},\"inLanguage\":\"fr-FR\",\"potentialAction\":[{\"@type\":\"ReadAction\",\"target\":[\"https:\\\/\\\/www.nxtprocess.com\\\/fr\\\/shop\\\/distribution-fr\\\/technologie-de-connexion\\\/cables-de-connexion-avec-extremite-de-cable-ouverte-fr\\\/cable-m8-5m\\\/\"]}]},{\"@type\":\"ImageObject\",\"inLanguage\":\"fr-FR\",\"@id\":\"https:\\\/\\\/www.nxtprocess.com\\\/fr\\\/shop\\\/distribution-fr\\\/technologie-de-connexion\\\/cables-de-connexion-avec-extremite-de-cable-ouverte-fr\\\/cable-m8-5m\\\/#primaryimage\",\"url\":\"https:\\\/\\\/www.nxtprocess.com\\\/wp-content\\\/uploads\\\/2025\\\/10\\\/EVC145.jpg\",\"contentUrl\":\"https:\\\/\\\/www.nxtprocess.com\\\/wp-content\\\/uploads\\\/2025\\\/10\\\/EVC145.jpg\",\"width\":1500,\"height\":1500},{\"@type\":\"BreadcrumbList\",\"@id\":\"https:\\\/\\\/www.nxtprocess.com\\\/fr\\\/shop\\\/distribution-fr\\\/technologie-de-connexion\\\/cables-de-connexion-avec-extremite-de-cable-ouverte-fr\\\/cable-m8-5m\\\/#breadcrumb\",\"itemListElement\":[{\"@type\":\"ListItem\",\"position\":1,\"name\":\"Home\",\"item\":\"https:\\\/\\\/www.nxtprocess.com\\\/fr\\\/\"},{\"@type\":\"ListItem\",\"position\":2,\"name\":\"Boutique\",\"item\":\"https:\\\/\\\/www.nxtprocess.com\\\/fr\\\/boutique\\\/\"},{\"@type\":\"ListItem\",\"position\":3,\"name\":\"C\u00e2ble M8, 5 m \u2013 ifm\"}]},{\"@type\":\"WebSite\",\"@id\":\"https:\\\/\\\/www.nxtprocess.com\\\/#website\",\"url\":\"https:\\\/\\\/www.nxtprocess.com\\\/\",\"name\":\"NXT Process\",\"description\":\"Optimizing your future, one liquid process at a time\",\"publisher\":{\"@id\":\"https:\\\/\\\/www.nxtprocess.com\\\/#organization\"},\"potentialAction\":[{\"@type\":\"SearchAction\",\"target\":{\"@type\":\"EntryPoint\",\"urlTemplate\":\"https:\\\/\\\/www.nxtprocess.com\\\/?s={search_term_string}\"},\"query-input\":{\"@type\":\"PropertyValueSpecification\",\"valueRequired\":true,\"valueName\":\"search_term_string\"}}],\"inLanguage\":\"fr-FR\"},{\"@type\":\"Organization\",\"@id\":\"https:\\\/\\\/www.nxtprocess.com\\\/#organization\",\"name\":\"Processus NXT\",\"url\":\"https:\\\/\\\/www.nxtprocess.com\\\/\",\"logo\":{\"@type\":\"ImageObject\",\"inLanguage\":\"fr-FR\",\"@id\":\"https:\\\/\\\/www.nxtprocess.com\\\/#\\\/schema\\\/logo\\\/image\\\/\",\"url\":\"http:\\\/\\\/www.nxtprocess.com\\\/wp-content\\\/uploads\\\/2025\\\/06\\\/Screenshot_1.png\",\"contentUrl\":\"http:\\\/\\\/www.nxtprocess.com\\\/wp-content\\\/uploads\\\/2025\\\/06\\\/Screenshot_1.png\",\"width\":255,\"height\":186,\"caption\":\"Processus NXT\"},\"image\":{\"@id\":\"https:\\\/\\\/www.nxtprocess.com\\\/#\\\/schema\\\/logo\\\/image\\\/\"},\"sameAs\":[\"https:\\\/\\\/www.facebook.com\\\/people\\\/NXT-Process\\\/61560023431243\\\/\",\"https:\\\/\\\/www.linkedin.com\\\/company\\\/11569305\\\/\"]}]}<\/script>\n<!-- \/ Yoast SEO plugin. -->","yoast_head_json":{"title":"C\u00e2ble M8, 5 m \u2013 ifm | NXT Process","robots":{"index":"index","follow":"follow","max-snippet":"max-snippet:-1","max-image-preview":"max-image-preview:large","max-video-preview":"max-video-preview:-1"},"canonical":"https:\/\/www.nxtprocess.com\/fr\/shop\/distribution-fr\/technologie-de-connexion\/cables-de-connexion-avec-extremite-de-cable-ouverte-fr\/cable-m8-5m\/","og_locale":"fr_FR","og_type":"article","og_title":"C\u00e2ble M8, 5 m \u2013 ifm | NXT Process","og_description":"- R\u00e9sistant aux huiles et aux liquides de refroidissement - Assure une \u00e9tanch\u00e9it\u00e9 permanente et fiable m\u00eame avec une installation sans outil - Indice de protection \u00e9lev\u00e9 adapt\u00e9 aux environnements industriels difficiles - R\u00e9sistant aux vibrations et aux chocs gr\u00e2ce \u00e0 une bague de couplage verrouillable - La but\u00e9e m\u00e9canique emp\u00eache l'endommagement du joint torique","og_url":"https:\/\/www.nxtprocess.com\/fr\/shop\/distribution-fr\/technologie-de-connexion\/cables-de-connexion-avec-extremite-de-cable-ouverte-fr\/cable-m8-5m\/","og_site_name":"NXT Process","article_publisher":"https:\/\/www.facebook.com\/people\/NXT-Process\/61560023431243\/","article_modified_time":"2025-10-22T11:53:07+00:00","og_image":[{"width":1500,"height":1500,"url":"http:\/\/www.nxtprocess.com\/wp-content\/uploads\/2025\/10\/EVC145.jpg","type":"image\/jpeg"}],"twitter_card":"summary_large_image","twitter_misc":{"Dur\u00e9e de lecture estim\u00e9e":"1 minute"},"schema":{"@context":"https:\/\/schema.org","@graph":[{"@type":"WebPage","@id":"https:\/\/www.nxtprocess.com\/fr\/shop\/distribution-fr\/technologie-de-connexion\/cables-de-connexion-avec-extremite-de-cable-ouverte-fr\/cable-m8-5m\/","url":"https:\/\/www.nxtprocess.com\/fr\/shop\/distribution-fr\/technologie-de-connexion\/cables-de-connexion-avec-extremite-de-cable-ouverte-fr\/cable-m8-5m\/","name":"C\u00e2ble M8, 5 m \u2013 ifm | NXT Process","isPartOf":{"@id":"https:\/\/www.nxtprocess.com\/#website"},"primaryImageOfPage":{"@id":"https:\/\/www.nxtprocess.com\/fr\/shop\/distribution-fr\/technologie-de-connexion\/cables-de-connexion-avec-extremite-de-cable-ouverte-fr\/cable-m8-5m\/#primaryimage"},"image":{"@id":"https:\/\/www.nxtprocess.com\/fr\/shop\/distribution-fr\/technologie-de-connexion\/cables-de-connexion-avec-extremite-de-cable-ouverte-fr\/cable-m8-5m\/#primaryimage"},"thumbnailUrl":"https:\/\/www.nxtprocess.com\/wp-content\/uploads\/2025\/10\/EVC145.jpg","datePublished":"2025-10-10T09:30:31+00:00","dateModified":"2025-10-22T11:53:07+00:00","breadcrumb":{"@id":"https:\/\/www.nxtprocess.com\/fr\/shop\/distribution-fr\/technologie-de-connexion\/cables-de-connexion-avec-extremite-de-cable-ouverte-fr\/cable-m8-5m\/#breadcrumb"},"inLanguage":"fr-FR","potentialAction":[{"@type":"ReadAction","target":["https:\/\/www.nxtprocess.com\/fr\/shop\/distribution-fr\/technologie-de-connexion\/cables-de-connexion-avec-extremite-de-cable-ouverte-fr\/cable-m8-5m\/"]}]},{"@type":"ImageObject","inLanguage":"fr-FR","@id":"https:\/\/www.nxtprocess.com\/fr\/shop\/distribution-fr\/technologie-de-connexion\/cables-de-connexion-avec-extremite-de-cable-ouverte-fr\/cable-m8-5m\/#primaryimage","url":"https:\/\/www.nxtprocess.com\/wp-content\/uploads\/2025\/10\/EVC145.jpg","contentUrl":"https:\/\/www.nxtprocess.com\/wp-content\/uploads\/2025\/10\/EVC145.jpg","width":1500,"height":1500},{"@type":"BreadcrumbList","@id":"https:\/\/www.nxtprocess.com\/fr\/shop\/distribution-fr\/technologie-de-connexion\/cables-de-connexion-avec-extremite-de-cable-ouverte-fr\/cable-m8-5m\/#breadcrumb","itemListElement":[{"@type":"ListItem","position":1,"name":"Home","item":"https:\/\/www.nxtprocess.com\/fr\/"},{"@type":"ListItem","position":2,"name":"Boutique","item":"https:\/\/www.nxtprocess.com\/fr\/boutique\/"},{"@type":"ListItem","position":3,"name":"C\u00e2ble M8, 5 m \u2013 ifm"}]},{"@type":"WebSite","@id":"https:\/\/www.nxtprocess.com\/#website","url":"https:\/\/www.nxtprocess.com\/","name":"NXT Process","description":"Optimizing your future, one liquid process at a time","publisher":{"@id":"https:\/\/www.nxtprocess.com\/#organization"},"potentialAction":[{"@type":"SearchAction","target":{"@type":"EntryPoint","urlTemplate":"https:\/\/www.nxtprocess.com\/?s={search_term_string}"},"query-input":{"@type":"PropertyValueSpecification","valueRequired":true,"valueName":"search_term_string"}}],"inLanguage":"fr-FR"},{"@type":"Organization","@id":"https:\/\/www.nxtprocess.com\/#organization","name":"Processus NXT","url":"https:\/\/www.nxtprocess.com\/","logo":{"@type":"ImageObject","inLanguage":"fr-FR","@id":"https:\/\/www.nxtprocess.com\/#\/schema\/logo\/image\/","url":"http:\/\/www.nxtprocess.com\/wp-content\/uploads\/2025\/06\/Screenshot_1.png","contentUrl":"http:\/\/www.nxtprocess.com\/wp-content\/uploads\/2025\/06\/Screenshot_1.png","width":255,"height":186,"caption":"Processus NXT"},"image":{"@id":"https:\/\/www.nxtprocess.com\/#\/schema\/logo\/image\/"},"sameAs":["https:\/\/www.facebook.com\/people\/NXT-Process\/61560023431243\/","https:\/\/www.linkedin.com\/company\/11569305\/"]}]}},"_links":{"self":[{"href":"https:\/\/www.nxtprocess.com\/fr\/wp-json\/wp\/v2\/product\/55902","targetHints":{"allow":["GET"]}}],"collection":[{"href":"https:\/\/www.nxtprocess.com\/fr\/wp-json\/wp\/v2\/product"}],"about":[{"href":"https:\/\/www.nxtprocess.com\/fr\/wp-json\/wp\/v2\/types\/product"}],"wp:featuredmedia":[{"embeddable":true,"href":"https:\/\/www.nxtprocess.com\/fr\/wp-json\/wp\/v2\/media\/55073"}],"wp:attachment":[{"href":"https:\/\/www.nxtprocess.com\/fr\/wp-json\/wp\/v2\/media?parent=55902"}],"wp:term":[{"taxonomy":"product_cat","embeddable":true,"href":"https:\/\/www.nxtprocess.com\/fr\/wp-json\/wp\/v2\/product_cat?post=55902"},{"taxonomy":"product_tag","embeddable":true,"href":"https:\/\/www.nxtprocess.com\/fr\/wp-json\/wp\/v2\/product_tag?post=55902"}],"curies":[{"name":"wp","href":"https:\/\/api.w.org\/{rel}","templated":true}]}}