{"id":55906,"date":"2025-10-10T09:30:30","date_gmt":"2025-10-10T09:30:30","guid":{"rendered":"https:\/\/www.nxtprocess.com\/shop\/non%20class\u00e9\/connecteur-cablable-2\/"},"modified":"2025-10-22T11:53:26","modified_gmt":"2025-10-22T11:53:26","slug":"connecteur-cablable-2","status":"publish","type":"product","link":"https:\/\/www.nxtprocess.com\/fr\/shop\/distribution-fr\/technologie-de-connexion\/cablable\/connecteur-cablable-2\/","title":{"rendered":"Embase \u00e0 c\u00e2bler \u2013 ifm"},"content":{"rendered":"<h6><strong>Connecteur c\u00e2blable IFM EVC811 \u2013 Connecteur \u00e0 monter sur site pour le c\u00e2blage de capteurs\/actionneurs<\/strong><\/h6>\n<p>Le connecteur c\u00e2blable IFM EVC811 est un connecteur \u00e0 monter sur site con\u00e7u pour terminer les c\u00e2bles sur place, assurant des connexions fiables entre les capteurs, les actionneurs, les syst\u00e8mes de vannes et les interfaces E\/S ou API. Con\u00e7u pour les environnements industriels exigeants, il assure une transmission stable du signal et de l&#8217;alimentation tout en simplifiant l&#8217;installation et la maintenance dans la construction de machines, les lignes d&#8217;emballage et les \u00e9quipements de process. <\/p>\n<h6><strong>Principaux avantages<\/strong><\/h6>\n<ul>\n<li>Conductivit\u00e9 fiable : Les contacts plaqu\u00e9s or minimisent la r\u00e9sistance de contact et l&#8217;oxydation.<\/li>\n<li>C\u00e2blage rapide et facile : Les bornes \u00e0 vis permettent des terminaisons rapides et reproductibles.<\/li>\n<li>R\u00e9tention de c\u00e2ble sup\u00e9rieure : Le serre-c\u00e2ble \u00e0 trois billes brevet\u00e9 offre un excellent soulagement de traction contre la traction et les vibrations.<\/li>\n<li>Con\u00e7u pour les conditions difficiles : Un indice de protection \u00e9lev\u00e9 r\u00e9siste \u00e0 la poussi\u00e8re, \u00e0 l&#8217;humidit\u00e9 et aux contaminants.<\/li>\n<li>D\u00e9ploiement flexible : Cr\u00e9ez des longueurs de c\u00e2ble personnalis\u00e9es et r\u00e9duisez les temps d&#8217;arr\u00eat sans rec\u00e2blage.<\/li>\n<\/ul>\n<h6><strong>Aper\u00e7u technique \/ d\u00e9tails du produit<\/strong><\/h6>\n<ul>\n<li>Marque \/ Mod\u00e8le : IFM EVC811<\/li>\n<li>Type : Prise c\u00e2blable sur site pour la connectivit\u00e9 de capteurs\/actionneurs industriels<\/li>\n<li>Terminaison : Bornes \u00e0 vis pour un c\u00e2blage s\u00fbr et simple<\/li>\n<li>Contacts : Plaqu\u00e9s or pour des performances \u00e0 long terme et \u00e0 faible r\u00e9sistance<\/li>\n<li>Soulagement de traction : Technologie brevet\u00e9e de serre-c\u00e2ble \u00e0 trois billes<\/li>\n<li>Protection : Protection \u00e9lev\u00e9e contre les infiltrations adapt\u00e9e aux environnements industriels difficiles<\/li>\n<li>Utilisations typiques : Capteurs, actionneurs, blocs de distribution, modules E\/S, variateurs et armoires de commande<\/li>\n<li>Construction : Bo\u00eetier industriel robuste pour la stabilit\u00e9 m\u00e9canique et la durabilit\u00e9<\/li>\n<\/ul>\n<p>Comptez sur l&#8217;EVC811 pour des connexions fiables et une int\u00e9gration transparente dans toute votre architecture d&#8217;automatisation.<\/p>\n","protected":false},"excerpt":{"rendered":"<p>&#8211; Contacts plaqu\u00e9s or offrent une connectivit\u00e9 \u00e9lectrique constante et \u00e0 faible r\u00e9sistance<br \/>\n&#8211; Indice de protection \u00e9lev\u00e9 con\u00e7u pour les environnements industriels exigeants<br \/>\n&#8211; Serre-c\u00e2ble \u00e0 bille brevet\u00e9 \u00e0 trois voies offre un soulagement de contrainte exceptionnel<br \/>\n&#8211; Bornes \u00e0 vis permettent un c\u00e2blage rapide et simple<\/p>\n","protected":false},"featured_media":55061,"template":"","meta":{"_acf_changed":false},"product_cat":[6218,163],"product_tag":[],"class_list":{"0":"post-55906","1":"product","2":"type-product","3":"status-publish","4":"has-post-thumbnail","6":"product_brand-ifm-fr","7":"product_cat-cablable","8":"product_cat-distribution-fr","10":"first","11":"instock","12":"downloadable","13":"taxable","14":"shipping-taxable","15":"purchasable","16":"product-type-simple"},"acf":[],"yoast_head":"<!-- This site is optimized with the Yoast SEO plugin v27.5 - https:\/\/yoast.com\/product\/yoast-seo-wordpress\/ -->\n<title>Embase \u00e0 c\u00e2bler \u2013 ifm | NXT Process<\/title>\n<meta name=\"robots\" content=\"index, follow, max-snippet:-1, max-image-preview:large, max-video-preview:-1\" \/>\n<link rel=\"canonical\" href=\"https:\/\/www.nxtprocess.com\/fr\/shop\/distribution-fr\/technologie-de-connexion\/cablable\/connecteur-cablable-2\/\" \/>\n<meta property=\"og:locale\" content=\"fr_FR\" \/>\n<meta property=\"og:type\" content=\"article\" \/>\n<meta property=\"og:title\" content=\"Embase \u00e0 c\u00e2bler \u2013 ifm | NXT Process\" \/>\n<meta property=\"og:description\" content=\"- Contacts plaqu\u00e9s or offrent une connectivit\u00e9 \u00e9lectrique constante et \u00e0 faible r\u00e9sistance - Indice de protection \u00e9lev\u00e9 con\u00e7u pour les environnements industriels exigeants - Serre-c\u00e2ble \u00e0 bille brevet\u00e9 \u00e0 trois voies offre un soulagement de contrainte exceptionnel - Bornes \u00e0 vis permettent un c\u00e2blage rapide et simple\" \/>\n<meta property=\"og:url\" content=\"https:\/\/www.nxtprocess.com\/fr\/shop\/distribution-fr\/technologie-de-connexion\/cablable\/connecteur-cablable-2\/\" \/>\n<meta property=\"og:site_name\" content=\"NXT Process\" \/>\n<meta property=\"article:publisher\" content=\"https:\/\/www.facebook.com\/people\/NXT-Process\/61560023431243\/\" \/>\n<meta property=\"article:modified_time\" content=\"2025-10-22T11:53:26+00:00\" \/>\n<meta property=\"og:image\" content=\"http:\/\/www.nxtprocess.com\/wp-content\/uploads\/2025\/10\/EVC811.jpg\" \/>\n\t<meta property=\"og:image:width\" content=\"1500\" \/>\n\t<meta property=\"og:image:height\" content=\"1500\" \/>\n\t<meta property=\"og:image:type\" content=\"image\/jpeg\" \/>\n<meta name=\"twitter:card\" content=\"summary_large_image\" \/>\n<meta name=\"twitter:label1\" content=\"Dur\u00e9e de lecture estim\u00e9e\" \/>\n\t<meta name=\"twitter:data1\" content=\"2 minutes\" \/>\n<script type=\"application\/ld+json\" class=\"yoast-schema-graph\">{\"@context\":\"https:\\\/\\\/schema.org\",\"@graph\":[{\"@type\":\"WebPage\",\"@id\":\"https:\\\/\\\/www.nxtprocess.com\\\/fr\\\/shop\\\/distribution-fr\\\/technologie-de-connexion\\\/cablable\\\/connecteur-cablable-2\\\/\",\"url\":\"https:\\\/\\\/www.nxtprocess.com\\\/fr\\\/shop\\\/distribution-fr\\\/technologie-de-connexion\\\/cablable\\\/connecteur-cablable-2\\\/\",\"name\":\"Embase \u00e0 c\u00e2bler \u2013 ifm | NXT Process\",\"isPartOf\":{\"@id\":\"https:\\\/\\\/www.nxtprocess.com\\\/#website\"},\"primaryImageOfPage\":{\"@id\":\"https:\\\/\\\/www.nxtprocess.com\\\/fr\\\/shop\\\/distribution-fr\\\/technologie-de-connexion\\\/cablable\\\/connecteur-cablable-2\\\/#primaryimage\"},\"image\":{\"@id\":\"https:\\\/\\\/www.nxtprocess.com\\\/fr\\\/shop\\\/distribution-fr\\\/technologie-de-connexion\\\/cablable\\\/connecteur-cablable-2\\\/#primaryimage\"},\"thumbnailUrl\":\"https:\\\/\\\/www.nxtprocess.com\\\/wp-content\\\/uploads\\\/2025\\\/10\\\/EVC811.jpg\",\"datePublished\":\"2025-10-10T09:30:30+00:00\",\"dateModified\":\"2025-10-22T11:53:26+00:00\",\"breadcrumb\":{\"@id\":\"https:\\\/\\\/www.nxtprocess.com\\\/fr\\\/shop\\\/distribution-fr\\\/technologie-de-connexion\\\/cablable\\\/connecteur-cablable-2\\\/#breadcrumb\"},\"inLanguage\":\"fr-FR\",\"potentialAction\":[{\"@type\":\"ReadAction\",\"target\":[\"https:\\\/\\\/www.nxtprocess.com\\\/fr\\\/shop\\\/distribution-fr\\\/technologie-de-connexion\\\/cablable\\\/connecteur-cablable-2\\\/\"]}]},{\"@type\":\"ImageObject\",\"inLanguage\":\"fr-FR\",\"@id\":\"https:\\\/\\\/www.nxtprocess.com\\\/fr\\\/shop\\\/distribution-fr\\\/technologie-de-connexion\\\/cablable\\\/connecteur-cablable-2\\\/#primaryimage\",\"url\":\"https:\\\/\\\/www.nxtprocess.com\\\/wp-content\\\/uploads\\\/2025\\\/10\\\/EVC811.jpg\",\"contentUrl\":\"https:\\\/\\\/www.nxtprocess.com\\\/wp-content\\\/uploads\\\/2025\\\/10\\\/EVC811.jpg\",\"width\":1500,\"height\":1500},{\"@type\":\"BreadcrumbList\",\"@id\":\"https:\\\/\\\/www.nxtprocess.com\\\/fr\\\/shop\\\/distribution-fr\\\/technologie-de-connexion\\\/cablable\\\/connecteur-cablable-2\\\/#breadcrumb\",\"itemListElement\":[{\"@type\":\"ListItem\",\"position\":1,\"name\":\"Home\",\"item\":\"https:\\\/\\\/www.nxtprocess.com\\\/fr\\\/\"},{\"@type\":\"ListItem\",\"position\":2,\"name\":\"Boutique\",\"item\":\"https:\\\/\\\/www.nxtprocess.com\\\/fr\\\/boutique\\\/\"},{\"@type\":\"ListItem\",\"position\":3,\"name\":\"Embase \u00e0 c\u00e2bler \u2013 ifm\"}]},{\"@type\":\"WebSite\",\"@id\":\"https:\\\/\\\/www.nxtprocess.com\\\/#website\",\"url\":\"https:\\\/\\\/www.nxtprocess.com\\\/\",\"name\":\"NXT Process\",\"description\":\"Optimizing your future, one liquid process at a time\",\"publisher\":{\"@id\":\"https:\\\/\\\/www.nxtprocess.com\\\/#organization\"},\"potentialAction\":[{\"@type\":\"SearchAction\",\"target\":{\"@type\":\"EntryPoint\",\"urlTemplate\":\"https:\\\/\\\/www.nxtprocess.com\\\/?s={search_term_string}\"},\"query-input\":{\"@type\":\"PropertyValueSpecification\",\"valueRequired\":true,\"valueName\":\"search_term_string\"}}],\"inLanguage\":\"fr-FR\"},{\"@type\":\"Organization\",\"@id\":\"https:\\\/\\\/www.nxtprocess.com\\\/#organization\",\"name\":\"Processus NXT\",\"url\":\"https:\\\/\\\/www.nxtprocess.com\\\/\",\"logo\":{\"@type\":\"ImageObject\",\"inLanguage\":\"fr-FR\",\"@id\":\"https:\\\/\\\/www.nxtprocess.com\\\/#\\\/schema\\\/logo\\\/image\\\/\",\"url\":\"http:\\\/\\\/www.nxtprocess.com\\\/wp-content\\\/uploads\\\/2025\\\/06\\\/Screenshot_1.png\",\"contentUrl\":\"http:\\\/\\\/www.nxtprocess.com\\\/wp-content\\\/uploads\\\/2025\\\/06\\\/Screenshot_1.png\",\"width\":255,\"height\":186,\"caption\":\"Processus NXT\"},\"image\":{\"@id\":\"https:\\\/\\\/www.nxtprocess.com\\\/#\\\/schema\\\/logo\\\/image\\\/\"},\"sameAs\":[\"https:\\\/\\\/www.facebook.com\\\/people\\\/NXT-Process\\\/61560023431243\\\/\",\"https:\\\/\\\/www.linkedin.com\\\/company\\\/11569305\\\/\"]}]}<\/script>\n<!-- \/ Yoast SEO plugin. -->","yoast_head_json":{"title":"Embase \u00e0 c\u00e2bler \u2013 ifm | NXT Process","robots":{"index":"index","follow":"follow","max-snippet":"max-snippet:-1","max-image-preview":"max-image-preview:large","max-video-preview":"max-video-preview:-1"},"canonical":"https:\/\/www.nxtprocess.com\/fr\/shop\/distribution-fr\/technologie-de-connexion\/cablable\/connecteur-cablable-2\/","og_locale":"fr_FR","og_type":"article","og_title":"Embase \u00e0 c\u00e2bler \u2013 ifm | NXT Process","og_description":"- Contacts plaqu\u00e9s or offrent une connectivit\u00e9 \u00e9lectrique constante et \u00e0 faible r\u00e9sistance - Indice de protection \u00e9lev\u00e9 con\u00e7u pour les environnements industriels exigeants - Serre-c\u00e2ble \u00e0 bille brevet\u00e9 \u00e0 trois voies offre un soulagement de contrainte exceptionnel - Bornes \u00e0 vis permettent un c\u00e2blage rapide et simple","og_url":"https:\/\/www.nxtprocess.com\/fr\/shop\/distribution-fr\/technologie-de-connexion\/cablable\/connecteur-cablable-2\/","og_site_name":"NXT Process","article_publisher":"https:\/\/www.facebook.com\/people\/NXT-Process\/61560023431243\/","article_modified_time":"2025-10-22T11:53:26+00:00","og_image":[{"width":1500,"height":1500,"url":"http:\/\/www.nxtprocess.com\/wp-content\/uploads\/2025\/10\/EVC811.jpg","type":"image\/jpeg"}],"twitter_card":"summary_large_image","twitter_misc":{"Dur\u00e9e de lecture estim\u00e9e":"2 minutes"},"schema":{"@context":"https:\/\/schema.org","@graph":[{"@type":"WebPage","@id":"https:\/\/www.nxtprocess.com\/fr\/shop\/distribution-fr\/technologie-de-connexion\/cablable\/connecteur-cablable-2\/","url":"https:\/\/www.nxtprocess.com\/fr\/shop\/distribution-fr\/technologie-de-connexion\/cablable\/connecteur-cablable-2\/","name":"Embase \u00e0 c\u00e2bler \u2013 ifm | NXT Process","isPartOf":{"@id":"https:\/\/www.nxtprocess.com\/#website"},"primaryImageOfPage":{"@id":"https:\/\/www.nxtprocess.com\/fr\/shop\/distribution-fr\/technologie-de-connexion\/cablable\/connecteur-cablable-2\/#primaryimage"},"image":{"@id":"https:\/\/www.nxtprocess.com\/fr\/shop\/distribution-fr\/technologie-de-connexion\/cablable\/connecteur-cablable-2\/#primaryimage"},"thumbnailUrl":"https:\/\/www.nxtprocess.com\/wp-content\/uploads\/2025\/10\/EVC811.jpg","datePublished":"2025-10-10T09:30:30+00:00","dateModified":"2025-10-22T11:53:26+00:00","breadcrumb":{"@id":"https:\/\/www.nxtprocess.com\/fr\/shop\/distribution-fr\/technologie-de-connexion\/cablable\/connecteur-cablable-2\/#breadcrumb"},"inLanguage":"fr-FR","potentialAction":[{"@type":"ReadAction","target":["https:\/\/www.nxtprocess.com\/fr\/shop\/distribution-fr\/technologie-de-connexion\/cablable\/connecteur-cablable-2\/"]}]},{"@type":"ImageObject","inLanguage":"fr-FR","@id":"https:\/\/www.nxtprocess.com\/fr\/shop\/distribution-fr\/technologie-de-connexion\/cablable\/connecteur-cablable-2\/#primaryimage","url":"https:\/\/www.nxtprocess.com\/wp-content\/uploads\/2025\/10\/EVC811.jpg","contentUrl":"https:\/\/www.nxtprocess.com\/wp-content\/uploads\/2025\/10\/EVC811.jpg","width":1500,"height":1500},{"@type":"BreadcrumbList","@id":"https:\/\/www.nxtprocess.com\/fr\/shop\/distribution-fr\/technologie-de-connexion\/cablable\/connecteur-cablable-2\/#breadcrumb","itemListElement":[{"@type":"ListItem","position":1,"name":"Home","item":"https:\/\/www.nxtprocess.com\/fr\/"},{"@type":"ListItem","position":2,"name":"Boutique","item":"https:\/\/www.nxtprocess.com\/fr\/boutique\/"},{"@type":"ListItem","position":3,"name":"Embase \u00e0 c\u00e2bler \u2013 ifm"}]},{"@type":"WebSite","@id":"https:\/\/www.nxtprocess.com\/#website","url":"https:\/\/www.nxtprocess.com\/","name":"NXT Process","description":"Optimizing your future, one liquid process at a time","publisher":{"@id":"https:\/\/www.nxtprocess.com\/#organization"},"potentialAction":[{"@type":"SearchAction","target":{"@type":"EntryPoint","urlTemplate":"https:\/\/www.nxtprocess.com\/?s={search_term_string}"},"query-input":{"@type":"PropertyValueSpecification","valueRequired":true,"valueName":"search_term_string"}}],"inLanguage":"fr-FR"},{"@type":"Organization","@id":"https:\/\/www.nxtprocess.com\/#organization","name":"Processus NXT","url":"https:\/\/www.nxtprocess.com\/","logo":{"@type":"ImageObject","inLanguage":"fr-FR","@id":"https:\/\/www.nxtprocess.com\/#\/schema\/logo\/image\/","url":"http:\/\/www.nxtprocess.com\/wp-content\/uploads\/2025\/06\/Screenshot_1.png","contentUrl":"http:\/\/www.nxtprocess.com\/wp-content\/uploads\/2025\/06\/Screenshot_1.png","width":255,"height":186,"caption":"Processus NXT"},"image":{"@id":"https:\/\/www.nxtprocess.com\/#\/schema\/logo\/image\/"},"sameAs":["https:\/\/www.facebook.com\/people\/NXT-Process\/61560023431243\/","https:\/\/www.linkedin.com\/company\/11569305\/"]}]}},"_links":{"self":[{"href":"https:\/\/www.nxtprocess.com\/fr\/wp-json\/wp\/v2\/product\/55906","targetHints":{"allow":["GET"]}}],"collection":[{"href":"https:\/\/www.nxtprocess.com\/fr\/wp-json\/wp\/v2\/product"}],"about":[{"href":"https:\/\/www.nxtprocess.com\/fr\/wp-json\/wp\/v2\/types\/product"}],"wp:featuredmedia":[{"embeddable":true,"href":"https:\/\/www.nxtprocess.com\/fr\/wp-json\/wp\/v2\/media\/55061"}],"wp:attachment":[{"href":"https:\/\/www.nxtprocess.com\/fr\/wp-json\/wp\/v2\/media?parent=55906"}],"wp:term":[{"taxonomy":"product_cat","embeddable":true,"href":"https:\/\/www.nxtprocess.com\/fr\/wp-json\/wp\/v2\/product_cat?post=55906"},{"taxonomy":"product_tag","embeddable":true,"href":"https:\/\/www.nxtprocess.com\/fr\/wp-json\/wp\/v2\/product_tag?post=55906"}],"curies":[{"name":"wp","href":"https:\/\/api.w.org\/{rel}","templated":true}]}}