{"id":55921,"date":"2025-10-10T09:31:29","date_gmt":"2025-10-10T09:31:29","guid":{"rendered":"https:\/\/www.nxtprocess.com\/shop\/non%20class\u00e9\/capteur-de-niveau-electronique\/"},"modified":"2025-10-22T11:50:36","modified_gmt":"2025-10-22T11:50:36","slug":"capteur-de-niveau-electronique","status":"publish","type":"product","link":"https:\/\/www.nxtprocess.com\/fr\/shop\/distribution-fr\/capteurs-fr\/capteurs-capacitifs-fr\/capteur-de-niveau-electronique\/","title":{"rendered":"Capteur de niveau \u00e9lectronique \u2013 ifm"},"content":{"rendered":"<h6><strong>Capteur de niveau \u00e9lectronique IFM KQ1001 \u2013 Surveillance de niveau continue et sans contact<\/strong><\/h6>\n<p>Con\u00e7u pour la fiabilit\u00e9 des proc\u00e9d\u00e9s, le capteur de niveau \u00e9lectronique IFM KQ1001 fournit une mesure de niveau continue \u00e0 travers les parois de contenants non m\u00e9talliques et non conducteurs. Id\u00e9al pour les r\u00e9servoirs, puisards, skids de dosage et \u00e9quipements OEM, il d\u00e9tecte les liquides, p\u00e2tes ou mati\u00e8res en vrac sans contact avec le proc\u00e9d\u00e9\u2014\u00e9liminant l&#8217;usure m\u00e9canique, le colmatage ou les contraintes induites par le fluide. Une seule unit\u00e9 compacte fournit trois points de niveau distincts pour le contr\u00f4le de remplissage\/vidange, la protection des pompes et la signalisation d&#8217;alarme.  <\/p>\n<h6><strong>Principaux avantages<\/strong><\/h6>\n<ul>\n<li>D\u00e9tection sans contact \u00e0 travers des parois en plastique ou en verre \u2014 pas de p\u00e9n\u00e9tration dans le processus, pas de risque de contamination<\/li>\n<li>Surveillance de niveau \u00e0 trois points en un seul appareil \u2014 simplifie le c\u00e2blage et la logique de contr\u00f4le<\/li>\n<li>Mesure continue pour un contr\u00f4le stable des pompes, des actionneurs et des syst\u00e8mes de vannes<\/li>\n<li>Montage externe pour une modernisation rapide et un temps d&#8217;arr\u00eat nul pendant l&#8217;installation<\/li>\n<li>Conception robuste pour les environnements industriels exigeants<\/li>\n<\/ul>\n<h6><strong>D\u00e9tails du produit<\/strong><\/h6>\n<ul>\n<li>Mesure : D\u00e9tection continue du niveau derri\u00e8re des surfaces non m\u00e9talliques et non conductrices<\/li>\n<li>Concept de d\u00e9tection : D\u00e9tection bas\u00e9e sur le champ pour la mesure \u00e0 travers la paroi (sans flotteurs ni diaphragmes)<\/li>\n<li>Sorties : Prend en charge trois points de niveau discrets dans un seul bo\u00eetier de capteur<\/li>\n<li>Installation : Montage mural externe sur r\u00e9servoirs ou tuyaux ; aucune pi\u00e8ce en contact avec le fluide<\/li>\n<li>M\u00e9dias typiques : Liquides, fluides visqueux et granulats o\u00f9 le contact est ind\u00e9sirable<\/li>\n<li>Applications : Contr\u00f4le de pompe, protection contre le d\u00e9bordement\/vide, int\u00e9gration de machines et de skids avec des API<\/li>\n<\/ul>\n<p>Comptez sur le KQ1001 pour un retour de niveau fiable qui s&#8217;int\u00e8gre parfaitement avec l&#8217;automatisation existante, am\u00e9liorant la disponibilit\u00e9 et la pr\u00e9cision de contr\u00f4le sans compliquer le montage ou la maintenance.<\/p>\n","protected":false},"excerpt":{"rendered":"<p>&#8211; Surveillance continue du niveau \u00e0 travers des barri\u00e8res non m\u00e9talliques et non conductrices<br \/>\n&#8211; La d\u00e9tection sans contact \u00e9vite le stress induit par le m\u00e9dia<br \/>\n&#8211; Trois capteurs de niveau int\u00e9gr\u00e9s dans une seule unit\u00e9<\/p>\n","protected":false},"featured_media":55297,"template":"","meta":{"_acf_changed":false},"product_cat":[6284,6294,163],"product_tag":[],"class_list":{"0":"post-55921","1":"product","2":"type-product","3":"status-publish","4":"has-post-thumbnail","6":"product_brand-ifm-fr","7":"product_cat-capteurs-fr","8":"product_cat-capteurs-capacitifs-fr","9":"product_cat-distribution-fr","11":"first","12":"instock","13":"downloadable","14":"taxable","15":"shipping-taxable","16":"purchasable","17":"product-type-simple"},"acf":[],"yoast_head":"<!-- This site is optimized with the Yoast SEO plugin v27.5 - https:\/\/yoast.com\/product\/yoast-seo-wordpress\/ -->\n<title>Capteur de niveau \u00e9lectronique \u2013 ifm | NXT Process<\/title>\n<meta name=\"robots\" content=\"index, follow, max-snippet:-1, max-image-preview:large, max-video-preview:-1\" \/>\n<link rel=\"canonical\" href=\"https:\/\/www.nxtprocess.com\/fr\/shop\/distribution-fr\/capteurs-fr\/capteurs-capacitifs-fr\/capteur-de-niveau-electronique\/\" \/>\n<meta property=\"og:locale\" content=\"fr_FR\" \/>\n<meta property=\"og:type\" content=\"article\" \/>\n<meta property=\"og:title\" content=\"Capteur de niveau \u00e9lectronique \u2013 ifm | NXT Process\" \/>\n<meta property=\"og:description\" content=\"- Surveillance continue du niveau \u00e0 travers des barri\u00e8res non m\u00e9talliques et non conductrices - La d\u00e9tection sans contact \u00e9vite le stress induit par le m\u00e9dia - Trois capteurs de niveau int\u00e9gr\u00e9s dans une seule unit\u00e9\" \/>\n<meta property=\"og:url\" content=\"https:\/\/www.nxtprocess.com\/fr\/shop\/distribution-fr\/capteurs-fr\/capteurs-capacitifs-fr\/capteur-de-niveau-electronique\/\" \/>\n<meta property=\"og:site_name\" content=\"NXT Process\" \/>\n<meta property=\"article:publisher\" content=\"https:\/\/www.facebook.com\/people\/NXT-Process\/61560023431243\/\" \/>\n<meta property=\"article:modified_time\" content=\"2025-10-22T11:50:36+00:00\" \/>\n<meta property=\"og:image\" content=\"http:\/\/www.nxtprocess.com\/wp-content\/uploads\/2025\/10\/KQ1001.jpg\" \/>\n\t<meta property=\"og:image:width\" content=\"1500\" \/>\n\t<meta property=\"og:image:height\" content=\"1500\" \/>\n\t<meta property=\"og:image:type\" content=\"image\/jpeg\" \/>\n<meta name=\"twitter:card\" content=\"summary_large_image\" \/>\n<meta name=\"twitter:label1\" content=\"Dur\u00e9e de lecture estim\u00e9e\" \/>\n\t<meta name=\"twitter:data1\" content=\"2 minutes\" \/>\n<script type=\"application\/ld+json\" class=\"yoast-schema-graph\">{\"@context\":\"https:\\\/\\\/schema.org\",\"@graph\":[{\"@type\":\"WebPage\",\"@id\":\"https:\\\/\\\/www.nxtprocess.com\\\/fr\\\/shop\\\/distribution-fr\\\/capteurs-fr\\\/capteurs-capacitifs-fr\\\/capteur-de-niveau-electronique\\\/\",\"url\":\"https:\\\/\\\/www.nxtprocess.com\\\/fr\\\/shop\\\/distribution-fr\\\/capteurs-fr\\\/capteurs-capacitifs-fr\\\/capteur-de-niveau-electronique\\\/\",\"name\":\"Capteur de niveau \u00e9lectronique \u2013 ifm | NXT Process\",\"isPartOf\":{\"@id\":\"https:\\\/\\\/www.nxtprocess.com\\\/#website\"},\"primaryImageOfPage\":{\"@id\":\"https:\\\/\\\/www.nxtprocess.com\\\/fr\\\/shop\\\/distribution-fr\\\/capteurs-fr\\\/capteurs-capacitifs-fr\\\/capteur-de-niveau-electronique\\\/#primaryimage\"},\"image\":{\"@id\":\"https:\\\/\\\/www.nxtprocess.com\\\/fr\\\/shop\\\/distribution-fr\\\/capteurs-fr\\\/capteurs-capacitifs-fr\\\/capteur-de-niveau-electronique\\\/#primaryimage\"},\"thumbnailUrl\":\"https:\\\/\\\/www.nxtprocess.com\\\/wp-content\\\/uploads\\\/2025\\\/10\\\/KQ1001.jpg\",\"datePublished\":\"2025-10-10T09:31:29+00:00\",\"dateModified\":\"2025-10-22T11:50:36+00:00\",\"breadcrumb\":{\"@id\":\"https:\\\/\\\/www.nxtprocess.com\\\/fr\\\/shop\\\/distribution-fr\\\/capteurs-fr\\\/capteurs-capacitifs-fr\\\/capteur-de-niveau-electronique\\\/#breadcrumb\"},\"inLanguage\":\"fr-FR\",\"potentialAction\":[{\"@type\":\"ReadAction\",\"target\":[\"https:\\\/\\\/www.nxtprocess.com\\\/fr\\\/shop\\\/distribution-fr\\\/capteurs-fr\\\/capteurs-capacitifs-fr\\\/capteur-de-niveau-electronique\\\/\"]}]},{\"@type\":\"ImageObject\",\"inLanguage\":\"fr-FR\",\"@id\":\"https:\\\/\\\/www.nxtprocess.com\\\/fr\\\/shop\\\/distribution-fr\\\/capteurs-fr\\\/capteurs-capacitifs-fr\\\/capteur-de-niveau-electronique\\\/#primaryimage\",\"url\":\"https:\\\/\\\/www.nxtprocess.com\\\/wp-content\\\/uploads\\\/2025\\\/10\\\/KQ1001.jpg\",\"contentUrl\":\"https:\\\/\\\/www.nxtprocess.com\\\/wp-content\\\/uploads\\\/2025\\\/10\\\/KQ1001.jpg\",\"width\":1500,\"height\":1500},{\"@type\":\"BreadcrumbList\",\"@id\":\"https:\\\/\\\/www.nxtprocess.com\\\/fr\\\/shop\\\/distribution-fr\\\/capteurs-fr\\\/capteurs-capacitifs-fr\\\/capteur-de-niveau-electronique\\\/#breadcrumb\",\"itemListElement\":[{\"@type\":\"ListItem\",\"position\":1,\"name\":\"Home\",\"item\":\"https:\\\/\\\/www.nxtprocess.com\\\/fr\\\/\"},{\"@type\":\"ListItem\",\"position\":2,\"name\":\"Boutique\",\"item\":\"https:\\\/\\\/www.nxtprocess.com\\\/fr\\\/boutique\\\/\"},{\"@type\":\"ListItem\",\"position\":3,\"name\":\"Capteur de niveau \u00e9lectronique \u2013 ifm\"}]},{\"@type\":\"WebSite\",\"@id\":\"https:\\\/\\\/www.nxtprocess.com\\\/#website\",\"url\":\"https:\\\/\\\/www.nxtprocess.com\\\/\",\"name\":\"NXT Process\",\"description\":\"Optimizing your future, one liquid process at a time\",\"publisher\":{\"@id\":\"https:\\\/\\\/www.nxtprocess.com\\\/#organization\"},\"potentialAction\":[{\"@type\":\"SearchAction\",\"target\":{\"@type\":\"EntryPoint\",\"urlTemplate\":\"https:\\\/\\\/www.nxtprocess.com\\\/?s={search_term_string}\"},\"query-input\":{\"@type\":\"PropertyValueSpecification\",\"valueRequired\":true,\"valueName\":\"search_term_string\"}}],\"inLanguage\":\"fr-FR\"},{\"@type\":\"Organization\",\"@id\":\"https:\\\/\\\/www.nxtprocess.com\\\/#organization\",\"name\":\"Processus NXT\",\"url\":\"https:\\\/\\\/www.nxtprocess.com\\\/\",\"logo\":{\"@type\":\"ImageObject\",\"inLanguage\":\"fr-FR\",\"@id\":\"https:\\\/\\\/www.nxtprocess.com\\\/#\\\/schema\\\/logo\\\/image\\\/\",\"url\":\"http:\\\/\\\/www.nxtprocess.com\\\/wp-content\\\/uploads\\\/2025\\\/06\\\/Screenshot_1.png\",\"contentUrl\":\"http:\\\/\\\/www.nxtprocess.com\\\/wp-content\\\/uploads\\\/2025\\\/06\\\/Screenshot_1.png\",\"width\":255,\"height\":186,\"caption\":\"Processus NXT\"},\"image\":{\"@id\":\"https:\\\/\\\/www.nxtprocess.com\\\/#\\\/schema\\\/logo\\\/image\\\/\"},\"sameAs\":[\"https:\\\/\\\/www.facebook.com\\\/people\\\/NXT-Process\\\/61560023431243\\\/\",\"https:\\\/\\\/www.linkedin.com\\\/company\\\/11569305\\\/\"]}]}<\/script>\n<!-- \/ Yoast SEO plugin. -->","yoast_head_json":{"title":"Capteur de niveau \u00e9lectronique \u2013 ifm | NXT Process","robots":{"index":"index","follow":"follow","max-snippet":"max-snippet:-1","max-image-preview":"max-image-preview:large","max-video-preview":"max-video-preview:-1"},"canonical":"https:\/\/www.nxtprocess.com\/fr\/shop\/distribution-fr\/capteurs-fr\/capteurs-capacitifs-fr\/capteur-de-niveau-electronique\/","og_locale":"fr_FR","og_type":"article","og_title":"Capteur de niveau \u00e9lectronique \u2013 ifm | NXT Process","og_description":"- Surveillance continue du niveau \u00e0 travers des barri\u00e8res non m\u00e9talliques et non conductrices - La d\u00e9tection sans contact \u00e9vite le stress induit par le m\u00e9dia - Trois capteurs de niveau int\u00e9gr\u00e9s dans une seule unit\u00e9","og_url":"https:\/\/www.nxtprocess.com\/fr\/shop\/distribution-fr\/capteurs-fr\/capteurs-capacitifs-fr\/capteur-de-niveau-electronique\/","og_site_name":"NXT Process","article_publisher":"https:\/\/www.facebook.com\/people\/NXT-Process\/61560023431243\/","article_modified_time":"2025-10-22T11:50:36+00:00","og_image":[{"width":1500,"height":1500,"url":"http:\/\/www.nxtprocess.com\/wp-content\/uploads\/2025\/10\/KQ1001.jpg","type":"image\/jpeg"}],"twitter_card":"summary_large_image","twitter_misc":{"Dur\u00e9e de lecture estim\u00e9e":"2 minutes"},"schema":{"@context":"https:\/\/schema.org","@graph":[{"@type":"WebPage","@id":"https:\/\/www.nxtprocess.com\/fr\/shop\/distribution-fr\/capteurs-fr\/capteurs-capacitifs-fr\/capteur-de-niveau-electronique\/","url":"https:\/\/www.nxtprocess.com\/fr\/shop\/distribution-fr\/capteurs-fr\/capteurs-capacitifs-fr\/capteur-de-niveau-electronique\/","name":"Capteur de niveau \u00e9lectronique \u2013 ifm | NXT Process","isPartOf":{"@id":"https:\/\/www.nxtprocess.com\/#website"},"primaryImageOfPage":{"@id":"https:\/\/www.nxtprocess.com\/fr\/shop\/distribution-fr\/capteurs-fr\/capteurs-capacitifs-fr\/capteur-de-niveau-electronique\/#primaryimage"},"image":{"@id":"https:\/\/www.nxtprocess.com\/fr\/shop\/distribution-fr\/capteurs-fr\/capteurs-capacitifs-fr\/capteur-de-niveau-electronique\/#primaryimage"},"thumbnailUrl":"https:\/\/www.nxtprocess.com\/wp-content\/uploads\/2025\/10\/KQ1001.jpg","datePublished":"2025-10-10T09:31:29+00:00","dateModified":"2025-10-22T11:50:36+00:00","breadcrumb":{"@id":"https:\/\/www.nxtprocess.com\/fr\/shop\/distribution-fr\/capteurs-fr\/capteurs-capacitifs-fr\/capteur-de-niveau-electronique\/#breadcrumb"},"inLanguage":"fr-FR","potentialAction":[{"@type":"ReadAction","target":["https:\/\/www.nxtprocess.com\/fr\/shop\/distribution-fr\/capteurs-fr\/capteurs-capacitifs-fr\/capteur-de-niveau-electronique\/"]}]},{"@type":"ImageObject","inLanguage":"fr-FR","@id":"https:\/\/www.nxtprocess.com\/fr\/shop\/distribution-fr\/capteurs-fr\/capteurs-capacitifs-fr\/capteur-de-niveau-electronique\/#primaryimage","url":"https:\/\/www.nxtprocess.com\/wp-content\/uploads\/2025\/10\/KQ1001.jpg","contentUrl":"https:\/\/www.nxtprocess.com\/wp-content\/uploads\/2025\/10\/KQ1001.jpg","width":1500,"height":1500},{"@type":"BreadcrumbList","@id":"https:\/\/www.nxtprocess.com\/fr\/shop\/distribution-fr\/capteurs-fr\/capteurs-capacitifs-fr\/capteur-de-niveau-electronique\/#breadcrumb","itemListElement":[{"@type":"ListItem","position":1,"name":"Home","item":"https:\/\/www.nxtprocess.com\/fr\/"},{"@type":"ListItem","position":2,"name":"Boutique","item":"https:\/\/www.nxtprocess.com\/fr\/boutique\/"},{"@type":"ListItem","position":3,"name":"Capteur de niveau \u00e9lectronique \u2013 ifm"}]},{"@type":"WebSite","@id":"https:\/\/www.nxtprocess.com\/#website","url":"https:\/\/www.nxtprocess.com\/","name":"NXT Process","description":"Optimizing your future, one liquid process at a time","publisher":{"@id":"https:\/\/www.nxtprocess.com\/#organization"},"potentialAction":[{"@type":"SearchAction","target":{"@type":"EntryPoint","urlTemplate":"https:\/\/www.nxtprocess.com\/?s={search_term_string}"},"query-input":{"@type":"PropertyValueSpecification","valueRequired":true,"valueName":"search_term_string"}}],"inLanguage":"fr-FR"},{"@type":"Organization","@id":"https:\/\/www.nxtprocess.com\/#organization","name":"Processus NXT","url":"https:\/\/www.nxtprocess.com\/","logo":{"@type":"ImageObject","inLanguage":"fr-FR","@id":"https:\/\/www.nxtprocess.com\/#\/schema\/logo\/image\/","url":"http:\/\/www.nxtprocess.com\/wp-content\/uploads\/2025\/06\/Screenshot_1.png","contentUrl":"http:\/\/www.nxtprocess.com\/wp-content\/uploads\/2025\/06\/Screenshot_1.png","width":255,"height":186,"caption":"Processus NXT"},"image":{"@id":"https:\/\/www.nxtprocess.com\/#\/schema\/logo\/image\/"},"sameAs":["https:\/\/www.facebook.com\/people\/NXT-Process\/61560023431243\/","https:\/\/www.linkedin.com\/company\/11569305\/"]}]}},"_links":{"self":[{"href":"https:\/\/www.nxtprocess.com\/fr\/wp-json\/wp\/v2\/product\/55921","targetHints":{"allow":["GET"]}}],"collection":[{"href":"https:\/\/www.nxtprocess.com\/fr\/wp-json\/wp\/v2\/product"}],"about":[{"href":"https:\/\/www.nxtprocess.com\/fr\/wp-json\/wp\/v2\/types\/product"}],"wp:featuredmedia":[{"embeddable":true,"href":"https:\/\/www.nxtprocess.com\/fr\/wp-json\/wp\/v2\/media\/55297"}],"wp:attachment":[{"href":"https:\/\/www.nxtprocess.com\/fr\/wp-json\/wp\/v2\/media?parent=55921"}],"wp:term":[{"taxonomy":"product_cat","embeddable":true,"href":"https:\/\/www.nxtprocess.com\/fr\/wp-json\/wp\/v2\/product_cat?post=55921"},{"taxonomy":"product_tag","embeddable":true,"href":"https:\/\/www.nxtprocess.com\/fr\/wp-json\/wp\/v2\/product_tag?post=55921"}],"curies":[{"name":"wp","href":"https:\/\/api.w.org\/{rel}","templated":true}]}}