{"id":55936,"date":"2025-10-10T09:31:03","date_gmt":"2025-10-10T09:31:03","guid":{"rendered":"https:\/\/www.nxtprocess.com\/shop\/non%20class\u00e9\/capteur-inductif-double\/"},"modified":"2025-10-22T11:56:33","modified_gmt":"2025-10-22T11:56:33","slug":"capteur-inductif-double","status":"publish","type":"product","link":"https:\/\/www.nxtprocess.com\/fr\/shop\/distribution-fr\/capteurs-fr\/capteurs-de-vannes\/capteur-inductif-double\/","title":{"rendered":"Capteur double inductif \u2013 ifm"},"content":{"rendered":"<h6><strong>Capteur inductif double IFM NN5008 \u2013 Retour de position d&#8217;actionneur de vanne pour zones dangereuses<\/strong><\/h6>\n<p>Con\u00e7u pour l&#8217;automatisation de processus, le capteur inductif double IFM NN5008 fournit un retour de position pr\u00e9cis ouvert\/ferm\u00e9 sur les actionneurs de vannes rotatifs et lin\u00e9aires. Con\u00e7u pour les environnements dangereux, il s&#8217;interface directement avec les circuits de s\u00e9curit\u00e9 intrins\u00e8que pour fournir des signaux d&#8217;\u00e9tat fiables dans les syst\u00e8mes de vannes des installations p\u00e9troli\u00e8res et gazi\u00e8res, chimiques, de traitement de l&#8217;eau et industrielles g\u00e9n\u00e9rales. Le montage rapide et rigide avec trois vis acc\u00e9l\u00e8re la mise en service et assure un alignement reproductible.  <\/p>\n<h6><strong>Principaux avantages<\/strong><\/h6>\n<ul>\n<li>Retour de position pr\u00e9cis pour les actionneurs de vanne (ouvert\/ferm\u00e9 ou deux positions distinctes)<\/li>\n<li>Homologu\u00e9 pour une utilisation dans les zones dangereuses avec circuits \u00e0 s\u00e9curit\u00e9 intrins\u00e8que<\/li>\n<li>Les doubles points de d\u00e9tection r\u00e9duisent le nombre de composants et simplifient le c\u00e2blage<\/li>\n<li>Le montage rapide et s\u00e9curis\u00e9 \u00e0 trois vis minimise le temps d&#8217;installation et le d\u00e9salignement<\/li>\n<li>D\u00e9tection inductive robuste insensible \u00e0 l&#8217;usure m\u00e9canique et aux rebonds de contact<\/li>\n<\/ul>\n<h6><strong>Aper\u00e7u technique \/ d\u00e9tails du produit<\/strong><\/h6>\n<ul>\n<li>Type : Capteur inductif double pour la surveillance de position des vannes<\/li>\n<li>Application : Retour d&#8217;information sur les actionneurs de vannes pneumatiques\/\u00e9lectriques et les syst\u00e8mes de vannes<\/li>\n<li>Environnement : Adapt\u00e9 aux zones dangereuses ; se connecte aux circuits \u00e0 s\u00e9curit\u00e9 intrins\u00e8que<\/li>\n<li>Sorties : Deux signaux de position distincts (double d\u00e9tection)<\/li>\n<li>Montage : Installation m\u00e9canique rapide \u00e0 trois vis<\/li>\n<li>Int\u00e9gration : Compatible avec les architectures courantes d&#8217;automatisation et de contr\u00f4le<\/li>\n<\/ul>\n<p>Comptez sur le NN5008 pour une d\u00e9tection de position fiable et n\u00e9cessitant peu de maintenance qui s&#8217;int\u00e8gre parfaitement dans les commandes d&#8217;actionneurs modernes et l&#8217;automatisation d&#8217;usine.<\/p>\n","protected":false},"excerpt":{"rendered":"<p>&#8211; Surveillance continue des positions des vannes<br \/>\n&#8211; Retour de position fiable pour les actionneurs de vannes<br \/>\n&#8211; Adapt\u00e9 \u00e0 une utilisation dans des zones dangereuses<br \/>\n&#8211; Compatible avec les circuits \u00e0 s\u00e9curit\u00e9 intrins\u00e8que<br \/>\n&#8211; Montage rapide et s\u00e9curis\u00e9 \u00e0 trois vis<\/p>\n","protected":false},"featured_media":55229,"template":"","meta":{"_acf_changed":false},"product_cat":[6284,6239,163],"product_tag":[],"class_list":{"0":"post-55936","1":"product","2":"type-product","3":"status-publish","4":"has-post-thumbnail","6":"product_brand-ifm-fr","7":"product_cat-capteurs-fr","8":"product_cat-capteurs-de-vannes","9":"product_cat-distribution-fr","11":"first","12":"instock","13":"downloadable","14":"taxable","15":"shipping-taxable","16":"purchasable","17":"product-type-simple"},"acf":[],"yoast_head":"<!-- This site is optimized with the Yoast SEO plugin v27.5 - https:\/\/yoast.com\/product\/yoast-seo-wordpress\/ -->\n<title>Capteur double inductif \u2013 ifm | NXT Process<\/title>\n<meta name=\"robots\" content=\"index, follow, max-snippet:-1, max-image-preview:large, max-video-preview:-1\" \/>\n<link rel=\"canonical\" href=\"https:\/\/www.nxtprocess.com\/fr\/shop\/distribution-fr\/capteurs-fr\/capteurs-de-vannes\/capteur-inductif-double\/\" \/>\n<meta property=\"og:locale\" content=\"fr_FR\" \/>\n<meta property=\"og:type\" content=\"article\" \/>\n<meta property=\"og:title\" content=\"Capteur double inductif \u2013 ifm | NXT Process\" \/>\n<meta property=\"og:description\" content=\"- Surveillance continue des positions des vannes - Retour de position fiable pour les actionneurs de vannes - Adapt\u00e9 \u00e0 une utilisation dans des zones dangereuses - Compatible avec les circuits \u00e0 s\u00e9curit\u00e9 intrins\u00e8que - Montage rapide et s\u00e9curis\u00e9 \u00e0 trois vis\" \/>\n<meta property=\"og:url\" content=\"https:\/\/www.nxtprocess.com\/fr\/shop\/distribution-fr\/capteurs-fr\/capteurs-de-vannes\/capteur-inductif-double\/\" \/>\n<meta property=\"og:site_name\" content=\"NXT Process\" \/>\n<meta property=\"article:publisher\" content=\"https:\/\/www.facebook.com\/people\/NXT-Process\/61560023431243\/\" \/>\n<meta property=\"article:modified_time\" content=\"2025-10-22T11:56:33+00:00\" \/>\n<meta property=\"og:image\" content=\"http:\/\/www.nxtprocess.com\/wp-content\/uploads\/2025\/10\/NN5008.jpg\" \/>\n\t<meta property=\"og:image:width\" content=\"1500\" \/>\n\t<meta property=\"og:image:height\" content=\"1500\" \/>\n\t<meta property=\"og:image:type\" content=\"image\/jpeg\" \/>\n<meta name=\"twitter:card\" content=\"summary_large_image\" \/>\n<meta name=\"twitter:label1\" content=\"Dur\u00e9e de lecture estim\u00e9e\" \/>\n\t<meta name=\"twitter:data1\" content=\"1 minute\" \/>\n<script type=\"application\/ld+json\" class=\"yoast-schema-graph\">{\"@context\":\"https:\\\/\\\/schema.org\",\"@graph\":[{\"@type\":\"WebPage\",\"@id\":\"https:\\\/\\\/www.nxtprocess.com\\\/fr\\\/shop\\\/distribution-fr\\\/capteurs-fr\\\/capteurs-de-vannes\\\/capteur-inductif-double\\\/\",\"url\":\"https:\\\/\\\/www.nxtprocess.com\\\/fr\\\/shop\\\/distribution-fr\\\/capteurs-fr\\\/capteurs-de-vannes\\\/capteur-inductif-double\\\/\",\"name\":\"Capteur double inductif \u2013 ifm | NXT Process\",\"isPartOf\":{\"@id\":\"https:\\\/\\\/www.nxtprocess.com\\\/#website\"},\"primaryImageOfPage\":{\"@id\":\"https:\\\/\\\/www.nxtprocess.com\\\/fr\\\/shop\\\/distribution-fr\\\/capteurs-fr\\\/capteurs-de-vannes\\\/capteur-inductif-double\\\/#primaryimage\"},\"image\":{\"@id\":\"https:\\\/\\\/www.nxtprocess.com\\\/fr\\\/shop\\\/distribution-fr\\\/capteurs-fr\\\/capteurs-de-vannes\\\/capteur-inductif-double\\\/#primaryimage\"},\"thumbnailUrl\":\"https:\\\/\\\/www.nxtprocess.com\\\/wp-content\\\/uploads\\\/2025\\\/10\\\/NN5008.jpg\",\"datePublished\":\"2025-10-10T09:31:03+00:00\",\"dateModified\":\"2025-10-22T11:56:33+00:00\",\"breadcrumb\":{\"@id\":\"https:\\\/\\\/www.nxtprocess.com\\\/fr\\\/shop\\\/distribution-fr\\\/capteurs-fr\\\/capteurs-de-vannes\\\/capteur-inductif-double\\\/#breadcrumb\"},\"inLanguage\":\"fr-FR\",\"potentialAction\":[{\"@type\":\"ReadAction\",\"target\":[\"https:\\\/\\\/www.nxtprocess.com\\\/fr\\\/shop\\\/distribution-fr\\\/capteurs-fr\\\/capteurs-de-vannes\\\/capteur-inductif-double\\\/\"]}]},{\"@type\":\"ImageObject\",\"inLanguage\":\"fr-FR\",\"@id\":\"https:\\\/\\\/www.nxtprocess.com\\\/fr\\\/shop\\\/distribution-fr\\\/capteurs-fr\\\/capteurs-de-vannes\\\/capteur-inductif-double\\\/#primaryimage\",\"url\":\"https:\\\/\\\/www.nxtprocess.com\\\/wp-content\\\/uploads\\\/2025\\\/10\\\/NN5008.jpg\",\"contentUrl\":\"https:\\\/\\\/www.nxtprocess.com\\\/wp-content\\\/uploads\\\/2025\\\/10\\\/NN5008.jpg\",\"width\":1500,\"height\":1500},{\"@type\":\"BreadcrumbList\",\"@id\":\"https:\\\/\\\/www.nxtprocess.com\\\/fr\\\/shop\\\/distribution-fr\\\/capteurs-fr\\\/capteurs-de-vannes\\\/capteur-inductif-double\\\/#breadcrumb\",\"itemListElement\":[{\"@type\":\"ListItem\",\"position\":1,\"name\":\"Home\",\"item\":\"https:\\\/\\\/www.nxtprocess.com\\\/fr\\\/\"},{\"@type\":\"ListItem\",\"position\":2,\"name\":\"Boutique\",\"item\":\"https:\\\/\\\/www.nxtprocess.com\\\/fr\\\/boutique\\\/\"},{\"@type\":\"ListItem\",\"position\":3,\"name\":\"Capteur double inductif \u2013 ifm\"}]},{\"@type\":\"WebSite\",\"@id\":\"https:\\\/\\\/www.nxtprocess.com\\\/#website\",\"url\":\"https:\\\/\\\/www.nxtprocess.com\\\/\",\"name\":\"NXT Process\",\"description\":\"Optimizing your future, one liquid process at a time\",\"publisher\":{\"@id\":\"https:\\\/\\\/www.nxtprocess.com\\\/#organization\"},\"potentialAction\":[{\"@type\":\"SearchAction\",\"target\":{\"@type\":\"EntryPoint\",\"urlTemplate\":\"https:\\\/\\\/www.nxtprocess.com\\\/?s={search_term_string}\"},\"query-input\":{\"@type\":\"PropertyValueSpecification\",\"valueRequired\":true,\"valueName\":\"search_term_string\"}}],\"inLanguage\":\"fr-FR\"},{\"@type\":\"Organization\",\"@id\":\"https:\\\/\\\/www.nxtprocess.com\\\/#organization\",\"name\":\"Processus NXT\",\"url\":\"https:\\\/\\\/www.nxtprocess.com\\\/\",\"logo\":{\"@type\":\"ImageObject\",\"inLanguage\":\"fr-FR\",\"@id\":\"https:\\\/\\\/www.nxtprocess.com\\\/#\\\/schema\\\/logo\\\/image\\\/\",\"url\":\"http:\\\/\\\/www.nxtprocess.com\\\/wp-content\\\/uploads\\\/2025\\\/06\\\/Screenshot_1.png\",\"contentUrl\":\"http:\\\/\\\/www.nxtprocess.com\\\/wp-content\\\/uploads\\\/2025\\\/06\\\/Screenshot_1.png\",\"width\":255,\"height\":186,\"caption\":\"Processus NXT\"},\"image\":{\"@id\":\"https:\\\/\\\/www.nxtprocess.com\\\/#\\\/schema\\\/logo\\\/image\\\/\"},\"sameAs\":[\"https:\\\/\\\/www.facebook.com\\\/people\\\/NXT-Process\\\/61560023431243\\\/\",\"https:\\\/\\\/www.linkedin.com\\\/company\\\/11569305\\\/\"]}]}<\/script>\n<!-- \/ Yoast SEO plugin. -->","yoast_head_json":{"title":"Capteur double inductif \u2013 ifm | NXT Process","robots":{"index":"index","follow":"follow","max-snippet":"max-snippet:-1","max-image-preview":"max-image-preview:large","max-video-preview":"max-video-preview:-1"},"canonical":"https:\/\/www.nxtprocess.com\/fr\/shop\/distribution-fr\/capteurs-fr\/capteurs-de-vannes\/capteur-inductif-double\/","og_locale":"fr_FR","og_type":"article","og_title":"Capteur double inductif \u2013 ifm | NXT Process","og_description":"- Surveillance continue des positions des vannes - Retour de position fiable pour les actionneurs de vannes - Adapt\u00e9 \u00e0 une utilisation dans des zones dangereuses - Compatible avec les circuits \u00e0 s\u00e9curit\u00e9 intrins\u00e8que - Montage rapide et s\u00e9curis\u00e9 \u00e0 trois vis","og_url":"https:\/\/www.nxtprocess.com\/fr\/shop\/distribution-fr\/capteurs-fr\/capteurs-de-vannes\/capteur-inductif-double\/","og_site_name":"NXT Process","article_publisher":"https:\/\/www.facebook.com\/people\/NXT-Process\/61560023431243\/","article_modified_time":"2025-10-22T11:56:33+00:00","og_image":[{"width":1500,"height":1500,"url":"http:\/\/www.nxtprocess.com\/wp-content\/uploads\/2025\/10\/NN5008.jpg","type":"image\/jpeg"}],"twitter_card":"summary_large_image","twitter_misc":{"Dur\u00e9e de lecture estim\u00e9e":"1 minute"},"schema":{"@context":"https:\/\/schema.org","@graph":[{"@type":"WebPage","@id":"https:\/\/www.nxtprocess.com\/fr\/shop\/distribution-fr\/capteurs-fr\/capteurs-de-vannes\/capteur-inductif-double\/","url":"https:\/\/www.nxtprocess.com\/fr\/shop\/distribution-fr\/capteurs-fr\/capteurs-de-vannes\/capteur-inductif-double\/","name":"Capteur double inductif \u2013 ifm | NXT Process","isPartOf":{"@id":"https:\/\/www.nxtprocess.com\/#website"},"primaryImageOfPage":{"@id":"https:\/\/www.nxtprocess.com\/fr\/shop\/distribution-fr\/capteurs-fr\/capteurs-de-vannes\/capteur-inductif-double\/#primaryimage"},"image":{"@id":"https:\/\/www.nxtprocess.com\/fr\/shop\/distribution-fr\/capteurs-fr\/capteurs-de-vannes\/capteur-inductif-double\/#primaryimage"},"thumbnailUrl":"https:\/\/www.nxtprocess.com\/wp-content\/uploads\/2025\/10\/NN5008.jpg","datePublished":"2025-10-10T09:31:03+00:00","dateModified":"2025-10-22T11:56:33+00:00","breadcrumb":{"@id":"https:\/\/www.nxtprocess.com\/fr\/shop\/distribution-fr\/capteurs-fr\/capteurs-de-vannes\/capteur-inductif-double\/#breadcrumb"},"inLanguage":"fr-FR","potentialAction":[{"@type":"ReadAction","target":["https:\/\/www.nxtprocess.com\/fr\/shop\/distribution-fr\/capteurs-fr\/capteurs-de-vannes\/capteur-inductif-double\/"]}]},{"@type":"ImageObject","inLanguage":"fr-FR","@id":"https:\/\/www.nxtprocess.com\/fr\/shop\/distribution-fr\/capteurs-fr\/capteurs-de-vannes\/capteur-inductif-double\/#primaryimage","url":"https:\/\/www.nxtprocess.com\/wp-content\/uploads\/2025\/10\/NN5008.jpg","contentUrl":"https:\/\/www.nxtprocess.com\/wp-content\/uploads\/2025\/10\/NN5008.jpg","width":1500,"height":1500},{"@type":"BreadcrumbList","@id":"https:\/\/www.nxtprocess.com\/fr\/shop\/distribution-fr\/capteurs-fr\/capteurs-de-vannes\/capteur-inductif-double\/#breadcrumb","itemListElement":[{"@type":"ListItem","position":1,"name":"Home","item":"https:\/\/www.nxtprocess.com\/fr\/"},{"@type":"ListItem","position":2,"name":"Boutique","item":"https:\/\/www.nxtprocess.com\/fr\/boutique\/"},{"@type":"ListItem","position":3,"name":"Capteur double inductif \u2013 ifm"}]},{"@type":"WebSite","@id":"https:\/\/www.nxtprocess.com\/#website","url":"https:\/\/www.nxtprocess.com\/","name":"NXT Process","description":"Optimizing your future, one liquid process at a time","publisher":{"@id":"https:\/\/www.nxtprocess.com\/#organization"},"potentialAction":[{"@type":"SearchAction","target":{"@type":"EntryPoint","urlTemplate":"https:\/\/www.nxtprocess.com\/?s={search_term_string}"},"query-input":{"@type":"PropertyValueSpecification","valueRequired":true,"valueName":"search_term_string"}}],"inLanguage":"fr-FR"},{"@type":"Organization","@id":"https:\/\/www.nxtprocess.com\/#organization","name":"Processus NXT","url":"https:\/\/www.nxtprocess.com\/","logo":{"@type":"ImageObject","inLanguage":"fr-FR","@id":"https:\/\/www.nxtprocess.com\/#\/schema\/logo\/image\/","url":"http:\/\/www.nxtprocess.com\/wp-content\/uploads\/2025\/06\/Screenshot_1.png","contentUrl":"http:\/\/www.nxtprocess.com\/wp-content\/uploads\/2025\/06\/Screenshot_1.png","width":255,"height":186,"caption":"Processus NXT"},"image":{"@id":"https:\/\/www.nxtprocess.com\/#\/schema\/logo\/image\/"},"sameAs":["https:\/\/www.facebook.com\/people\/NXT-Process\/61560023431243\/","https:\/\/www.linkedin.com\/company\/11569305\/"]}]}},"_links":{"self":[{"href":"https:\/\/www.nxtprocess.com\/fr\/wp-json\/wp\/v2\/product\/55936","targetHints":{"allow":["GET"]}}],"collection":[{"href":"https:\/\/www.nxtprocess.com\/fr\/wp-json\/wp\/v2\/product"}],"about":[{"href":"https:\/\/www.nxtprocess.com\/fr\/wp-json\/wp\/v2\/types\/product"}],"wp:featuredmedia":[{"embeddable":true,"href":"https:\/\/www.nxtprocess.com\/fr\/wp-json\/wp\/v2\/media\/55229"}],"wp:attachment":[{"href":"https:\/\/www.nxtprocess.com\/fr\/wp-json\/wp\/v2\/media?parent=55936"}],"wp:term":[{"taxonomy":"product_cat","embeddable":true,"href":"https:\/\/www.nxtprocess.com\/fr\/wp-json\/wp\/v2\/product_cat?post=55936"},{"taxonomy":"product_tag","embeddable":true,"href":"https:\/\/www.nxtprocess.com\/fr\/wp-json\/wp\/v2\/product_tag?post=55936"}],"curies":[{"name":"wp","href":"https:\/\/api.w.org\/{rel}","templated":true}]}}