{"id":55943,"date":"2025-10-10T09:31:03","date_gmt":"2025-10-10T09:31:03","guid":{"rendered":"https:\/\/www.nxtprocess.com\/shop\/non%20class\u00e9\/sonde-de-temperature\/"},"modified":"2025-10-22T11:56:41","modified_gmt":"2025-10-22T11:56:41","slug":"sonde-de-temperature","status":"publish","type":"product","link":"https:\/\/www.nxtprocess.com\/fr\/shop\/distribution-fr\/capteurs-fr\/capteurs-de-temperature\/sonde-de-temperature\/","title":{"rendered":"Capteur de sonde de temp\u00e9rature \u2013 ifm"},"content":{"rendered":"<h6><strong>Sonde de temp\u00e9rature IFM TT2291 \u2014 Surveillance hygi\u00e9nique et rapide de la temp\u00e9rature des processus<\/strong><\/h6>\n<p>La sonde IFM TT2291 est un capteur de temp\u00e9rature de pr\u00e9cision con\u00e7u pour des mesures pr\u00e9cises et reproductibles dans les conteneurs, les r\u00e9servoirs et les conduites. Con\u00e7ue pour les environnements sanitaires, elle offre une r\u00e9ponse rapide pour les processus avec des changements thermiques rapides, la rendant id\u00e9ale pour les lignes de production alimentaire et de boissons, les boucles de chauffage\/refroidissement, les syst\u00e8mes NEP\/SEP, et les collecteurs de vannes. La sonde se connecte directement \u00e0 une unit\u00e9 d&#8217;\u00e9valuation ou \u00e0 un transmetteur pour une int\u00e9gration transparente aux API, contr\u00f4leurs et syst\u00e8mes d&#8217;automatisation.  <\/p>\n<h6><strong>Principaux avantages&nbsp;:<\/strong><\/h6>\n<ul>\n<li>R\u00e9ponse rapide qui minimise le retard de processus lors de fluctuations de temp\u00e9rature rapides<\/li>\n<li>Conception hygi\u00e9nique et facile \u00e0 nettoyer qui r\u00e9pond aux exigences de production sanitaire<\/li>\n<li>Montage flexible via adaptateurs pour s&#8217;adapter \u00e0 diverses connexions de processus<\/li>\n<li>Mesure stable et pr\u00e9cise pour r\u00e9cipients ferm\u00e9s, canalisations et syst\u00e8mes de m\u00e9lange<\/li>\n<li>Construction robuste en acier inoxydable pour conditions de processus exigeantes<\/li>\n<\/ul>\n<p><strong>Aper\u00e7u technique \/ d\u00e9tails du produit :<\/strong><\/p>\n<ul>\n<li>Type de capteur : Sonde de temp\u00e9rature industrielle pour applications de processus<\/li>\n<li>Installation : Pour montage sur contenants, r\u00e9servoirs et canalisations ; connexion de processus bas\u00e9e sur adaptateur<\/li>\n<li>Interface : Se connecte \u00e0 une unit\u00e9 d&#8217;\u00e9valuation\/transmetteur pour entr\u00e9e de syst\u00e8me de contr\u00f4le<\/li>\n<li>Conception : Construction hygi\u00e9nique et sanitaire adapt\u00e9e \u00e0 la production alimentaire et de boissons<\/li>\n<li>Performance : Temps de r\u00e9ponse tr\u00e8s court pour processus dynamiques<\/li>\n<li>Compatibilit\u00e9 : S&#8217;int\u00e8gre avec PLC\/DCS, enregistreurs de donn\u00e9es et contr\u00f4les mont\u00e9s sur skid ; fonctionne avec vannes, actionneurs et autres capteurs de processus<\/li>\n<\/ul>\n<p>Comptez sur le TT2291 pour un retour de temp\u00e9rature fiable et de haute pr\u00e9cision qui s&#8217;int\u00e8gre parfaitement aux architectures modernes d&#8217;automatisation et de contr\u00f4le.<\/p>\n","protected":false},"excerpt":{"rendered":"<p>&#8211; Surveillance de temp\u00e9rature \u00e0 haute pr\u00e9cision dans les conteneurs, r\u00e9servoirs et canalisations<br \/>\n&#8211; Connexion directe \u00e0 une unit\u00e9 de contr\u00f4le\/\u00e9valuation<br \/>\n&#8211; R\u00e9ponse ultra-rapide pour les processus avec des changements de temp\u00e9rature rapides<br \/>\n&#8211; Conception hygi\u00e9nique, adapt\u00e9e aux aliments et aux boissons<br \/>\n&#8211; Connexion de processus flexible via des adaptateurs<\/p>\n","protected":false},"featured_media":55210,"template":"","meta":{"_acf_changed":false},"product_cat":[6284,6232,163],"product_tag":[],"class_list":{"0":"post-55943","1":"product","2":"type-product","3":"status-publish","4":"has-post-thumbnail","6":"product_brand-ifm-fr","7":"product_cat-capteurs-fr","8":"product_cat-capteurs-de-temperature","9":"product_cat-distribution-fr","11":"first","12":"instock","13":"downloadable","14":"taxable","15":"shipping-taxable","16":"purchasable","17":"product-type-simple"},"acf":[],"yoast_head":"<!-- This site is optimized with the Yoast SEO plugin v27.5 - https:\/\/yoast.com\/product\/yoast-seo-wordpress\/ -->\n<title>Capteur de sonde de temp\u00e9rature \u2013 ifm | NXT Process<\/title>\n<meta name=\"robots\" content=\"index, follow, max-snippet:-1, max-image-preview:large, max-video-preview:-1\" \/>\n<link rel=\"canonical\" href=\"https:\/\/www.nxtprocess.com\/fr\/shop\/distribution-fr\/capteurs-fr\/capteurs-de-temperature\/sonde-de-temperature\/\" \/>\n<meta property=\"og:locale\" content=\"fr_FR\" \/>\n<meta property=\"og:type\" content=\"article\" \/>\n<meta property=\"og:title\" content=\"Capteur de sonde de temp\u00e9rature \u2013 ifm | NXT Process\" \/>\n<meta property=\"og:description\" content=\"- Surveillance de temp\u00e9rature \u00e0 haute pr\u00e9cision dans les conteneurs, r\u00e9servoirs et canalisations - Connexion directe \u00e0 une unit\u00e9 de contr\u00f4le\/\u00e9valuation - R\u00e9ponse ultra-rapide pour les processus avec des changements de temp\u00e9rature rapides - Conception hygi\u00e9nique, adapt\u00e9e aux aliments et aux boissons - Connexion de processus flexible via des adaptateurs\" \/>\n<meta property=\"og:url\" content=\"https:\/\/www.nxtprocess.com\/fr\/shop\/distribution-fr\/capteurs-fr\/capteurs-de-temperature\/sonde-de-temperature\/\" \/>\n<meta property=\"og:site_name\" content=\"NXT Process\" \/>\n<meta property=\"article:publisher\" content=\"https:\/\/www.facebook.com\/people\/NXT-Process\/61560023431243\/\" \/>\n<meta property=\"article:modified_time\" content=\"2025-10-22T11:56:41+00:00\" \/>\n<meta property=\"og:image\" content=\"http:\/\/www.nxtprocess.com\/wp-content\/uploads\/2025\/10\/TT2291.jpg\" \/>\n\t<meta property=\"og:image:width\" content=\"1500\" \/>\n\t<meta property=\"og:image:height\" content=\"1500\" \/>\n\t<meta property=\"og:image:type\" content=\"image\/jpeg\" \/>\n<meta name=\"twitter:card\" content=\"summary_large_image\" \/>\n<meta name=\"twitter:label1\" content=\"Dur\u00e9e de lecture estim\u00e9e\" \/>\n\t<meta name=\"twitter:data1\" content=\"2 minutes\" \/>\n<script type=\"application\/ld+json\" class=\"yoast-schema-graph\">{\"@context\":\"https:\\\/\\\/schema.org\",\"@graph\":[{\"@type\":\"WebPage\",\"@id\":\"https:\\\/\\\/www.nxtprocess.com\\\/fr\\\/shop\\\/distribution-fr\\\/capteurs-fr\\\/capteurs-de-temperature\\\/sonde-de-temperature\\\/\",\"url\":\"https:\\\/\\\/www.nxtprocess.com\\\/fr\\\/shop\\\/distribution-fr\\\/capteurs-fr\\\/capteurs-de-temperature\\\/sonde-de-temperature\\\/\",\"name\":\"Capteur de sonde de temp\u00e9rature \u2013 ifm | NXT Process\",\"isPartOf\":{\"@id\":\"https:\\\/\\\/www.nxtprocess.com\\\/#website\"},\"primaryImageOfPage\":{\"@id\":\"https:\\\/\\\/www.nxtprocess.com\\\/fr\\\/shop\\\/distribution-fr\\\/capteurs-fr\\\/capteurs-de-temperature\\\/sonde-de-temperature\\\/#primaryimage\"},\"image\":{\"@id\":\"https:\\\/\\\/www.nxtprocess.com\\\/fr\\\/shop\\\/distribution-fr\\\/capteurs-fr\\\/capteurs-de-temperature\\\/sonde-de-temperature\\\/#primaryimage\"},\"thumbnailUrl\":\"https:\\\/\\\/www.nxtprocess.com\\\/wp-content\\\/uploads\\\/2025\\\/10\\\/TT2291.jpg\",\"datePublished\":\"2025-10-10T09:31:03+00:00\",\"dateModified\":\"2025-10-22T11:56:41+00:00\",\"breadcrumb\":{\"@id\":\"https:\\\/\\\/www.nxtprocess.com\\\/fr\\\/shop\\\/distribution-fr\\\/capteurs-fr\\\/capteurs-de-temperature\\\/sonde-de-temperature\\\/#breadcrumb\"},\"inLanguage\":\"fr-FR\",\"potentialAction\":[{\"@type\":\"ReadAction\",\"target\":[\"https:\\\/\\\/www.nxtprocess.com\\\/fr\\\/shop\\\/distribution-fr\\\/capteurs-fr\\\/capteurs-de-temperature\\\/sonde-de-temperature\\\/\"]}]},{\"@type\":\"ImageObject\",\"inLanguage\":\"fr-FR\",\"@id\":\"https:\\\/\\\/www.nxtprocess.com\\\/fr\\\/shop\\\/distribution-fr\\\/capteurs-fr\\\/capteurs-de-temperature\\\/sonde-de-temperature\\\/#primaryimage\",\"url\":\"https:\\\/\\\/www.nxtprocess.com\\\/wp-content\\\/uploads\\\/2025\\\/10\\\/TT2291.jpg\",\"contentUrl\":\"https:\\\/\\\/www.nxtprocess.com\\\/wp-content\\\/uploads\\\/2025\\\/10\\\/TT2291.jpg\",\"width\":1500,\"height\":1500},{\"@type\":\"BreadcrumbList\",\"@id\":\"https:\\\/\\\/www.nxtprocess.com\\\/fr\\\/shop\\\/distribution-fr\\\/capteurs-fr\\\/capteurs-de-temperature\\\/sonde-de-temperature\\\/#breadcrumb\",\"itemListElement\":[{\"@type\":\"ListItem\",\"position\":1,\"name\":\"Home\",\"item\":\"https:\\\/\\\/www.nxtprocess.com\\\/fr\\\/\"},{\"@type\":\"ListItem\",\"position\":2,\"name\":\"Boutique\",\"item\":\"https:\\\/\\\/www.nxtprocess.com\\\/fr\\\/boutique\\\/\"},{\"@type\":\"ListItem\",\"position\":3,\"name\":\"Capteur de sonde de temp\u00e9rature \u2013 ifm\"}]},{\"@type\":\"WebSite\",\"@id\":\"https:\\\/\\\/www.nxtprocess.com\\\/#website\",\"url\":\"https:\\\/\\\/www.nxtprocess.com\\\/\",\"name\":\"NXT Process\",\"description\":\"Optimizing your future, one liquid process at a time\",\"publisher\":{\"@id\":\"https:\\\/\\\/www.nxtprocess.com\\\/#organization\"},\"potentialAction\":[{\"@type\":\"SearchAction\",\"target\":{\"@type\":\"EntryPoint\",\"urlTemplate\":\"https:\\\/\\\/www.nxtprocess.com\\\/?s={search_term_string}\"},\"query-input\":{\"@type\":\"PropertyValueSpecification\",\"valueRequired\":true,\"valueName\":\"search_term_string\"}}],\"inLanguage\":\"fr-FR\"},{\"@type\":\"Organization\",\"@id\":\"https:\\\/\\\/www.nxtprocess.com\\\/#organization\",\"name\":\"Processus NXT\",\"url\":\"https:\\\/\\\/www.nxtprocess.com\\\/\",\"logo\":{\"@type\":\"ImageObject\",\"inLanguage\":\"fr-FR\",\"@id\":\"https:\\\/\\\/www.nxtprocess.com\\\/#\\\/schema\\\/logo\\\/image\\\/\",\"url\":\"http:\\\/\\\/www.nxtprocess.com\\\/wp-content\\\/uploads\\\/2025\\\/06\\\/Screenshot_1.png\",\"contentUrl\":\"http:\\\/\\\/www.nxtprocess.com\\\/wp-content\\\/uploads\\\/2025\\\/06\\\/Screenshot_1.png\",\"width\":255,\"height\":186,\"caption\":\"Processus NXT\"},\"image\":{\"@id\":\"https:\\\/\\\/www.nxtprocess.com\\\/#\\\/schema\\\/logo\\\/image\\\/\"},\"sameAs\":[\"https:\\\/\\\/www.facebook.com\\\/people\\\/NXT-Process\\\/61560023431243\\\/\",\"https:\\\/\\\/www.linkedin.com\\\/company\\\/11569305\\\/\"]}]}<\/script>\n<!-- \/ Yoast SEO plugin. -->","yoast_head_json":{"title":"Capteur de sonde de temp\u00e9rature \u2013 ifm | NXT Process","robots":{"index":"index","follow":"follow","max-snippet":"max-snippet:-1","max-image-preview":"max-image-preview:large","max-video-preview":"max-video-preview:-1"},"canonical":"https:\/\/www.nxtprocess.com\/fr\/shop\/distribution-fr\/capteurs-fr\/capteurs-de-temperature\/sonde-de-temperature\/","og_locale":"fr_FR","og_type":"article","og_title":"Capteur de sonde de temp\u00e9rature \u2013 ifm | NXT Process","og_description":"- Surveillance de temp\u00e9rature \u00e0 haute pr\u00e9cision dans les conteneurs, r\u00e9servoirs et canalisations - Connexion directe \u00e0 une unit\u00e9 de contr\u00f4le\/\u00e9valuation - R\u00e9ponse ultra-rapide pour les processus avec des changements de temp\u00e9rature rapides - Conception hygi\u00e9nique, adapt\u00e9e aux aliments et aux boissons - Connexion de processus flexible via des adaptateurs","og_url":"https:\/\/www.nxtprocess.com\/fr\/shop\/distribution-fr\/capteurs-fr\/capteurs-de-temperature\/sonde-de-temperature\/","og_site_name":"NXT Process","article_publisher":"https:\/\/www.facebook.com\/people\/NXT-Process\/61560023431243\/","article_modified_time":"2025-10-22T11:56:41+00:00","og_image":[{"width":1500,"height":1500,"url":"http:\/\/www.nxtprocess.com\/wp-content\/uploads\/2025\/10\/TT2291.jpg","type":"image\/jpeg"}],"twitter_card":"summary_large_image","twitter_misc":{"Dur\u00e9e de lecture estim\u00e9e":"2 minutes"},"schema":{"@context":"https:\/\/schema.org","@graph":[{"@type":"WebPage","@id":"https:\/\/www.nxtprocess.com\/fr\/shop\/distribution-fr\/capteurs-fr\/capteurs-de-temperature\/sonde-de-temperature\/","url":"https:\/\/www.nxtprocess.com\/fr\/shop\/distribution-fr\/capteurs-fr\/capteurs-de-temperature\/sonde-de-temperature\/","name":"Capteur de sonde de temp\u00e9rature \u2013 ifm | NXT Process","isPartOf":{"@id":"https:\/\/www.nxtprocess.com\/#website"},"primaryImageOfPage":{"@id":"https:\/\/www.nxtprocess.com\/fr\/shop\/distribution-fr\/capteurs-fr\/capteurs-de-temperature\/sonde-de-temperature\/#primaryimage"},"image":{"@id":"https:\/\/www.nxtprocess.com\/fr\/shop\/distribution-fr\/capteurs-fr\/capteurs-de-temperature\/sonde-de-temperature\/#primaryimage"},"thumbnailUrl":"https:\/\/www.nxtprocess.com\/wp-content\/uploads\/2025\/10\/TT2291.jpg","datePublished":"2025-10-10T09:31:03+00:00","dateModified":"2025-10-22T11:56:41+00:00","breadcrumb":{"@id":"https:\/\/www.nxtprocess.com\/fr\/shop\/distribution-fr\/capteurs-fr\/capteurs-de-temperature\/sonde-de-temperature\/#breadcrumb"},"inLanguage":"fr-FR","potentialAction":[{"@type":"ReadAction","target":["https:\/\/www.nxtprocess.com\/fr\/shop\/distribution-fr\/capteurs-fr\/capteurs-de-temperature\/sonde-de-temperature\/"]}]},{"@type":"ImageObject","inLanguage":"fr-FR","@id":"https:\/\/www.nxtprocess.com\/fr\/shop\/distribution-fr\/capteurs-fr\/capteurs-de-temperature\/sonde-de-temperature\/#primaryimage","url":"https:\/\/www.nxtprocess.com\/wp-content\/uploads\/2025\/10\/TT2291.jpg","contentUrl":"https:\/\/www.nxtprocess.com\/wp-content\/uploads\/2025\/10\/TT2291.jpg","width":1500,"height":1500},{"@type":"BreadcrumbList","@id":"https:\/\/www.nxtprocess.com\/fr\/shop\/distribution-fr\/capteurs-fr\/capteurs-de-temperature\/sonde-de-temperature\/#breadcrumb","itemListElement":[{"@type":"ListItem","position":1,"name":"Home","item":"https:\/\/www.nxtprocess.com\/fr\/"},{"@type":"ListItem","position":2,"name":"Boutique","item":"https:\/\/www.nxtprocess.com\/fr\/boutique\/"},{"@type":"ListItem","position":3,"name":"Capteur de sonde de temp\u00e9rature \u2013 ifm"}]},{"@type":"WebSite","@id":"https:\/\/www.nxtprocess.com\/#website","url":"https:\/\/www.nxtprocess.com\/","name":"NXT Process","description":"Optimizing your future, one liquid process at a time","publisher":{"@id":"https:\/\/www.nxtprocess.com\/#organization"},"potentialAction":[{"@type":"SearchAction","target":{"@type":"EntryPoint","urlTemplate":"https:\/\/www.nxtprocess.com\/?s={search_term_string}"},"query-input":{"@type":"PropertyValueSpecification","valueRequired":true,"valueName":"search_term_string"}}],"inLanguage":"fr-FR"},{"@type":"Organization","@id":"https:\/\/www.nxtprocess.com\/#organization","name":"Processus NXT","url":"https:\/\/www.nxtprocess.com\/","logo":{"@type":"ImageObject","inLanguage":"fr-FR","@id":"https:\/\/www.nxtprocess.com\/#\/schema\/logo\/image\/","url":"http:\/\/www.nxtprocess.com\/wp-content\/uploads\/2025\/06\/Screenshot_1.png","contentUrl":"http:\/\/www.nxtprocess.com\/wp-content\/uploads\/2025\/06\/Screenshot_1.png","width":255,"height":186,"caption":"Processus NXT"},"image":{"@id":"https:\/\/www.nxtprocess.com\/#\/schema\/logo\/image\/"},"sameAs":["https:\/\/www.facebook.com\/people\/NXT-Process\/61560023431243\/","https:\/\/www.linkedin.com\/company\/11569305\/"]}]}},"_links":{"self":[{"href":"https:\/\/www.nxtprocess.com\/fr\/wp-json\/wp\/v2\/product\/55943","targetHints":{"allow":["GET"]}}],"collection":[{"href":"https:\/\/www.nxtprocess.com\/fr\/wp-json\/wp\/v2\/product"}],"about":[{"href":"https:\/\/www.nxtprocess.com\/fr\/wp-json\/wp\/v2\/types\/product"}],"wp:featuredmedia":[{"embeddable":true,"href":"https:\/\/www.nxtprocess.com\/fr\/wp-json\/wp\/v2\/media\/55210"}],"wp:attachment":[{"href":"https:\/\/www.nxtprocess.com\/fr\/wp-json\/wp\/v2\/media?parent=55943"}],"wp:term":[{"taxonomy":"product_cat","embeddable":true,"href":"https:\/\/www.nxtprocess.com\/fr\/wp-json\/wp\/v2\/product_cat?post=55943"},{"taxonomy":"product_tag","embeddable":true,"href":"https:\/\/www.nxtprocess.com\/fr\/wp-json\/wp\/v2\/product_tag?post=55943"}],"curies":[{"name":"wp","href":"https:\/\/api.w.org\/{rel}","templated":true}]}}