{"id":55944,"date":"2025-10-10T09:31:01","date_gmt":"2025-10-10T09:31:01","guid":{"rendered":"https:\/\/www.nxtprocess.com\/shop\/non%20class\u00e9\/adaptateur-g1-2-vers-tri-clamp-1-5po\/"},"modified":"2025-10-22T11:52:14","modified_gmt":"2025-10-22T11:52:14","slug":"adaptateur-g1-2-vers-tri-clamp-1-5po","status":"publish","type":"product","link":"https:\/\/www.nxtprocess.com\/fr\/shop\/distribution-fr\/accessoires\/adaptateurs-raccordement-process\/adaptateur-g1-2-vers-tri-clamp-1-5po\/","title":{"rendered":"Adaptateur G1\/2 vers tri-clamp 1,5 po \u2013 ifm"},"content":{"rendered":"<h6><strong>IFM E33401 \u2013 Adaptateur G1\/2 vers Tri\u2011Clamp 1.5&#8243; pour montage de capteur hygi\u00e9nique<\/strong><\/h6>\n<p>Con\u00e7u pour l&#8217;installation de capteurs de process dans les lignes sanitaires, l&#8217;IFM E33401 adapte un filetage d&#8217;instrument G1\/2 (BSPP) \u00e0 une connexion Tri\u2011Clamp 1.5&#8243;. Id\u00e9al pour les cuves et les tuyauteries dans la production agroalimentaire, il permet un montage rapide, s\u00fbr et reproductible des capteurs de pression, de niveau, de d\u00e9bit ou de temp\u00e9rature dans les syst\u00e8mes de vannes et d&#8217;actionneurs hygi\u00e9niques. <\/p>\n<h6><strong>Principaux avantages<\/strong><\/h6>\n<ul>\n<li>Installation rapide et facile avec des outils pour une r\u00e9duction des temps d&#8217;arr\u00eat<\/li>\n<li>L&#8217;interface hygi\u00e9nique Tri\u2011Clamp prend en charge les connexions de processus nettoyables<\/li>\n<li>Corps robuste en acier inoxydable pour les environnements CIP\/SIP exigeants<\/li>\n<li>Capable de supporter une haute pression pour les applications de processus critiques<\/li>\n<li>Compatible avec les capteurs IFM et autres instruments G1\/2<\/li>\n<\/ul>\n<h6><strong>Aper\u00e7u technique<\/strong><\/h6>\n<ul>\n<li>C\u00f4t\u00e9 filetage : Raccord d&#8217;instrument G 1\/2 (BSPP)<\/li>\n<li>C\u00f4t\u00e9 processus : Virole sanitaire Tri\u2011Clamp de 1,5 pouce<\/li>\n<li>Mat\u00e9riau : Acier inoxydable de qualit\u00e9 alimentaire<\/li>\n<li>Capacit\u00e9 de pression : Pression nominale \u00e9lev\u00e9e (d\u00e9pend de l&#8217;application)<\/li>\n<li>Cas d&#8217;utilisation : Montage de capteurs de processus dans les r\u00e9servoirs, les skids et les pipelines<\/li>\n<li>Secteurs : Agroalimentaire, laiteries, brasseries, produits pharmaceutiques<\/li>\n<li>Int\u00e9gration : Convient aux syst\u00e8mes automatis\u00e9s avec capteurs, actionneurs et collecteurs de vannes<\/li>\n<\/ul>\n<p>Comptez sur l&#8217;E33401 pour une \u00e9tanch\u00e9it\u00e9 fiable et une performance durable, assurant une int\u00e9gration transparente des capteurs de process dans les architectures modernes d&#8217;automatisation et de contr\u00f4le.<\/p>\n","protected":false},"excerpt":{"rendered":"<p>&#8211; Con\u00e7u pour l&#8217;installation de capteurs de processus dans les r\u00e9servoirs et les canalisations<br \/>\n&#8211; Installation rapide, simple et s\u00e9curis\u00e9e<br \/>\n&#8211; Id\u00e9al pour les applications hygi\u00e9niques\/sanitaires<br \/>\n&#8211; Adaptateur en acier inoxydable conforme aux normes de l&#8217;industrie alimentaire et des boissons<br \/>\n&#8211; Certifi\u00e9 haute pression<\/p>\n","protected":false},"featured_media":55184,"template":"","meta":{"_acf_changed":false},"product_cat":[6220,6300,163,6264],"product_tag":[],"class_list":{"0":"post-55944","1":"product","2":"type-product","3":"status-publish","4":"has-post-thumbnail","6":"product_brand-ifm-fr","7":"product_cat-accessoires","8":"product_cat-adaptateurs-raccordement-process","9":"product_cat-distribution-fr","10":"product_cat-raccordement-de-process-fr","12":"first","13":"instock","14":"downloadable","15":"taxable","16":"shipping-taxable","17":"purchasable","18":"product-type-simple"},"acf":[],"yoast_head":"<!-- This site is optimized with the Yoast SEO plugin v27.5 - https:\/\/yoast.com\/product\/yoast-seo-wordpress\/ -->\n<title>Adaptateur G1\/2 vers tri-clamp 1,5 po \u2013 ifm | NXT Process<\/title>\n<meta name=\"robots\" content=\"index, follow, max-snippet:-1, max-image-preview:large, max-video-preview:-1\" \/>\n<link rel=\"canonical\" href=\"https:\/\/www.nxtprocess.com\/fr\/shop\/distribution-fr\/accessoires\/adaptateurs-raccordement-process\/adaptateur-g1-2-vers-tri-clamp-1-5po\/\" \/>\n<meta property=\"og:locale\" content=\"fr_FR\" \/>\n<meta property=\"og:type\" content=\"article\" \/>\n<meta property=\"og:title\" content=\"Adaptateur G1\/2 vers tri-clamp 1,5 po \u2013 ifm | NXT Process\" \/>\n<meta property=\"og:description\" content=\"- Con\u00e7u pour l&#039;installation de capteurs de processus dans les r\u00e9servoirs et les canalisations - Installation rapide, simple et s\u00e9curis\u00e9e - Id\u00e9al pour les applications hygi\u00e9niques\/sanitaires - Adaptateur en acier inoxydable conforme aux normes de l&#039;industrie alimentaire et des boissons - Certifi\u00e9 haute pression\" \/>\n<meta property=\"og:url\" content=\"https:\/\/www.nxtprocess.com\/fr\/shop\/distribution-fr\/accessoires\/adaptateurs-raccordement-process\/adaptateur-g1-2-vers-tri-clamp-1-5po\/\" \/>\n<meta property=\"og:site_name\" content=\"NXT Process\" \/>\n<meta property=\"article:publisher\" content=\"https:\/\/www.facebook.com\/people\/NXT-Process\/61560023431243\/\" \/>\n<meta property=\"article:modified_time\" content=\"2025-10-22T11:52:14+00:00\" \/>\n<meta property=\"og:image\" content=\"http:\/\/www.nxtprocess.com\/wp-content\/uploads\/2025\/10\/E33401.jpg\" \/>\n\t<meta property=\"og:image:width\" content=\"1500\" \/>\n\t<meta property=\"og:image:height\" content=\"1500\" \/>\n\t<meta property=\"og:image:type\" content=\"image\/jpeg\" \/>\n<meta name=\"twitter:card\" content=\"summary_large_image\" \/>\n<meta name=\"twitter:label1\" content=\"Dur\u00e9e de lecture estim\u00e9e\" \/>\n\t<meta name=\"twitter:data1\" content=\"1 minute\" \/>\n<script type=\"application\/ld+json\" class=\"yoast-schema-graph\">{\"@context\":\"https:\\\/\\\/schema.org\",\"@graph\":[{\"@type\":\"WebPage\",\"@id\":\"https:\\\/\\\/www.nxtprocess.com\\\/fr\\\/shop\\\/distribution-fr\\\/accessoires\\\/adaptateurs-raccordement-process\\\/adaptateur-g1-2-vers-tri-clamp-1-5po\\\/\",\"url\":\"https:\\\/\\\/www.nxtprocess.com\\\/fr\\\/shop\\\/distribution-fr\\\/accessoires\\\/adaptateurs-raccordement-process\\\/adaptateur-g1-2-vers-tri-clamp-1-5po\\\/\",\"name\":\"Adaptateur G1\\\/2 vers tri-clamp 1,5 po \u2013 ifm | NXT Process\",\"isPartOf\":{\"@id\":\"https:\\\/\\\/www.nxtprocess.com\\\/#website\"},\"primaryImageOfPage\":{\"@id\":\"https:\\\/\\\/www.nxtprocess.com\\\/fr\\\/shop\\\/distribution-fr\\\/accessoires\\\/adaptateurs-raccordement-process\\\/adaptateur-g1-2-vers-tri-clamp-1-5po\\\/#primaryimage\"},\"image\":{\"@id\":\"https:\\\/\\\/www.nxtprocess.com\\\/fr\\\/shop\\\/distribution-fr\\\/accessoires\\\/adaptateurs-raccordement-process\\\/adaptateur-g1-2-vers-tri-clamp-1-5po\\\/#primaryimage\"},\"thumbnailUrl\":\"https:\\\/\\\/www.nxtprocess.com\\\/wp-content\\\/uploads\\\/2025\\\/10\\\/E33401.jpg\",\"datePublished\":\"2025-10-10T09:31:01+00:00\",\"dateModified\":\"2025-10-22T11:52:14+00:00\",\"breadcrumb\":{\"@id\":\"https:\\\/\\\/www.nxtprocess.com\\\/fr\\\/shop\\\/distribution-fr\\\/accessoires\\\/adaptateurs-raccordement-process\\\/adaptateur-g1-2-vers-tri-clamp-1-5po\\\/#breadcrumb\"},\"inLanguage\":\"fr-FR\",\"potentialAction\":[{\"@type\":\"ReadAction\",\"target\":[\"https:\\\/\\\/www.nxtprocess.com\\\/fr\\\/shop\\\/distribution-fr\\\/accessoires\\\/adaptateurs-raccordement-process\\\/adaptateur-g1-2-vers-tri-clamp-1-5po\\\/\"]}]},{\"@type\":\"ImageObject\",\"inLanguage\":\"fr-FR\",\"@id\":\"https:\\\/\\\/www.nxtprocess.com\\\/fr\\\/shop\\\/distribution-fr\\\/accessoires\\\/adaptateurs-raccordement-process\\\/adaptateur-g1-2-vers-tri-clamp-1-5po\\\/#primaryimage\",\"url\":\"https:\\\/\\\/www.nxtprocess.com\\\/wp-content\\\/uploads\\\/2025\\\/10\\\/E33401.jpg\",\"contentUrl\":\"https:\\\/\\\/www.nxtprocess.com\\\/wp-content\\\/uploads\\\/2025\\\/10\\\/E33401.jpg\",\"width\":1500,\"height\":1500},{\"@type\":\"BreadcrumbList\",\"@id\":\"https:\\\/\\\/www.nxtprocess.com\\\/fr\\\/shop\\\/distribution-fr\\\/accessoires\\\/adaptateurs-raccordement-process\\\/adaptateur-g1-2-vers-tri-clamp-1-5po\\\/#breadcrumb\",\"itemListElement\":[{\"@type\":\"ListItem\",\"position\":1,\"name\":\"Home\",\"item\":\"https:\\\/\\\/www.nxtprocess.com\\\/fr\\\/\"},{\"@type\":\"ListItem\",\"position\":2,\"name\":\"Boutique\",\"item\":\"https:\\\/\\\/www.nxtprocess.com\\\/fr\\\/boutique\\\/\"},{\"@type\":\"ListItem\",\"position\":3,\"name\":\"Adaptateur G1\\\/2 vers tri-clamp 1,5 po \u2013 ifm\"}]},{\"@type\":\"WebSite\",\"@id\":\"https:\\\/\\\/www.nxtprocess.com\\\/#website\",\"url\":\"https:\\\/\\\/www.nxtprocess.com\\\/\",\"name\":\"NXT Process\",\"description\":\"Optimizing your future, one liquid process at a time\",\"publisher\":{\"@id\":\"https:\\\/\\\/www.nxtprocess.com\\\/#organization\"},\"potentialAction\":[{\"@type\":\"SearchAction\",\"target\":{\"@type\":\"EntryPoint\",\"urlTemplate\":\"https:\\\/\\\/www.nxtprocess.com\\\/?s={search_term_string}\"},\"query-input\":{\"@type\":\"PropertyValueSpecification\",\"valueRequired\":true,\"valueName\":\"search_term_string\"}}],\"inLanguage\":\"fr-FR\"},{\"@type\":\"Organization\",\"@id\":\"https:\\\/\\\/www.nxtprocess.com\\\/#organization\",\"name\":\"Processus NXT\",\"url\":\"https:\\\/\\\/www.nxtprocess.com\\\/\",\"logo\":{\"@type\":\"ImageObject\",\"inLanguage\":\"fr-FR\",\"@id\":\"https:\\\/\\\/www.nxtprocess.com\\\/#\\\/schema\\\/logo\\\/image\\\/\",\"url\":\"http:\\\/\\\/www.nxtprocess.com\\\/wp-content\\\/uploads\\\/2025\\\/06\\\/Screenshot_1.png\",\"contentUrl\":\"http:\\\/\\\/www.nxtprocess.com\\\/wp-content\\\/uploads\\\/2025\\\/06\\\/Screenshot_1.png\",\"width\":255,\"height\":186,\"caption\":\"Processus NXT\"},\"image\":{\"@id\":\"https:\\\/\\\/www.nxtprocess.com\\\/#\\\/schema\\\/logo\\\/image\\\/\"},\"sameAs\":[\"https:\\\/\\\/www.facebook.com\\\/people\\\/NXT-Process\\\/61560023431243\\\/\",\"https:\\\/\\\/www.linkedin.com\\\/company\\\/11569305\\\/\"]}]}<\/script>\n<!-- \/ Yoast SEO plugin. -->","yoast_head_json":{"title":"Adaptateur G1\/2 vers tri-clamp 1,5 po \u2013 ifm | NXT Process","robots":{"index":"index","follow":"follow","max-snippet":"max-snippet:-1","max-image-preview":"max-image-preview:large","max-video-preview":"max-video-preview:-1"},"canonical":"https:\/\/www.nxtprocess.com\/fr\/shop\/distribution-fr\/accessoires\/adaptateurs-raccordement-process\/adaptateur-g1-2-vers-tri-clamp-1-5po\/","og_locale":"fr_FR","og_type":"article","og_title":"Adaptateur G1\/2 vers tri-clamp 1,5 po \u2013 ifm | NXT Process","og_description":"- Con\u00e7u pour l'installation de capteurs de processus dans les r\u00e9servoirs et les canalisations - Installation rapide, simple et s\u00e9curis\u00e9e - Id\u00e9al pour les applications hygi\u00e9niques\/sanitaires - Adaptateur en acier inoxydable conforme aux normes de l'industrie alimentaire et des boissons - Certifi\u00e9 haute pression","og_url":"https:\/\/www.nxtprocess.com\/fr\/shop\/distribution-fr\/accessoires\/adaptateurs-raccordement-process\/adaptateur-g1-2-vers-tri-clamp-1-5po\/","og_site_name":"NXT Process","article_publisher":"https:\/\/www.facebook.com\/people\/NXT-Process\/61560023431243\/","article_modified_time":"2025-10-22T11:52:14+00:00","og_image":[{"width":1500,"height":1500,"url":"http:\/\/www.nxtprocess.com\/wp-content\/uploads\/2025\/10\/E33401.jpg","type":"image\/jpeg"}],"twitter_card":"summary_large_image","twitter_misc":{"Dur\u00e9e de lecture estim\u00e9e":"1 minute"},"schema":{"@context":"https:\/\/schema.org","@graph":[{"@type":"WebPage","@id":"https:\/\/www.nxtprocess.com\/fr\/shop\/distribution-fr\/accessoires\/adaptateurs-raccordement-process\/adaptateur-g1-2-vers-tri-clamp-1-5po\/","url":"https:\/\/www.nxtprocess.com\/fr\/shop\/distribution-fr\/accessoires\/adaptateurs-raccordement-process\/adaptateur-g1-2-vers-tri-clamp-1-5po\/","name":"Adaptateur G1\/2 vers tri-clamp 1,5 po \u2013 ifm | NXT Process","isPartOf":{"@id":"https:\/\/www.nxtprocess.com\/#website"},"primaryImageOfPage":{"@id":"https:\/\/www.nxtprocess.com\/fr\/shop\/distribution-fr\/accessoires\/adaptateurs-raccordement-process\/adaptateur-g1-2-vers-tri-clamp-1-5po\/#primaryimage"},"image":{"@id":"https:\/\/www.nxtprocess.com\/fr\/shop\/distribution-fr\/accessoires\/adaptateurs-raccordement-process\/adaptateur-g1-2-vers-tri-clamp-1-5po\/#primaryimage"},"thumbnailUrl":"https:\/\/www.nxtprocess.com\/wp-content\/uploads\/2025\/10\/E33401.jpg","datePublished":"2025-10-10T09:31:01+00:00","dateModified":"2025-10-22T11:52:14+00:00","breadcrumb":{"@id":"https:\/\/www.nxtprocess.com\/fr\/shop\/distribution-fr\/accessoires\/adaptateurs-raccordement-process\/adaptateur-g1-2-vers-tri-clamp-1-5po\/#breadcrumb"},"inLanguage":"fr-FR","potentialAction":[{"@type":"ReadAction","target":["https:\/\/www.nxtprocess.com\/fr\/shop\/distribution-fr\/accessoires\/adaptateurs-raccordement-process\/adaptateur-g1-2-vers-tri-clamp-1-5po\/"]}]},{"@type":"ImageObject","inLanguage":"fr-FR","@id":"https:\/\/www.nxtprocess.com\/fr\/shop\/distribution-fr\/accessoires\/adaptateurs-raccordement-process\/adaptateur-g1-2-vers-tri-clamp-1-5po\/#primaryimage","url":"https:\/\/www.nxtprocess.com\/wp-content\/uploads\/2025\/10\/E33401.jpg","contentUrl":"https:\/\/www.nxtprocess.com\/wp-content\/uploads\/2025\/10\/E33401.jpg","width":1500,"height":1500},{"@type":"BreadcrumbList","@id":"https:\/\/www.nxtprocess.com\/fr\/shop\/distribution-fr\/accessoires\/adaptateurs-raccordement-process\/adaptateur-g1-2-vers-tri-clamp-1-5po\/#breadcrumb","itemListElement":[{"@type":"ListItem","position":1,"name":"Home","item":"https:\/\/www.nxtprocess.com\/fr\/"},{"@type":"ListItem","position":2,"name":"Boutique","item":"https:\/\/www.nxtprocess.com\/fr\/boutique\/"},{"@type":"ListItem","position":3,"name":"Adaptateur G1\/2 vers tri-clamp 1,5 po \u2013 ifm"}]},{"@type":"WebSite","@id":"https:\/\/www.nxtprocess.com\/#website","url":"https:\/\/www.nxtprocess.com\/","name":"NXT Process","description":"Optimizing your future, one liquid process at a time","publisher":{"@id":"https:\/\/www.nxtprocess.com\/#organization"},"potentialAction":[{"@type":"SearchAction","target":{"@type":"EntryPoint","urlTemplate":"https:\/\/www.nxtprocess.com\/?s={search_term_string}"},"query-input":{"@type":"PropertyValueSpecification","valueRequired":true,"valueName":"search_term_string"}}],"inLanguage":"fr-FR"},{"@type":"Organization","@id":"https:\/\/www.nxtprocess.com\/#organization","name":"Processus NXT","url":"https:\/\/www.nxtprocess.com\/","logo":{"@type":"ImageObject","inLanguage":"fr-FR","@id":"https:\/\/www.nxtprocess.com\/#\/schema\/logo\/image\/","url":"http:\/\/www.nxtprocess.com\/wp-content\/uploads\/2025\/06\/Screenshot_1.png","contentUrl":"http:\/\/www.nxtprocess.com\/wp-content\/uploads\/2025\/06\/Screenshot_1.png","width":255,"height":186,"caption":"Processus NXT"},"image":{"@id":"https:\/\/www.nxtprocess.com\/#\/schema\/logo\/image\/"},"sameAs":["https:\/\/www.facebook.com\/people\/NXT-Process\/61560023431243\/","https:\/\/www.linkedin.com\/company\/11569305\/"]}]}},"_links":{"self":[{"href":"https:\/\/www.nxtprocess.com\/fr\/wp-json\/wp\/v2\/product\/55944","targetHints":{"allow":["GET"]}}],"collection":[{"href":"https:\/\/www.nxtprocess.com\/fr\/wp-json\/wp\/v2\/product"}],"about":[{"href":"https:\/\/www.nxtprocess.com\/fr\/wp-json\/wp\/v2\/types\/product"}],"wp:featuredmedia":[{"embeddable":true,"href":"https:\/\/www.nxtprocess.com\/fr\/wp-json\/wp\/v2\/media\/55184"}],"wp:attachment":[{"href":"https:\/\/www.nxtprocess.com\/fr\/wp-json\/wp\/v2\/media?parent=55944"}],"wp:term":[{"taxonomy":"product_cat","embeddable":true,"href":"https:\/\/www.nxtprocess.com\/fr\/wp-json\/wp\/v2\/product_cat?post=55944"},{"taxonomy":"product_tag","embeddable":true,"href":"https:\/\/www.nxtprocess.com\/fr\/wp-json\/wp\/v2\/product_tag?post=55944"}],"curies":[{"name":"wp","href":"https:\/\/api.w.org\/{rel}","templated":true}]}}