{"id":55949,"date":"2025-10-10T09:31:01","date_gmt":"2025-10-10T09:31:01","guid":{"rendered":"https:\/\/www.nxtprocess.com\/shop\/non%20class\u00e9\/cable-de-raccordement-m12-avec-connecteur-femelle\/"},"modified":"2025-10-22T11:52:15","modified_gmt":"2025-10-22T11:52:15","slug":"cable-de-raccordement-m12-avec-connecteur-femelle","status":"publish","type":"product","link":"https:\/\/www.nxtprocess.com\/fr\/shop\/distribution-fr\/technologie-de-connexion\/cables-de-connexion-avec-extremite-de-cable-ouverte-fr\/cable-de-raccordement-m12-avec-connecteur-femelle\/","title":{"rendered":"C\u00e2ble de connexion M12 avec prise femelle \u2013 ifm"},"content":{"rendered":"<h6><strong>IFM EVT420 \u2013 C\u00e2ble de raccordement M12 avec connecteur femelle pour interfaces capteur\/actionneur hygi\u00e9niques<\/strong><\/h6>\n<p>Con\u00e7u pour les environnements alimentaires et des boissons, le c\u00e2ble de raccordement IFM EVT420 M12 avec connecteur femelle offre une connectivit\u00e9 robuste et sans outil pour les capteurs, les actionneurs et les syst\u00e8mes de vannes dans les zones hygi\u00e9niques et humides. Sa bague de couplage s\u00e9curis\u00e9e avec m\u00e9canisme de verrouillage r\u00e9siste aux vibrations et aux chocs, tandis qu&#8217;une but\u00e9e m\u00e9canique prot\u00e8ge le joint torique pour maintenir une \u00e9tanch\u00e9it\u00e9 fiable lors des routines fr\u00e9quentes de montage et de nettoyage. <\/p>\n<h6><strong>Principaux avantages<\/strong><\/h6>\n<ul>\n<li>Conception hygi\u00e9nique pour les applications de l&#8217;industrie alimentaire en milieu humide et \u00e0 lavage intensif<\/li>\n<li>Montage sans outil avec \u00e9tanch\u00e9it\u00e9 permanente et fiable<\/li>\n<li>Bague de couplage avec verrouillage r\u00e9sistant aux vibrations et aux chocs dans les installations haute dynamique<\/li>\n<li>But\u00e9e m\u00e9canique emp\u00eachant l&#8217;endommagement du joint torique et les fuites<\/li>\n<li>Large plage de temp\u00e9rature de fonctionnement ; indice de protection \u00e9lev\u00e9 pour un nettoyage intensif<\/li>\n<li>Transmission stable de signal et d&#8217;alimentation pour capteurs, actionneurs et vannes<\/li>\n<\/ul>\n<h6><strong>Aper\u00e7u technique<\/strong><\/h6>\n<ul>\n<li>Interface : Prise femelle M12 pour connexions standard de capteurs\/actionneurs industriels<\/li>\n<li>Application : Zones hygi\u00e9niques et humides, environnements compatibles CIP\/SIP et lavage<\/li>\n<li>\u00c9tanch\u00e9it\u00e9 : But\u00e9e m\u00e9canique prot\u00e9geant le joint torique ; \u00e9tanch\u00e9it\u00e9 maintenue sans outil<\/li>\n<li>Durabilit\u00e9 : Bague de couplage verrouillable am\u00e9liore la r\u00e9tention sous vibrations et chocs<\/li>\n<li>Environnement : Large tol\u00e9rance de temp\u00e9rature ; protection \u00e9lev\u00e9e contre les projections et \u00e9claboussures<\/li>\n<\/ul>\n<p>Comptez sur l&#8217;EVT420 pour une connectivit\u00e9 fiable et facile \u00e0 entretenir qui s&#8217;int\u00e8gre parfaitement dans les syst\u00e8mes automatis\u00e9s de production, d&#8217;emballage et de contr\u00f4le des vannes.<\/p>\n","protected":false},"excerpt":{"rendered":"<p>&#8211; Con\u00e7u pour les environnements hygi\u00e9niques et lavables dans l&#8217;industrie agroalimentaire<br \/>\n&#8211; Installation sans outil garantissant un joint durable et \u00e9tanche<br \/>\n&#8211; Large plage de temp\u00e9ratures de fonctionnement avec un indice de protection \u00e9lev\u00e9<br \/>\n&#8211; R\u00e9sistant aux vibrations et aux chocs gr\u00e2ce \u00e0 un anneau de couplage verrouillable<br \/>\n&#8211; But\u00e9e m\u00e9canique emp\u00eachant la surcompression et l&#8217;endommagement du joint torique<\/p>\n","protected":false},"featured_media":55177,"template":"","meta":{"_acf_changed":false},"product_cat":[6262,163],"product_tag":[],"class_list":{"0":"post-55949","1":"product","2":"type-product","3":"status-publish","4":"has-post-thumbnail","6":"product_brand-ifm-fr","7":"product_cat-cables-de-connexion-avec-extremite-de-cable-ouverte-fr","8":"product_cat-distribution-fr","10":"first","11":"instock","12":"downloadable","13":"taxable","14":"shipping-taxable","15":"purchasable","16":"product-type-simple"},"acf":[],"yoast_head":"<!-- This site is optimized with the Yoast SEO plugin v27.5 - https:\/\/yoast.com\/product\/yoast-seo-wordpress\/ -->\n<title>C\u00e2ble de connexion M12 avec prise femelle \u2013 ifm | NXT Process<\/title>\n<meta name=\"robots\" content=\"index, follow, max-snippet:-1, max-image-preview:large, max-video-preview:-1\" \/>\n<link rel=\"canonical\" href=\"https:\/\/www.nxtprocess.com\/fr\/shop\/distribution-fr\/technologie-de-connexion\/cables-de-connexion-avec-extremite-de-cable-ouverte-fr\/cable-de-raccordement-m12-avec-connecteur-femelle\/\" \/>\n<meta property=\"og:locale\" content=\"fr_FR\" \/>\n<meta property=\"og:type\" content=\"article\" \/>\n<meta property=\"og:title\" content=\"C\u00e2ble de connexion M12 avec prise femelle \u2013 ifm | NXT Process\" \/>\n<meta property=\"og:description\" content=\"- Con\u00e7u pour les environnements hygi\u00e9niques et lavables dans l&#039;industrie agroalimentaire - Installation sans outil garantissant un joint durable et \u00e9tanche - Large plage de temp\u00e9ratures de fonctionnement avec un indice de protection \u00e9lev\u00e9 - R\u00e9sistant aux vibrations et aux chocs gr\u00e2ce \u00e0 un anneau de couplage verrouillable - But\u00e9e m\u00e9canique emp\u00eachant la surcompression et l&#039;endommagement du joint torique\" \/>\n<meta property=\"og:url\" content=\"https:\/\/www.nxtprocess.com\/fr\/shop\/distribution-fr\/technologie-de-connexion\/cables-de-connexion-avec-extremite-de-cable-ouverte-fr\/cable-de-raccordement-m12-avec-connecteur-femelle\/\" \/>\n<meta property=\"og:site_name\" content=\"NXT Process\" \/>\n<meta property=\"article:publisher\" content=\"https:\/\/www.facebook.com\/people\/NXT-Process\/61560023431243\/\" \/>\n<meta property=\"article:modified_time\" content=\"2025-10-22T11:52:15+00:00\" \/>\n<meta property=\"og:image\" content=\"http:\/\/www.nxtprocess.com\/wp-content\/uploads\/2025\/10\/EVT420.jpg\" \/>\n\t<meta property=\"og:image:width\" content=\"1500\" \/>\n\t<meta property=\"og:image:height\" content=\"1500\" \/>\n\t<meta property=\"og:image:type\" content=\"image\/jpeg\" \/>\n<meta name=\"twitter:card\" content=\"summary_large_image\" \/>\n<meta name=\"twitter:label1\" content=\"Dur\u00e9e de lecture estim\u00e9e\" \/>\n\t<meta name=\"twitter:data1\" content=\"1 minute\" \/>\n<script type=\"application\/ld+json\" class=\"yoast-schema-graph\">{\"@context\":\"https:\\\/\\\/schema.org\",\"@graph\":[{\"@type\":\"WebPage\",\"@id\":\"https:\\\/\\\/www.nxtprocess.com\\\/fr\\\/shop\\\/distribution-fr\\\/technologie-de-connexion\\\/cables-de-connexion-avec-extremite-de-cable-ouverte-fr\\\/cable-de-raccordement-m12-avec-connecteur-femelle\\\/\",\"url\":\"https:\\\/\\\/www.nxtprocess.com\\\/fr\\\/shop\\\/distribution-fr\\\/technologie-de-connexion\\\/cables-de-connexion-avec-extremite-de-cable-ouverte-fr\\\/cable-de-raccordement-m12-avec-connecteur-femelle\\\/\",\"name\":\"C\u00e2ble de connexion M12 avec prise femelle \u2013 ifm | NXT Process\",\"isPartOf\":{\"@id\":\"https:\\\/\\\/www.nxtprocess.com\\\/#website\"},\"primaryImageOfPage\":{\"@id\":\"https:\\\/\\\/www.nxtprocess.com\\\/fr\\\/shop\\\/distribution-fr\\\/technologie-de-connexion\\\/cables-de-connexion-avec-extremite-de-cable-ouverte-fr\\\/cable-de-raccordement-m12-avec-connecteur-femelle\\\/#primaryimage\"},\"image\":{\"@id\":\"https:\\\/\\\/www.nxtprocess.com\\\/fr\\\/shop\\\/distribution-fr\\\/technologie-de-connexion\\\/cables-de-connexion-avec-extremite-de-cable-ouverte-fr\\\/cable-de-raccordement-m12-avec-connecteur-femelle\\\/#primaryimage\"},\"thumbnailUrl\":\"https:\\\/\\\/www.nxtprocess.com\\\/wp-content\\\/uploads\\\/2025\\\/10\\\/EVT420.jpg\",\"datePublished\":\"2025-10-10T09:31:01+00:00\",\"dateModified\":\"2025-10-22T11:52:15+00:00\",\"breadcrumb\":{\"@id\":\"https:\\\/\\\/www.nxtprocess.com\\\/fr\\\/shop\\\/distribution-fr\\\/technologie-de-connexion\\\/cables-de-connexion-avec-extremite-de-cable-ouverte-fr\\\/cable-de-raccordement-m12-avec-connecteur-femelle\\\/#breadcrumb\"},\"inLanguage\":\"fr-FR\",\"potentialAction\":[{\"@type\":\"ReadAction\",\"target\":[\"https:\\\/\\\/www.nxtprocess.com\\\/fr\\\/shop\\\/distribution-fr\\\/technologie-de-connexion\\\/cables-de-connexion-avec-extremite-de-cable-ouverte-fr\\\/cable-de-raccordement-m12-avec-connecteur-femelle\\\/\"]}]},{\"@type\":\"ImageObject\",\"inLanguage\":\"fr-FR\",\"@id\":\"https:\\\/\\\/www.nxtprocess.com\\\/fr\\\/shop\\\/distribution-fr\\\/technologie-de-connexion\\\/cables-de-connexion-avec-extremite-de-cable-ouverte-fr\\\/cable-de-raccordement-m12-avec-connecteur-femelle\\\/#primaryimage\",\"url\":\"https:\\\/\\\/www.nxtprocess.com\\\/wp-content\\\/uploads\\\/2025\\\/10\\\/EVT420.jpg\",\"contentUrl\":\"https:\\\/\\\/www.nxtprocess.com\\\/wp-content\\\/uploads\\\/2025\\\/10\\\/EVT420.jpg\",\"width\":1500,\"height\":1500},{\"@type\":\"BreadcrumbList\",\"@id\":\"https:\\\/\\\/www.nxtprocess.com\\\/fr\\\/shop\\\/distribution-fr\\\/technologie-de-connexion\\\/cables-de-connexion-avec-extremite-de-cable-ouverte-fr\\\/cable-de-raccordement-m12-avec-connecteur-femelle\\\/#breadcrumb\",\"itemListElement\":[{\"@type\":\"ListItem\",\"position\":1,\"name\":\"Home\",\"item\":\"https:\\\/\\\/www.nxtprocess.com\\\/fr\\\/\"},{\"@type\":\"ListItem\",\"position\":2,\"name\":\"Boutique\",\"item\":\"https:\\\/\\\/www.nxtprocess.com\\\/fr\\\/boutique\\\/\"},{\"@type\":\"ListItem\",\"position\":3,\"name\":\"C\u00e2ble de connexion M12 avec prise femelle \u2013 ifm\"}]},{\"@type\":\"WebSite\",\"@id\":\"https:\\\/\\\/www.nxtprocess.com\\\/#website\",\"url\":\"https:\\\/\\\/www.nxtprocess.com\\\/\",\"name\":\"NXT Process\",\"description\":\"Optimizing your future, one liquid process at a time\",\"publisher\":{\"@id\":\"https:\\\/\\\/www.nxtprocess.com\\\/#organization\"},\"potentialAction\":[{\"@type\":\"SearchAction\",\"target\":{\"@type\":\"EntryPoint\",\"urlTemplate\":\"https:\\\/\\\/www.nxtprocess.com\\\/?s={search_term_string}\"},\"query-input\":{\"@type\":\"PropertyValueSpecification\",\"valueRequired\":true,\"valueName\":\"search_term_string\"}}],\"inLanguage\":\"fr-FR\"},{\"@type\":\"Organization\",\"@id\":\"https:\\\/\\\/www.nxtprocess.com\\\/#organization\",\"name\":\"Processus NXT\",\"url\":\"https:\\\/\\\/www.nxtprocess.com\\\/\",\"logo\":{\"@type\":\"ImageObject\",\"inLanguage\":\"fr-FR\",\"@id\":\"https:\\\/\\\/www.nxtprocess.com\\\/#\\\/schema\\\/logo\\\/image\\\/\",\"url\":\"http:\\\/\\\/www.nxtprocess.com\\\/wp-content\\\/uploads\\\/2025\\\/06\\\/Screenshot_1.png\",\"contentUrl\":\"http:\\\/\\\/www.nxtprocess.com\\\/wp-content\\\/uploads\\\/2025\\\/06\\\/Screenshot_1.png\",\"width\":255,\"height\":186,\"caption\":\"Processus NXT\"},\"image\":{\"@id\":\"https:\\\/\\\/www.nxtprocess.com\\\/#\\\/schema\\\/logo\\\/image\\\/\"},\"sameAs\":[\"https:\\\/\\\/www.facebook.com\\\/people\\\/NXT-Process\\\/61560023431243\\\/\",\"https:\\\/\\\/www.linkedin.com\\\/company\\\/11569305\\\/\"]}]}<\/script>\n<!-- \/ Yoast SEO plugin. -->","yoast_head_json":{"title":"C\u00e2ble de connexion M12 avec prise femelle \u2013 ifm | NXT Process","robots":{"index":"index","follow":"follow","max-snippet":"max-snippet:-1","max-image-preview":"max-image-preview:large","max-video-preview":"max-video-preview:-1"},"canonical":"https:\/\/www.nxtprocess.com\/fr\/shop\/distribution-fr\/technologie-de-connexion\/cables-de-connexion-avec-extremite-de-cable-ouverte-fr\/cable-de-raccordement-m12-avec-connecteur-femelle\/","og_locale":"fr_FR","og_type":"article","og_title":"C\u00e2ble de connexion M12 avec prise femelle \u2013 ifm | NXT Process","og_description":"- Con\u00e7u pour les environnements hygi\u00e9niques et lavables dans l'industrie agroalimentaire - Installation sans outil garantissant un joint durable et \u00e9tanche - Large plage de temp\u00e9ratures de fonctionnement avec un indice de protection \u00e9lev\u00e9 - R\u00e9sistant aux vibrations et aux chocs gr\u00e2ce \u00e0 un anneau de couplage verrouillable - But\u00e9e m\u00e9canique emp\u00eachant la surcompression et l'endommagement du joint torique","og_url":"https:\/\/www.nxtprocess.com\/fr\/shop\/distribution-fr\/technologie-de-connexion\/cables-de-connexion-avec-extremite-de-cable-ouverte-fr\/cable-de-raccordement-m12-avec-connecteur-femelle\/","og_site_name":"NXT Process","article_publisher":"https:\/\/www.facebook.com\/people\/NXT-Process\/61560023431243\/","article_modified_time":"2025-10-22T11:52:15+00:00","og_image":[{"width":1500,"height":1500,"url":"http:\/\/www.nxtprocess.com\/wp-content\/uploads\/2025\/10\/EVT420.jpg","type":"image\/jpeg"}],"twitter_card":"summary_large_image","twitter_misc":{"Dur\u00e9e de lecture estim\u00e9e":"1 minute"},"schema":{"@context":"https:\/\/schema.org","@graph":[{"@type":"WebPage","@id":"https:\/\/www.nxtprocess.com\/fr\/shop\/distribution-fr\/technologie-de-connexion\/cables-de-connexion-avec-extremite-de-cable-ouverte-fr\/cable-de-raccordement-m12-avec-connecteur-femelle\/","url":"https:\/\/www.nxtprocess.com\/fr\/shop\/distribution-fr\/technologie-de-connexion\/cables-de-connexion-avec-extremite-de-cable-ouverte-fr\/cable-de-raccordement-m12-avec-connecteur-femelle\/","name":"C\u00e2ble de connexion M12 avec prise femelle \u2013 ifm | NXT Process","isPartOf":{"@id":"https:\/\/www.nxtprocess.com\/#website"},"primaryImageOfPage":{"@id":"https:\/\/www.nxtprocess.com\/fr\/shop\/distribution-fr\/technologie-de-connexion\/cables-de-connexion-avec-extremite-de-cable-ouverte-fr\/cable-de-raccordement-m12-avec-connecteur-femelle\/#primaryimage"},"image":{"@id":"https:\/\/www.nxtprocess.com\/fr\/shop\/distribution-fr\/technologie-de-connexion\/cables-de-connexion-avec-extremite-de-cable-ouverte-fr\/cable-de-raccordement-m12-avec-connecteur-femelle\/#primaryimage"},"thumbnailUrl":"https:\/\/www.nxtprocess.com\/wp-content\/uploads\/2025\/10\/EVT420.jpg","datePublished":"2025-10-10T09:31:01+00:00","dateModified":"2025-10-22T11:52:15+00:00","breadcrumb":{"@id":"https:\/\/www.nxtprocess.com\/fr\/shop\/distribution-fr\/technologie-de-connexion\/cables-de-connexion-avec-extremite-de-cable-ouverte-fr\/cable-de-raccordement-m12-avec-connecteur-femelle\/#breadcrumb"},"inLanguage":"fr-FR","potentialAction":[{"@type":"ReadAction","target":["https:\/\/www.nxtprocess.com\/fr\/shop\/distribution-fr\/technologie-de-connexion\/cables-de-connexion-avec-extremite-de-cable-ouverte-fr\/cable-de-raccordement-m12-avec-connecteur-femelle\/"]}]},{"@type":"ImageObject","inLanguage":"fr-FR","@id":"https:\/\/www.nxtprocess.com\/fr\/shop\/distribution-fr\/technologie-de-connexion\/cables-de-connexion-avec-extremite-de-cable-ouverte-fr\/cable-de-raccordement-m12-avec-connecteur-femelle\/#primaryimage","url":"https:\/\/www.nxtprocess.com\/wp-content\/uploads\/2025\/10\/EVT420.jpg","contentUrl":"https:\/\/www.nxtprocess.com\/wp-content\/uploads\/2025\/10\/EVT420.jpg","width":1500,"height":1500},{"@type":"BreadcrumbList","@id":"https:\/\/www.nxtprocess.com\/fr\/shop\/distribution-fr\/technologie-de-connexion\/cables-de-connexion-avec-extremite-de-cable-ouverte-fr\/cable-de-raccordement-m12-avec-connecteur-femelle\/#breadcrumb","itemListElement":[{"@type":"ListItem","position":1,"name":"Home","item":"https:\/\/www.nxtprocess.com\/fr\/"},{"@type":"ListItem","position":2,"name":"Boutique","item":"https:\/\/www.nxtprocess.com\/fr\/boutique\/"},{"@type":"ListItem","position":3,"name":"C\u00e2ble de connexion M12 avec prise femelle \u2013 ifm"}]},{"@type":"WebSite","@id":"https:\/\/www.nxtprocess.com\/#website","url":"https:\/\/www.nxtprocess.com\/","name":"NXT Process","description":"Optimizing your future, one liquid process at a time","publisher":{"@id":"https:\/\/www.nxtprocess.com\/#organization"},"potentialAction":[{"@type":"SearchAction","target":{"@type":"EntryPoint","urlTemplate":"https:\/\/www.nxtprocess.com\/?s={search_term_string}"},"query-input":{"@type":"PropertyValueSpecification","valueRequired":true,"valueName":"search_term_string"}}],"inLanguage":"fr-FR"},{"@type":"Organization","@id":"https:\/\/www.nxtprocess.com\/#organization","name":"Processus NXT","url":"https:\/\/www.nxtprocess.com\/","logo":{"@type":"ImageObject","inLanguage":"fr-FR","@id":"https:\/\/www.nxtprocess.com\/#\/schema\/logo\/image\/","url":"http:\/\/www.nxtprocess.com\/wp-content\/uploads\/2025\/06\/Screenshot_1.png","contentUrl":"http:\/\/www.nxtprocess.com\/wp-content\/uploads\/2025\/06\/Screenshot_1.png","width":255,"height":186,"caption":"Processus NXT"},"image":{"@id":"https:\/\/www.nxtprocess.com\/#\/schema\/logo\/image\/"},"sameAs":["https:\/\/www.facebook.com\/people\/NXT-Process\/61560023431243\/","https:\/\/www.linkedin.com\/company\/11569305\/"]}]}},"_links":{"self":[{"href":"https:\/\/www.nxtprocess.com\/fr\/wp-json\/wp\/v2\/product\/55949","targetHints":{"allow":["GET"]}}],"collection":[{"href":"https:\/\/www.nxtprocess.com\/fr\/wp-json\/wp\/v2\/product"}],"about":[{"href":"https:\/\/www.nxtprocess.com\/fr\/wp-json\/wp\/v2\/types\/product"}],"wp:featuredmedia":[{"embeddable":true,"href":"https:\/\/www.nxtprocess.com\/fr\/wp-json\/wp\/v2\/media\/55177"}],"wp:attachment":[{"href":"https:\/\/www.nxtprocess.com\/fr\/wp-json\/wp\/v2\/media?parent=55949"}],"wp:term":[{"taxonomy":"product_cat","embeddable":true,"href":"https:\/\/www.nxtprocess.com\/fr\/wp-json\/wp\/v2\/product_cat?post=55949"},{"taxonomy":"product_tag","embeddable":true,"href":"https:\/\/www.nxtprocess.com\/fr\/wp-json\/wp\/v2\/product_tag?post=55949"}],"curies":[{"name":"wp","href":"https:\/\/api.w.org\/{rel}","templated":true}]}}