{"id":55958,"date":"2025-10-10T09:30:59","date_gmt":"2025-10-10T09:30:59","guid":{"rendered":"https:\/\/www.nxtprocess.com\/shop\/non%20class\u00e9\/prise-cablable-8-broches\/"},"modified":"2025-10-22T11:52:41","modified_gmt":"2025-10-22T11:52:41","slug":"prise-cablable-8-broches","status":"publish","type":"product","link":"https:\/\/www.nxtprocess.com\/fr\/shop\/distribution-fr\/technologie-de-connexion\/cablable\/prise-cablable-8-broches\/","title":{"rendered":"Embase enfichable 8 broches \u2013 ifm"},"content":{"rendered":"<h6><strong>IFM E18165 Prise c\u00e2blable, 8 broches \u2014 Connecteur c\u00e2blable sur site pour capteurs et actionneurs<\/strong><\/h6>\n<p>Con\u00e7ue pour le c\u00e2blage c\u00f4t\u00e9 machine, la prise c\u00e2blable 8 broches IFM E18165 fournit une connexion robuste et assembl\u00e9e sur site entre les capteurs\/actionneurs et les modules d&#8217;E\/S, automates programmables et syst\u00e8mes de vannes. Id\u00e9ale pour les sc\u00e9narios de modernisation et de maintenance, elle permet une terminaison rapide sur site tout en maintenant l&#8217;int\u00e9grit\u00e9 du signal dans des environnements industriels exigeants et diverses situations de montage. <\/p>\n<h6><strong>Principaux avantages<\/strong><\/h6>\n<ul>\n<li>Transmission stable du signal gr\u00e2ce \u00e0 des contacts plaqu\u00e9s or<\/li>\n<li>C\u00e2blage s\u00e9curis\u00e9 et facile \u00e0 r\u00e9aliser avec des bornes \u00e0 vis pour une installation rapide<\/li>\n<li>R\u00e9siste aux conditions difficiles gr\u00e2ce \u00e0 une conception \u00e0 haute protection contre les intrusions<\/li>\n<li>Large plage de temp\u00e9ratures de fonctionnement pour une performance fiable dans diverses applications<\/li>\n<li>La disposition polyvalente \u00e0 8 broches prend en charge les dispositifs multi-signaux et les n\u0153uds d&#8217;automatisation complexes<\/li>\n<\/ul>\n<h6><strong>Aper\u00e7u technique \/ d\u00e9tails du produit<\/strong><\/h6>\n<ul>\n<li>Marque \/ mod\u00e8le : IFM E18165<\/li>\n<li>Fonction : Prise \u00e0 8 broches c\u00e2blable sur site pour l&#8217;automatisation industrielle<\/li>\n<li>Raccordement : Bornes \u00e0 vis pour une connexion de c\u00e2ble s\u00fbre et durable<\/li>\n<li>Contacts : Plaqu\u00e9 or pour une faible r\u00e9sistance et une r\u00e9sistance \u00e0 la corrosion<\/li>\n<li>Protection : Niveau de protection \u00e9lev\u00e9 adapt\u00e9 aux environnements industriels difficiles<\/li>\n<li>Temp\u00e9rature de fonctionnement : Large plage d&#8217;utilisation dans des conditions ambiantes vari\u00e9es<\/li>\n<li>Utilisations typiques : Capteurs, actionneurs, collecteurs de vannes, blocs d&#8217;E\/S, robotique, machines-outils et \u00e9quipements de processus<\/li>\n<li>Int\u00e9gration : Con\u00e7u pour une connexion fiable aux automates programmables et aux E\/S distribu\u00e9es dans l&#8217;automatisation d&#8217;usine<\/li>\n<\/ul>\n<p>Con\u00e7ue pour la disponibilit\u00e9 et des performances constantes, l&#8217;E18165 offre une connectivit\u00e9 fiable qui s&#8217;int\u00e8gre parfaitement aux syst\u00e8mes d&#8217;automatisation modernes.<\/p>\n","protected":false},"excerpt":{"rendered":"<p>&#8211; Les contacts plaqu\u00e9s or assurent une connectivit\u00e9 \u00e9lectrique fiable<br \/>\n&#8211; Indice de protection \u00e9lev\u00e9 pour les environnements industriels exigeants<br \/>\n&#8211; Large plage de temp\u00e9rature de fonctionnement<br \/>\n&#8211; Raccordement s\u00e9curis\u00e9 des c\u00e2bles avec bornes \u00e0 vis<\/p>\n","protected":false},"featured_media":55139,"template":"","meta":{"_acf_changed":false},"product_cat":[6218,163],"product_tag":[],"class_list":{"0":"post-55958","1":"product","2":"type-product","3":"status-publish","4":"has-post-thumbnail","6":"product_brand-ifm-fr","7":"product_cat-cablable","8":"product_cat-distribution-fr","10":"first","11":"instock","12":"downloadable","13":"taxable","14":"shipping-taxable","15":"purchasable","16":"product-type-simple"},"acf":[],"yoast_head":"<!-- This site is optimized with the Yoast SEO plugin v27.5 - https:\/\/yoast.com\/product\/yoast-seo-wordpress\/ -->\n<title>Embase enfichable 8 broches \u2013 ifm | NXT Process<\/title>\n<meta name=\"robots\" content=\"index, follow, max-snippet:-1, max-image-preview:large, max-video-preview:-1\" \/>\n<link rel=\"canonical\" href=\"https:\/\/www.nxtprocess.com\/fr\/shop\/distribution-fr\/technologie-de-connexion\/cablable\/prise-cablable-8-broches\/\" \/>\n<meta property=\"og:locale\" content=\"fr_FR\" \/>\n<meta property=\"og:type\" content=\"article\" \/>\n<meta property=\"og:title\" content=\"Embase enfichable 8 broches \u2013 ifm | NXT Process\" \/>\n<meta property=\"og:description\" content=\"- Les contacts plaqu\u00e9s or assurent une connectivit\u00e9 \u00e9lectrique fiable - Indice de protection \u00e9lev\u00e9 pour les environnements industriels exigeants - Large plage de temp\u00e9rature de fonctionnement - Raccordement s\u00e9curis\u00e9 des c\u00e2bles avec bornes \u00e0 vis\" \/>\n<meta property=\"og:url\" content=\"https:\/\/www.nxtprocess.com\/fr\/shop\/distribution-fr\/technologie-de-connexion\/cablable\/prise-cablable-8-broches\/\" \/>\n<meta property=\"og:site_name\" content=\"NXT Process\" \/>\n<meta property=\"article:publisher\" content=\"https:\/\/www.facebook.com\/people\/NXT-Process\/61560023431243\/\" \/>\n<meta property=\"article:modified_time\" content=\"2025-10-22T11:52:41+00:00\" \/>\n<meta property=\"og:image\" content=\"http:\/\/www.nxtprocess.com\/wp-content\/uploads\/2025\/10\/E18165.jpg\" \/>\n\t<meta property=\"og:image:width\" content=\"1500\" \/>\n\t<meta property=\"og:image:height\" content=\"1500\" \/>\n\t<meta property=\"og:image:type\" content=\"image\/jpeg\" \/>\n<meta name=\"twitter:card\" content=\"summary_large_image\" \/>\n<meta name=\"twitter:label1\" content=\"Dur\u00e9e de lecture estim\u00e9e\" \/>\n\t<meta name=\"twitter:data1\" content=\"1 minute\" \/>\n<script type=\"application\/ld+json\" class=\"yoast-schema-graph\">{\"@context\":\"https:\\\/\\\/schema.org\",\"@graph\":[{\"@type\":\"WebPage\",\"@id\":\"https:\\\/\\\/www.nxtprocess.com\\\/fr\\\/shop\\\/distribution-fr\\\/technologie-de-connexion\\\/cablable\\\/prise-cablable-8-broches\\\/\",\"url\":\"https:\\\/\\\/www.nxtprocess.com\\\/fr\\\/shop\\\/distribution-fr\\\/technologie-de-connexion\\\/cablable\\\/prise-cablable-8-broches\\\/\",\"name\":\"Embase enfichable 8 broches \u2013 ifm | NXT Process\",\"isPartOf\":{\"@id\":\"https:\\\/\\\/www.nxtprocess.com\\\/#website\"},\"primaryImageOfPage\":{\"@id\":\"https:\\\/\\\/www.nxtprocess.com\\\/fr\\\/shop\\\/distribution-fr\\\/technologie-de-connexion\\\/cablable\\\/prise-cablable-8-broches\\\/#primaryimage\"},\"image\":{\"@id\":\"https:\\\/\\\/www.nxtprocess.com\\\/fr\\\/shop\\\/distribution-fr\\\/technologie-de-connexion\\\/cablable\\\/prise-cablable-8-broches\\\/#primaryimage\"},\"thumbnailUrl\":\"https:\\\/\\\/www.nxtprocess.com\\\/wp-content\\\/uploads\\\/2025\\\/10\\\/E18165.jpg\",\"datePublished\":\"2025-10-10T09:30:59+00:00\",\"dateModified\":\"2025-10-22T11:52:41+00:00\",\"breadcrumb\":{\"@id\":\"https:\\\/\\\/www.nxtprocess.com\\\/fr\\\/shop\\\/distribution-fr\\\/technologie-de-connexion\\\/cablable\\\/prise-cablable-8-broches\\\/#breadcrumb\"},\"inLanguage\":\"fr-FR\",\"potentialAction\":[{\"@type\":\"ReadAction\",\"target\":[\"https:\\\/\\\/www.nxtprocess.com\\\/fr\\\/shop\\\/distribution-fr\\\/technologie-de-connexion\\\/cablable\\\/prise-cablable-8-broches\\\/\"]}]},{\"@type\":\"ImageObject\",\"inLanguage\":\"fr-FR\",\"@id\":\"https:\\\/\\\/www.nxtprocess.com\\\/fr\\\/shop\\\/distribution-fr\\\/technologie-de-connexion\\\/cablable\\\/prise-cablable-8-broches\\\/#primaryimage\",\"url\":\"https:\\\/\\\/www.nxtprocess.com\\\/wp-content\\\/uploads\\\/2025\\\/10\\\/E18165.jpg\",\"contentUrl\":\"https:\\\/\\\/www.nxtprocess.com\\\/wp-content\\\/uploads\\\/2025\\\/10\\\/E18165.jpg\",\"width\":1500,\"height\":1500},{\"@type\":\"BreadcrumbList\",\"@id\":\"https:\\\/\\\/www.nxtprocess.com\\\/fr\\\/shop\\\/distribution-fr\\\/technologie-de-connexion\\\/cablable\\\/prise-cablable-8-broches\\\/#breadcrumb\",\"itemListElement\":[{\"@type\":\"ListItem\",\"position\":1,\"name\":\"Home\",\"item\":\"https:\\\/\\\/www.nxtprocess.com\\\/fr\\\/\"},{\"@type\":\"ListItem\",\"position\":2,\"name\":\"Boutique\",\"item\":\"https:\\\/\\\/www.nxtprocess.com\\\/fr\\\/boutique\\\/\"},{\"@type\":\"ListItem\",\"position\":3,\"name\":\"Embase enfichable 8 broches \u2013 ifm\"}]},{\"@type\":\"WebSite\",\"@id\":\"https:\\\/\\\/www.nxtprocess.com\\\/#website\",\"url\":\"https:\\\/\\\/www.nxtprocess.com\\\/\",\"name\":\"NXT Process\",\"description\":\"Optimizing your future, one liquid process at a time\",\"publisher\":{\"@id\":\"https:\\\/\\\/www.nxtprocess.com\\\/#organization\"},\"potentialAction\":[{\"@type\":\"SearchAction\",\"target\":{\"@type\":\"EntryPoint\",\"urlTemplate\":\"https:\\\/\\\/www.nxtprocess.com\\\/?s={search_term_string}\"},\"query-input\":{\"@type\":\"PropertyValueSpecification\",\"valueRequired\":true,\"valueName\":\"search_term_string\"}}],\"inLanguage\":\"fr-FR\"},{\"@type\":\"Organization\",\"@id\":\"https:\\\/\\\/www.nxtprocess.com\\\/#organization\",\"name\":\"Processus NXT\",\"url\":\"https:\\\/\\\/www.nxtprocess.com\\\/\",\"logo\":{\"@type\":\"ImageObject\",\"inLanguage\":\"fr-FR\",\"@id\":\"https:\\\/\\\/www.nxtprocess.com\\\/#\\\/schema\\\/logo\\\/image\\\/\",\"url\":\"http:\\\/\\\/www.nxtprocess.com\\\/wp-content\\\/uploads\\\/2025\\\/06\\\/Screenshot_1.png\",\"contentUrl\":\"http:\\\/\\\/www.nxtprocess.com\\\/wp-content\\\/uploads\\\/2025\\\/06\\\/Screenshot_1.png\",\"width\":255,\"height\":186,\"caption\":\"Processus NXT\"},\"image\":{\"@id\":\"https:\\\/\\\/www.nxtprocess.com\\\/#\\\/schema\\\/logo\\\/image\\\/\"},\"sameAs\":[\"https:\\\/\\\/www.facebook.com\\\/people\\\/NXT-Process\\\/61560023431243\\\/\",\"https:\\\/\\\/www.linkedin.com\\\/company\\\/11569305\\\/\"]}]}<\/script>\n<!-- \/ Yoast SEO plugin. -->","yoast_head_json":{"title":"Embase enfichable 8 broches \u2013 ifm | NXT Process","robots":{"index":"index","follow":"follow","max-snippet":"max-snippet:-1","max-image-preview":"max-image-preview:large","max-video-preview":"max-video-preview:-1"},"canonical":"https:\/\/www.nxtprocess.com\/fr\/shop\/distribution-fr\/technologie-de-connexion\/cablable\/prise-cablable-8-broches\/","og_locale":"fr_FR","og_type":"article","og_title":"Embase enfichable 8 broches \u2013 ifm | NXT Process","og_description":"- Les contacts plaqu\u00e9s or assurent une connectivit\u00e9 \u00e9lectrique fiable - Indice de protection \u00e9lev\u00e9 pour les environnements industriels exigeants - Large plage de temp\u00e9rature de fonctionnement - Raccordement s\u00e9curis\u00e9 des c\u00e2bles avec bornes \u00e0 vis","og_url":"https:\/\/www.nxtprocess.com\/fr\/shop\/distribution-fr\/technologie-de-connexion\/cablable\/prise-cablable-8-broches\/","og_site_name":"NXT Process","article_publisher":"https:\/\/www.facebook.com\/people\/NXT-Process\/61560023431243\/","article_modified_time":"2025-10-22T11:52:41+00:00","og_image":[{"width":1500,"height":1500,"url":"http:\/\/www.nxtprocess.com\/wp-content\/uploads\/2025\/10\/E18165.jpg","type":"image\/jpeg"}],"twitter_card":"summary_large_image","twitter_misc":{"Dur\u00e9e de lecture estim\u00e9e":"1 minute"},"schema":{"@context":"https:\/\/schema.org","@graph":[{"@type":"WebPage","@id":"https:\/\/www.nxtprocess.com\/fr\/shop\/distribution-fr\/technologie-de-connexion\/cablable\/prise-cablable-8-broches\/","url":"https:\/\/www.nxtprocess.com\/fr\/shop\/distribution-fr\/technologie-de-connexion\/cablable\/prise-cablable-8-broches\/","name":"Embase enfichable 8 broches \u2013 ifm | NXT Process","isPartOf":{"@id":"https:\/\/www.nxtprocess.com\/#website"},"primaryImageOfPage":{"@id":"https:\/\/www.nxtprocess.com\/fr\/shop\/distribution-fr\/technologie-de-connexion\/cablable\/prise-cablable-8-broches\/#primaryimage"},"image":{"@id":"https:\/\/www.nxtprocess.com\/fr\/shop\/distribution-fr\/technologie-de-connexion\/cablable\/prise-cablable-8-broches\/#primaryimage"},"thumbnailUrl":"https:\/\/www.nxtprocess.com\/wp-content\/uploads\/2025\/10\/E18165.jpg","datePublished":"2025-10-10T09:30:59+00:00","dateModified":"2025-10-22T11:52:41+00:00","breadcrumb":{"@id":"https:\/\/www.nxtprocess.com\/fr\/shop\/distribution-fr\/technologie-de-connexion\/cablable\/prise-cablable-8-broches\/#breadcrumb"},"inLanguage":"fr-FR","potentialAction":[{"@type":"ReadAction","target":["https:\/\/www.nxtprocess.com\/fr\/shop\/distribution-fr\/technologie-de-connexion\/cablable\/prise-cablable-8-broches\/"]}]},{"@type":"ImageObject","inLanguage":"fr-FR","@id":"https:\/\/www.nxtprocess.com\/fr\/shop\/distribution-fr\/technologie-de-connexion\/cablable\/prise-cablable-8-broches\/#primaryimage","url":"https:\/\/www.nxtprocess.com\/wp-content\/uploads\/2025\/10\/E18165.jpg","contentUrl":"https:\/\/www.nxtprocess.com\/wp-content\/uploads\/2025\/10\/E18165.jpg","width":1500,"height":1500},{"@type":"BreadcrumbList","@id":"https:\/\/www.nxtprocess.com\/fr\/shop\/distribution-fr\/technologie-de-connexion\/cablable\/prise-cablable-8-broches\/#breadcrumb","itemListElement":[{"@type":"ListItem","position":1,"name":"Home","item":"https:\/\/www.nxtprocess.com\/fr\/"},{"@type":"ListItem","position":2,"name":"Boutique","item":"https:\/\/www.nxtprocess.com\/fr\/boutique\/"},{"@type":"ListItem","position":3,"name":"Embase enfichable 8 broches \u2013 ifm"}]},{"@type":"WebSite","@id":"https:\/\/www.nxtprocess.com\/#website","url":"https:\/\/www.nxtprocess.com\/","name":"NXT Process","description":"Optimizing your future, one liquid process at a time","publisher":{"@id":"https:\/\/www.nxtprocess.com\/#organization"},"potentialAction":[{"@type":"SearchAction","target":{"@type":"EntryPoint","urlTemplate":"https:\/\/www.nxtprocess.com\/?s={search_term_string}"},"query-input":{"@type":"PropertyValueSpecification","valueRequired":true,"valueName":"search_term_string"}}],"inLanguage":"fr-FR"},{"@type":"Organization","@id":"https:\/\/www.nxtprocess.com\/#organization","name":"Processus NXT","url":"https:\/\/www.nxtprocess.com\/","logo":{"@type":"ImageObject","inLanguage":"fr-FR","@id":"https:\/\/www.nxtprocess.com\/#\/schema\/logo\/image\/","url":"http:\/\/www.nxtprocess.com\/wp-content\/uploads\/2025\/06\/Screenshot_1.png","contentUrl":"http:\/\/www.nxtprocess.com\/wp-content\/uploads\/2025\/06\/Screenshot_1.png","width":255,"height":186,"caption":"Processus NXT"},"image":{"@id":"https:\/\/www.nxtprocess.com\/#\/schema\/logo\/image\/"},"sameAs":["https:\/\/www.facebook.com\/people\/NXT-Process\/61560023431243\/","https:\/\/www.linkedin.com\/company\/11569305\/"]}]}},"_links":{"self":[{"href":"https:\/\/www.nxtprocess.com\/fr\/wp-json\/wp\/v2\/product\/55958","targetHints":{"allow":["GET"]}}],"collection":[{"href":"https:\/\/www.nxtprocess.com\/fr\/wp-json\/wp\/v2\/product"}],"about":[{"href":"https:\/\/www.nxtprocess.com\/fr\/wp-json\/wp\/v2\/types\/product"}],"wp:featuredmedia":[{"embeddable":true,"href":"https:\/\/www.nxtprocess.com\/fr\/wp-json\/wp\/v2\/media\/55139"}],"wp:attachment":[{"href":"https:\/\/www.nxtprocess.com\/fr\/wp-json\/wp\/v2\/media?parent=55958"}],"wp:term":[{"taxonomy":"product_cat","embeddable":true,"href":"https:\/\/www.nxtprocess.com\/fr\/wp-json\/wp\/v2\/product_cat?post=55958"},{"taxonomy":"product_tag","embeddable":true,"href":"https:\/\/www.nxtprocess.com\/fr\/wp-json\/wp\/v2\/product_tag?post=55958"}],"curies":[{"name":"wp","href":"https:\/\/api.w.org\/{rel}","templated":true}]}}