{"id":55962,"date":"2025-10-10T09:32:02","date_gmt":"2025-10-10T09:32:02","guid":{"rendered":"https:\/\/www.nxtprocess.com\/shop\/non%20class\u00e9\/debitmetre-magneto-inductif\/"},"modified":"2025-10-22T11:56:03","modified_gmt":"2025-10-22T11:56:03","slug":"debitmetre-magneto-inductif","status":"publish","type":"product","link":"https:\/\/www.nxtprocess.com\/fr\/shop\/distribution-fr\/capteurs-fr\/capteurs-de-debit-debitmetres-fr\/debitmetre-magneto-inductif\/","title":{"rendered":"D\u00e9bitm\u00e8tre magn\u00e9to-inductif \u2013 ifm"},"content":{"rendered":"<h6><strong>IFM SM9100 D\u00e9bitm\u00e8tre magn\u00e9tique\u2011inductif \u2013 capteur pr\u00e9cis de surveillance du d\u00e9bit et de la temp\u00e9rature<\/strong><\/h6>\n<p>Con\u00e7u pour les liquides conducteurs dans les tuyauteries ferm\u00e9es, le d\u00e9bitm\u00e8tre magn\u00e9tique\u2011inductif IFM SM9100 fournit une mesure pr\u00e9cise du d\u00e9bit, de la consommation et de la temp\u00e9rature du fluide pour le contr\u00f4le des processus, les circuits de refroidissement, les lignes de dosage et la surveillance des syst\u00e8mes de vannes. Utilisant le principe MID, il combine une haute pr\u00e9cision, une excellente r\u00e9p\u00e9tabilit\u00e9 et une dynamique rapide avec une d\u00e9tection robuste de tuyau vide pour un fonctionnement fiable dans les usines automatis\u00e9es. <\/p>\n<h6><strong>Principaux avantages&nbsp;:<\/strong><\/h6>\n<ul>\n<li>Mesure pr\u00e9cise et reproductible du d\u00e9bit et de la consommation pour des boucles de contr\u00f4le serr\u00e9es<\/li>\n<li>La d\u00e9tection int\u00e9gr\u00e9e de la temp\u00e9rature du fluide r\u00e9duit le besoin de capteurs et de ports suppl\u00e9mentaires<\/li>\n<li>La d\u00e9tection de tuyau vide am\u00e9liore la s\u00e9curit\u00e9 du processus et la couverture diagnostique<\/li>\n<li>Sorties flexibles : commutation, analogique et impulsion pour l&#8217;int\u00e9gration PLC\/SCADA<\/li>\n<li>L&#8217;affichage LED lumineux \u00e0 4 chiffres assure une indication locale claire pendant la configuration et la maintenance<\/li>\n<\/ul>\n<h6><strong>Aper\u00e7u technique :<\/strong><\/h6>\n<ul>\n<li>Principe de mesure : magn\u00e9to-inductif (pour les fluides conducteurs)<\/li>\n<li>Variables mesur\u00e9es : d\u00e9bit, consommation totalis\u00e9e, temp\u00e9rature du fluide<\/li>\n<li>Sorties : 1x sortie de commutation, 1x sortie analogique, 1x sortie d&#8217;impulsion<\/li>\n<li>Affichage : LED \u00e0 4 chiffres clairement visible<\/li>\n<li>Fonctions : d\u00e9tection pr\u00e9cise de tuyau vide ; haute pr\u00e9cision, r\u00e9p\u00e9tabilit\u00e9 et r\u00e9ponse dynamique<\/li>\n<li>Installation : capteur en ligne pour montage standard dans les syst\u00e8mes de tuyauterie et de vannes existants<\/li>\n<li>Interfaces : adapt\u00e9 \u00e0 l&#8217;int\u00e9gration avec les automates programmables, les contr\u00f4leurs et les actionneurs via E\/S standard<\/li>\n<\/ul>\n<p>Comptez sur le SM9100 pour une mesure fiable et une int\u00e9gration transparente dans votre architecture d\u2019automatisation, des capteurs aux actionneurs.<\/p>\n","protected":false},"excerpt":{"rendered":"<p>&#8211; Mesure pr\u00e9cise du d\u00e9bit, de la consommation et de la temp\u00e9rature de process<br \/>\n&#8211; Haute pr\u00e9cision, r\u00e9p\u00e9tabilit\u00e9 et dynamique de mesure rapide<br \/>\n&#8211; D\u00e9tection fiable de tuyaux vides<br \/>\n&#8211; Sorties de commutation, analogiques et d&#8217;impulsions<br \/>\n&#8211; Affichage LED lumineux \u00e0 4&nbsp;chiffres de 4&nbsp;pouces, facile \u00e0 lire<\/p>\n","protected":false},"featured_media":55418,"template":"","meta":{"_acf_changed":false},"product_cat":[6284,6285,163],"product_tag":[],"class_list":{"0":"post-55962","1":"product","2":"type-product","3":"status-publish","4":"has-post-thumbnail","6":"product_brand-ifm-fr","7":"product_cat-capteurs-fr","8":"product_cat-capteurs-de-debit-debitmetres-fr","9":"product_cat-distribution-fr","11":"first","12":"instock","13":"downloadable","14":"taxable","15":"shipping-taxable","16":"purchasable","17":"product-type-simple"},"acf":[],"yoast_head":"<!-- This site is optimized with the Yoast SEO plugin v27.5 - https:\/\/yoast.com\/product\/yoast-seo-wordpress\/ -->\n<title>D\u00e9bitm\u00e8tre magn\u00e9to-inductif \u2013 ifm | NXT Process<\/title>\n<meta name=\"robots\" content=\"index, follow, max-snippet:-1, max-image-preview:large, max-video-preview:-1\" \/>\n<link rel=\"canonical\" href=\"https:\/\/www.nxtprocess.com\/fr\/shop\/distribution-fr\/capteurs-fr\/capteurs-de-debit-debitmetres-fr\/debitmetre-magneto-inductif\/\" \/>\n<meta property=\"og:locale\" content=\"fr_FR\" \/>\n<meta property=\"og:type\" content=\"article\" \/>\n<meta property=\"og:title\" content=\"D\u00e9bitm\u00e8tre magn\u00e9to-inductif \u2013 ifm | NXT Process\" \/>\n<meta property=\"og:description\" content=\"- Mesure pr\u00e9cise du d\u00e9bit, de la consommation et de la temp\u00e9rature de process - Haute pr\u00e9cision, r\u00e9p\u00e9tabilit\u00e9 et dynamique de mesure rapide - D\u00e9tection fiable de tuyaux vides - Sorties de commutation, analogiques et d&#039;impulsions - Affichage LED lumineux \u00e0 4&nbsp;chiffres de 4&nbsp;pouces, facile \u00e0 lire\" \/>\n<meta property=\"og:url\" content=\"https:\/\/www.nxtprocess.com\/fr\/shop\/distribution-fr\/capteurs-fr\/capteurs-de-debit-debitmetres-fr\/debitmetre-magneto-inductif\/\" \/>\n<meta property=\"og:site_name\" content=\"NXT Process\" \/>\n<meta property=\"article:publisher\" content=\"https:\/\/www.facebook.com\/people\/NXT-Process\/61560023431243\/\" \/>\n<meta property=\"article:modified_time\" content=\"2025-10-22T11:56:03+00:00\" \/>\n<meta property=\"og:image\" content=\"http:\/\/www.nxtprocess.com\/wp-content\/uploads\/2025\/10\/SM9100.jpg\" \/>\n\t<meta property=\"og:image:width\" content=\"1500\" \/>\n\t<meta property=\"og:image:height\" content=\"1500\" \/>\n\t<meta property=\"og:image:type\" content=\"image\/jpeg\" \/>\n<meta name=\"twitter:card\" content=\"summary_large_image\" \/>\n<meta name=\"twitter:label1\" content=\"Dur\u00e9e de lecture estim\u00e9e\" \/>\n\t<meta name=\"twitter:data1\" content=\"2 minutes\" \/>\n<script type=\"application\/ld+json\" class=\"yoast-schema-graph\">{\"@context\":\"https:\\\/\\\/schema.org\",\"@graph\":[{\"@type\":\"WebPage\",\"@id\":\"https:\\\/\\\/www.nxtprocess.com\\\/fr\\\/shop\\\/distribution-fr\\\/capteurs-fr\\\/capteurs-de-debit-debitmetres-fr\\\/debitmetre-magneto-inductif\\\/\",\"url\":\"https:\\\/\\\/www.nxtprocess.com\\\/fr\\\/shop\\\/distribution-fr\\\/capteurs-fr\\\/capteurs-de-debit-debitmetres-fr\\\/debitmetre-magneto-inductif\\\/\",\"name\":\"D\u00e9bitm\u00e8tre magn\u00e9to-inductif \u2013 ifm | NXT Process\",\"isPartOf\":{\"@id\":\"https:\\\/\\\/www.nxtprocess.com\\\/#website\"},\"primaryImageOfPage\":{\"@id\":\"https:\\\/\\\/www.nxtprocess.com\\\/fr\\\/shop\\\/distribution-fr\\\/capteurs-fr\\\/capteurs-de-debit-debitmetres-fr\\\/debitmetre-magneto-inductif\\\/#primaryimage\"},\"image\":{\"@id\":\"https:\\\/\\\/www.nxtprocess.com\\\/fr\\\/shop\\\/distribution-fr\\\/capteurs-fr\\\/capteurs-de-debit-debitmetres-fr\\\/debitmetre-magneto-inductif\\\/#primaryimage\"},\"thumbnailUrl\":\"https:\\\/\\\/www.nxtprocess.com\\\/wp-content\\\/uploads\\\/2025\\\/10\\\/SM9100.jpg\",\"datePublished\":\"2025-10-10T09:32:02+00:00\",\"dateModified\":\"2025-10-22T11:56:03+00:00\",\"breadcrumb\":{\"@id\":\"https:\\\/\\\/www.nxtprocess.com\\\/fr\\\/shop\\\/distribution-fr\\\/capteurs-fr\\\/capteurs-de-debit-debitmetres-fr\\\/debitmetre-magneto-inductif\\\/#breadcrumb\"},\"inLanguage\":\"fr-FR\",\"potentialAction\":[{\"@type\":\"ReadAction\",\"target\":[\"https:\\\/\\\/www.nxtprocess.com\\\/fr\\\/shop\\\/distribution-fr\\\/capteurs-fr\\\/capteurs-de-debit-debitmetres-fr\\\/debitmetre-magneto-inductif\\\/\"]}]},{\"@type\":\"ImageObject\",\"inLanguage\":\"fr-FR\",\"@id\":\"https:\\\/\\\/www.nxtprocess.com\\\/fr\\\/shop\\\/distribution-fr\\\/capteurs-fr\\\/capteurs-de-debit-debitmetres-fr\\\/debitmetre-magneto-inductif\\\/#primaryimage\",\"url\":\"https:\\\/\\\/www.nxtprocess.com\\\/wp-content\\\/uploads\\\/2025\\\/10\\\/SM9100.jpg\",\"contentUrl\":\"https:\\\/\\\/www.nxtprocess.com\\\/wp-content\\\/uploads\\\/2025\\\/10\\\/SM9100.jpg\",\"width\":1500,\"height\":1500},{\"@type\":\"BreadcrumbList\",\"@id\":\"https:\\\/\\\/www.nxtprocess.com\\\/fr\\\/shop\\\/distribution-fr\\\/capteurs-fr\\\/capteurs-de-debit-debitmetres-fr\\\/debitmetre-magneto-inductif\\\/#breadcrumb\",\"itemListElement\":[{\"@type\":\"ListItem\",\"position\":1,\"name\":\"Home\",\"item\":\"https:\\\/\\\/www.nxtprocess.com\\\/fr\\\/\"},{\"@type\":\"ListItem\",\"position\":2,\"name\":\"Boutique\",\"item\":\"https:\\\/\\\/www.nxtprocess.com\\\/fr\\\/boutique\\\/\"},{\"@type\":\"ListItem\",\"position\":3,\"name\":\"D\u00e9bitm\u00e8tre magn\u00e9to-inductif \u2013 ifm\"}]},{\"@type\":\"WebSite\",\"@id\":\"https:\\\/\\\/www.nxtprocess.com\\\/#website\",\"url\":\"https:\\\/\\\/www.nxtprocess.com\\\/\",\"name\":\"NXT Process\",\"description\":\"Optimizing your future, one liquid process at a time\",\"publisher\":{\"@id\":\"https:\\\/\\\/www.nxtprocess.com\\\/#organization\"},\"potentialAction\":[{\"@type\":\"SearchAction\",\"target\":{\"@type\":\"EntryPoint\",\"urlTemplate\":\"https:\\\/\\\/www.nxtprocess.com\\\/?s={search_term_string}\"},\"query-input\":{\"@type\":\"PropertyValueSpecification\",\"valueRequired\":true,\"valueName\":\"search_term_string\"}}],\"inLanguage\":\"fr-FR\"},{\"@type\":\"Organization\",\"@id\":\"https:\\\/\\\/www.nxtprocess.com\\\/#organization\",\"name\":\"Processus NXT\",\"url\":\"https:\\\/\\\/www.nxtprocess.com\\\/\",\"logo\":{\"@type\":\"ImageObject\",\"inLanguage\":\"fr-FR\",\"@id\":\"https:\\\/\\\/www.nxtprocess.com\\\/#\\\/schema\\\/logo\\\/image\\\/\",\"url\":\"http:\\\/\\\/www.nxtprocess.com\\\/wp-content\\\/uploads\\\/2025\\\/06\\\/Screenshot_1.png\",\"contentUrl\":\"http:\\\/\\\/www.nxtprocess.com\\\/wp-content\\\/uploads\\\/2025\\\/06\\\/Screenshot_1.png\",\"width\":255,\"height\":186,\"caption\":\"Processus NXT\"},\"image\":{\"@id\":\"https:\\\/\\\/www.nxtprocess.com\\\/#\\\/schema\\\/logo\\\/image\\\/\"},\"sameAs\":[\"https:\\\/\\\/www.facebook.com\\\/people\\\/NXT-Process\\\/61560023431243\\\/\",\"https:\\\/\\\/www.linkedin.com\\\/company\\\/11569305\\\/\"]}]}<\/script>\n<!-- \/ Yoast SEO plugin. -->","yoast_head_json":{"title":"D\u00e9bitm\u00e8tre magn\u00e9to-inductif \u2013 ifm | NXT Process","robots":{"index":"index","follow":"follow","max-snippet":"max-snippet:-1","max-image-preview":"max-image-preview:large","max-video-preview":"max-video-preview:-1"},"canonical":"https:\/\/www.nxtprocess.com\/fr\/shop\/distribution-fr\/capteurs-fr\/capteurs-de-debit-debitmetres-fr\/debitmetre-magneto-inductif\/","og_locale":"fr_FR","og_type":"article","og_title":"D\u00e9bitm\u00e8tre magn\u00e9to-inductif \u2013 ifm | NXT Process","og_description":"- Mesure pr\u00e9cise du d\u00e9bit, de la consommation et de la temp\u00e9rature de process - Haute pr\u00e9cision, r\u00e9p\u00e9tabilit\u00e9 et dynamique de mesure rapide - D\u00e9tection fiable de tuyaux vides - Sorties de commutation, analogiques et d'impulsions - Affichage LED lumineux \u00e0 4&nbsp;chiffres de 4&nbsp;pouces, facile \u00e0 lire","og_url":"https:\/\/www.nxtprocess.com\/fr\/shop\/distribution-fr\/capteurs-fr\/capteurs-de-debit-debitmetres-fr\/debitmetre-magneto-inductif\/","og_site_name":"NXT Process","article_publisher":"https:\/\/www.facebook.com\/people\/NXT-Process\/61560023431243\/","article_modified_time":"2025-10-22T11:56:03+00:00","og_image":[{"width":1500,"height":1500,"url":"http:\/\/www.nxtprocess.com\/wp-content\/uploads\/2025\/10\/SM9100.jpg","type":"image\/jpeg"}],"twitter_card":"summary_large_image","twitter_misc":{"Dur\u00e9e de lecture estim\u00e9e":"2 minutes"},"schema":{"@context":"https:\/\/schema.org","@graph":[{"@type":"WebPage","@id":"https:\/\/www.nxtprocess.com\/fr\/shop\/distribution-fr\/capteurs-fr\/capteurs-de-debit-debitmetres-fr\/debitmetre-magneto-inductif\/","url":"https:\/\/www.nxtprocess.com\/fr\/shop\/distribution-fr\/capteurs-fr\/capteurs-de-debit-debitmetres-fr\/debitmetre-magneto-inductif\/","name":"D\u00e9bitm\u00e8tre magn\u00e9to-inductif \u2013 ifm | NXT Process","isPartOf":{"@id":"https:\/\/www.nxtprocess.com\/#website"},"primaryImageOfPage":{"@id":"https:\/\/www.nxtprocess.com\/fr\/shop\/distribution-fr\/capteurs-fr\/capteurs-de-debit-debitmetres-fr\/debitmetre-magneto-inductif\/#primaryimage"},"image":{"@id":"https:\/\/www.nxtprocess.com\/fr\/shop\/distribution-fr\/capteurs-fr\/capteurs-de-debit-debitmetres-fr\/debitmetre-magneto-inductif\/#primaryimage"},"thumbnailUrl":"https:\/\/www.nxtprocess.com\/wp-content\/uploads\/2025\/10\/SM9100.jpg","datePublished":"2025-10-10T09:32:02+00:00","dateModified":"2025-10-22T11:56:03+00:00","breadcrumb":{"@id":"https:\/\/www.nxtprocess.com\/fr\/shop\/distribution-fr\/capteurs-fr\/capteurs-de-debit-debitmetres-fr\/debitmetre-magneto-inductif\/#breadcrumb"},"inLanguage":"fr-FR","potentialAction":[{"@type":"ReadAction","target":["https:\/\/www.nxtprocess.com\/fr\/shop\/distribution-fr\/capteurs-fr\/capteurs-de-debit-debitmetres-fr\/debitmetre-magneto-inductif\/"]}]},{"@type":"ImageObject","inLanguage":"fr-FR","@id":"https:\/\/www.nxtprocess.com\/fr\/shop\/distribution-fr\/capteurs-fr\/capteurs-de-debit-debitmetres-fr\/debitmetre-magneto-inductif\/#primaryimage","url":"https:\/\/www.nxtprocess.com\/wp-content\/uploads\/2025\/10\/SM9100.jpg","contentUrl":"https:\/\/www.nxtprocess.com\/wp-content\/uploads\/2025\/10\/SM9100.jpg","width":1500,"height":1500},{"@type":"BreadcrumbList","@id":"https:\/\/www.nxtprocess.com\/fr\/shop\/distribution-fr\/capteurs-fr\/capteurs-de-debit-debitmetres-fr\/debitmetre-magneto-inductif\/#breadcrumb","itemListElement":[{"@type":"ListItem","position":1,"name":"Home","item":"https:\/\/www.nxtprocess.com\/fr\/"},{"@type":"ListItem","position":2,"name":"Boutique","item":"https:\/\/www.nxtprocess.com\/fr\/boutique\/"},{"@type":"ListItem","position":3,"name":"D\u00e9bitm\u00e8tre magn\u00e9to-inductif \u2013 ifm"}]},{"@type":"WebSite","@id":"https:\/\/www.nxtprocess.com\/#website","url":"https:\/\/www.nxtprocess.com\/","name":"NXT Process","description":"Optimizing your future, one liquid process at a time","publisher":{"@id":"https:\/\/www.nxtprocess.com\/#organization"},"potentialAction":[{"@type":"SearchAction","target":{"@type":"EntryPoint","urlTemplate":"https:\/\/www.nxtprocess.com\/?s={search_term_string}"},"query-input":{"@type":"PropertyValueSpecification","valueRequired":true,"valueName":"search_term_string"}}],"inLanguage":"fr-FR"},{"@type":"Organization","@id":"https:\/\/www.nxtprocess.com\/#organization","name":"Processus NXT","url":"https:\/\/www.nxtprocess.com\/","logo":{"@type":"ImageObject","inLanguage":"fr-FR","@id":"https:\/\/www.nxtprocess.com\/#\/schema\/logo\/image\/","url":"http:\/\/www.nxtprocess.com\/wp-content\/uploads\/2025\/06\/Screenshot_1.png","contentUrl":"http:\/\/www.nxtprocess.com\/wp-content\/uploads\/2025\/06\/Screenshot_1.png","width":255,"height":186,"caption":"Processus NXT"},"image":{"@id":"https:\/\/www.nxtprocess.com\/#\/schema\/logo\/image\/"},"sameAs":["https:\/\/www.facebook.com\/people\/NXT-Process\/61560023431243\/","https:\/\/www.linkedin.com\/company\/11569305\/"]}]}},"_links":{"self":[{"href":"https:\/\/www.nxtprocess.com\/fr\/wp-json\/wp\/v2\/product\/55962","targetHints":{"allow":["GET"]}}],"collection":[{"href":"https:\/\/www.nxtprocess.com\/fr\/wp-json\/wp\/v2\/product"}],"about":[{"href":"https:\/\/www.nxtprocess.com\/fr\/wp-json\/wp\/v2\/types\/product"}],"wp:featuredmedia":[{"embeddable":true,"href":"https:\/\/www.nxtprocess.com\/fr\/wp-json\/wp\/v2\/media\/55418"}],"wp:attachment":[{"href":"https:\/\/www.nxtprocess.com\/fr\/wp-json\/wp\/v2\/media?parent=55962"}],"wp:term":[{"taxonomy":"product_cat","embeddable":true,"href":"https:\/\/www.nxtprocess.com\/fr\/wp-json\/wp\/v2\/product_cat?post=55962"},{"taxonomy":"product_tag","embeddable":true,"href":"https:\/\/www.nxtprocess.com\/fr\/wp-json\/wp\/v2\/product_tag?post=55962"}],"curies":[{"name":"wp","href":"https:\/\/api.w.org\/{rel}","templated":true}]}}