{"id":55964,"date":"2025-10-10T09:32:02","date_gmt":"2025-10-10T09:32:02","guid":{"rendered":"https:\/\/www.nxtprocess.com\/shop\/non%20class\u00e9\/capteur-de-pression-avec-affichage-2\/"},"modified":"2025-10-22T11:56:11","modified_gmt":"2025-10-22T11:56:11","slug":"capteur-de-pression-avec-affichage-2","status":"publish","type":"product","link":"https:\/\/www.nxtprocess.com\/fr\/shop\/distribution-fr\/capteurs-fr\/capteurs-de-pression-capteurs-de-vide\/capteur-de-pression-avec-affichage-2\/","title":{"rendered":"Capteur de pression avec affichage \u2013 ifm"},"content":{"rendered":"<h6><strong>Capteur de pression IFM PI003A avec \u00e9cran \u2013 Capteur de processus robuste pour le contr\u00f4le en zone dangereuse<\/strong><\/h6>\n<p>Con\u00e7u pour les environnements industriels exigeants, le capteur de pression IFM PI003A avec \u00e9cran LED 4&nbsp;digits int\u00e9gr\u00e9 offre une mesure et une commutation pr\u00e9cises dans les applications n\u00e9cessitant une aptitude \u00e0 la zone dangereuse. Id\u00e9al pour la surveillance des conduites de pompe, des syst\u00e8mes de vannes, des circuits hydrauliques et des processus NEP\/SEP, il combine une sortie analogique \u00e9volutive avec une commutation discr\u00e8te pour piloter des actionneurs ou signaler un automate programmable, assurant un contr\u00f4le pr\u00e9cis et une int\u00e9gration facile dans les architectures d\u2019automatisation. <\/p>\n<h6><strong>Principaux avantages&nbsp;:<\/strong><\/h6>\n<ul>\n<li>Deux sorties&nbsp;: sortie de commutation plus sortie analogique pour des strat\u00e9gies de contr\u00f4le flexibles<\/li>\n<li>Plage analogique \u00e9volutive avec z\u00e9ro et port\u00e9e r\u00e9glables pour une mise en service rapide<\/li>\n<li>R\u00e9sistant au nettoyage \u00e0 haute pression&nbsp;; r\u00e9siste aux agents de nettoyage agressifs<\/li>\n<li>LED \u00e0 4&nbsp;chiffres lumineuse et facile \u00e0 lire pour l\u2019\u00e9tat local et la visibilit\u00e9 du point de consigne<\/li>\n<li>La conception compacte et robuste assure un fonctionnement fiable dans des conditions difficiles<\/li>\n<\/ul>\n<h6><strong>Aper\u00e7u technique \/ d\u00e9tails du produit :<\/strong><\/h6>\n<ul>\n<li>Type de mesure&nbsp;: d\u00e9tection de pression avec affichage sur le capteur<\/li>\n<li>Sorties&nbsp;: 1&nbsp;sortie de commutation et 1&nbsp;sortie analogique (port\u00e9e et z\u00e9ro configurables)<\/li>\n<li>Affichage&nbsp;: LED \u00e0 4&nbsp;chiffres \u00e0 haute visibilit\u00e9 pour la valeur de processus et la configuration<\/li>\n<li>Application&nbsp;: convient pour une utilisation dans des environnements de zones dangereuses<\/li>\n<li>Hygi\u00e8ne\/nettoyage&nbsp;: r\u00e9sistant \u00e0 la haute pression et aux milieux de nettoyage agressifs<\/li>\n<li>Int\u00e9gration&nbsp;: compatible avec les E\/S d\u2019API pour le contr\u00f4le des pompes, des actionneurs et des vannes&nbsp;; prend en charge les pratiques courantes de montage industriel et de c\u00e2blage de panneau<\/li>\n<\/ul>\n<p>Comptez sur le PI003A pour une mesure fiable et une int\u00e9gration transparente dans votre syst\u00e8me d\u2019automatisation, am\u00e9liorant ainsi la disponibilit\u00e9 et la pr\u00e9cision du contr\u00f4le.<\/p>\n","protected":false},"excerpt":{"rendered":"<p>&#8211; Convient pour une utilisation dans des environnements dangereux<br \/>\n&#8211; Comprend \u00e0 la fois des sorties de commutation et analogiques<br \/>\n&#8211; La sortie analogique est \u00e9volutive avec une port\u00e9e et un z\u00e9ro r\u00e9glables<br \/>\n&#8211; R\u00e9siste aux lavages \u00e0 haute pression et aux agents de nettoyage agressifs<br \/>\n&#8211; \u00c9cran LED 4&nbsp;digits lumineux et facile \u00e0 lire<\/p>\n","protected":false},"featured_media":55415,"template":"","meta":{"_acf_changed":false},"product_cat":[6284,6238,163],"product_tag":[],"class_list":{"0":"post-55964","1":"product","2":"type-product","3":"status-publish","4":"has-post-thumbnail","6":"product_brand-ifm-fr","7":"product_cat-capteurs-fr","8":"product_cat-capteurs-de-pression-capteurs-de-vide","9":"product_cat-distribution-fr","11":"first","12":"instock","13":"downloadable","14":"taxable","15":"shipping-taxable","16":"purchasable","17":"product-type-simple"},"acf":[],"yoast_head":"<!-- This site is optimized with the Yoast SEO plugin v27.5 - https:\/\/yoast.com\/product\/yoast-seo-wordpress\/ -->\n<title>Capteur de pression avec affichage \u2013 ifm | NXT Process<\/title>\n<meta name=\"robots\" content=\"index, follow, max-snippet:-1, max-image-preview:large, max-video-preview:-1\" \/>\n<link rel=\"canonical\" href=\"https:\/\/www.nxtprocess.com\/fr\/shop\/distribution-fr\/capteurs-fr\/capteurs-de-pression-capteurs-de-vide\/capteur-de-pression-avec-affichage-2\/\" \/>\n<meta property=\"og:locale\" content=\"fr_FR\" \/>\n<meta property=\"og:type\" content=\"article\" \/>\n<meta property=\"og:title\" content=\"Capteur de pression avec affichage \u2013 ifm | NXT Process\" \/>\n<meta property=\"og:description\" content=\"- Convient pour une utilisation dans des environnements dangereux - Comprend \u00e0 la fois des sorties de commutation et analogiques - La sortie analogique est \u00e9volutive avec une port\u00e9e et un z\u00e9ro r\u00e9glables - R\u00e9siste aux lavages \u00e0 haute pression et aux agents de nettoyage agressifs - \u00c9cran LED 4&nbsp;digits lumineux et facile \u00e0 lire\" \/>\n<meta property=\"og:url\" content=\"https:\/\/www.nxtprocess.com\/fr\/shop\/distribution-fr\/capteurs-fr\/capteurs-de-pression-capteurs-de-vide\/capteur-de-pression-avec-affichage-2\/\" \/>\n<meta property=\"og:site_name\" content=\"NXT Process\" \/>\n<meta property=\"article:publisher\" content=\"https:\/\/www.facebook.com\/people\/NXT-Process\/61560023431243\/\" \/>\n<meta property=\"article:modified_time\" content=\"2025-10-22T11:56:11+00:00\" \/>\n<meta property=\"og:image\" content=\"http:\/\/www.nxtprocess.com\/wp-content\/uploads\/2025\/10\/PI003A.jpg\" \/>\n\t<meta property=\"og:image:width\" content=\"1500\" \/>\n\t<meta property=\"og:image:height\" content=\"1500\" \/>\n\t<meta property=\"og:image:type\" content=\"image\/jpeg\" \/>\n<meta name=\"twitter:card\" content=\"summary_large_image\" \/>\n<meta name=\"twitter:label1\" content=\"Dur\u00e9e de lecture estim\u00e9e\" \/>\n\t<meta name=\"twitter:data1\" content=\"2 minutes\" \/>\n<script type=\"application\/ld+json\" class=\"yoast-schema-graph\">{\"@context\":\"https:\\\/\\\/schema.org\",\"@graph\":[{\"@type\":\"WebPage\",\"@id\":\"https:\\\/\\\/www.nxtprocess.com\\\/fr\\\/shop\\\/distribution-fr\\\/capteurs-fr\\\/capteurs-de-pression-capteurs-de-vide\\\/capteur-de-pression-avec-affichage-2\\\/\",\"url\":\"https:\\\/\\\/www.nxtprocess.com\\\/fr\\\/shop\\\/distribution-fr\\\/capteurs-fr\\\/capteurs-de-pression-capteurs-de-vide\\\/capteur-de-pression-avec-affichage-2\\\/\",\"name\":\"Capteur de pression avec affichage \u2013 ifm | NXT Process\",\"isPartOf\":{\"@id\":\"https:\\\/\\\/www.nxtprocess.com\\\/#website\"},\"primaryImageOfPage\":{\"@id\":\"https:\\\/\\\/www.nxtprocess.com\\\/fr\\\/shop\\\/distribution-fr\\\/capteurs-fr\\\/capteurs-de-pression-capteurs-de-vide\\\/capteur-de-pression-avec-affichage-2\\\/#primaryimage\"},\"image\":{\"@id\":\"https:\\\/\\\/www.nxtprocess.com\\\/fr\\\/shop\\\/distribution-fr\\\/capteurs-fr\\\/capteurs-de-pression-capteurs-de-vide\\\/capteur-de-pression-avec-affichage-2\\\/#primaryimage\"},\"thumbnailUrl\":\"https:\\\/\\\/www.nxtprocess.com\\\/wp-content\\\/uploads\\\/2025\\\/10\\\/PI003A.jpg\",\"datePublished\":\"2025-10-10T09:32:02+00:00\",\"dateModified\":\"2025-10-22T11:56:11+00:00\",\"breadcrumb\":{\"@id\":\"https:\\\/\\\/www.nxtprocess.com\\\/fr\\\/shop\\\/distribution-fr\\\/capteurs-fr\\\/capteurs-de-pression-capteurs-de-vide\\\/capteur-de-pression-avec-affichage-2\\\/#breadcrumb\"},\"inLanguage\":\"fr-FR\",\"potentialAction\":[{\"@type\":\"ReadAction\",\"target\":[\"https:\\\/\\\/www.nxtprocess.com\\\/fr\\\/shop\\\/distribution-fr\\\/capteurs-fr\\\/capteurs-de-pression-capteurs-de-vide\\\/capteur-de-pression-avec-affichage-2\\\/\"]}]},{\"@type\":\"ImageObject\",\"inLanguage\":\"fr-FR\",\"@id\":\"https:\\\/\\\/www.nxtprocess.com\\\/fr\\\/shop\\\/distribution-fr\\\/capteurs-fr\\\/capteurs-de-pression-capteurs-de-vide\\\/capteur-de-pression-avec-affichage-2\\\/#primaryimage\",\"url\":\"https:\\\/\\\/www.nxtprocess.com\\\/wp-content\\\/uploads\\\/2025\\\/10\\\/PI003A.jpg\",\"contentUrl\":\"https:\\\/\\\/www.nxtprocess.com\\\/wp-content\\\/uploads\\\/2025\\\/10\\\/PI003A.jpg\",\"width\":1500,\"height\":1500},{\"@type\":\"BreadcrumbList\",\"@id\":\"https:\\\/\\\/www.nxtprocess.com\\\/fr\\\/shop\\\/distribution-fr\\\/capteurs-fr\\\/capteurs-de-pression-capteurs-de-vide\\\/capteur-de-pression-avec-affichage-2\\\/#breadcrumb\",\"itemListElement\":[{\"@type\":\"ListItem\",\"position\":1,\"name\":\"Home\",\"item\":\"https:\\\/\\\/www.nxtprocess.com\\\/fr\\\/\"},{\"@type\":\"ListItem\",\"position\":2,\"name\":\"Boutique\",\"item\":\"https:\\\/\\\/www.nxtprocess.com\\\/fr\\\/boutique\\\/\"},{\"@type\":\"ListItem\",\"position\":3,\"name\":\"Capteur de pression avec affichage \u2013 ifm\"}]},{\"@type\":\"WebSite\",\"@id\":\"https:\\\/\\\/www.nxtprocess.com\\\/#website\",\"url\":\"https:\\\/\\\/www.nxtprocess.com\\\/\",\"name\":\"NXT Process\",\"description\":\"Optimizing your future, one liquid process at a time\",\"publisher\":{\"@id\":\"https:\\\/\\\/www.nxtprocess.com\\\/#organization\"},\"potentialAction\":[{\"@type\":\"SearchAction\",\"target\":{\"@type\":\"EntryPoint\",\"urlTemplate\":\"https:\\\/\\\/www.nxtprocess.com\\\/?s={search_term_string}\"},\"query-input\":{\"@type\":\"PropertyValueSpecification\",\"valueRequired\":true,\"valueName\":\"search_term_string\"}}],\"inLanguage\":\"fr-FR\"},{\"@type\":\"Organization\",\"@id\":\"https:\\\/\\\/www.nxtprocess.com\\\/#organization\",\"name\":\"Processus NXT\",\"url\":\"https:\\\/\\\/www.nxtprocess.com\\\/\",\"logo\":{\"@type\":\"ImageObject\",\"inLanguage\":\"fr-FR\",\"@id\":\"https:\\\/\\\/www.nxtprocess.com\\\/#\\\/schema\\\/logo\\\/image\\\/\",\"url\":\"http:\\\/\\\/www.nxtprocess.com\\\/wp-content\\\/uploads\\\/2025\\\/06\\\/Screenshot_1.png\",\"contentUrl\":\"http:\\\/\\\/www.nxtprocess.com\\\/wp-content\\\/uploads\\\/2025\\\/06\\\/Screenshot_1.png\",\"width\":255,\"height\":186,\"caption\":\"Processus NXT\"},\"image\":{\"@id\":\"https:\\\/\\\/www.nxtprocess.com\\\/#\\\/schema\\\/logo\\\/image\\\/\"},\"sameAs\":[\"https:\\\/\\\/www.facebook.com\\\/people\\\/NXT-Process\\\/61560023431243\\\/\",\"https:\\\/\\\/www.linkedin.com\\\/company\\\/11569305\\\/\"]}]}<\/script>\n<!-- \/ Yoast SEO plugin. -->","yoast_head_json":{"title":"Capteur de pression avec affichage \u2013 ifm | NXT Process","robots":{"index":"index","follow":"follow","max-snippet":"max-snippet:-1","max-image-preview":"max-image-preview:large","max-video-preview":"max-video-preview:-1"},"canonical":"https:\/\/www.nxtprocess.com\/fr\/shop\/distribution-fr\/capteurs-fr\/capteurs-de-pression-capteurs-de-vide\/capteur-de-pression-avec-affichage-2\/","og_locale":"fr_FR","og_type":"article","og_title":"Capteur de pression avec affichage \u2013 ifm | NXT Process","og_description":"- Convient pour une utilisation dans des environnements dangereux - Comprend \u00e0 la fois des sorties de commutation et analogiques - La sortie analogique est \u00e9volutive avec une port\u00e9e et un z\u00e9ro r\u00e9glables - R\u00e9siste aux lavages \u00e0 haute pression et aux agents de nettoyage agressifs - \u00c9cran LED 4&nbsp;digits lumineux et facile \u00e0 lire","og_url":"https:\/\/www.nxtprocess.com\/fr\/shop\/distribution-fr\/capteurs-fr\/capteurs-de-pression-capteurs-de-vide\/capteur-de-pression-avec-affichage-2\/","og_site_name":"NXT Process","article_publisher":"https:\/\/www.facebook.com\/people\/NXT-Process\/61560023431243\/","article_modified_time":"2025-10-22T11:56:11+00:00","og_image":[{"width":1500,"height":1500,"url":"http:\/\/www.nxtprocess.com\/wp-content\/uploads\/2025\/10\/PI003A.jpg","type":"image\/jpeg"}],"twitter_card":"summary_large_image","twitter_misc":{"Dur\u00e9e de lecture estim\u00e9e":"2 minutes"},"schema":{"@context":"https:\/\/schema.org","@graph":[{"@type":"WebPage","@id":"https:\/\/www.nxtprocess.com\/fr\/shop\/distribution-fr\/capteurs-fr\/capteurs-de-pression-capteurs-de-vide\/capteur-de-pression-avec-affichage-2\/","url":"https:\/\/www.nxtprocess.com\/fr\/shop\/distribution-fr\/capteurs-fr\/capteurs-de-pression-capteurs-de-vide\/capteur-de-pression-avec-affichage-2\/","name":"Capteur de pression avec affichage \u2013 ifm | NXT Process","isPartOf":{"@id":"https:\/\/www.nxtprocess.com\/#website"},"primaryImageOfPage":{"@id":"https:\/\/www.nxtprocess.com\/fr\/shop\/distribution-fr\/capteurs-fr\/capteurs-de-pression-capteurs-de-vide\/capteur-de-pression-avec-affichage-2\/#primaryimage"},"image":{"@id":"https:\/\/www.nxtprocess.com\/fr\/shop\/distribution-fr\/capteurs-fr\/capteurs-de-pression-capteurs-de-vide\/capteur-de-pression-avec-affichage-2\/#primaryimage"},"thumbnailUrl":"https:\/\/www.nxtprocess.com\/wp-content\/uploads\/2025\/10\/PI003A.jpg","datePublished":"2025-10-10T09:32:02+00:00","dateModified":"2025-10-22T11:56:11+00:00","breadcrumb":{"@id":"https:\/\/www.nxtprocess.com\/fr\/shop\/distribution-fr\/capteurs-fr\/capteurs-de-pression-capteurs-de-vide\/capteur-de-pression-avec-affichage-2\/#breadcrumb"},"inLanguage":"fr-FR","potentialAction":[{"@type":"ReadAction","target":["https:\/\/www.nxtprocess.com\/fr\/shop\/distribution-fr\/capteurs-fr\/capteurs-de-pression-capteurs-de-vide\/capteur-de-pression-avec-affichage-2\/"]}]},{"@type":"ImageObject","inLanguage":"fr-FR","@id":"https:\/\/www.nxtprocess.com\/fr\/shop\/distribution-fr\/capteurs-fr\/capteurs-de-pression-capteurs-de-vide\/capteur-de-pression-avec-affichage-2\/#primaryimage","url":"https:\/\/www.nxtprocess.com\/wp-content\/uploads\/2025\/10\/PI003A.jpg","contentUrl":"https:\/\/www.nxtprocess.com\/wp-content\/uploads\/2025\/10\/PI003A.jpg","width":1500,"height":1500},{"@type":"BreadcrumbList","@id":"https:\/\/www.nxtprocess.com\/fr\/shop\/distribution-fr\/capteurs-fr\/capteurs-de-pression-capteurs-de-vide\/capteur-de-pression-avec-affichage-2\/#breadcrumb","itemListElement":[{"@type":"ListItem","position":1,"name":"Home","item":"https:\/\/www.nxtprocess.com\/fr\/"},{"@type":"ListItem","position":2,"name":"Boutique","item":"https:\/\/www.nxtprocess.com\/fr\/boutique\/"},{"@type":"ListItem","position":3,"name":"Capteur de pression avec affichage \u2013 ifm"}]},{"@type":"WebSite","@id":"https:\/\/www.nxtprocess.com\/#website","url":"https:\/\/www.nxtprocess.com\/","name":"NXT Process","description":"Optimizing your future, one liquid process at a time","publisher":{"@id":"https:\/\/www.nxtprocess.com\/#organization"},"potentialAction":[{"@type":"SearchAction","target":{"@type":"EntryPoint","urlTemplate":"https:\/\/www.nxtprocess.com\/?s={search_term_string}"},"query-input":{"@type":"PropertyValueSpecification","valueRequired":true,"valueName":"search_term_string"}}],"inLanguage":"fr-FR"},{"@type":"Organization","@id":"https:\/\/www.nxtprocess.com\/#organization","name":"Processus NXT","url":"https:\/\/www.nxtprocess.com\/","logo":{"@type":"ImageObject","inLanguage":"fr-FR","@id":"https:\/\/www.nxtprocess.com\/#\/schema\/logo\/image\/","url":"http:\/\/www.nxtprocess.com\/wp-content\/uploads\/2025\/06\/Screenshot_1.png","contentUrl":"http:\/\/www.nxtprocess.com\/wp-content\/uploads\/2025\/06\/Screenshot_1.png","width":255,"height":186,"caption":"Processus NXT"},"image":{"@id":"https:\/\/www.nxtprocess.com\/#\/schema\/logo\/image\/"},"sameAs":["https:\/\/www.facebook.com\/people\/NXT-Process\/61560023431243\/","https:\/\/www.linkedin.com\/company\/11569305\/"]}]}},"_links":{"self":[{"href":"https:\/\/www.nxtprocess.com\/fr\/wp-json\/wp\/v2\/product\/55964","targetHints":{"allow":["GET"]}}],"collection":[{"href":"https:\/\/www.nxtprocess.com\/fr\/wp-json\/wp\/v2\/product"}],"about":[{"href":"https:\/\/www.nxtprocess.com\/fr\/wp-json\/wp\/v2\/types\/product"}],"wp:featuredmedia":[{"embeddable":true,"href":"https:\/\/www.nxtprocess.com\/fr\/wp-json\/wp\/v2\/media\/55415"}],"wp:attachment":[{"href":"https:\/\/www.nxtprocess.com\/fr\/wp-json\/wp\/v2\/media?parent=55964"}],"wp:term":[{"taxonomy":"product_cat","embeddable":true,"href":"https:\/\/www.nxtprocess.com\/fr\/wp-json\/wp\/v2\/product_cat?post=55964"},{"taxonomy":"product_tag","embeddable":true,"href":"https:\/\/www.nxtprocess.com\/fr\/wp-json\/wp\/v2\/product_tag?post=55964"}],"curies":[{"name":"wp","href":"https:\/\/api.w.org\/{rel}","templated":true}]}}