{"id":55975,"date":"2025-10-10T09:31:59","date_gmt":"2025-10-10T09:31:59","guid":{"rendered":"https:\/\/www.nxtprocess.com\/shop\/non%20class\u00e9\/debitmetre-a-ultrasons\/"},"modified":"2025-10-22T11:56:19","modified_gmt":"2025-10-22T11:56:19","slug":"debitmetre-a-ultrasons","status":"publish","type":"product","link":"https:\/\/www.nxtprocess.com\/fr\/shop\/distribution-fr\/surveillance-de-letat\/debitmetres-pour-leau-fr\/debitmetre-a-ultrasons\/","title":{"rendered":"D\u00e9bitm\u00e8tre \u00e0 ultrasons \u2013 ifm"},"content":{"rendered":"<h6><strong>D\u00e9bitm\u00e8tre \u00e0 ultrasons IFM SU8020 \u2014 Capteur en ligne pour la mesure pr\u00e9cise de l&#8217;eau et de l&#8217;eau ultrapure<\/strong><\/h6>\n<p>Con\u00e7u pour les lignes de process traitant l&#8217;eau et l&#8217;eau d\u00e9ionis\u00e9e\/ultrapure, l&#8217;IFM SU8020 assure une mesure de d\u00e9bit en ligne stable pour les skids, les boucles de filtration et les syst\u00e8mes de vannes o\u00f9 le fonctionnement sans contamination et la r\u00e9p\u00e9tabilit\u00e9 sont essentiels. Son principe ultrasonique fournit des lectures pr\u00e9cises ind\u00e9pendamment du mat\u00e9riau ou de l&#8217;\u00e9paisseur du tuyau, ce qui le rend id\u00e9al pour les \u00e9quipements OEM, les utilit\u00e9s et le contr\u00f4le automatis\u00e9 du dosage ou des actionneurs. <\/p>\n<h6><strong>Principaux avantages<\/strong><\/h6>\n<ul>\n<li>Mesure en ligne de haute pr\u00e9cision non affect\u00e9e par le mat\u00e9riau ou l&#8217;\u00e9paisseur du tuyau<\/li>\n<li>Tube de mesure hygi\u00e9nique enti\u00e8rement en acier inoxydable sans pi\u00e8ces mobiles pour un entretien minimal<\/li>\n<li>Conception enti\u00e8rement \u00e9tanche r\u00e9sistant aux infiltrations pour une fiabilit\u00e9 \u00e0 long terme<\/li>\n<li>L&#8217;indicateur d&#8217;\u00e9tat LED permet un diagnostic rapide du capteur et une v\u00e9rification du processus<\/li>\n<li>Le format compact facilite le montage en ligne et l&#8217;int\u00e9gration avec les syst\u00e8mes de vannes\/actionneurs contr\u00f4l\u00e9s par API<\/li>\n<\/ul>\n<h6><strong>Aper\u00e7u technique<\/strong><\/h6>\n<ul>\n<li>Principe de mesure : Temps de transit ultrasonique, en ligne<\/li>\n<li>Fluides : Eau et eau ultrapure\/d\u00e9ionis\u00e9e<\/li>\n<li>Tube de mesure : Acier inoxydable robuste, circuit d&#8217;\u00e9coulement sans composants<\/li>\n<li>Installation : Montage en ligne dans des conduites ferm\u00e9es ; g\u00e9n\u00e9ralement pas besoin de redresseurs d&#8217;\u00e9coulement<\/li>\n<li>Diagnostics : LED d&#8217;\u00e9tat de fonctionnement en fa\u00e7ade pour l&#8217;\u00e9tat du capteur et du processus<\/li>\n<li>Domaines d&#8217;application : Circuits d&#8217;eau industriels, boucles d&#8217;eau ultrapure, machines OEM, dosage automatis\u00e9 et contr\u00f4le de vannes<\/li>\n<\/ul>\n<p>Con\u00e7u pour l&#8217;automatisation industrielle, le SU8020 offre des performances fiables et une int\u00e9gration facile avec les syst\u00e8mes API\/SCADA pour maintenir votre process stable et conforme.<\/p>\n","protected":false},"excerpt":{"rendered":"<p>&#8211; Mesure pr\u00e9cise du d\u00e9bit pour l&#8217;eau ultrapure et l&#8217;eau<br \/>\n&#8211; Tube de mesure robuste en acier inoxydable sans composant garantissant une haute r\u00e9sistance aux fluides et une protection durable contre les infiltrations<br \/>\n&#8211; Mesure en ligne hautement pr\u00e9cise non affect\u00e9e par l&#8217;\u00e9paisseur des parois ou les variations de mat\u00e9riaux<br \/>\n&#8211; LED d&#8217;\u00e9tat indiquant la sant\u00e9 du capteur et fournissant un aper\u00e7u de la qualit\u00e9 du processus<\/p>\n","protected":false},"featured_media":55388,"template":"","meta":{"_acf_changed":false},"product_cat":[6287,163],"product_tag":[],"class_list":{"0":"post-55975","1":"product","2":"type-product","3":"status-publish","4":"has-post-thumbnail","6":"product_brand-ifm-fr","7":"product_cat-debitmetres-pour-leau-fr","8":"product_cat-distribution-fr","10":"first","11":"instock","12":"downloadable","13":"taxable","14":"shipping-taxable","15":"purchasable","16":"product-type-simple"},"acf":[],"yoast_head":"<!-- This site is optimized with the Yoast SEO plugin v27.5 - https:\/\/yoast.com\/product\/yoast-seo-wordpress\/ -->\n<title>D\u00e9bitm\u00e8tre \u00e0 ultrasons \u2013 ifm | NXT Process<\/title>\n<meta name=\"robots\" content=\"index, follow, max-snippet:-1, max-image-preview:large, max-video-preview:-1\" \/>\n<link rel=\"canonical\" href=\"https:\/\/www.nxtprocess.com\/fr\/shop\/distribution-fr\/surveillance-de-letat\/debitmetres-pour-leau-fr\/debitmetre-a-ultrasons\/\" \/>\n<meta property=\"og:locale\" content=\"fr_FR\" \/>\n<meta property=\"og:type\" content=\"article\" \/>\n<meta property=\"og:title\" content=\"D\u00e9bitm\u00e8tre \u00e0 ultrasons \u2013 ifm | NXT Process\" \/>\n<meta property=\"og:description\" content=\"- Mesure pr\u00e9cise du d\u00e9bit pour l&#039;eau ultrapure et l&#039;eau - Tube de mesure robuste en acier inoxydable sans composant garantissant une haute r\u00e9sistance aux fluides et une protection durable contre les infiltrations - Mesure en ligne hautement pr\u00e9cise non affect\u00e9e par l&#039;\u00e9paisseur des parois ou les variations de mat\u00e9riaux - LED d&#039;\u00e9tat indiquant la sant\u00e9 du capteur et fournissant un aper\u00e7u de la qualit\u00e9 du processus\" \/>\n<meta property=\"og:url\" content=\"https:\/\/www.nxtprocess.com\/fr\/shop\/distribution-fr\/surveillance-de-letat\/debitmetres-pour-leau-fr\/debitmetre-a-ultrasons\/\" \/>\n<meta property=\"og:site_name\" content=\"NXT Process\" \/>\n<meta property=\"article:publisher\" content=\"https:\/\/www.facebook.com\/people\/NXT-Process\/61560023431243\/\" \/>\n<meta property=\"article:modified_time\" content=\"2025-10-22T11:56:19+00:00\" \/>\n<meta property=\"og:image\" content=\"http:\/\/www.nxtprocess.com\/wp-content\/uploads\/2025\/10\/SU8020.jpg\" \/>\n\t<meta property=\"og:image:width\" content=\"1500\" \/>\n\t<meta property=\"og:image:height\" content=\"1500\" \/>\n\t<meta property=\"og:image:type\" content=\"image\/jpeg\" \/>\n<meta name=\"twitter:card\" content=\"summary_large_image\" \/>\n<meta name=\"twitter:label1\" content=\"Dur\u00e9e de lecture estim\u00e9e\" \/>\n\t<meta name=\"twitter:data1\" content=\"2 minutes\" \/>\n<script type=\"application\/ld+json\" class=\"yoast-schema-graph\">{\"@context\":\"https:\\\/\\\/schema.org\",\"@graph\":[{\"@type\":\"WebPage\",\"@id\":\"https:\\\/\\\/www.nxtprocess.com\\\/fr\\\/shop\\\/distribution-fr\\\/surveillance-de-letat\\\/debitmetres-pour-leau-fr\\\/debitmetre-a-ultrasons\\\/\",\"url\":\"https:\\\/\\\/www.nxtprocess.com\\\/fr\\\/shop\\\/distribution-fr\\\/surveillance-de-letat\\\/debitmetres-pour-leau-fr\\\/debitmetre-a-ultrasons\\\/\",\"name\":\"D\u00e9bitm\u00e8tre \u00e0 ultrasons \u2013 ifm | NXT Process\",\"isPartOf\":{\"@id\":\"https:\\\/\\\/www.nxtprocess.com\\\/#website\"},\"primaryImageOfPage\":{\"@id\":\"https:\\\/\\\/www.nxtprocess.com\\\/fr\\\/shop\\\/distribution-fr\\\/surveillance-de-letat\\\/debitmetres-pour-leau-fr\\\/debitmetre-a-ultrasons\\\/#primaryimage\"},\"image\":{\"@id\":\"https:\\\/\\\/www.nxtprocess.com\\\/fr\\\/shop\\\/distribution-fr\\\/surveillance-de-letat\\\/debitmetres-pour-leau-fr\\\/debitmetre-a-ultrasons\\\/#primaryimage\"},\"thumbnailUrl\":\"https:\\\/\\\/www.nxtprocess.com\\\/wp-content\\\/uploads\\\/2025\\\/10\\\/SU8020.jpg\",\"datePublished\":\"2025-10-10T09:31:59+00:00\",\"dateModified\":\"2025-10-22T11:56:19+00:00\",\"breadcrumb\":{\"@id\":\"https:\\\/\\\/www.nxtprocess.com\\\/fr\\\/shop\\\/distribution-fr\\\/surveillance-de-letat\\\/debitmetres-pour-leau-fr\\\/debitmetre-a-ultrasons\\\/#breadcrumb\"},\"inLanguage\":\"fr-FR\",\"potentialAction\":[{\"@type\":\"ReadAction\",\"target\":[\"https:\\\/\\\/www.nxtprocess.com\\\/fr\\\/shop\\\/distribution-fr\\\/surveillance-de-letat\\\/debitmetres-pour-leau-fr\\\/debitmetre-a-ultrasons\\\/\"]}]},{\"@type\":\"ImageObject\",\"inLanguage\":\"fr-FR\",\"@id\":\"https:\\\/\\\/www.nxtprocess.com\\\/fr\\\/shop\\\/distribution-fr\\\/surveillance-de-letat\\\/debitmetres-pour-leau-fr\\\/debitmetre-a-ultrasons\\\/#primaryimage\",\"url\":\"https:\\\/\\\/www.nxtprocess.com\\\/wp-content\\\/uploads\\\/2025\\\/10\\\/SU8020.jpg\",\"contentUrl\":\"https:\\\/\\\/www.nxtprocess.com\\\/wp-content\\\/uploads\\\/2025\\\/10\\\/SU8020.jpg\",\"width\":1500,\"height\":1500},{\"@type\":\"BreadcrumbList\",\"@id\":\"https:\\\/\\\/www.nxtprocess.com\\\/fr\\\/shop\\\/distribution-fr\\\/surveillance-de-letat\\\/debitmetres-pour-leau-fr\\\/debitmetre-a-ultrasons\\\/#breadcrumb\",\"itemListElement\":[{\"@type\":\"ListItem\",\"position\":1,\"name\":\"Home\",\"item\":\"https:\\\/\\\/www.nxtprocess.com\\\/fr\\\/\"},{\"@type\":\"ListItem\",\"position\":2,\"name\":\"Boutique\",\"item\":\"https:\\\/\\\/www.nxtprocess.com\\\/fr\\\/boutique\\\/\"},{\"@type\":\"ListItem\",\"position\":3,\"name\":\"D\u00e9bitm\u00e8tre \u00e0 ultrasons \u2013 ifm\"}]},{\"@type\":\"WebSite\",\"@id\":\"https:\\\/\\\/www.nxtprocess.com\\\/#website\",\"url\":\"https:\\\/\\\/www.nxtprocess.com\\\/\",\"name\":\"NXT Process\",\"description\":\"Optimizing your future, one liquid process at a time\",\"publisher\":{\"@id\":\"https:\\\/\\\/www.nxtprocess.com\\\/#organization\"},\"potentialAction\":[{\"@type\":\"SearchAction\",\"target\":{\"@type\":\"EntryPoint\",\"urlTemplate\":\"https:\\\/\\\/www.nxtprocess.com\\\/?s={search_term_string}\"},\"query-input\":{\"@type\":\"PropertyValueSpecification\",\"valueRequired\":true,\"valueName\":\"search_term_string\"}}],\"inLanguage\":\"fr-FR\"},{\"@type\":\"Organization\",\"@id\":\"https:\\\/\\\/www.nxtprocess.com\\\/#organization\",\"name\":\"Processus NXT\",\"url\":\"https:\\\/\\\/www.nxtprocess.com\\\/\",\"logo\":{\"@type\":\"ImageObject\",\"inLanguage\":\"fr-FR\",\"@id\":\"https:\\\/\\\/www.nxtprocess.com\\\/#\\\/schema\\\/logo\\\/image\\\/\",\"url\":\"http:\\\/\\\/www.nxtprocess.com\\\/wp-content\\\/uploads\\\/2025\\\/06\\\/Screenshot_1.png\",\"contentUrl\":\"http:\\\/\\\/www.nxtprocess.com\\\/wp-content\\\/uploads\\\/2025\\\/06\\\/Screenshot_1.png\",\"width\":255,\"height\":186,\"caption\":\"Processus NXT\"},\"image\":{\"@id\":\"https:\\\/\\\/www.nxtprocess.com\\\/#\\\/schema\\\/logo\\\/image\\\/\"},\"sameAs\":[\"https:\\\/\\\/www.facebook.com\\\/people\\\/NXT-Process\\\/61560023431243\\\/\",\"https:\\\/\\\/www.linkedin.com\\\/company\\\/11569305\\\/\"]}]}<\/script>\n<!-- \/ Yoast SEO plugin. -->","yoast_head_json":{"title":"D\u00e9bitm\u00e8tre \u00e0 ultrasons \u2013 ifm | NXT Process","robots":{"index":"index","follow":"follow","max-snippet":"max-snippet:-1","max-image-preview":"max-image-preview:large","max-video-preview":"max-video-preview:-1"},"canonical":"https:\/\/www.nxtprocess.com\/fr\/shop\/distribution-fr\/surveillance-de-letat\/debitmetres-pour-leau-fr\/debitmetre-a-ultrasons\/","og_locale":"fr_FR","og_type":"article","og_title":"D\u00e9bitm\u00e8tre \u00e0 ultrasons \u2013 ifm | NXT Process","og_description":"- Mesure pr\u00e9cise du d\u00e9bit pour l'eau ultrapure et l'eau - Tube de mesure robuste en acier inoxydable sans composant garantissant une haute r\u00e9sistance aux fluides et une protection durable contre les infiltrations - Mesure en ligne hautement pr\u00e9cise non affect\u00e9e par l'\u00e9paisseur des parois ou les variations de mat\u00e9riaux - LED d'\u00e9tat indiquant la sant\u00e9 du capteur et fournissant un aper\u00e7u de la qualit\u00e9 du processus","og_url":"https:\/\/www.nxtprocess.com\/fr\/shop\/distribution-fr\/surveillance-de-letat\/debitmetres-pour-leau-fr\/debitmetre-a-ultrasons\/","og_site_name":"NXT Process","article_publisher":"https:\/\/www.facebook.com\/people\/NXT-Process\/61560023431243\/","article_modified_time":"2025-10-22T11:56:19+00:00","og_image":[{"width":1500,"height":1500,"url":"http:\/\/www.nxtprocess.com\/wp-content\/uploads\/2025\/10\/SU8020.jpg","type":"image\/jpeg"}],"twitter_card":"summary_large_image","twitter_misc":{"Dur\u00e9e de lecture estim\u00e9e":"2 minutes"},"schema":{"@context":"https:\/\/schema.org","@graph":[{"@type":"WebPage","@id":"https:\/\/www.nxtprocess.com\/fr\/shop\/distribution-fr\/surveillance-de-letat\/debitmetres-pour-leau-fr\/debitmetre-a-ultrasons\/","url":"https:\/\/www.nxtprocess.com\/fr\/shop\/distribution-fr\/surveillance-de-letat\/debitmetres-pour-leau-fr\/debitmetre-a-ultrasons\/","name":"D\u00e9bitm\u00e8tre \u00e0 ultrasons \u2013 ifm | NXT Process","isPartOf":{"@id":"https:\/\/www.nxtprocess.com\/#website"},"primaryImageOfPage":{"@id":"https:\/\/www.nxtprocess.com\/fr\/shop\/distribution-fr\/surveillance-de-letat\/debitmetres-pour-leau-fr\/debitmetre-a-ultrasons\/#primaryimage"},"image":{"@id":"https:\/\/www.nxtprocess.com\/fr\/shop\/distribution-fr\/surveillance-de-letat\/debitmetres-pour-leau-fr\/debitmetre-a-ultrasons\/#primaryimage"},"thumbnailUrl":"https:\/\/www.nxtprocess.com\/wp-content\/uploads\/2025\/10\/SU8020.jpg","datePublished":"2025-10-10T09:31:59+00:00","dateModified":"2025-10-22T11:56:19+00:00","breadcrumb":{"@id":"https:\/\/www.nxtprocess.com\/fr\/shop\/distribution-fr\/surveillance-de-letat\/debitmetres-pour-leau-fr\/debitmetre-a-ultrasons\/#breadcrumb"},"inLanguage":"fr-FR","potentialAction":[{"@type":"ReadAction","target":["https:\/\/www.nxtprocess.com\/fr\/shop\/distribution-fr\/surveillance-de-letat\/debitmetres-pour-leau-fr\/debitmetre-a-ultrasons\/"]}]},{"@type":"ImageObject","inLanguage":"fr-FR","@id":"https:\/\/www.nxtprocess.com\/fr\/shop\/distribution-fr\/surveillance-de-letat\/debitmetres-pour-leau-fr\/debitmetre-a-ultrasons\/#primaryimage","url":"https:\/\/www.nxtprocess.com\/wp-content\/uploads\/2025\/10\/SU8020.jpg","contentUrl":"https:\/\/www.nxtprocess.com\/wp-content\/uploads\/2025\/10\/SU8020.jpg","width":1500,"height":1500},{"@type":"BreadcrumbList","@id":"https:\/\/www.nxtprocess.com\/fr\/shop\/distribution-fr\/surveillance-de-letat\/debitmetres-pour-leau-fr\/debitmetre-a-ultrasons\/#breadcrumb","itemListElement":[{"@type":"ListItem","position":1,"name":"Home","item":"https:\/\/www.nxtprocess.com\/fr\/"},{"@type":"ListItem","position":2,"name":"Boutique","item":"https:\/\/www.nxtprocess.com\/fr\/boutique\/"},{"@type":"ListItem","position":3,"name":"D\u00e9bitm\u00e8tre \u00e0 ultrasons \u2013 ifm"}]},{"@type":"WebSite","@id":"https:\/\/www.nxtprocess.com\/#website","url":"https:\/\/www.nxtprocess.com\/","name":"NXT Process","description":"Optimizing your future, one liquid process at a time","publisher":{"@id":"https:\/\/www.nxtprocess.com\/#organization"},"potentialAction":[{"@type":"SearchAction","target":{"@type":"EntryPoint","urlTemplate":"https:\/\/www.nxtprocess.com\/?s={search_term_string}"},"query-input":{"@type":"PropertyValueSpecification","valueRequired":true,"valueName":"search_term_string"}}],"inLanguage":"fr-FR"},{"@type":"Organization","@id":"https:\/\/www.nxtprocess.com\/#organization","name":"Processus NXT","url":"https:\/\/www.nxtprocess.com\/","logo":{"@type":"ImageObject","inLanguage":"fr-FR","@id":"https:\/\/www.nxtprocess.com\/#\/schema\/logo\/image\/","url":"http:\/\/www.nxtprocess.com\/wp-content\/uploads\/2025\/06\/Screenshot_1.png","contentUrl":"http:\/\/www.nxtprocess.com\/wp-content\/uploads\/2025\/06\/Screenshot_1.png","width":255,"height":186,"caption":"Processus NXT"},"image":{"@id":"https:\/\/www.nxtprocess.com\/#\/schema\/logo\/image\/"},"sameAs":["https:\/\/www.facebook.com\/people\/NXT-Process\/61560023431243\/","https:\/\/www.linkedin.com\/company\/11569305\/"]}]}},"_links":{"self":[{"href":"https:\/\/www.nxtprocess.com\/fr\/wp-json\/wp\/v2\/product\/55975","targetHints":{"allow":["GET"]}}],"collection":[{"href":"https:\/\/www.nxtprocess.com\/fr\/wp-json\/wp\/v2\/product"}],"about":[{"href":"https:\/\/www.nxtprocess.com\/fr\/wp-json\/wp\/v2\/types\/product"}],"wp:featuredmedia":[{"embeddable":true,"href":"https:\/\/www.nxtprocess.com\/fr\/wp-json\/wp\/v2\/media\/55388"}],"wp:attachment":[{"href":"https:\/\/www.nxtprocess.com\/fr\/wp-json\/wp\/v2\/media?parent=55975"}],"wp:term":[{"taxonomy":"product_cat","embeddable":true,"href":"https:\/\/www.nxtprocess.com\/fr\/wp-json\/wp\/v2\/product_cat?post=55975"},{"taxonomy":"product_tag","embeddable":true,"href":"https:\/\/www.nxtprocess.com\/fr\/wp-json\/wp\/v2\/product_tag?post=55975"}],"curies":[{"name":"wp","href":"https:\/\/api.w.org\/{rel}","templated":true}]}}