{"id":55982,"date":"2025-10-10T09:31:32","date_gmt":"2025-10-10T09:31:32","guid":{"rendered":"https:\/\/www.nxtprocess.com\/shop\/non%20class\u00e9\/arret-durgence-asi\/"},"modified":"2025-10-22T11:50:37","modified_gmt":"2025-10-22T11:50:37","slug":"arret-durgence-asi","status":"publish","type":"product","link":"https:\/\/www.nxtprocess.com\/fr\/shop\/distribution-fr\/technologie-de-securite\/securite-as-interface-au-travail\/arret-durgence-asi\/","title":{"rendered":"Arr\u00eat d&#8217;urgence ASI \u2013 ifm"},"content":{"rendered":"<h6><strong>IFM AC010S ASI E\u2011Stop \u2014 Actionneur d&#8217;arr\u00eat d&#8217;urgence avec interface de s\u00e9curit\u00e9 AS\u2011i<\/strong><\/h6>\n<p>L&#8217;IFM AC010S ASI E\u2011Stop est un actionneur\/capteur d&#8217;arr\u00eat d&#8217;urgence robuste qui se connecte directement aux r\u00e9seaux AS\u2011Interface (Safety at Work), permettant une d\u00e9tection fiable des \u00e9tats de commutation li\u00e9s \u00e0 la s\u00e9curit\u00e9 sur les machines et les lignes de production. Id\u00e9al pour les machines-outils, les convoyeurs, les \u00e9quipements d&#8217;emballage, les cellules robotis\u00e9es et les syst\u00e8mes de vannes, il rationalise le c\u00e2blage de s\u00e9curit\u00e9 et les diagnostics tout en r\u00e9pondant aux exigences de s\u00e9curit\u00e9 fonctionnelle de haut niveau. <\/p>\n<h6><strong>Principaux avantages<\/strong><\/h6>\n<ul>\n<li>Int\u00e9grit\u00e9 de s\u00e9curit\u00e9 PLe et SIL3 pour les applications \u00e0 haut risque<\/li>\n<li>L&#8217;int\u00e9gration native AS-i r\u00e9duit la complexit\u00e9 du c\u00e2blage et des panneaux<\/li>\n<li>Conception robuste pour les environnements industriels difficiles<\/li>\n<li>D\u00e9tection claire et d\u00e9terministe de l&#8217;\u00e9tat de s\u00e9curit\u00e9 via le moniteur de s\u00e9curit\u00e9 AS-i<\/li>\n<li>Mise en service rapide et expansion \u00e9volutive pour les grandes installations<\/li>\n<\/ul>\n<h6><strong>Aper\u00e7u technique \/ d\u00e9tails du produit<\/strong><\/h6>\n<ul>\n<li>Marque \/ Mod\u00e8le : IFM AC010S \u2014 Arr\u00eat d&#8217;urgence ASI<\/li>\n<li>Interface : AS-Interface (Safety at Work)<\/li>\n<li>Fonction : Actionneur\/capteur d&#8217;arr\u00eat d&#8217;urgence pour la d\u00e9tection de l&#8217;\u00e9tat de s\u00e9curit\u00e9<\/li>\n<li>Certifications de s\u00e9curit\u00e9 : EN ISO 13849 Niveau de performance e ; IEC 61508 SIL3<\/li>\n<li>\u00c9valuation : N\u00e9cessite un moniteur de s\u00e9curit\u00e9 AS-i pour le diagnostic et la lib\u00e9ration<\/li>\n<li>Cas d&#8217;utilisation typiques : Construction de machines, intralogistique, robotique, conditionnement, skids de process et syst\u00e8mes de vannes<\/li>\n<li>Format : Construction de qualit\u00e9 industrielle adapt\u00e9e aux environnements exigeants<\/li>\n<\/ul>\n<p>Comptez sur l&#8217;AC010S pour des performances d&#8217;arr\u00eat d&#8217;urgence fiables et une int\u00e9gration transparente dans les architectures d&#8217;automatisation et de s\u00e9curit\u00e9 bas\u00e9es sur AS\u2011i.<\/p>\n","protected":false},"excerpt":{"rendered":"<p>&#8211; Connectivit\u00e9 AS-Interface (AS-i)<br \/>\n&#8211; Construction robuste pour les environnements industriels difficiles<br \/>\n&#8211; Certifi\u00e9&nbsp;: EN ISO 13849 PL e et CEI 61508 SIL 3<br \/>\n&#8211; D\u00e9tecte les \u00e9tats de commutation li\u00e9s \u00e0 la s\u00e9curit\u00e9<br \/>\n&#8211; \u00c9valu\u00e9 via un moniteur de s\u00e9curit\u00e9 AS-i<\/p>\n","protected":false},"featured_media":55343,"template":"","meta":{"_acf_changed":false},"product_cat":[163,6244,6243],"product_tag":[],"class_list":{"0":"post-55982","1":"product","2":"type-product","3":"status-publish","4":"has-post-thumbnail","6":"product_brand-ifm-fr","7":"product_cat-distribution-fr","8":"product_cat-securite-as-interface-au-travail","9":"product_cat-technologie-de-securite","11":"first","12":"instock","13":"downloadable","14":"taxable","15":"shipping-taxable","16":"purchasable","17":"product-type-simple"},"acf":[],"yoast_head":"<!-- This site is optimized with the Yoast SEO plugin v27.5 - https:\/\/yoast.com\/product\/yoast-seo-wordpress\/ -->\n<title>Arr\u00eat d&#039;urgence ASI \u2013 ifm | NXT Process<\/title>\n<meta name=\"robots\" content=\"index, follow, max-snippet:-1, max-image-preview:large, max-video-preview:-1\" \/>\n<link rel=\"canonical\" href=\"https:\/\/www.nxtprocess.com\/fr\/shop\/distribution-fr\/technologie-de-securite\/securite-as-interface-au-travail\/arret-durgence-asi\/\" \/>\n<meta property=\"og:locale\" content=\"fr_FR\" \/>\n<meta property=\"og:type\" content=\"article\" \/>\n<meta property=\"og:title\" content=\"Arr\u00eat d&#039;urgence ASI \u2013 ifm | NXT Process\" \/>\n<meta property=\"og:description\" content=\"- Connectivit\u00e9 AS-Interface (AS-i) - Construction robuste pour les environnements industriels difficiles - Certifi\u00e9&nbsp;: EN ISO 13849 PL e et CEI 61508 SIL 3 - D\u00e9tecte les \u00e9tats de commutation li\u00e9s \u00e0 la s\u00e9curit\u00e9 - \u00c9valu\u00e9 via un moniteur de s\u00e9curit\u00e9 AS-i\" \/>\n<meta property=\"og:url\" content=\"https:\/\/www.nxtprocess.com\/fr\/shop\/distribution-fr\/technologie-de-securite\/securite-as-interface-au-travail\/arret-durgence-asi\/\" \/>\n<meta property=\"og:site_name\" content=\"NXT Process\" \/>\n<meta property=\"article:publisher\" content=\"https:\/\/www.facebook.com\/people\/NXT-Process\/61560023431243\/\" \/>\n<meta property=\"article:modified_time\" content=\"2025-10-22T11:50:37+00:00\" \/>\n<meta property=\"og:image\" content=\"http:\/\/www.nxtprocess.com\/wp-content\/uploads\/2025\/10\/AC010S.jpg\" \/>\n\t<meta property=\"og:image:width\" content=\"1500\" \/>\n\t<meta property=\"og:image:height\" content=\"1500\" \/>\n\t<meta property=\"og:image:type\" content=\"image\/jpeg\" \/>\n<meta name=\"twitter:card\" content=\"summary_large_image\" \/>\n<meta name=\"twitter:label1\" content=\"Dur\u00e9e de lecture estim\u00e9e\" \/>\n\t<meta name=\"twitter:data1\" content=\"1 minute\" \/>\n<script type=\"application\/ld+json\" class=\"yoast-schema-graph\">{\"@context\":\"https:\\\/\\\/schema.org\",\"@graph\":[{\"@type\":\"WebPage\",\"@id\":\"https:\\\/\\\/www.nxtprocess.com\\\/fr\\\/shop\\\/distribution-fr\\\/technologie-de-securite\\\/securite-as-interface-au-travail\\\/arret-durgence-asi\\\/\",\"url\":\"https:\\\/\\\/www.nxtprocess.com\\\/fr\\\/shop\\\/distribution-fr\\\/technologie-de-securite\\\/securite-as-interface-au-travail\\\/arret-durgence-asi\\\/\",\"name\":\"Arr\u00eat d'urgence ASI \u2013 ifm | NXT Process\",\"isPartOf\":{\"@id\":\"https:\\\/\\\/www.nxtprocess.com\\\/#website\"},\"primaryImageOfPage\":{\"@id\":\"https:\\\/\\\/www.nxtprocess.com\\\/fr\\\/shop\\\/distribution-fr\\\/technologie-de-securite\\\/securite-as-interface-au-travail\\\/arret-durgence-asi\\\/#primaryimage\"},\"image\":{\"@id\":\"https:\\\/\\\/www.nxtprocess.com\\\/fr\\\/shop\\\/distribution-fr\\\/technologie-de-securite\\\/securite-as-interface-au-travail\\\/arret-durgence-asi\\\/#primaryimage\"},\"thumbnailUrl\":\"https:\\\/\\\/www.nxtprocess.com\\\/wp-content\\\/uploads\\\/2025\\\/10\\\/AC010S.jpg\",\"datePublished\":\"2025-10-10T09:31:32+00:00\",\"dateModified\":\"2025-10-22T11:50:37+00:00\",\"breadcrumb\":{\"@id\":\"https:\\\/\\\/www.nxtprocess.com\\\/fr\\\/shop\\\/distribution-fr\\\/technologie-de-securite\\\/securite-as-interface-au-travail\\\/arret-durgence-asi\\\/#breadcrumb\"},\"inLanguage\":\"fr-FR\",\"potentialAction\":[{\"@type\":\"ReadAction\",\"target\":[\"https:\\\/\\\/www.nxtprocess.com\\\/fr\\\/shop\\\/distribution-fr\\\/technologie-de-securite\\\/securite-as-interface-au-travail\\\/arret-durgence-asi\\\/\"]}]},{\"@type\":\"ImageObject\",\"inLanguage\":\"fr-FR\",\"@id\":\"https:\\\/\\\/www.nxtprocess.com\\\/fr\\\/shop\\\/distribution-fr\\\/technologie-de-securite\\\/securite-as-interface-au-travail\\\/arret-durgence-asi\\\/#primaryimage\",\"url\":\"https:\\\/\\\/www.nxtprocess.com\\\/wp-content\\\/uploads\\\/2025\\\/10\\\/AC010S.jpg\",\"contentUrl\":\"https:\\\/\\\/www.nxtprocess.com\\\/wp-content\\\/uploads\\\/2025\\\/10\\\/AC010S.jpg\",\"width\":1500,\"height\":1500},{\"@type\":\"BreadcrumbList\",\"@id\":\"https:\\\/\\\/www.nxtprocess.com\\\/fr\\\/shop\\\/distribution-fr\\\/technologie-de-securite\\\/securite-as-interface-au-travail\\\/arret-durgence-asi\\\/#breadcrumb\",\"itemListElement\":[{\"@type\":\"ListItem\",\"position\":1,\"name\":\"Home\",\"item\":\"https:\\\/\\\/www.nxtprocess.com\\\/fr\\\/\"},{\"@type\":\"ListItem\",\"position\":2,\"name\":\"Boutique\",\"item\":\"https:\\\/\\\/www.nxtprocess.com\\\/fr\\\/boutique\\\/\"},{\"@type\":\"ListItem\",\"position\":3,\"name\":\"Arr\u00eat d&#8217;urgence ASI \u2013 ifm\"}]},{\"@type\":\"WebSite\",\"@id\":\"https:\\\/\\\/www.nxtprocess.com\\\/#website\",\"url\":\"https:\\\/\\\/www.nxtprocess.com\\\/\",\"name\":\"NXT Process\",\"description\":\"Optimizing your future, one liquid process at a time\",\"publisher\":{\"@id\":\"https:\\\/\\\/www.nxtprocess.com\\\/#organization\"},\"potentialAction\":[{\"@type\":\"SearchAction\",\"target\":{\"@type\":\"EntryPoint\",\"urlTemplate\":\"https:\\\/\\\/www.nxtprocess.com\\\/?s={search_term_string}\"},\"query-input\":{\"@type\":\"PropertyValueSpecification\",\"valueRequired\":true,\"valueName\":\"search_term_string\"}}],\"inLanguage\":\"fr-FR\"},{\"@type\":\"Organization\",\"@id\":\"https:\\\/\\\/www.nxtprocess.com\\\/#organization\",\"name\":\"Processus NXT\",\"url\":\"https:\\\/\\\/www.nxtprocess.com\\\/\",\"logo\":{\"@type\":\"ImageObject\",\"inLanguage\":\"fr-FR\",\"@id\":\"https:\\\/\\\/www.nxtprocess.com\\\/#\\\/schema\\\/logo\\\/image\\\/\",\"url\":\"http:\\\/\\\/www.nxtprocess.com\\\/wp-content\\\/uploads\\\/2025\\\/06\\\/Screenshot_1.png\",\"contentUrl\":\"http:\\\/\\\/www.nxtprocess.com\\\/wp-content\\\/uploads\\\/2025\\\/06\\\/Screenshot_1.png\",\"width\":255,\"height\":186,\"caption\":\"Processus NXT\"},\"image\":{\"@id\":\"https:\\\/\\\/www.nxtprocess.com\\\/#\\\/schema\\\/logo\\\/image\\\/\"},\"sameAs\":[\"https:\\\/\\\/www.facebook.com\\\/people\\\/NXT-Process\\\/61560023431243\\\/\",\"https:\\\/\\\/www.linkedin.com\\\/company\\\/11569305\\\/\"]}]}<\/script>\n<!-- \/ Yoast SEO plugin. -->","yoast_head_json":{"title":"Arr\u00eat d'urgence ASI \u2013 ifm | NXT Process","robots":{"index":"index","follow":"follow","max-snippet":"max-snippet:-1","max-image-preview":"max-image-preview:large","max-video-preview":"max-video-preview:-1"},"canonical":"https:\/\/www.nxtprocess.com\/fr\/shop\/distribution-fr\/technologie-de-securite\/securite-as-interface-au-travail\/arret-durgence-asi\/","og_locale":"fr_FR","og_type":"article","og_title":"Arr\u00eat d'urgence ASI \u2013 ifm | NXT Process","og_description":"- Connectivit\u00e9 AS-Interface (AS-i) - Construction robuste pour les environnements industriels difficiles - Certifi\u00e9&nbsp;: EN ISO 13849 PL e et CEI 61508 SIL 3 - D\u00e9tecte les \u00e9tats de commutation li\u00e9s \u00e0 la s\u00e9curit\u00e9 - \u00c9valu\u00e9 via un moniteur de s\u00e9curit\u00e9 AS-i","og_url":"https:\/\/www.nxtprocess.com\/fr\/shop\/distribution-fr\/technologie-de-securite\/securite-as-interface-au-travail\/arret-durgence-asi\/","og_site_name":"NXT Process","article_publisher":"https:\/\/www.facebook.com\/people\/NXT-Process\/61560023431243\/","article_modified_time":"2025-10-22T11:50:37+00:00","og_image":[{"width":1500,"height":1500,"url":"http:\/\/www.nxtprocess.com\/wp-content\/uploads\/2025\/10\/AC010S.jpg","type":"image\/jpeg"}],"twitter_card":"summary_large_image","twitter_misc":{"Dur\u00e9e de lecture estim\u00e9e":"1 minute"},"schema":{"@context":"https:\/\/schema.org","@graph":[{"@type":"WebPage","@id":"https:\/\/www.nxtprocess.com\/fr\/shop\/distribution-fr\/technologie-de-securite\/securite-as-interface-au-travail\/arret-durgence-asi\/","url":"https:\/\/www.nxtprocess.com\/fr\/shop\/distribution-fr\/technologie-de-securite\/securite-as-interface-au-travail\/arret-durgence-asi\/","name":"Arr\u00eat d'urgence ASI \u2013 ifm | NXT Process","isPartOf":{"@id":"https:\/\/www.nxtprocess.com\/#website"},"primaryImageOfPage":{"@id":"https:\/\/www.nxtprocess.com\/fr\/shop\/distribution-fr\/technologie-de-securite\/securite-as-interface-au-travail\/arret-durgence-asi\/#primaryimage"},"image":{"@id":"https:\/\/www.nxtprocess.com\/fr\/shop\/distribution-fr\/technologie-de-securite\/securite-as-interface-au-travail\/arret-durgence-asi\/#primaryimage"},"thumbnailUrl":"https:\/\/www.nxtprocess.com\/wp-content\/uploads\/2025\/10\/AC010S.jpg","datePublished":"2025-10-10T09:31:32+00:00","dateModified":"2025-10-22T11:50:37+00:00","breadcrumb":{"@id":"https:\/\/www.nxtprocess.com\/fr\/shop\/distribution-fr\/technologie-de-securite\/securite-as-interface-au-travail\/arret-durgence-asi\/#breadcrumb"},"inLanguage":"fr-FR","potentialAction":[{"@type":"ReadAction","target":["https:\/\/www.nxtprocess.com\/fr\/shop\/distribution-fr\/technologie-de-securite\/securite-as-interface-au-travail\/arret-durgence-asi\/"]}]},{"@type":"ImageObject","inLanguage":"fr-FR","@id":"https:\/\/www.nxtprocess.com\/fr\/shop\/distribution-fr\/technologie-de-securite\/securite-as-interface-au-travail\/arret-durgence-asi\/#primaryimage","url":"https:\/\/www.nxtprocess.com\/wp-content\/uploads\/2025\/10\/AC010S.jpg","contentUrl":"https:\/\/www.nxtprocess.com\/wp-content\/uploads\/2025\/10\/AC010S.jpg","width":1500,"height":1500},{"@type":"BreadcrumbList","@id":"https:\/\/www.nxtprocess.com\/fr\/shop\/distribution-fr\/technologie-de-securite\/securite-as-interface-au-travail\/arret-durgence-asi\/#breadcrumb","itemListElement":[{"@type":"ListItem","position":1,"name":"Home","item":"https:\/\/www.nxtprocess.com\/fr\/"},{"@type":"ListItem","position":2,"name":"Boutique","item":"https:\/\/www.nxtprocess.com\/fr\/boutique\/"},{"@type":"ListItem","position":3,"name":"Arr\u00eat d&#8217;urgence ASI \u2013 ifm"}]},{"@type":"WebSite","@id":"https:\/\/www.nxtprocess.com\/#website","url":"https:\/\/www.nxtprocess.com\/","name":"NXT Process","description":"Optimizing your future, one liquid process at a time","publisher":{"@id":"https:\/\/www.nxtprocess.com\/#organization"},"potentialAction":[{"@type":"SearchAction","target":{"@type":"EntryPoint","urlTemplate":"https:\/\/www.nxtprocess.com\/?s={search_term_string}"},"query-input":{"@type":"PropertyValueSpecification","valueRequired":true,"valueName":"search_term_string"}}],"inLanguage":"fr-FR"},{"@type":"Organization","@id":"https:\/\/www.nxtprocess.com\/#organization","name":"Processus NXT","url":"https:\/\/www.nxtprocess.com\/","logo":{"@type":"ImageObject","inLanguage":"fr-FR","@id":"https:\/\/www.nxtprocess.com\/#\/schema\/logo\/image\/","url":"http:\/\/www.nxtprocess.com\/wp-content\/uploads\/2025\/06\/Screenshot_1.png","contentUrl":"http:\/\/www.nxtprocess.com\/wp-content\/uploads\/2025\/06\/Screenshot_1.png","width":255,"height":186,"caption":"Processus NXT"},"image":{"@id":"https:\/\/www.nxtprocess.com\/#\/schema\/logo\/image\/"},"sameAs":["https:\/\/www.facebook.com\/people\/NXT-Process\/61560023431243\/","https:\/\/www.linkedin.com\/company\/11569305\/"]}]}},"_links":{"self":[{"href":"https:\/\/www.nxtprocess.com\/fr\/wp-json\/wp\/v2\/product\/55982","targetHints":{"allow":["GET"]}}],"collection":[{"href":"https:\/\/www.nxtprocess.com\/fr\/wp-json\/wp\/v2\/product"}],"about":[{"href":"https:\/\/www.nxtprocess.com\/fr\/wp-json\/wp\/v2\/types\/product"}],"wp:featuredmedia":[{"embeddable":true,"href":"https:\/\/www.nxtprocess.com\/fr\/wp-json\/wp\/v2\/media\/55343"}],"wp:attachment":[{"href":"https:\/\/www.nxtprocess.com\/fr\/wp-json\/wp\/v2\/media?parent=55982"}],"wp:term":[{"taxonomy":"product_cat","embeddable":true,"href":"https:\/\/www.nxtprocess.com\/fr\/wp-json\/wp\/v2\/product_cat?post=55982"},{"taxonomy":"product_tag","embeddable":true,"href":"https:\/\/www.nxtprocess.com\/fr\/wp-json\/wp\/v2\/product_tag?post=55982"}],"curies":[{"name":"wp","href":"https:\/\/api.w.org\/{rel}","templated":true}]}}