{"id":55984,"date":"2025-10-10T09:31:29","date_gmt":"2025-10-10T09:31:29","guid":{"rendered":"https:\/\/www.nxtprocess.com\/shop\/non%20class\u00e9\/transmetteur-de-pression-1-4-npt-2\/"},"modified":"2025-10-22T11:50:59","modified_gmt":"2025-10-22T11:50:59","slug":"transmetteur-de-pression-1-4-npt-2","status":"publish","type":"product","link":"https:\/\/www.nxtprocess.com\/fr\/shop\/distribution-fr\/capteurs-fr\/capteurs-de-pression-capteurs-de-vide\/transmetteur-de-pression-1-4-npt-2\/","title":{"rendered":"Transmetteur de pression 1\/4&#8221; NPT \u2013 ifm"},"content":{"rendered":"<h6><strong>Transmetteur de pression IFM PX3226 1\/4&#8221; NPT<br \/>\n\u2013 transmetteur de pression de pr\u00e9cision pour le contr\u00f4le industriel<\/strong><\/h6>\n<p>Con\u00e7u pour les syst\u00e8mes hydrauliques et pneumatiques exigeants, l&#8217;IFM PX3226 convertit la pression du syst\u00e8me en un signal analogique pr\u00e9cis pour PLC, DCS ou acquisition de donn\u00e9es. Id\u00e9al pour les skids de pompes, les collecteurs de vannes, les bancs d&#8217;essai et les machines mobiles, il fournit un retour d&#8217;information stable pour le contr\u00f4le en boucle ferm\u00e9e des actionneurs et des syst\u00e8mes de vannes, m\u00eame en cas de fortes vibrations et de chocs. <\/p>\n<h6><strong>Principaux avantages&nbsp;:<\/strong><\/h6>\n<ul>\n<li>Sortie analogique pr\u00e9cise pour un contr\u00f4le et une surveillance rigoureux<\/li>\n<li>Stabilit\u00e9 \u00e0 long terme avec une marge de surcharge robuste<\/li>\n<li>&gt;Dur\u00e9e de vie de 100 millions de cycles de pression pour un service prolong\u00e9<\/li>\n<li>Haute r\u00e9sistance aux chocs et aux vibrations dans des environnements difficiles<\/li>\n<li>Raccord process 1\/4&#8243; NPT pour un montage et une modernisation simples<\/li>\n<\/ul>\n<h6><strong>Aper\u00e7u technique<\/strong><\/h6>\n<ul>\n<li>Marque \/ Mod\u00e8le : IFM PX3226<\/li>\n<li>Fonction : Transmetteur \/ capteur de pression pour applications industrielles et mobiles<\/li>\n<li>Raccord process : 1\/4 pouce NPT<\/li>\n<li>Sortie : Signal analogique adapt\u00e9 aux interfaces API\/DAQ<\/li>\n<li>Durabilit\u00e9 : Con\u00e7u pour plus de 100 millions de cycles de pression<\/li>\n<li>Protection : Capacit\u00e9 de surcharge \u00e9lev\u00e9e pour pr\u00e9server l&#8217;int\u00e9grit\u00e9 des mesures<\/li>\n<li>Robustesse m\u00e9canique : Con\u00e7u pour des environnements \u00e0 fortes vibrations et chocs<\/li>\n<li>Utilisations typiques : Circuits hydrauliques, conduites pneumatiques, syst\u00e8mes de pompes et de vannes, \u00e9quipements mobiles<\/li>\n<\/ul>\n<p>Vous pouvez compter sur le PX3226 pour un retour d&#8217;information fiable sur la pression et une int\u00e9gration transparente dans les architectures d&#8217;automatisation, garantissant un fonctionnement fiable et des performances de contr\u00f4le constantes.<\/p>\n","protected":false},"excerpt":{"rendered":"<p>&#8211; Surveillance fiable de la pression du syst\u00e8me pour les \u00e9quipements industriels et mobiles<br \/>\n&#8211; Sortie analogique de haute pr\u00e9cision<br \/>\n&#8211; Stabilit\u00e9 \u00e0 long terme avec protection robuste contre les surpressions<br \/>\n&#8211; Dur\u00e9e de vie d\u00e9passant 100&nbsp;millions de cycles de pression<br \/>\n&#8211; R\u00e9sistance exceptionnelle aux chocs et aux vibrations<\/p>\n","protected":false},"featured_media":55290,"template":"","meta":{"_acf_changed":false},"product_cat":[6284,6238,163],"product_tag":[],"class_list":{"0":"post-55984","1":"product","2":"type-product","3":"status-publish","4":"has-post-thumbnail","6":"product_brand-ifm-fr","7":"product_cat-capteurs-fr","8":"product_cat-capteurs-de-pression-capteurs-de-vide","9":"product_cat-distribution-fr","11":"first","12":"instock","13":"downloadable","14":"taxable","15":"shipping-taxable","16":"purchasable","17":"product-type-simple"},"acf":[],"yoast_head":"<!-- This site is optimized with the Yoast SEO plugin v27.5 - https:\/\/yoast.com\/product\/yoast-seo-wordpress\/ -->\n<title>Transmetteur de pression 1\/4&#039;&#039; NPT \u2013 ifm | NXT Process<\/title>\n<meta name=\"robots\" content=\"index, follow, max-snippet:-1, max-image-preview:large, max-video-preview:-1\" \/>\n<link rel=\"canonical\" href=\"https:\/\/www.nxtprocess.com\/fr\/shop\/distribution-fr\/capteurs-fr\/capteurs-de-pression-capteurs-de-vide\/transmetteur-de-pression-1-4-npt-2\/\" \/>\n<meta property=\"og:locale\" content=\"fr_FR\" \/>\n<meta property=\"og:type\" content=\"article\" \/>\n<meta property=\"og:title\" content=\"Transmetteur de pression 1\/4&#039;&#039; NPT \u2013 ifm | NXT Process\" \/>\n<meta property=\"og:description\" content=\"- Surveillance fiable de la pression du syst\u00e8me pour les \u00e9quipements industriels et mobiles - Sortie analogique de haute pr\u00e9cision - Stabilit\u00e9 \u00e0 long terme avec protection robuste contre les surpressions - Dur\u00e9e de vie d\u00e9passant 100&nbsp;millions de cycles de pression - R\u00e9sistance exceptionnelle aux chocs et aux vibrations\" \/>\n<meta property=\"og:url\" content=\"https:\/\/www.nxtprocess.com\/fr\/shop\/distribution-fr\/capteurs-fr\/capteurs-de-pression-capteurs-de-vide\/transmetteur-de-pression-1-4-npt-2\/\" \/>\n<meta property=\"og:site_name\" content=\"NXT Process\" \/>\n<meta property=\"article:publisher\" content=\"https:\/\/www.facebook.com\/people\/NXT-Process\/61560023431243\/\" \/>\n<meta property=\"article:modified_time\" content=\"2025-10-22T11:50:59+00:00\" \/>\n<meta property=\"og:image\" content=\"http:\/\/www.nxtprocess.com\/wp-content\/uploads\/2025\/10\/PX3226.jpg\" \/>\n\t<meta property=\"og:image:width\" content=\"1500\" \/>\n\t<meta property=\"og:image:height\" content=\"1500\" \/>\n\t<meta property=\"og:image:type\" content=\"image\/jpeg\" \/>\n<meta name=\"twitter:card\" content=\"summary_large_image\" \/>\n<meta name=\"twitter:label1\" content=\"Dur\u00e9e de lecture estim\u00e9e\" \/>\n\t<meta name=\"twitter:data1\" content=\"1 minute\" \/>\n<script type=\"application\/ld+json\" class=\"yoast-schema-graph\">{\"@context\":\"https:\\\/\\\/schema.org\",\"@graph\":[{\"@type\":\"WebPage\",\"@id\":\"https:\\\/\\\/www.nxtprocess.com\\\/fr\\\/shop\\\/distribution-fr\\\/capteurs-fr\\\/capteurs-de-pression-capteurs-de-vide\\\/transmetteur-de-pression-1-4-npt-2\\\/\",\"url\":\"https:\\\/\\\/www.nxtprocess.com\\\/fr\\\/shop\\\/distribution-fr\\\/capteurs-fr\\\/capteurs-de-pression-capteurs-de-vide\\\/transmetteur-de-pression-1-4-npt-2\\\/\",\"name\":\"Transmetteur de pression 1\\\/4'' NPT \u2013 ifm | NXT Process\",\"isPartOf\":{\"@id\":\"https:\\\/\\\/www.nxtprocess.com\\\/#website\"},\"primaryImageOfPage\":{\"@id\":\"https:\\\/\\\/www.nxtprocess.com\\\/fr\\\/shop\\\/distribution-fr\\\/capteurs-fr\\\/capteurs-de-pression-capteurs-de-vide\\\/transmetteur-de-pression-1-4-npt-2\\\/#primaryimage\"},\"image\":{\"@id\":\"https:\\\/\\\/www.nxtprocess.com\\\/fr\\\/shop\\\/distribution-fr\\\/capteurs-fr\\\/capteurs-de-pression-capteurs-de-vide\\\/transmetteur-de-pression-1-4-npt-2\\\/#primaryimage\"},\"thumbnailUrl\":\"https:\\\/\\\/www.nxtprocess.com\\\/wp-content\\\/uploads\\\/2025\\\/10\\\/PX3226.jpg\",\"datePublished\":\"2025-10-10T09:31:29+00:00\",\"dateModified\":\"2025-10-22T11:50:59+00:00\",\"breadcrumb\":{\"@id\":\"https:\\\/\\\/www.nxtprocess.com\\\/fr\\\/shop\\\/distribution-fr\\\/capteurs-fr\\\/capteurs-de-pression-capteurs-de-vide\\\/transmetteur-de-pression-1-4-npt-2\\\/#breadcrumb\"},\"inLanguage\":\"fr-FR\",\"potentialAction\":[{\"@type\":\"ReadAction\",\"target\":[\"https:\\\/\\\/www.nxtprocess.com\\\/fr\\\/shop\\\/distribution-fr\\\/capteurs-fr\\\/capteurs-de-pression-capteurs-de-vide\\\/transmetteur-de-pression-1-4-npt-2\\\/\"]}]},{\"@type\":\"ImageObject\",\"inLanguage\":\"fr-FR\",\"@id\":\"https:\\\/\\\/www.nxtprocess.com\\\/fr\\\/shop\\\/distribution-fr\\\/capteurs-fr\\\/capteurs-de-pression-capteurs-de-vide\\\/transmetteur-de-pression-1-4-npt-2\\\/#primaryimage\",\"url\":\"https:\\\/\\\/www.nxtprocess.com\\\/wp-content\\\/uploads\\\/2025\\\/10\\\/PX3226.jpg\",\"contentUrl\":\"https:\\\/\\\/www.nxtprocess.com\\\/wp-content\\\/uploads\\\/2025\\\/10\\\/PX3226.jpg\",\"width\":1500,\"height\":1500},{\"@type\":\"BreadcrumbList\",\"@id\":\"https:\\\/\\\/www.nxtprocess.com\\\/fr\\\/shop\\\/distribution-fr\\\/capteurs-fr\\\/capteurs-de-pression-capteurs-de-vide\\\/transmetteur-de-pression-1-4-npt-2\\\/#breadcrumb\",\"itemListElement\":[{\"@type\":\"ListItem\",\"position\":1,\"name\":\"Home\",\"item\":\"https:\\\/\\\/www.nxtprocess.com\\\/fr\\\/\"},{\"@type\":\"ListItem\",\"position\":2,\"name\":\"Boutique\",\"item\":\"https:\\\/\\\/www.nxtprocess.com\\\/fr\\\/boutique\\\/\"},{\"@type\":\"ListItem\",\"position\":3,\"name\":\"Transmetteur de pression 1\\\/4&#8221; NPT \u2013 ifm\"}]},{\"@type\":\"WebSite\",\"@id\":\"https:\\\/\\\/www.nxtprocess.com\\\/#website\",\"url\":\"https:\\\/\\\/www.nxtprocess.com\\\/\",\"name\":\"NXT Process\",\"description\":\"Optimizing your future, one liquid process at a time\",\"publisher\":{\"@id\":\"https:\\\/\\\/www.nxtprocess.com\\\/#organization\"},\"potentialAction\":[{\"@type\":\"SearchAction\",\"target\":{\"@type\":\"EntryPoint\",\"urlTemplate\":\"https:\\\/\\\/www.nxtprocess.com\\\/?s={search_term_string}\"},\"query-input\":{\"@type\":\"PropertyValueSpecification\",\"valueRequired\":true,\"valueName\":\"search_term_string\"}}],\"inLanguage\":\"fr-FR\"},{\"@type\":\"Organization\",\"@id\":\"https:\\\/\\\/www.nxtprocess.com\\\/#organization\",\"name\":\"Processus NXT\",\"url\":\"https:\\\/\\\/www.nxtprocess.com\\\/\",\"logo\":{\"@type\":\"ImageObject\",\"inLanguage\":\"fr-FR\",\"@id\":\"https:\\\/\\\/www.nxtprocess.com\\\/#\\\/schema\\\/logo\\\/image\\\/\",\"url\":\"http:\\\/\\\/www.nxtprocess.com\\\/wp-content\\\/uploads\\\/2025\\\/06\\\/Screenshot_1.png\",\"contentUrl\":\"http:\\\/\\\/www.nxtprocess.com\\\/wp-content\\\/uploads\\\/2025\\\/06\\\/Screenshot_1.png\",\"width\":255,\"height\":186,\"caption\":\"Processus NXT\"},\"image\":{\"@id\":\"https:\\\/\\\/www.nxtprocess.com\\\/#\\\/schema\\\/logo\\\/image\\\/\"},\"sameAs\":[\"https:\\\/\\\/www.facebook.com\\\/people\\\/NXT-Process\\\/61560023431243\\\/\",\"https:\\\/\\\/www.linkedin.com\\\/company\\\/11569305\\\/\"]}]}<\/script>\n<!-- \/ Yoast SEO plugin. -->","yoast_head_json":{"title":"Transmetteur de pression 1\/4'' NPT \u2013 ifm | NXT Process","robots":{"index":"index","follow":"follow","max-snippet":"max-snippet:-1","max-image-preview":"max-image-preview:large","max-video-preview":"max-video-preview:-1"},"canonical":"https:\/\/www.nxtprocess.com\/fr\/shop\/distribution-fr\/capteurs-fr\/capteurs-de-pression-capteurs-de-vide\/transmetteur-de-pression-1-4-npt-2\/","og_locale":"fr_FR","og_type":"article","og_title":"Transmetteur de pression 1\/4'' NPT \u2013 ifm | NXT Process","og_description":"- Surveillance fiable de la pression du syst\u00e8me pour les \u00e9quipements industriels et mobiles - Sortie analogique de haute pr\u00e9cision - Stabilit\u00e9 \u00e0 long terme avec protection robuste contre les surpressions - Dur\u00e9e de vie d\u00e9passant 100&nbsp;millions de cycles de pression - R\u00e9sistance exceptionnelle aux chocs et aux vibrations","og_url":"https:\/\/www.nxtprocess.com\/fr\/shop\/distribution-fr\/capteurs-fr\/capteurs-de-pression-capteurs-de-vide\/transmetteur-de-pression-1-4-npt-2\/","og_site_name":"NXT Process","article_publisher":"https:\/\/www.facebook.com\/people\/NXT-Process\/61560023431243\/","article_modified_time":"2025-10-22T11:50:59+00:00","og_image":[{"width":1500,"height":1500,"url":"http:\/\/www.nxtprocess.com\/wp-content\/uploads\/2025\/10\/PX3226.jpg","type":"image\/jpeg"}],"twitter_card":"summary_large_image","twitter_misc":{"Dur\u00e9e de lecture estim\u00e9e":"1 minute"},"schema":{"@context":"https:\/\/schema.org","@graph":[{"@type":"WebPage","@id":"https:\/\/www.nxtprocess.com\/fr\/shop\/distribution-fr\/capteurs-fr\/capteurs-de-pression-capteurs-de-vide\/transmetteur-de-pression-1-4-npt-2\/","url":"https:\/\/www.nxtprocess.com\/fr\/shop\/distribution-fr\/capteurs-fr\/capteurs-de-pression-capteurs-de-vide\/transmetteur-de-pression-1-4-npt-2\/","name":"Transmetteur de pression 1\/4'' NPT \u2013 ifm | NXT Process","isPartOf":{"@id":"https:\/\/www.nxtprocess.com\/#website"},"primaryImageOfPage":{"@id":"https:\/\/www.nxtprocess.com\/fr\/shop\/distribution-fr\/capteurs-fr\/capteurs-de-pression-capteurs-de-vide\/transmetteur-de-pression-1-4-npt-2\/#primaryimage"},"image":{"@id":"https:\/\/www.nxtprocess.com\/fr\/shop\/distribution-fr\/capteurs-fr\/capteurs-de-pression-capteurs-de-vide\/transmetteur-de-pression-1-4-npt-2\/#primaryimage"},"thumbnailUrl":"https:\/\/www.nxtprocess.com\/wp-content\/uploads\/2025\/10\/PX3226.jpg","datePublished":"2025-10-10T09:31:29+00:00","dateModified":"2025-10-22T11:50:59+00:00","breadcrumb":{"@id":"https:\/\/www.nxtprocess.com\/fr\/shop\/distribution-fr\/capteurs-fr\/capteurs-de-pression-capteurs-de-vide\/transmetteur-de-pression-1-4-npt-2\/#breadcrumb"},"inLanguage":"fr-FR","potentialAction":[{"@type":"ReadAction","target":["https:\/\/www.nxtprocess.com\/fr\/shop\/distribution-fr\/capteurs-fr\/capteurs-de-pression-capteurs-de-vide\/transmetteur-de-pression-1-4-npt-2\/"]}]},{"@type":"ImageObject","inLanguage":"fr-FR","@id":"https:\/\/www.nxtprocess.com\/fr\/shop\/distribution-fr\/capteurs-fr\/capteurs-de-pression-capteurs-de-vide\/transmetteur-de-pression-1-4-npt-2\/#primaryimage","url":"https:\/\/www.nxtprocess.com\/wp-content\/uploads\/2025\/10\/PX3226.jpg","contentUrl":"https:\/\/www.nxtprocess.com\/wp-content\/uploads\/2025\/10\/PX3226.jpg","width":1500,"height":1500},{"@type":"BreadcrumbList","@id":"https:\/\/www.nxtprocess.com\/fr\/shop\/distribution-fr\/capteurs-fr\/capteurs-de-pression-capteurs-de-vide\/transmetteur-de-pression-1-4-npt-2\/#breadcrumb","itemListElement":[{"@type":"ListItem","position":1,"name":"Home","item":"https:\/\/www.nxtprocess.com\/fr\/"},{"@type":"ListItem","position":2,"name":"Boutique","item":"https:\/\/www.nxtprocess.com\/fr\/boutique\/"},{"@type":"ListItem","position":3,"name":"Transmetteur de pression 1\/4&#8221; NPT \u2013 ifm"}]},{"@type":"WebSite","@id":"https:\/\/www.nxtprocess.com\/#website","url":"https:\/\/www.nxtprocess.com\/","name":"NXT Process","description":"Optimizing your future, one liquid process at a time","publisher":{"@id":"https:\/\/www.nxtprocess.com\/#organization"},"potentialAction":[{"@type":"SearchAction","target":{"@type":"EntryPoint","urlTemplate":"https:\/\/www.nxtprocess.com\/?s={search_term_string}"},"query-input":{"@type":"PropertyValueSpecification","valueRequired":true,"valueName":"search_term_string"}}],"inLanguage":"fr-FR"},{"@type":"Organization","@id":"https:\/\/www.nxtprocess.com\/#organization","name":"Processus NXT","url":"https:\/\/www.nxtprocess.com\/","logo":{"@type":"ImageObject","inLanguage":"fr-FR","@id":"https:\/\/www.nxtprocess.com\/#\/schema\/logo\/image\/","url":"http:\/\/www.nxtprocess.com\/wp-content\/uploads\/2025\/06\/Screenshot_1.png","contentUrl":"http:\/\/www.nxtprocess.com\/wp-content\/uploads\/2025\/06\/Screenshot_1.png","width":255,"height":186,"caption":"Processus NXT"},"image":{"@id":"https:\/\/www.nxtprocess.com\/#\/schema\/logo\/image\/"},"sameAs":["https:\/\/www.facebook.com\/people\/NXT-Process\/61560023431243\/","https:\/\/www.linkedin.com\/company\/11569305\/"]}]}},"_links":{"self":[{"href":"https:\/\/www.nxtprocess.com\/fr\/wp-json\/wp\/v2\/product\/55984","targetHints":{"allow":["GET"]}}],"collection":[{"href":"https:\/\/www.nxtprocess.com\/fr\/wp-json\/wp\/v2\/product"}],"about":[{"href":"https:\/\/www.nxtprocess.com\/fr\/wp-json\/wp\/v2\/types\/product"}],"wp:featuredmedia":[{"embeddable":true,"href":"https:\/\/www.nxtprocess.com\/fr\/wp-json\/wp\/v2\/media\/55290"}],"wp:attachment":[{"href":"https:\/\/www.nxtprocess.com\/fr\/wp-json\/wp\/v2\/media?parent=55984"}],"wp:term":[{"taxonomy":"product_cat","embeddable":true,"href":"https:\/\/www.nxtprocess.com\/fr\/wp-json\/wp\/v2\/product_cat?post=55984"},{"taxonomy":"product_tag","embeddable":true,"href":"https:\/\/www.nxtprocess.com\/fr\/wp-json\/wp\/v2\/product_tag?post=55984"}],"curies":[{"name":"wp","href":"https:\/\/api.w.org\/{rel}","templated":true}]}}