{"id":55991,"date":"2025-10-10T09:31:32","date_gmt":"2025-10-10T09:31:32","guid":{"rendered":"https:\/\/www.nxtprocess.com\/shop\/non%20class\u00e9\/bloc-e-s-ip65-4di-4-do-asi-2\/"},"modified":"2025-10-22T11:51:03","modified_gmt":"2025-10-22T11:51:03","slug":"bloc-e-s-ip65-4di-4-do-asi-2","status":"publish","type":"product","link":"https:\/\/www.nxtprocess.com\/fr\/shop\/distribution-fr\/communication-industrielle\/modules-e-s-as-interface-fr\/bloc-e-s-ip65-4di-4-do-asi-2\/","title":{"rendered":"BLOC e\/s IP65 4DI 4 DO ASi \u2013 ifm"},"content":{"rendered":"<h6><strong>IFM AC2471 BLOC E\/S IP65 4DI\/4DO AS-i Module \u2013 E\/S robustes pour capteurs et actionneurs<\/strong><\/h6>\n<p>L&#8217;IFM AC2471 est un bloc d&#8217;E\/S AS-Interface compact qui am\u00e8ne quatre entr\u00e9es num\u00e9riques et quatre sorties num\u00e9riques directement \u00e0 la machine, r\u00e9duisant ainsi le c\u00e2blage de l&#8217;armoire et acc\u00e9l\u00e9rant la configuration. Id\u00e9al pour les lignes d&#8217;emballage, les convoyeurs et les machines-outils, il connecte des capteurs photo\u00e9lectriques ou inductifs et commande des actionneurs tels que des syst\u00e8mes de vannes, des cylindres et des dispositifs de signalisation via des connecteurs M12 robustes. <\/p>\n<h6><strong>Principaux avantages<\/strong><\/h6>\n<ul>\n<li>Installation rapide : montage adapt\u00e9 aux outils et c\u00e2blage M12 \u00e0 d\u00e9connexion rapide<\/li>\n<li>Conception durable : bo\u00eetier enti\u00e8rement moul\u00e9 r\u00e9sistant aux chocs et aux vibrations<\/li>\n<li>Diagnostics clairs : LED lumineuses pour l&#8217;alimentation, le r\u00e9seau, l&#8217;\u00e9tat des canaux et les d\u00e9fauts<\/li>\n<li>Bo\u00eetier IP65 pour les environnements industriels exigeants<\/li>\n<li>C\u00e2blage simplifi\u00e9 : E\/S d\u00e9centralis\u00e9es r\u00e9duisant les longueurs de c\u00e2bles et l&#8217;espace dans les armoires<\/li>\n<\/ul>\n<h6><strong>D\u00e9tails du produit<\/strong><\/h6>\n<ul>\n<li> Interface r\u00e9seau : AS-Interface (AS-i)<\/li>\n<li>Configuration E\/S : 4 entr\u00e9es num\u00e9riques, 4 sorties num\u00e9riques<\/li>\n<li>Indice de protection : IP65<\/li>\n<li>Connecteurs : ports M12 pour le montage : fentes de montage sur machine ou ch\u00e2ssis<\/li>\n<li>Construction : module enti\u00e8rement moul\u00e9 pour une robustesse m\u00e9canique<\/li>\n<li>Applications typiques : capteurs de proximit\u00e9 et photo\u00e9lectriques, blocs de distribution, \u00e9lectrovannes, voyants lumineux<\/li>\n<\/ul>\n<p>Comptez sur l&#8217;AC2471 pour des E\/S de terrain fiables qui s&#8217;int\u00e8grent parfaitement aux architectures d&#8217;automatisation AS-i et aux syst\u00e8mes de contr\u00f4le bas\u00e9s sur PLC.<\/p>\n","protected":false},"excerpt":{"rendered":"<p>&#8211; Installation et c\u00e2blage simples<br \/>\n&#8211; Conception enti\u00e8rement encapsul\u00e9e pour une r\u00e9sistance exceptionnelle aux chocs et aux vibrations<br \/>\n&#8211; Les LED lumineuses et tr\u00e8s visibles indiquent l&#8217;\u00e9tat, le fonctionnement et les erreurs<br \/>\n&#8211; Protection \u00e9lev\u00e9e contre les infiltrations pour les environnements industriels difficiles<br \/>\n&#8211; Connecteurs M12 durables pour des connexions fiables des capteurs et des actionneurs<\/p>\n","protected":false},"featured_media":55330,"template":"","meta":{"_acf_changed":false},"product_cat":[6291,163,6292],"product_tag":[],"class_list":{"0":"post-55991","1":"product","2":"type-product","3":"status-publish","4":"has-post-thumbnail","6":"product_brand-ifm-fr","7":"product_cat-communication-industrielle-fr","8":"product_cat-distribution-fr","9":"product_cat-modules-e-s-as-interface-fr","11":"first","12":"instock","13":"downloadable","14":"taxable","15":"shipping-taxable","16":"purchasable","17":"product-type-simple"},"acf":[],"yoast_head":"<!-- This site is optimized with the Yoast SEO plugin v27.5 - https:\/\/yoast.com\/product\/yoast-seo-wordpress\/ -->\n<title>BLOC e\/s IP65 4DI 4 DO ASi \u2013 ifm | NXT Process<\/title>\n<meta name=\"robots\" content=\"index, follow, max-snippet:-1, max-image-preview:large, max-video-preview:-1\" \/>\n<link rel=\"canonical\" href=\"https:\/\/www.nxtprocess.com\/fr\/shop\/distribution-fr\/communication-industrielle\/modules-e-s-as-interface-fr\/bloc-e-s-ip65-4di-4-do-asi-2\/\" \/>\n<meta property=\"og:locale\" content=\"fr_FR\" \/>\n<meta property=\"og:type\" content=\"article\" \/>\n<meta property=\"og:title\" content=\"BLOC e\/s IP65 4DI 4 DO ASi \u2013 ifm | NXT Process\" \/>\n<meta property=\"og:description\" content=\"- Installation et c\u00e2blage simples - Conception enti\u00e8rement encapsul\u00e9e pour une r\u00e9sistance exceptionnelle aux chocs et aux vibrations - Les LED lumineuses et tr\u00e8s visibles indiquent l&#039;\u00e9tat, le fonctionnement et les erreurs - Protection \u00e9lev\u00e9e contre les infiltrations pour les environnements industriels difficiles - Connecteurs M12 durables pour des connexions fiables des capteurs et des actionneurs\" \/>\n<meta property=\"og:url\" content=\"https:\/\/www.nxtprocess.com\/fr\/shop\/distribution-fr\/communication-industrielle\/modules-e-s-as-interface-fr\/bloc-e-s-ip65-4di-4-do-asi-2\/\" \/>\n<meta property=\"og:site_name\" content=\"NXT Process\" \/>\n<meta property=\"article:publisher\" content=\"https:\/\/www.facebook.com\/people\/NXT-Process\/61560023431243\/\" \/>\n<meta property=\"article:modified_time\" content=\"2025-10-22T11:51:03+00:00\" \/>\n<meta property=\"og:image\" content=\"http:\/\/www.nxtprocess.com\/wp-content\/uploads\/2025\/10\/AC2471.jpg\" \/>\n\t<meta property=\"og:image:width\" content=\"1500\" \/>\n\t<meta property=\"og:image:height\" content=\"1500\" \/>\n\t<meta property=\"og:image:type\" content=\"image\/jpeg\" \/>\n<meta name=\"twitter:card\" content=\"summary_large_image\" \/>\n<meta name=\"twitter:label1\" content=\"Dur\u00e9e de lecture estim\u00e9e\" \/>\n\t<meta name=\"twitter:data1\" content=\"1 minute\" \/>\n<script type=\"application\/ld+json\" class=\"yoast-schema-graph\">{\"@context\":\"https:\\\/\\\/schema.org\",\"@graph\":[{\"@type\":\"WebPage\",\"@id\":\"https:\\\/\\\/www.nxtprocess.com\\\/fr\\\/shop\\\/distribution-fr\\\/communication-industrielle\\\/modules-e-s-as-interface-fr\\\/bloc-e-s-ip65-4di-4-do-asi-2\\\/\",\"url\":\"https:\\\/\\\/www.nxtprocess.com\\\/fr\\\/shop\\\/distribution-fr\\\/communication-industrielle\\\/modules-e-s-as-interface-fr\\\/bloc-e-s-ip65-4di-4-do-asi-2\\\/\",\"name\":\"BLOC e\\\/s IP65 4DI 4 DO ASi \u2013 ifm | NXT Process\",\"isPartOf\":{\"@id\":\"https:\\\/\\\/www.nxtprocess.com\\\/#website\"},\"primaryImageOfPage\":{\"@id\":\"https:\\\/\\\/www.nxtprocess.com\\\/fr\\\/shop\\\/distribution-fr\\\/communication-industrielle\\\/modules-e-s-as-interface-fr\\\/bloc-e-s-ip65-4di-4-do-asi-2\\\/#primaryimage\"},\"image\":{\"@id\":\"https:\\\/\\\/www.nxtprocess.com\\\/fr\\\/shop\\\/distribution-fr\\\/communication-industrielle\\\/modules-e-s-as-interface-fr\\\/bloc-e-s-ip65-4di-4-do-asi-2\\\/#primaryimage\"},\"thumbnailUrl\":\"https:\\\/\\\/www.nxtprocess.com\\\/wp-content\\\/uploads\\\/2025\\\/10\\\/AC2471.jpg\",\"datePublished\":\"2025-10-10T09:31:32+00:00\",\"dateModified\":\"2025-10-22T11:51:03+00:00\",\"breadcrumb\":{\"@id\":\"https:\\\/\\\/www.nxtprocess.com\\\/fr\\\/shop\\\/distribution-fr\\\/communication-industrielle\\\/modules-e-s-as-interface-fr\\\/bloc-e-s-ip65-4di-4-do-asi-2\\\/#breadcrumb\"},\"inLanguage\":\"fr-FR\",\"potentialAction\":[{\"@type\":\"ReadAction\",\"target\":[\"https:\\\/\\\/www.nxtprocess.com\\\/fr\\\/shop\\\/distribution-fr\\\/communication-industrielle\\\/modules-e-s-as-interface-fr\\\/bloc-e-s-ip65-4di-4-do-asi-2\\\/\"]}]},{\"@type\":\"ImageObject\",\"inLanguage\":\"fr-FR\",\"@id\":\"https:\\\/\\\/www.nxtprocess.com\\\/fr\\\/shop\\\/distribution-fr\\\/communication-industrielle\\\/modules-e-s-as-interface-fr\\\/bloc-e-s-ip65-4di-4-do-asi-2\\\/#primaryimage\",\"url\":\"https:\\\/\\\/www.nxtprocess.com\\\/wp-content\\\/uploads\\\/2025\\\/10\\\/AC2471.jpg\",\"contentUrl\":\"https:\\\/\\\/www.nxtprocess.com\\\/wp-content\\\/uploads\\\/2025\\\/10\\\/AC2471.jpg\",\"width\":1500,\"height\":1500},{\"@type\":\"BreadcrumbList\",\"@id\":\"https:\\\/\\\/www.nxtprocess.com\\\/fr\\\/shop\\\/distribution-fr\\\/communication-industrielle\\\/modules-e-s-as-interface-fr\\\/bloc-e-s-ip65-4di-4-do-asi-2\\\/#breadcrumb\",\"itemListElement\":[{\"@type\":\"ListItem\",\"position\":1,\"name\":\"Home\",\"item\":\"https:\\\/\\\/www.nxtprocess.com\\\/fr\\\/\"},{\"@type\":\"ListItem\",\"position\":2,\"name\":\"Boutique\",\"item\":\"https:\\\/\\\/www.nxtprocess.com\\\/fr\\\/boutique\\\/\"},{\"@type\":\"ListItem\",\"position\":3,\"name\":\"BLOC e\\\/s IP65 4DI 4 DO ASi \u2013 ifm\"}]},{\"@type\":\"WebSite\",\"@id\":\"https:\\\/\\\/www.nxtprocess.com\\\/#website\",\"url\":\"https:\\\/\\\/www.nxtprocess.com\\\/\",\"name\":\"NXT Process\",\"description\":\"Optimizing your future, one liquid process at a time\",\"publisher\":{\"@id\":\"https:\\\/\\\/www.nxtprocess.com\\\/#organization\"},\"potentialAction\":[{\"@type\":\"SearchAction\",\"target\":{\"@type\":\"EntryPoint\",\"urlTemplate\":\"https:\\\/\\\/www.nxtprocess.com\\\/?s={search_term_string}\"},\"query-input\":{\"@type\":\"PropertyValueSpecification\",\"valueRequired\":true,\"valueName\":\"search_term_string\"}}],\"inLanguage\":\"fr-FR\"},{\"@type\":\"Organization\",\"@id\":\"https:\\\/\\\/www.nxtprocess.com\\\/#organization\",\"name\":\"Processus NXT\",\"url\":\"https:\\\/\\\/www.nxtprocess.com\\\/\",\"logo\":{\"@type\":\"ImageObject\",\"inLanguage\":\"fr-FR\",\"@id\":\"https:\\\/\\\/www.nxtprocess.com\\\/#\\\/schema\\\/logo\\\/image\\\/\",\"url\":\"http:\\\/\\\/www.nxtprocess.com\\\/wp-content\\\/uploads\\\/2025\\\/06\\\/Screenshot_1.png\",\"contentUrl\":\"http:\\\/\\\/www.nxtprocess.com\\\/wp-content\\\/uploads\\\/2025\\\/06\\\/Screenshot_1.png\",\"width\":255,\"height\":186,\"caption\":\"Processus NXT\"},\"image\":{\"@id\":\"https:\\\/\\\/www.nxtprocess.com\\\/#\\\/schema\\\/logo\\\/image\\\/\"},\"sameAs\":[\"https:\\\/\\\/www.facebook.com\\\/people\\\/NXT-Process\\\/61560023431243\\\/\",\"https:\\\/\\\/www.linkedin.com\\\/company\\\/11569305\\\/\"]}]}<\/script>\n<!-- \/ Yoast SEO plugin. -->","yoast_head_json":{"title":"BLOC e\/s IP65 4DI 4 DO ASi \u2013 ifm | NXT Process","robots":{"index":"index","follow":"follow","max-snippet":"max-snippet:-1","max-image-preview":"max-image-preview:large","max-video-preview":"max-video-preview:-1"},"canonical":"https:\/\/www.nxtprocess.com\/fr\/shop\/distribution-fr\/communication-industrielle\/modules-e-s-as-interface-fr\/bloc-e-s-ip65-4di-4-do-asi-2\/","og_locale":"fr_FR","og_type":"article","og_title":"BLOC e\/s IP65 4DI 4 DO ASi \u2013 ifm | NXT Process","og_description":"- Installation et c\u00e2blage simples - Conception enti\u00e8rement encapsul\u00e9e pour une r\u00e9sistance exceptionnelle aux chocs et aux vibrations - Les LED lumineuses et tr\u00e8s visibles indiquent l'\u00e9tat, le fonctionnement et les erreurs - Protection \u00e9lev\u00e9e contre les infiltrations pour les environnements industriels difficiles - Connecteurs M12 durables pour des connexions fiables des capteurs et des actionneurs","og_url":"https:\/\/www.nxtprocess.com\/fr\/shop\/distribution-fr\/communication-industrielle\/modules-e-s-as-interface-fr\/bloc-e-s-ip65-4di-4-do-asi-2\/","og_site_name":"NXT Process","article_publisher":"https:\/\/www.facebook.com\/people\/NXT-Process\/61560023431243\/","article_modified_time":"2025-10-22T11:51:03+00:00","og_image":[{"width":1500,"height":1500,"url":"http:\/\/www.nxtprocess.com\/wp-content\/uploads\/2025\/10\/AC2471.jpg","type":"image\/jpeg"}],"twitter_card":"summary_large_image","twitter_misc":{"Dur\u00e9e de lecture estim\u00e9e":"1 minute"},"schema":{"@context":"https:\/\/schema.org","@graph":[{"@type":"WebPage","@id":"https:\/\/www.nxtprocess.com\/fr\/shop\/distribution-fr\/communication-industrielle\/modules-e-s-as-interface-fr\/bloc-e-s-ip65-4di-4-do-asi-2\/","url":"https:\/\/www.nxtprocess.com\/fr\/shop\/distribution-fr\/communication-industrielle\/modules-e-s-as-interface-fr\/bloc-e-s-ip65-4di-4-do-asi-2\/","name":"BLOC e\/s IP65 4DI 4 DO ASi \u2013 ifm | NXT Process","isPartOf":{"@id":"https:\/\/www.nxtprocess.com\/#website"},"primaryImageOfPage":{"@id":"https:\/\/www.nxtprocess.com\/fr\/shop\/distribution-fr\/communication-industrielle\/modules-e-s-as-interface-fr\/bloc-e-s-ip65-4di-4-do-asi-2\/#primaryimage"},"image":{"@id":"https:\/\/www.nxtprocess.com\/fr\/shop\/distribution-fr\/communication-industrielle\/modules-e-s-as-interface-fr\/bloc-e-s-ip65-4di-4-do-asi-2\/#primaryimage"},"thumbnailUrl":"https:\/\/www.nxtprocess.com\/wp-content\/uploads\/2025\/10\/AC2471.jpg","datePublished":"2025-10-10T09:31:32+00:00","dateModified":"2025-10-22T11:51:03+00:00","breadcrumb":{"@id":"https:\/\/www.nxtprocess.com\/fr\/shop\/distribution-fr\/communication-industrielle\/modules-e-s-as-interface-fr\/bloc-e-s-ip65-4di-4-do-asi-2\/#breadcrumb"},"inLanguage":"fr-FR","potentialAction":[{"@type":"ReadAction","target":["https:\/\/www.nxtprocess.com\/fr\/shop\/distribution-fr\/communication-industrielle\/modules-e-s-as-interface-fr\/bloc-e-s-ip65-4di-4-do-asi-2\/"]}]},{"@type":"ImageObject","inLanguage":"fr-FR","@id":"https:\/\/www.nxtprocess.com\/fr\/shop\/distribution-fr\/communication-industrielle\/modules-e-s-as-interface-fr\/bloc-e-s-ip65-4di-4-do-asi-2\/#primaryimage","url":"https:\/\/www.nxtprocess.com\/wp-content\/uploads\/2025\/10\/AC2471.jpg","contentUrl":"https:\/\/www.nxtprocess.com\/wp-content\/uploads\/2025\/10\/AC2471.jpg","width":1500,"height":1500},{"@type":"BreadcrumbList","@id":"https:\/\/www.nxtprocess.com\/fr\/shop\/distribution-fr\/communication-industrielle\/modules-e-s-as-interface-fr\/bloc-e-s-ip65-4di-4-do-asi-2\/#breadcrumb","itemListElement":[{"@type":"ListItem","position":1,"name":"Home","item":"https:\/\/www.nxtprocess.com\/fr\/"},{"@type":"ListItem","position":2,"name":"Boutique","item":"https:\/\/www.nxtprocess.com\/fr\/boutique\/"},{"@type":"ListItem","position":3,"name":"BLOC e\/s IP65 4DI 4 DO ASi \u2013 ifm"}]},{"@type":"WebSite","@id":"https:\/\/www.nxtprocess.com\/#website","url":"https:\/\/www.nxtprocess.com\/","name":"NXT Process","description":"Optimizing your future, one liquid process at a time","publisher":{"@id":"https:\/\/www.nxtprocess.com\/#organization"},"potentialAction":[{"@type":"SearchAction","target":{"@type":"EntryPoint","urlTemplate":"https:\/\/www.nxtprocess.com\/?s={search_term_string}"},"query-input":{"@type":"PropertyValueSpecification","valueRequired":true,"valueName":"search_term_string"}}],"inLanguage":"fr-FR"},{"@type":"Organization","@id":"https:\/\/www.nxtprocess.com\/#organization","name":"Processus NXT","url":"https:\/\/www.nxtprocess.com\/","logo":{"@type":"ImageObject","inLanguage":"fr-FR","@id":"https:\/\/www.nxtprocess.com\/#\/schema\/logo\/image\/","url":"http:\/\/www.nxtprocess.com\/wp-content\/uploads\/2025\/06\/Screenshot_1.png","contentUrl":"http:\/\/www.nxtprocess.com\/wp-content\/uploads\/2025\/06\/Screenshot_1.png","width":255,"height":186,"caption":"Processus NXT"},"image":{"@id":"https:\/\/www.nxtprocess.com\/#\/schema\/logo\/image\/"},"sameAs":["https:\/\/www.facebook.com\/people\/NXT-Process\/61560023431243\/","https:\/\/www.linkedin.com\/company\/11569305\/"]}]}},"_links":{"self":[{"href":"https:\/\/www.nxtprocess.com\/fr\/wp-json\/wp\/v2\/product\/55991","targetHints":{"allow":["GET"]}}],"collection":[{"href":"https:\/\/www.nxtprocess.com\/fr\/wp-json\/wp\/v2\/product"}],"about":[{"href":"https:\/\/www.nxtprocess.com\/fr\/wp-json\/wp\/v2\/types\/product"}],"wp:featuredmedia":[{"embeddable":true,"href":"https:\/\/www.nxtprocess.com\/fr\/wp-json\/wp\/v2\/media\/55330"}],"wp:attachment":[{"href":"https:\/\/www.nxtprocess.com\/fr\/wp-json\/wp\/v2\/media?parent=55991"}],"wp:term":[{"taxonomy":"product_cat","embeddable":true,"href":"https:\/\/www.nxtprocess.com\/fr\/wp-json\/wp\/v2\/product_cat?post=55991"},{"taxonomy":"product_tag","embeddable":true,"href":"https:\/\/www.nxtprocess.com\/fr\/wp-json\/wp\/v2\/product_tag?post=55991"}],"curies":[{"name":"wp","href":"https:\/\/api.w.org\/{rel}","templated":true}]}}