{"id":55995,"date":"2025-10-10T09:31:29","date_gmt":"2025-10-10T09:31:29","guid":{"rendered":"https:\/\/www.nxtprocess.com\/shop\/non%20class\u00e9\/bloc-securite-e-s-ip67-2di-asi-2\/"},"modified":"2025-10-22T11:56:30","modified_gmt":"2025-10-22T11:56:30","slug":"bloc-securite-e-s-ip67-2di-asi-2","status":"publish","type":"product","link":"https:\/\/www.nxtprocess.com\/fr\/shop\/distribution-fr\/technologie-de-securite\/securite-as-interface-au-travail\/bloc-securite-e-s-ip67-2di-asi-2\/","title":{"rendered":"Bloc E\/S de s\u00e9curit\u00e9 IP67 2DI ASi \u2013 ifm"},"content":{"rendered":"<h6><strong>IFM AC505S Bloc E\/S de s\u00e9curit\u00e9 IP67 2DI ASi<br \/>\n\u2014 E\/S de s\u00e9curit\u00e9 pour capteurs AS\u2011interface<\/strong><\/h6>\n<p>Con\u00e7u pour les r\u00e9seaux de s\u00e9curit\u00e9 des machines, l&#8217;IFM AC505S capture et communique les \u00e9tats de commutation de s\u00e9curit\u00e9 des appareils de terrain directement dans les syst\u00e8mes AS\u2011Interface (AS\u2011i) \u00ab&nbsp;Safety at Work&nbsp;\u00bb. Avec deux entr\u00e9es de s\u00e9curit\u00e9, il connecte \u00e0 la fois les contacts m\u00e9caniques robustes et les capteurs de s\u00e9curit\u00e9 \u00e0 3&nbsp;fils utilis\u00e9s dans la protection, les arr\u00eats d&#8217;urgence, les interverrouillages et la surveillance des syst\u00e8mes de vannes. Un bo\u00eetier IP67 \u00e9tanche et des LED de diagnostic lumineuses le rendent id\u00e9al pour un montage sur machine \u00e0 proximit\u00e9 des capteurs et des actionneurs sur les convoyeurs, les lignes d&#8217;emballage et les \u00e9quipements d&#8217;automatisation g\u00e9n\u00e9rale.  <\/p>\n<h6><strong>Principaux avantages<\/strong><\/h6>\n<ul>\n<li>Deux entr\u00e9es s\u00e9curis\u00e9es pour les contacts m\u00e9caniques et les capteurs de s\u00e9curit\u00e9 \u00e0 3 fils<\/li>\n<li>Int\u00e9gration directe dans les r\u00e9seaux de s\u00e9curit\u00e9 AS\u2011i pour simplifier le c\u00e2blage<\/li>\n<li>Installation rapide sans outil pour un d\u00e9ploiement rapide<\/li>\n<li>LED haute visibilit\u00e9 pour l\u2019alimentation, l\u2019\u00e9tat et la localisation des d\u00e9fauts<\/li>\n<li>Robustesse IP67 sur le terrain pour les environnements industriels difficiles<\/li>\n<\/ul>\n<h6><strong>Aper\u00e7u technique<\/strong><\/h6>\n<ul>\n<li>Interface : AS\u2011Interface (AS\u2011i) Safety at Work<\/li>\n<li>Entr\u00e9es : 2 entr\u00e9es num\u00e9riques de s\u00e9curit\u00e9 ; prend en charge les interrupteurs m\u00e9caniques de s\u00e9curit\u00e9 et les capteurs de s\u00e9curit\u00e9 \u00e0 3 fils<\/li>\n<li>Protection : Bo\u00eetier IP67 pour placement sur machine<\/li>\n<li>Indication : LED d\u00e9di\u00e9es pour le fonctionnement, l\u2019\u00e9tat des canaux et les erreurs<\/li>\n<li>Installation : Technologie de montage rapide ; c\u00e2blage sans outil<\/li>\n<li>Cas d\u2019utilisation : Protection de machine, boucles d\u2019arr\u00eat d\u2019urgence, surveillance de porte\/protection, retour d\u2019information du capteur pr\u00e8s des actionneurs et des collecteurs de vannes<\/li>\n<\/ul>\n<p>Comptez sur l&#8217;AC505S pour une acquisition fiable de l&#8217;\u00e9tat de s\u00e9curit\u00e9 et une int\u00e9gration transparente avec les architectures d&#8217;automatisation AS\u2011i.<\/p>\n","protected":false},"excerpt":{"rendered":"<p>&#8211; D\u00e9tection fiable des \u00e9tats de commutation critiques pour la s\u00e9curit\u00e9<br \/>\n&#8211; Int\u00e9gration transparente des composants de s\u00e9curit\u00e9 sur AS-i<br \/>\n&#8211; Prend en charge les contacts m\u00e9caniques s\u00fbrs et les capteurs s\u00fbrs \u00e0 3 fils<br \/>\n&#8211; Installation et c\u00e2blage rapides, sans outils, gr\u00e2ce \u00e0 la technologie de montage rapide<br \/>\n&#8211; LED haute visibilit\u00e9 indiquant clairement l&#8217;alimentation, l&#8217;\u00e9tat de commutation et les d\u00e9fauts<\/p>\n","protected":false},"featured_media":55303,"template":"","meta":{"_acf_changed":false},"product_cat":[163,6244,6243],"product_tag":[],"class_list":{"0":"post-55995","1":"product","2":"type-product","3":"status-publish","4":"has-post-thumbnail","6":"product_brand-ifm-fr","7":"product_cat-distribution-fr","8":"product_cat-securite-as-interface-au-travail","9":"product_cat-technologie-de-securite","11":"first","12":"instock","13":"downloadable","14":"taxable","15":"shipping-taxable","16":"purchasable","17":"product-type-simple"},"acf":[],"yoast_head":"<!-- This site is optimized with the Yoast SEO plugin v27.5 - https:\/\/yoast.com\/product\/yoast-seo-wordpress\/ -->\n<title>Bloc E\/S de s\u00e9curit\u00e9 IP67 2DI ASi \u2013 ifm | NXT Process<\/title>\n<meta name=\"robots\" content=\"index, follow, max-snippet:-1, max-image-preview:large, max-video-preview:-1\" \/>\n<link rel=\"canonical\" href=\"https:\/\/www.nxtprocess.com\/fr\/shop\/distribution-fr\/technologie-de-securite\/securite-as-interface-au-travail\/bloc-securite-e-s-ip67-2di-asi-2\/\" \/>\n<meta property=\"og:locale\" content=\"fr_FR\" \/>\n<meta property=\"og:type\" content=\"article\" \/>\n<meta property=\"og:title\" content=\"Bloc E\/S de s\u00e9curit\u00e9 IP67 2DI ASi \u2013 ifm | NXT Process\" \/>\n<meta property=\"og:description\" content=\"- D\u00e9tection fiable des \u00e9tats de commutation critiques pour la s\u00e9curit\u00e9 - Int\u00e9gration transparente des composants de s\u00e9curit\u00e9 sur AS-i - Prend en charge les contacts m\u00e9caniques s\u00fbrs et les capteurs s\u00fbrs \u00e0 3 fils - Installation et c\u00e2blage rapides, sans outils, gr\u00e2ce \u00e0 la technologie de montage rapide - LED haute visibilit\u00e9 indiquant clairement l&#039;alimentation, l&#039;\u00e9tat de commutation et les d\u00e9fauts\" \/>\n<meta property=\"og:url\" content=\"https:\/\/www.nxtprocess.com\/fr\/shop\/distribution-fr\/technologie-de-securite\/securite-as-interface-au-travail\/bloc-securite-e-s-ip67-2di-asi-2\/\" \/>\n<meta property=\"og:site_name\" content=\"NXT Process\" \/>\n<meta property=\"article:publisher\" content=\"https:\/\/www.facebook.com\/people\/NXT-Process\/61560023431243\/\" \/>\n<meta property=\"article:modified_time\" content=\"2025-10-22T11:56:30+00:00\" \/>\n<meta property=\"og:image\" content=\"http:\/\/www.nxtprocess.com\/wp-content\/uploads\/2025\/10\/AC505S.jpg\" \/>\n\t<meta property=\"og:image:width\" content=\"1500\" \/>\n\t<meta property=\"og:image:height\" content=\"1500\" \/>\n\t<meta property=\"og:image:type\" content=\"image\/jpeg\" \/>\n<meta name=\"twitter:card\" content=\"summary_large_image\" \/>\n<meta name=\"twitter:label1\" content=\"Dur\u00e9e de lecture estim\u00e9e\" \/>\n\t<meta name=\"twitter:data1\" content=\"2 minutes\" \/>\n<script type=\"application\/ld+json\" class=\"yoast-schema-graph\">{\"@context\":\"https:\\\/\\\/schema.org\",\"@graph\":[{\"@type\":\"WebPage\",\"@id\":\"https:\\\/\\\/www.nxtprocess.com\\\/fr\\\/shop\\\/distribution-fr\\\/technologie-de-securite\\\/securite-as-interface-au-travail\\\/bloc-securite-e-s-ip67-2di-asi-2\\\/\",\"url\":\"https:\\\/\\\/www.nxtprocess.com\\\/fr\\\/shop\\\/distribution-fr\\\/technologie-de-securite\\\/securite-as-interface-au-travail\\\/bloc-securite-e-s-ip67-2di-asi-2\\\/\",\"name\":\"Bloc E\\\/S de s\u00e9curit\u00e9 IP67 2DI ASi \u2013 ifm | NXT Process\",\"isPartOf\":{\"@id\":\"https:\\\/\\\/www.nxtprocess.com\\\/#website\"},\"primaryImageOfPage\":{\"@id\":\"https:\\\/\\\/www.nxtprocess.com\\\/fr\\\/shop\\\/distribution-fr\\\/technologie-de-securite\\\/securite-as-interface-au-travail\\\/bloc-securite-e-s-ip67-2di-asi-2\\\/#primaryimage\"},\"image\":{\"@id\":\"https:\\\/\\\/www.nxtprocess.com\\\/fr\\\/shop\\\/distribution-fr\\\/technologie-de-securite\\\/securite-as-interface-au-travail\\\/bloc-securite-e-s-ip67-2di-asi-2\\\/#primaryimage\"},\"thumbnailUrl\":\"https:\\\/\\\/www.nxtprocess.com\\\/wp-content\\\/uploads\\\/2025\\\/10\\\/AC505S.jpg\",\"datePublished\":\"2025-10-10T09:31:29+00:00\",\"dateModified\":\"2025-10-22T11:56:30+00:00\",\"breadcrumb\":{\"@id\":\"https:\\\/\\\/www.nxtprocess.com\\\/fr\\\/shop\\\/distribution-fr\\\/technologie-de-securite\\\/securite-as-interface-au-travail\\\/bloc-securite-e-s-ip67-2di-asi-2\\\/#breadcrumb\"},\"inLanguage\":\"fr-FR\",\"potentialAction\":[{\"@type\":\"ReadAction\",\"target\":[\"https:\\\/\\\/www.nxtprocess.com\\\/fr\\\/shop\\\/distribution-fr\\\/technologie-de-securite\\\/securite-as-interface-au-travail\\\/bloc-securite-e-s-ip67-2di-asi-2\\\/\"]}]},{\"@type\":\"ImageObject\",\"inLanguage\":\"fr-FR\",\"@id\":\"https:\\\/\\\/www.nxtprocess.com\\\/fr\\\/shop\\\/distribution-fr\\\/technologie-de-securite\\\/securite-as-interface-au-travail\\\/bloc-securite-e-s-ip67-2di-asi-2\\\/#primaryimage\",\"url\":\"https:\\\/\\\/www.nxtprocess.com\\\/wp-content\\\/uploads\\\/2025\\\/10\\\/AC505S.jpg\",\"contentUrl\":\"https:\\\/\\\/www.nxtprocess.com\\\/wp-content\\\/uploads\\\/2025\\\/10\\\/AC505S.jpg\",\"width\":1500,\"height\":1500},{\"@type\":\"BreadcrumbList\",\"@id\":\"https:\\\/\\\/www.nxtprocess.com\\\/fr\\\/shop\\\/distribution-fr\\\/technologie-de-securite\\\/securite-as-interface-au-travail\\\/bloc-securite-e-s-ip67-2di-asi-2\\\/#breadcrumb\",\"itemListElement\":[{\"@type\":\"ListItem\",\"position\":1,\"name\":\"Home\",\"item\":\"https:\\\/\\\/www.nxtprocess.com\\\/fr\\\/\"},{\"@type\":\"ListItem\",\"position\":2,\"name\":\"Boutique\",\"item\":\"https:\\\/\\\/www.nxtprocess.com\\\/fr\\\/boutique\\\/\"},{\"@type\":\"ListItem\",\"position\":3,\"name\":\"Bloc E\\\/S de s\u00e9curit\u00e9 IP67 2DI ASi \u2013 ifm\"}]},{\"@type\":\"WebSite\",\"@id\":\"https:\\\/\\\/www.nxtprocess.com\\\/#website\",\"url\":\"https:\\\/\\\/www.nxtprocess.com\\\/\",\"name\":\"NXT Process\",\"description\":\"Optimizing your future, one liquid process at a time\",\"publisher\":{\"@id\":\"https:\\\/\\\/www.nxtprocess.com\\\/#organization\"},\"potentialAction\":[{\"@type\":\"SearchAction\",\"target\":{\"@type\":\"EntryPoint\",\"urlTemplate\":\"https:\\\/\\\/www.nxtprocess.com\\\/?s={search_term_string}\"},\"query-input\":{\"@type\":\"PropertyValueSpecification\",\"valueRequired\":true,\"valueName\":\"search_term_string\"}}],\"inLanguage\":\"fr-FR\"},{\"@type\":\"Organization\",\"@id\":\"https:\\\/\\\/www.nxtprocess.com\\\/#organization\",\"name\":\"Processus NXT\",\"url\":\"https:\\\/\\\/www.nxtprocess.com\\\/\",\"logo\":{\"@type\":\"ImageObject\",\"inLanguage\":\"fr-FR\",\"@id\":\"https:\\\/\\\/www.nxtprocess.com\\\/#\\\/schema\\\/logo\\\/image\\\/\",\"url\":\"http:\\\/\\\/www.nxtprocess.com\\\/wp-content\\\/uploads\\\/2025\\\/06\\\/Screenshot_1.png\",\"contentUrl\":\"http:\\\/\\\/www.nxtprocess.com\\\/wp-content\\\/uploads\\\/2025\\\/06\\\/Screenshot_1.png\",\"width\":255,\"height\":186,\"caption\":\"Processus NXT\"},\"image\":{\"@id\":\"https:\\\/\\\/www.nxtprocess.com\\\/#\\\/schema\\\/logo\\\/image\\\/\"},\"sameAs\":[\"https:\\\/\\\/www.facebook.com\\\/people\\\/NXT-Process\\\/61560023431243\\\/\",\"https:\\\/\\\/www.linkedin.com\\\/company\\\/11569305\\\/\"]}]}<\/script>\n<!-- \/ Yoast SEO plugin. -->","yoast_head_json":{"title":"Bloc E\/S de s\u00e9curit\u00e9 IP67 2DI ASi \u2013 ifm | NXT Process","robots":{"index":"index","follow":"follow","max-snippet":"max-snippet:-1","max-image-preview":"max-image-preview:large","max-video-preview":"max-video-preview:-1"},"canonical":"https:\/\/www.nxtprocess.com\/fr\/shop\/distribution-fr\/technologie-de-securite\/securite-as-interface-au-travail\/bloc-securite-e-s-ip67-2di-asi-2\/","og_locale":"fr_FR","og_type":"article","og_title":"Bloc E\/S de s\u00e9curit\u00e9 IP67 2DI ASi \u2013 ifm | NXT Process","og_description":"- D\u00e9tection fiable des \u00e9tats de commutation critiques pour la s\u00e9curit\u00e9 - Int\u00e9gration transparente des composants de s\u00e9curit\u00e9 sur AS-i - Prend en charge les contacts m\u00e9caniques s\u00fbrs et les capteurs s\u00fbrs \u00e0 3 fils - Installation et c\u00e2blage rapides, sans outils, gr\u00e2ce \u00e0 la technologie de montage rapide - LED haute visibilit\u00e9 indiquant clairement l'alimentation, l'\u00e9tat de commutation et les d\u00e9fauts","og_url":"https:\/\/www.nxtprocess.com\/fr\/shop\/distribution-fr\/technologie-de-securite\/securite-as-interface-au-travail\/bloc-securite-e-s-ip67-2di-asi-2\/","og_site_name":"NXT Process","article_publisher":"https:\/\/www.facebook.com\/people\/NXT-Process\/61560023431243\/","article_modified_time":"2025-10-22T11:56:30+00:00","og_image":[{"width":1500,"height":1500,"url":"http:\/\/www.nxtprocess.com\/wp-content\/uploads\/2025\/10\/AC505S.jpg","type":"image\/jpeg"}],"twitter_card":"summary_large_image","twitter_misc":{"Dur\u00e9e de lecture estim\u00e9e":"2 minutes"},"schema":{"@context":"https:\/\/schema.org","@graph":[{"@type":"WebPage","@id":"https:\/\/www.nxtprocess.com\/fr\/shop\/distribution-fr\/technologie-de-securite\/securite-as-interface-au-travail\/bloc-securite-e-s-ip67-2di-asi-2\/","url":"https:\/\/www.nxtprocess.com\/fr\/shop\/distribution-fr\/technologie-de-securite\/securite-as-interface-au-travail\/bloc-securite-e-s-ip67-2di-asi-2\/","name":"Bloc E\/S de s\u00e9curit\u00e9 IP67 2DI ASi \u2013 ifm | NXT Process","isPartOf":{"@id":"https:\/\/www.nxtprocess.com\/#website"},"primaryImageOfPage":{"@id":"https:\/\/www.nxtprocess.com\/fr\/shop\/distribution-fr\/technologie-de-securite\/securite-as-interface-au-travail\/bloc-securite-e-s-ip67-2di-asi-2\/#primaryimage"},"image":{"@id":"https:\/\/www.nxtprocess.com\/fr\/shop\/distribution-fr\/technologie-de-securite\/securite-as-interface-au-travail\/bloc-securite-e-s-ip67-2di-asi-2\/#primaryimage"},"thumbnailUrl":"https:\/\/www.nxtprocess.com\/wp-content\/uploads\/2025\/10\/AC505S.jpg","datePublished":"2025-10-10T09:31:29+00:00","dateModified":"2025-10-22T11:56:30+00:00","breadcrumb":{"@id":"https:\/\/www.nxtprocess.com\/fr\/shop\/distribution-fr\/technologie-de-securite\/securite-as-interface-au-travail\/bloc-securite-e-s-ip67-2di-asi-2\/#breadcrumb"},"inLanguage":"fr-FR","potentialAction":[{"@type":"ReadAction","target":["https:\/\/www.nxtprocess.com\/fr\/shop\/distribution-fr\/technologie-de-securite\/securite-as-interface-au-travail\/bloc-securite-e-s-ip67-2di-asi-2\/"]}]},{"@type":"ImageObject","inLanguage":"fr-FR","@id":"https:\/\/www.nxtprocess.com\/fr\/shop\/distribution-fr\/technologie-de-securite\/securite-as-interface-au-travail\/bloc-securite-e-s-ip67-2di-asi-2\/#primaryimage","url":"https:\/\/www.nxtprocess.com\/wp-content\/uploads\/2025\/10\/AC505S.jpg","contentUrl":"https:\/\/www.nxtprocess.com\/wp-content\/uploads\/2025\/10\/AC505S.jpg","width":1500,"height":1500},{"@type":"BreadcrumbList","@id":"https:\/\/www.nxtprocess.com\/fr\/shop\/distribution-fr\/technologie-de-securite\/securite-as-interface-au-travail\/bloc-securite-e-s-ip67-2di-asi-2\/#breadcrumb","itemListElement":[{"@type":"ListItem","position":1,"name":"Home","item":"https:\/\/www.nxtprocess.com\/fr\/"},{"@type":"ListItem","position":2,"name":"Boutique","item":"https:\/\/www.nxtprocess.com\/fr\/boutique\/"},{"@type":"ListItem","position":3,"name":"Bloc E\/S de s\u00e9curit\u00e9 IP67 2DI ASi \u2013 ifm"}]},{"@type":"WebSite","@id":"https:\/\/www.nxtprocess.com\/#website","url":"https:\/\/www.nxtprocess.com\/","name":"NXT Process","description":"Optimizing your future, one liquid process at a time","publisher":{"@id":"https:\/\/www.nxtprocess.com\/#organization"},"potentialAction":[{"@type":"SearchAction","target":{"@type":"EntryPoint","urlTemplate":"https:\/\/www.nxtprocess.com\/?s={search_term_string}"},"query-input":{"@type":"PropertyValueSpecification","valueRequired":true,"valueName":"search_term_string"}}],"inLanguage":"fr-FR"},{"@type":"Organization","@id":"https:\/\/www.nxtprocess.com\/#organization","name":"Processus NXT","url":"https:\/\/www.nxtprocess.com\/","logo":{"@type":"ImageObject","inLanguage":"fr-FR","@id":"https:\/\/www.nxtprocess.com\/#\/schema\/logo\/image\/","url":"http:\/\/www.nxtprocess.com\/wp-content\/uploads\/2025\/06\/Screenshot_1.png","contentUrl":"http:\/\/www.nxtprocess.com\/wp-content\/uploads\/2025\/06\/Screenshot_1.png","width":255,"height":186,"caption":"Processus NXT"},"image":{"@id":"https:\/\/www.nxtprocess.com\/#\/schema\/logo\/image\/"},"sameAs":["https:\/\/www.facebook.com\/people\/NXT-Process\/61560023431243\/","https:\/\/www.linkedin.com\/company\/11569305\/"]}]}},"_links":{"self":[{"href":"https:\/\/www.nxtprocess.com\/fr\/wp-json\/wp\/v2\/product\/55995","targetHints":{"allow":["GET"]}}],"collection":[{"href":"https:\/\/www.nxtprocess.com\/fr\/wp-json\/wp\/v2\/product"}],"about":[{"href":"https:\/\/www.nxtprocess.com\/fr\/wp-json\/wp\/v2\/types\/product"}],"wp:featuredmedia":[{"embeddable":true,"href":"https:\/\/www.nxtprocess.com\/fr\/wp-json\/wp\/v2\/media\/55303"}],"wp:attachment":[{"href":"https:\/\/www.nxtprocess.com\/fr\/wp-json\/wp\/v2\/media?parent=55995"}],"wp:term":[{"taxonomy":"product_cat","embeddable":true,"href":"https:\/\/www.nxtprocess.com\/fr\/wp-json\/wp\/v2\/product_cat?post=55995"},{"taxonomy":"product_tag","embeddable":true,"href":"https:\/\/www.nxtprocess.com\/fr\/wp-json\/wp\/v2\/product_tag?post=55995"}],"curies":[{"name":"wp","href":"https:\/\/api.w.org\/{rel}","templated":true}]}}