{"id":56368,"date":"2025-10-16T14:21:54","date_gmt":"2025-10-16T14:21:54","guid":{"rendered":"https:\/\/www.nxtprocess.com\/?post_type=product&#038;p=56368"},"modified":"2025-11-05T14:33:48","modified_gmt":"2025-11-05T14:33:48","slug":"pasteurisateur","status":"publish","type":"product","link":"https:\/\/www.nxtprocess.com\/fr\/shop\/skid-equipment-fr\/pasteurisateur\/","title":{"rendered":"Pasteurisateur \u00e0 chambre pour bi\u00e8re &#8211; pour brasseries professionnelles"},"content":{"rendered":"<p><strong>Qu&#8217;est-ce que c&#8217;est ?<\/strong><br \/>\nLe <strong>pasteurisateur \u00e0 chambre<\/strong> NXT est une alternative compacte \u00e0 la pasteurisation tunnel traditionnelle, con\u00e7ue sp\u00e9cifiquement pour les <strong>petites brasseries et brasseries artisanales<\/strong>. Il permet aux producteurs de prolonger la dur\u00e9e de conservation de leur bi\u00e8re ou de leurs boissons de mani\u00e8re efficace et s\u00fbre. Avec l&#8217;\u00e9volution du march\u00e9, de nombreux petits producteurs ont besoin d&#8217;une solution pratique et abordable pour obtenir des produits stables &#8211; faisant de cette technologie une <strong>v\u00e9ritable r\u00e9volution pour les brasseries \u00e0 capacit\u00e9 de production limit\u00e9e<\/strong>.<\/p>\n<p><strong>Avantages<\/strong><\/p>\n<ul>\n<li>Encombrement r\u00e9duit \u2013 n\u00e9cessite un espace au sol minimal<\/li>\n<li>Co\u00fbt d&#8217;investissement inf\u00e9rieur aux pasteurisateurs tunnel<\/li>\n<li>Fonctionnement simple et intuitif<\/li>\n<li>Consommation d&#8217;\u00e9nergie r\u00e9duite<\/li>\n<li>Am\u00e9liore la s\u00e9curit\u00e9 et la qualit\u00e9 du produit<\/li>\n<li>Prolonge la dur\u00e9e de conservation des boissons en bouteille ou en canette<\/li>\n<\/ul>\n<p><strong>Comment fonctionne-t-il ?<\/strong><br \/>\nLe pasteurisateur \u00e0 chambre st\u00e9rilise <strong>la bi\u00e8re ou les boissons directement dans les bouteilles ou les canettes<\/strong> gr\u00e2ce \u00e0 un cycle contr\u00f4l\u00e9 de chauffage et de refroidissement.<\/p>\n<ol>\n<li>Placez les bouteilles ou les canettes dans de petits paniers (ou un grand panier pour une capacit\u00e9 plus importante).<\/li>\n<li>Chargez les paniers sur une palette et d\u00e9placez la palette dans le pasteurisateur \u00e0 chambre \u00e0 l&#8217;aide d&#8217;un chariot \u00e9l\u00e9vateur.<\/li>\n<li>Fermez la porte de la chambre et d\u00e9marrez le cycle de pasteurisation automatique.<\/li>\n<li>Le syst\u00e8me chauffe les contenants \u00e0 la temp\u00e9rature requise pour la st\u00e9rilisation, puis les refroidit jusqu&#8217;\u00e0 la temp\u00e9rature normale.<\/li>\n<\/ol>\n<p>Une fois les \u00e9tapes de chauffage et de refroidissement termin\u00e9es, les boissons sont <strong>pasteuris\u00e9es, s\u00fbres et pr\u00eates pour le conditionnement ou la distribution<\/strong>.<\/p>\n","protected":false},"excerpt":{"rendered":"<h4>La solution id\u00e9ale pour les brasseries artisanales souhaitant prolonger la dur\u00e9e de conservation de leurs produits<\/h4>\n<p><strong>Avantages<\/strong><\/p>\n<ul>\n<li><strong>Compact et \u00e9conomique :<\/strong> N\u00e9cessite un espace au sol et un investissement minimaux par rapport aux pasteurisateurs \u00e0 tunnel.<\/li>\n<li><strong>\u00c9conome en \u00e9nergie et facile \u00e0 utiliser :<\/strong> Processus par lots simple avec une faible consommation d&#8217;\u00e9nergie et une mise en place rapide.<\/li>\n<li><strong>Am\u00e9liore la s\u00e9curit\u00e9 du produit et la dur\u00e9e de conservation :<\/strong> Garantit une pasteurisation constante pour des boissons stables et exemptes de contamination.<\/li>\n<\/ul>\n","protected":false},"featured_media":56370,"template":"","meta":{"_acf_changed":false},"product_cat":[162],"product_tag":[174,175],"class_list":{"0":"post-56368","1":"product","2":"type-product","3":"status-publish","4":"has-post-thumbnail","6":"product_brand-nxt-fr","7":"product_cat-skid-equipment-fr","8":"product_tag-business-fr","9":"product_tag-solution-fr","11":"first","12":"instock","13":"taxable","14":"shipping-taxable","15":"product-type-simple"},"acf":[],"yoast_head":"<!-- This site is optimized with the Yoast SEO plugin v27.5 - https:\/\/yoast.com\/product\/yoast-seo-wordpress\/ -->\n<title>Pasteurisateur \u00e0 chambre pour bi\u00e8re - pour brasseries professionnelles | NXT Process<\/title>\n<meta name=\"description\" content=\"Le pasteurisateur \u00e0 chambre NXT est une alternative compacte \u00e0 la pasteurisation tunnel traditionnelle, con\u00e7ue sp\u00e9cifiquement pour les petites brasseries et brasseries artisanales.\" \/>\n<meta name=\"robots\" content=\"index, follow, max-snippet:-1, max-image-preview:large, max-video-preview:-1\" \/>\n<link rel=\"canonical\" href=\"https:\/\/www.nxtprocess.com\/fr\/shop\/skid-equipment-fr\/pasteurisateur\/\" \/>\n<meta property=\"og:locale\" content=\"fr_FR\" \/>\n<meta property=\"og:type\" content=\"article\" \/>\n<meta property=\"og:title\" content=\"Pasteurisateur \u00e0 chambre pour bi\u00e8re - pour brasseries professionnelles | NXT Process\" \/>\n<meta property=\"og:description\" content=\"Le pasteurisateur \u00e0 chambre NXT est une alternative compacte \u00e0 la pasteurisation tunnel traditionnelle, con\u00e7ue sp\u00e9cifiquement pour les petites brasseries et brasseries artisanales.\" \/>\n<meta property=\"og:url\" content=\"https:\/\/www.nxtprocess.com\/fr\/shop\/skid-equipment-fr\/pasteurisateur\/\" \/>\n<meta property=\"og:site_name\" content=\"NXT Process\" \/>\n<meta property=\"article:publisher\" content=\"https:\/\/www.facebook.com\/people\/NXT-Process\/61560023431243\/\" \/>\n<meta property=\"article:modified_time\" content=\"2025-11-05T14:33:48+00:00\" \/>\n<meta property=\"og:image\" content=\"http:\/\/www.nxtprocess.com\/wp-content\/uploads\/2025\/10\/1.png\" \/>\n\t<meta property=\"og:image:width\" content=\"1000\" \/>\n\t<meta property=\"og:image:height\" content=\"1000\" \/>\n\t<meta property=\"og:image:type\" content=\"image\/png\" \/>\n<meta name=\"twitter:card\" content=\"summary_large_image\" \/>\n<meta name=\"twitter:label1\" content=\"Dur\u00e9e de lecture estim\u00e9e\" \/>\n\t<meta name=\"twitter:data1\" content=\"1 minute\" \/>\n<script type=\"application\/ld+json\" class=\"yoast-schema-graph\">{\"@context\":\"https:\\\/\\\/schema.org\",\"@graph\":[{\"@type\":\"WebPage\",\"@id\":\"https:\\\/\\\/www.nxtprocess.com\\\/fr\\\/shop\\\/skid-equipment-fr\\\/pasteurisateur\\\/\",\"url\":\"https:\\\/\\\/www.nxtprocess.com\\\/fr\\\/shop\\\/skid-equipment-fr\\\/pasteurisateur\\\/\",\"name\":\"Pasteurisateur \u00e0 chambre pour bi\u00e8re - pour brasseries professionnelles | NXT Process\",\"isPartOf\":{\"@id\":\"https:\\\/\\\/www.nxtprocess.com\\\/#website\"},\"primaryImageOfPage\":{\"@id\":\"https:\\\/\\\/www.nxtprocess.com\\\/fr\\\/shop\\\/skid-equipment-fr\\\/pasteurisateur\\\/#primaryimage\"},\"image\":{\"@id\":\"https:\\\/\\\/www.nxtprocess.com\\\/fr\\\/shop\\\/skid-equipment-fr\\\/pasteurisateur\\\/#primaryimage\"},\"thumbnailUrl\":\"https:\\\/\\\/www.nxtprocess.com\\\/wp-content\\\/uploads\\\/2025\\\/10\\\/1.png\",\"datePublished\":\"2025-10-16T14:21:54+00:00\",\"dateModified\":\"2025-11-05T14:33:48+00:00\",\"description\":\"Le pasteurisateur \u00e0 chambre NXT est une alternative compacte \u00e0 la pasteurisation tunnel traditionnelle, con\u00e7ue sp\u00e9cifiquement pour les petites brasseries et brasseries artisanales.\",\"breadcrumb\":{\"@id\":\"https:\\\/\\\/www.nxtprocess.com\\\/fr\\\/shop\\\/skid-equipment-fr\\\/pasteurisateur\\\/#breadcrumb\"},\"inLanguage\":\"fr-FR\",\"potentialAction\":[{\"@type\":\"ReadAction\",\"target\":[\"https:\\\/\\\/www.nxtprocess.com\\\/fr\\\/shop\\\/skid-equipment-fr\\\/pasteurisateur\\\/\"]}]},{\"@type\":\"ImageObject\",\"inLanguage\":\"fr-FR\",\"@id\":\"https:\\\/\\\/www.nxtprocess.com\\\/fr\\\/shop\\\/skid-equipment-fr\\\/pasteurisateur\\\/#primaryimage\",\"url\":\"https:\\\/\\\/www.nxtprocess.com\\\/wp-content\\\/uploads\\\/2025\\\/10\\\/1.png\",\"contentUrl\":\"https:\\\/\\\/www.nxtprocess.com\\\/wp-content\\\/uploads\\\/2025\\\/10\\\/1.png\",\"width\":1000,\"height\":1000},{\"@type\":\"BreadcrumbList\",\"@id\":\"https:\\\/\\\/www.nxtprocess.com\\\/fr\\\/shop\\\/skid-equipment-fr\\\/pasteurisateur\\\/#breadcrumb\",\"itemListElement\":[{\"@type\":\"ListItem\",\"position\":1,\"name\":\"Home\",\"item\":\"https:\\\/\\\/www.nxtprocess.com\\\/fr\\\/\"},{\"@type\":\"ListItem\",\"position\":2,\"name\":\"Boutique\",\"item\":\"https:\\\/\\\/www.nxtprocess.com\\\/fr\\\/boutique\\\/\"},{\"@type\":\"ListItem\",\"position\":3,\"name\":\"Pasteurisateur \u00e0 chambre pour bi\u00e8re &#8211; pour brasseries professionnelles\"}]},{\"@type\":\"WebSite\",\"@id\":\"https:\\\/\\\/www.nxtprocess.com\\\/#website\",\"url\":\"https:\\\/\\\/www.nxtprocess.com\\\/\",\"name\":\"NXT Process\",\"description\":\"Optimizing your future, one liquid process at a time\",\"publisher\":{\"@id\":\"https:\\\/\\\/www.nxtprocess.com\\\/#organization\"},\"potentialAction\":[{\"@type\":\"SearchAction\",\"target\":{\"@type\":\"EntryPoint\",\"urlTemplate\":\"https:\\\/\\\/www.nxtprocess.com\\\/?s={search_term_string}\"},\"query-input\":{\"@type\":\"PropertyValueSpecification\",\"valueRequired\":true,\"valueName\":\"search_term_string\"}}],\"inLanguage\":\"fr-FR\"},{\"@type\":\"Organization\",\"@id\":\"https:\\\/\\\/www.nxtprocess.com\\\/#organization\",\"name\":\"Processus NXT\",\"url\":\"https:\\\/\\\/www.nxtprocess.com\\\/\",\"logo\":{\"@type\":\"ImageObject\",\"inLanguage\":\"fr-FR\",\"@id\":\"https:\\\/\\\/www.nxtprocess.com\\\/#\\\/schema\\\/logo\\\/image\\\/\",\"url\":\"http:\\\/\\\/www.nxtprocess.com\\\/wp-content\\\/uploads\\\/2025\\\/06\\\/Screenshot_1.png\",\"contentUrl\":\"http:\\\/\\\/www.nxtprocess.com\\\/wp-content\\\/uploads\\\/2025\\\/06\\\/Screenshot_1.png\",\"width\":255,\"height\":186,\"caption\":\"Processus NXT\"},\"image\":{\"@id\":\"https:\\\/\\\/www.nxtprocess.com\\\/#\\\/schema\\\/logo\\\/image\\\/\"},\"sameAs\":[\"https:\\\/\\\/www.facebook.com\\\/people\\\/NXT-Process\\\/61560023431243\\\/\",\"https:\\\/\\\/www.linkedin.com\\\/company\\\/11569305\\\/\"]}]}<\/script>\n<!-- \/ Yoast SEO plugin. -->","yoast_head_json":{"title":"Pasteurisateur \u00e0 chambre pour bi\u00e8re - pour brasseries professionnelles | NXT Process","description":"Le pasteurisateur \u00e0 chambre NXT est une alternative compacte \u00e0 la pasteurisation tunnel traditionnelle, con\u00e7ue sp\u00e9cifiquement pour les petites brasseries et brasseries artisanales.","robots":{"index":"index","follow":"follow","max-snippet":"max-snippet:-1","max-image-preview":"max-image-preview:large","max-video-preview":"max-video-preview:-1"},"canonical":"https:\/\/www.nxtprocess.com\/fr\/shop\/skid-equipment-fr\/pasteurisateur\/","og_locale":"fr_FR","og_type":"article","og_title":"Pasteurisateur \u00e0 chambre pour bi\u00e8re - pour brasseries professionnelles | NXT Process","og_description":"Le pasteurisateur \u00e0 chambre NXT est une alternative compacte \u00e0 la pasteurisation tunnel traditionnelle, con\u00e7ue sp\u00e9cifiquement pour les petites brasseries et brasseries artisanales.","og_url":"https:\/\/www.nxtprocess.com\/fr\/shop\/skid-equipment-fr\/pasteurisateur\/","og_site_name":"NXT Process","article_publisher":"https:\/\/www.facebook.com\/people\/NXT-Process\/61560023431243\/","article_modified_time":"2025-11-05T14:33:48+00:00","og_image":[{"width":1000,"height":1000,"url":"http:\/\/www.nxtprocess.com\/wp-content\/uploads\/2025\/10\/1.png","type":"image\/png"}],"twitter_card":"summary_large_image","twitter_misc":{"Dur\u00e9e de lecture estim\u00e9e":"1 minute"},"schema":{"@context":"https:\/\/schema.org","@graph":[{"@type":"WebPage","@id":"https:\/\/www.nxtprocess.com\/fr\/shop\/skid-equipment-fr\/pasteurisateur\/","url":"https:\/\/www.nxtprocess.com\/fr\/shop\/skid-equipment-fr\/pasteurisateur\/","name":"Pasteurisateur \u00e0 chambre pour bi\u00e8re - pour brasseries professionnelles | NXT Process","isPartOf":{"@id":"https:\/\/www.nxtprocess.com\/#website"},"primaryImageOfPage":{"@id":"https:\/\/www.nxtprocess.com\/fr\/shop\/skid-equipment-fr\/pasteurisateur\/#primaryimage"},"image":{"@id":"https:\/\/www.nxtprocess.com\/fr\/shop\/skid-equipment-fr\/pasteurisateur\/#primaryimage"},"thumbnailUrl":"https:\/\/www.nxtprocess.com\/wp-content\/uploads\/2025\/10\/1.png","datePublished":"2025-10-16T14:21:54+00:00","dateModified":"2025-11-05T14:33:48+00:00","description":"Le pasteurisateur \u00e0 chambre NXT est une alternative compacte \u00e0 la pasteurisation tunnel traditionnelle, con\u00e7ue sp\u00e9cifiquement pour les petites brasseries et brasseries artisanales.","breadcrumb":{"@id":"https:\/\/www.nxtprocess.com\/fr\/shop\/skid-equipment-fr\/pasteurisateur\/#breadcrumb"},"inLanguage":"fr-FR","potentialAction":[{"@type":"ReadAction","target":["https:\/\/www.nxtprocess.com\/fr\/shop\/skid-equipment-fr\/pasteurisateur\/"]}]},{"@type":"ImageObject","inLanguage":"fr-FR","@id":"https:\/\/www.nxtprocess.com\/fr\/shop\/skid-equipment-fr\/pasteurisateur\/#primaryimage","url":"https:\/\/www.nxtprocess.com\/wp-content\/uploads\/2025\/10\/1.png","contentUrl":"https:\/\/www.nxtprocess.com\/wp-content\/uploads\/2025\/10\/1.png","width":1000,"height":1000},{"@type":"BreadcrumbList","@id":"https:\/\/www.nxtprocess.com\/fr\/shop\/skid-equipment-fr\/pasteurisateur\/#breadcrumb","itemListElement":[{"@type":"ListItem","position":1,"name":"Home","item":"https:\/\/www.nxtprocess.com\/fr\/"},{"@type":"ListItem","position":2,"name":"Boutique","item":"https:\/\/www.nxtprocess.com\/fr\/boutique\/"},{"@type":"ListItem","position":3,"name":"Pasteurisateur \u00e0 chambre pour bi\u00e8re &#8211; pour brasseries professionnelles"}]},{"@type":"WebSite","@id":"https:\/\/www.nxtprocess.com\/#website","url":"https:\/\/www.nxtprocess.com\/","name":"NXT Process","description":"Optimizing your future, one liquid process at a time","publisher":{"@id":"https:\/\/www.nxtprocess.com\/#organization"},"potentialAction":[{"@type":"SearchAction","target":{"@type":"EntryPoint","urlTemplate":"https:\/\/www.nxtprocess.com\/?s={search_term_string}"},"query-input":{"@type":"PropertyValueSpecification","valueRequired":true,"valueName":"search_term_string"}}],"inLanguage":"fr-FR"},{"@type":"Organization","@id":"https:\/\/www.nxtprocess.com\/#organization","name":"Processus NXT","url":"https:\/\/www.nxtprocess.com\/","logo":{"@type":"ImageObject","inLanguage":"fr-FR","@id":"https:\/\/www.nxtprocess.com\/#\/schema\/logo\/image\/","url":"http:\/\/www.nxtprocess.com\/wp-content\/uploads\/2025\/06\/Screenshot_1.png","contentUrl":"http:\/\/www.nxtprocess.com\/wp-content\/uploads\/2025\/06\/Screenshot_1.png","width":255,"height":186,"caption":"Processus NXT"},"image":{"@id":"https:\/\/www.nxtprocess.com\/#\/schema\/logo\/image\/"},"sameAs":["https:\/\/www.facebook.com\/people\/NXT-Process\/61560023431243\/","https:\/\/www.linkedin.com\/company\/11569305\/"]}]}},"_links":{"self":[{"href":"https:\/\/www.nxtprocess.com\/fr\/wp-json\/wp\/v2\/product\/56368","targetHints":{"allow":["GET"]}}],"collection":[{"href":"https:\/\/www.nxtprocess.com\/fr\/wp-json\/wp\/v2\/product"}],"about":[{"href":"https:\/\/www.nxtprocess.com\/fr\/wp-json\/wp\/v2\/types\/product"}],"wp:featuredmedia":[{"embeddable":true,"href":"https:\/\/www.nxtprocess.com\/fr\/wp-json\/wp\/v2\/media\/56370"}],"wp:attachment":[{"href":"https:\/\/www.nxtprocess.com\/fr\/wp-json\/wp\/v2\/media?parent=56368"}],"wp:term":[{"taxonomy":"product_cat","embeddable":true,"href":"https:\/\/www.nxtprocess.com\/fr\/wp-json\/wp\/v2\/product_cat?post=56368"},{"taxonomy":"product_tag","embeddable":true,"href":"https:\/\/www.nxtprocess.com\/fr\/wp-json\/wp\/v2\/product_tag?post=56368"}],"curies":[{"name":"wp","href":"https:\/\/api.w.org\/{rel}","templated":true}]}}